{"id":3512,"date":"2024-02-28T18:43:05","date_gmt":"2024-02-28T18:43:05","guid":{"rendered":"https:\/\/www.ihmehalli.com\/product\/kynttila-9\/"},"modified":"2024-03-09T02:09:37","modified_gmt":"2024-03-09T02:09:37","slug":"kynttila-9","status":"publish","type":"product","link":"https:\/\/www.ihmehalli.com\/fi\/tuote\/kynttila-9\/","title":{"rendered":"Kaneli-pilarikynttil\u00e4 kokoelma-sarja 8 kpl"},"content":{"rendered":"<div class=\"boldgrid-section\">\n<div class=\"container\">\n<div class=\"row\">\n<div class=\"col-lg-12 col-md-12 col-xs-12 col-sm-12\">\n<h2 class=\"\">Kaneli-pilarikynttil\u00e4kokoelma-sarja, 8 kpl mestariteos<\/h2>\n<p class=\"\">Pitk\u00e4ik\u00e4inen Cinnamon Pillar Candle Collection -sarja, 8 kpl, on 20 cm korkea, mik\u00e4 takaa tuntikausia tasaisen, v\u00e4lkkyv\u00e4n valon, joka rauhoittaa ja vieh\u00e4tt\u00e4\u00e4. N\u00e4m\u00e4 kynttil\u00e4t sopivat erinomaisesti rauhallisen ilmapiirin luomiseen, ja ne ovat t\u00e4ydellinen keskipiste tai t\u00e4ydent\u00e4v\u00e4t mit\u00e4 tahansa tyyli\u00e4. Niiden mahtipontinen eleganssi tekee niist\u00e4 kynttil\u00f6iden lis\u00e4ksi statement-kappaleita, jotka muuttavat mink\u00e4 tahansa huoneen rauhan tyyssijaksi.<\/p>\n<h2 class=\"\"><strong>K\u00e4sintehty eleganssi<\/strong><\/h2>\n<p class=\"\">Cinnamon Pillar Candle Collection-Set of 8 on enemm\u00e4n kuin pelkk\u00e4 sisustus; alkuper\u00e4isest\u00e4 luonnoksesta lopulliseen langan sijoitteluun, kynttil\u00e4nvalmistajamme kaatavat syd\u00e4mens\u00e4 jokaiseen vaiheeseen, varmistaen, ett\u00e4 saamasi kynttil\u00e4t eiv\u00e4t ole vain tuotteita vaan sielun ja syd\u00e4men tekemi\u00e4 taideteoksia.<\/p>\n<h2 class=\"\"><strong>R\u00e4\u00e4t\u00e4l\u00f6intimahdollisuus &#8211; Lis\u00e4\u00e4 henkil\u00f6kohtainen kosketuksesi<\/strong><\/h2>\n<p class=\"\">Tunnustamme, ett\u00e4 jokaisella yksil\u00f6ll\u00e4 on ainutlaatuinen tyyli, joten tarjoamme r\u00e4\u00e4t\u00e4l\u00f6intivaihtoehtoja t\u00e4h\u00e4n kynttil\u00e4sarjaan. Valitse v\u00e4ri ja muoto, joka sopii tilasi kanssa yhteen klikkaamalla&nbsp;<strong><a href=\"https:\/\/www.ihmehalli.com\/customization\/\" target=\"_blank\" rel=\"noopener\">t\u00e4\u00e4ll\u00e4<\/a>.<\/strong><\/p>\n<h2 class=\"\"><strong>T\u00e4ydellinen kokouksiin ja lahjoihin<\/strong><\/h2>\n<p class=\"\">T\u00e4m\u00e4 setti sopii saumattomasti mihin tahansa ymp\u00e4rist\u00f6\u00f6n, olipa se sitten kodikkaan perheillallisen valaistus tai juhlallisen juhlan keskipiste. N\u00e4m\u00e4 kynttil\u00e4t on tehty huomaavaisiksi ja tyylikk\u00e4iksi lahjoiksi.<\/p>\n<h2 class=\"\"><strong>Suurtilaukset ja erikoistarjoukset<\/strong><\/h2>\n<p class=\"\">Oletko kiinnostunut useammasta kuin muutamasta? Tarjoamme erikoishintoja irtotilauksille. Ota yhteytt\u00e4 ja pyyd\u00e4 henkil\u00f6kohtainen tarjous, niin autamme sinua tekem\u00e4\u00e4n miellytt\u00e4v\u00e4mp\u00e4\u00e4 yhteisty\u00f6t\u00e4 alla olevan s\u00e4hk\u00f6postin v\u00e4lityksell\u00e4;<br \/>\ninfo@ihmehalli.com<\/p>\n<h2 class=\"\"><strong>Toimitus- ja tuotantoaikataulu<\/strong><\/h2>\n<p class=\"\">Koska jokainen kynttil\u00e4 valmistetaan huolellisesti k\u00e4sity\u00f6n\u00e4, pyyd\u00e4mme k\u00e4rsiv\u00e4llisyytt\u00e4. Olemme sitoutuneet tuottamaan huippuosaamista, vaikka se vaatisi hieman enemm\u00e4n aikaa. Joidenkin tilausten valmistus ja toimitus voi kest\u00e4\u00e4 jopa 1 kuukauden, jos niit\u00e4 ei ole t\u00e4ll\u00e4 hetkell\u00e4 varastossa. Ilmoitamme sinulle tarkan saapumisajankohdan s\u00e4hk\u00f6postitse, jos tuotetta ei ole varastossa, jotta pysyt ajan tasalla tilauksesi etenemisest\u00e4 ja varmistat, ett\u00e4 se on odottamisen arvoinen.<\/p>\n<h2 class=\"\"><strong>Ainutlaatuinen vahasekoituksemme ja kuvantaminen<\/strong><\/h2>\n<p class=\"\">K\u00e4sintehdyt kynttil\u00e4mme valmistetaan huolellisesti k\u00e4ytt\u00e4en ainutlaatuista parafiini- ja soijavahan sekoitusta, joka tarjoaa molempien maailmojen parhaat puolet.<br \/>\nVaikka pyrimme esittelem\u00e4\u00e4n kynttil\u00e4mme tarkasti digitaalisilla alustoillamme, pieni\u00e4 vaihteluita voi esiinty\u00e4 n\u00e4yt\u00f6n eroavaisuuksien vuoksi. Voit olla varma, ett\u00e4 kynttil\u00f6idemme laatu ja v\u00e4riloisto miellytt\u00e4v\u00e4t sinua henkil\u00f6kohtaisesti.<\/p>\n<h2 class=\"\"><strong>K\u00e4ytt\u00f6- ja turvallisuusohjeet<\/strong><\/h2>\n<p class=\"\">-Aseta kynttil\u00e4 aina kuumuutta kest\u00e4v\u00e4lle pinnalle, pois syttyvien materiaalien l\u00e4heisyydest\u00e4 ja lasten ja lemmikkiel\u00e4inten ulottumattomissa.<\/p>\n<p class=\"\">-\u00c4l\u00e4 koskaan j\u00e4t\u00e4 palavaa kynttil\u00e4\u00e4 ilman valvontaa ja varmista, ett\u00e4 se on sammutettu kokonaan ennen huoneesta poistumista tai nukkumaanmenoa.<\/p>\n<p class=\"\">-\u00c4l\u00e4 siirr\u00e4 kynttil\u00e4\u00e4 sen palaessa tai vahan ollessa viel\u00e4 kuumaa, jotta v\u00e4lt\u00e4t roiskeet ja onnettomuudet.<\/p>\n<\/div>\n<\/div>\n<\/div>\n<\/div>\n","protected":false},"excerpt":{"rendered":"<div class=\"flex-1 overflow-hidden\">\n<div class=\"react-scroll-to-bottom--css-ahelz-79elbk h-full\">\n<div class=\"react-scroll-to-bottom--css-ahelz-1n7m0yu\">\n<div class=\"flex flex-col text-sm pb-9\">\n<div class=\"w-full text-token-text-primary\" data-testid=\"conversation-turn-17\">\n<div class=\"px-4 py-2 justify-center text-base md:gap-6 m-auto\">\n<div class=\"flex flex-1 text-base mx-auto gap-3 md:px-5 lg:px-1 xl:px-5 md:max-w-3xl lg:max-w-[40rem] xl:max-w-[48rem] group final-completion\">\n<div class=\"relative flex w-full flex-col agent-turn\">\n<div class=\"flex-col gap-1 md:gap-3\">\n<div class=\"flex flex-grow flex-col max-w-full\">\n<div data-message-author-role=\"assistant\" data-message-id=\"b480c18e-c5fd-494b-9e4d-d842917d3544\" class=\"min-h-[20px] text-message flex flex-col items-start gap-3 whitespace-pre-wrap break-words [.text-message+&amp;]:mt-5 overflow-x-auto\">\n<div class=\"markdown prose w-full break-words dark:prose-invert light\">\n<p>Koe l\u00e4mp\u00f6\u00e4 Cinnamon Pillar Candle Collection -sarjan 8 kynttil\u00e4ll\u00e4. T\u00e4ss\u00e4 sarjassa on 8 ylellist\u00e4 20 cm:n kynttil\u00e4\u00e4, jotka sopivat t\u00e4ydellisesti mink\u00e4 tahansa tilan koristeluun.<\/p>\n<\/div>\n<\/div>\n<\/div>\n<div class=\"mt-1 flex justify-start gap-3 empty:hidden\">\n<div class=\"text-gray-400 flex self-end lg:self-center justify-center lg:justify-start mt-0 -ml-1 h-7 visible\">\n<p>&nbsp;<\/p>\n<div class=\"flex items-center gap-1.5 text-xs\"><svg xmlns=\"http:\/\/www.w3.org\/2000\/svg\" width=\"24\" height=\"24\" viewbox=\"0 0 24 24\" fill=\"none\" class=\"icon-md\"><path fill-rule=\"evenodd\" clip-rule=\"evenodd\" d=\"M4.5 2.5C5.05228 2.5 5.5 2.94772 5.5 3.5V5.07196C7.19872 3.47759 9.48483 2.5 12 2.5C17.2467 2.5 21.5 6.75329 21.5 12C21.5 17.2467 17.2467 21.5 12 21.5C7.1307 21.5 3.11828 17.8375 2.565 13.1164C2.50071 12.5679 2.89327 12.0711 3.4418 12.0068C3.99033 11.9425 4.48712 12.3351 4.5514 12.8836C4.98798 16.6089 8.15708 19.5 12 19.5C16.1421 19.5 19.5 16.1421 19.5 12C19.5 7.85786 16.1421 4.5 12 4.5C9.7796 4.5 7.7836 5.46469 6.40954 7H9C9.55228 7 10 7.44772 10 8C10 8.55228 9.55228 9 9 9H4.5C3.96064 9 3.52101 8.57299 3.50073 8.03859C3.49983 8.01771 3.49958 7.99677 3.5 7.9758V3.5C3.5 2.94772 3.94771 2.5 4.5 2.5Z\" fill=\"currentColor\"><\/path><\/svg><\/div>\n<div class=\"flex\"><\/div>\n<\/div>\n<\/div>\n<div class=\"pr-2 lg:pr-0\"><\/div>\n<\/div>\n<\/div>\n<\/div>\n<\/div>\n<\/div>\n<\/div>\n<\/div>\n<\/div>\n<\/div>\n<div class=\"w-full pt-2 md:pt-0 dark:border-white\/20 md:border-transparent md:dark:border-transparent md:w-[calc(100%-.5rem)]\">\n<form class=\"stretch mx-2 flex flex-row gap-3 last:mb-2 md:mx-4 md:last:mb-6 lg:mx-auto lg:max-w-2xl xl:max-w-3xl\">\n<div class=\"relative flex h-full flex-1 flex-col\">\n<div class=\"flex w-full items-center\">\n<div class=\"overflow-hidden [&amp;:has(textarea:focus)]:border-token-border-xheavy [&amp;:has(textarea:focus)]:shadow-[0_2px_6px_rgba(0,0,0,.05)] flex flex-col w-full flex-grow relative border dark:text-white rounded-2xl bg-token-main-surface-primary border-token-border-medium\">\n<div data-grammarly-part=\"button\">\n<div>\n<div>\n<div class=\"amkYk\">\n<div>\n<div class=\"ptGJG\"><\/div>\n<\/div>\n<\/div>\n<\/div>\n<\/div>\n<\/div>\n<\/div>\n<\/div>\n<\/div>\n<\/form>\n<\/div>\n","protected":false},"featured_media":4033,"comment_status":"open","ping_status":"closed","template":"","meta":[],"product_brand":[],"product_cat":[162],"product_tag":[228,201,222,218,223,224,221],"class_list":{"0":"post-3512","1":"product","2":"type-product","3":"status-publish","4":"has-post-thumbnail","6":"product_cat-kynttila","7":"product_tag-cinnamon-grace-kynttilat","8":"product_tag-kodin-sisustus-kynttilat","9":"product_tag-korkeat-kynttilat","10":"product_tag-pilarikynttilat","11":"product_tag-pitkaan-palavat-kynttilat","12":"product_tag-tapahtuman-kynttilat","13":"product_tag-tyylikas-kynttilasarja","14":"product_shipping_class-valo","16":"first","17":"instock","18":"sale","19":"taxable","20":"shipping-taxable","21":"purchasable","22":"product-type-simple"},"shsp-ext":{"main":{},"variations":[]},"_links":{"self":[{"href":"https:\/\/www.ihmehalli.com\/fi\/wp-json\/wp\/v2\/product\/3512","targetHints":{"allow":["GET"]}}],"collection":[{"href":"https:\/\/www.ihmehalli.com\/fi\/wp-json\/wp\/v2\/product"}],"about":[{"href":"https:\/\/www.ihmehalli.com\/fi\/wp-json\/wp\/v2\/types\/product"}],"replies":[{"embeddable":true,"href":"https:\/\/www.ihmehalli.com\/fi\/wp-json\/wp\/v2\/comments?post=3512"}],"version-history":[{"count":0,"href":"https:\/\/www.ihmehalli.com\/fi\/wp-json\/wp\/v2\/product\/3512\/revisions"}],"wp:featuredmedia":[{"embeddable":true,"href":"https:\/\/www.ihmehalli.com\/fi\/wp-json\/wp\/v2\/media\/4033"}],"wp:attachment":[{"href":"https:\/\/www.ihmehalli.com\/fi\/wp-json\/wp\/v2\/media?parent=3512"}],"wp:term":[{"taxonomy":"product_brand","embeddable":true,"href":"https:\/\/www.ihmehalli.com\/fi\/wp-json\/wp\/v2\/product_brand?post=3512"},{"taxonomy":"product_cat","embeddable":true,"href":"https:\/\/www.ihmehalli.com\/fi\/wp-json\/wp\/v2\/product_cat?post=3512"},{"taxonomy":"product_tag","embeddable":true,"href":"https:\/\/www.ihmehalli.com\/fi\/wp-json\/wp\/v2\/product_tag?post=3512"}],"curies":[{"name":"wp","href":"https:\/\/api.w.org\/{rel}","templated":true}]}}