{"id":3530,"date":"2024-02-28T18:47:49","date_gmt":"2024-02-28T18:47:49","guid":{"rendered":"https:\/\/www.ihmehalli.com\/product\/kynttila-10\/"},"modified":"2024-03-09T02:04:45","modified_gmt":"2024-03-09T02:04:45","slug":"kynttila-10","status":"publish","type":"product","link":"https:\/\/www.ihmehalli.com\/fi\/tuote\/kynttila-10\/","title":{"rendered":"Charcoal Tall Pillar-kynttil\u00e4-nipussa 8 kpl."},"content":{"rendered":"<div class=\"boldgrid-section\">\n<div class=\"container\">\n<div class=\"row\">\n<div class=\"col-lg-12 col-md-12 col-xs-12 col-sm-12\">\n<h2 class=\"\">Paljastaminen Hiili Tall Pillar Candle-Bundle of 8 mestariteos<\/h2>\n<p class=\"\">Pitk\u00e4kestoiseksi muotoiltu, 8 kpl:n nipussa oleva hiilipilarikynttil\u00e4 on 20 cm korkea, mik\u00e4 takaa tuntikausia jatkuvan, v\u00e4lkkyv\u00e4n valon, joka rauhoittaa ja hurmaa. N\u00e4m\u00e4 kynttil\u00e4t sopivat erinomaisesti rauhallisen ilmapiirin luomiseen, ja ne ovat t\u00e4ydellinen keskipiste tai t\u00e4ydent\u00e4v\u00e4t mit\u00e4 tahansa tyyli\u00e4. Niiden komea eleganssi tekee Charcoal Tall Pillar Candle-Bundle of 8 -nipusta ei vain kynttil\u00f6it\u00e4, vaan statement-kappaleita, jotka muuttavat mink\u00e4 tahansa huoneen rauhan tyyssijaksi.<\/p>\n<h2 class=\"\"><strong>K\u00e4sintehty eleganssi<\/strong><\/h2>\n<p class=\"\">Meid\u00e4n Charcoal Tall Pillar Candle-Bundle of 8 on enemm\u00e4n kuin pelkk\u00e4 sisustus; Alustavasta luonnoksesta lopulliseen syd\u00e4nlangan sijoitteluun, kynttil\u00e4nvalmistajamme kaatavat syd\u00e4mens\u00e4 jokaiseen vaiheeseen, varmistaen, ett\u00e4 saamasi kynttil\u00e4t eiv\u00e4t ole vain tuotteita vaan sielun ja syd\u00e4men tekemi\u00e4 taideteoksia.<\/p>\n<h2 class=\"\"><strong>R\u00e4\u00e4t\u00e4l\u00f6intimahdollisuus &#8211; Lis\u00e4\u00e4 henkil\u00f6kohtainen kosketuksesi<\/strong><\/h2>\n<p class=\"\">Tunnustamme, ett\u00e4 jokaisella yksil\u00f6ll\u00e4 on ainutlaatuinen tyyli, joten tarjoamme r\u00e4\u00e4t\u00e4l\u00f6intivaihtoehtoja t\u00e4h\u00e4n kynttil\u00e4sarjaan. Valitse v\u00e4ri ja muoto, joka sopii tilasi kanssa yhteen klikkaamalla&nbsp;<strong><a href=\"https:\/\/www.ihmehalli.com\/customization\/\" target=\"_blank\" rel=\"noopener\">t\u00e4\u00e4ll\u00e4<\/a>.<\/strong><\/p>\n<h2 class=\"\"><strong>T\u00e4ydellinen kokouksiin ja lahjoihin<\/strong><\/h2>\n<p class=\"\">T\u00e4m\u00e4 setti sopii saumattomasti mihin tahansa ymp\u00e4rist\u00f6\u00f6n, olipa se sitten kodikkaan perheillallisen valaistus tai juhlallisen juhlan keskipiste. N\u00e4m\u00e4 kynttil\u00e4t on tehty huomaavaisiksi ja tyylikk\u00e4iksi lahjoiksi.<\/p>\n<h2 class=\"\"><strong>Suurtilaukset ja erikoistarjoukset<\/strong><\/h2>\n<p class=\"\">Oletko kiinnostunut useammasta kuin muutamasta? Tarjoamme erikoishintoja irtotilauksille. Ota yhteytt\u00e4 ja pyyd\u00e4 henkil\u00f6kohtainen tarjous, niin autamme sinua tekem\u00e4\u00e4n miellytt\u00e4v\u00e4mp\u00e4\u00e4 yhteisty\u00f6t\u00e4 alla olevan s\u00e4hk\u00f6postin v\u00e4lityksell\u00e4;<br \/>\ninfo@ihmehalli.com<\/p>\n<h2 class=\"\"><strong>Toimitus- ja tuotantoaikataulu<\/strong><\/h2>\n<p class=\"\">Koska jokainen kynttil\u00e4 valmistetaan huolellisesti k\u00e4sity\u00f6n\u00e4, pyyd\u00e4mme k\u00e4rsiv\u00e4llisyytt\u00e4. Olemme sitoutuneet tuottamaan huippuosaamista, vaikka se vaatisi hieman enemm\u00e4n aikaa. Joidenkin tilausten valmistus ja toimitus voi kest\u00e4\u00e4 jopa 1 kuukauden, jos niit\u00e4 ei ole t\u00e4ll\u00e4 hetkell\u00e4 varastossa. Ilmoitamme sinulle tarkan saapumisajankohdan s\u00e4hk\u00f6postitse, jos tuotetta ei ole varastossa, jotta pysyt ajan tasalla tilauksesi etenemisest\u00e4 ja varmistat, ett\u00e4 se on odottamisen arvoinen.<\/p>\n<h2 class=\"\"><strong>Ainutlaatuinen vahasekoituksemme ja kuvantaminen<\/strong><\/h2>\n<p class=\"\">K\u00e4sintehdyt kynttil\u00e4mme valmistetaan huolellisesti k\u00e4ytt\u00e4en ainutlaatuista parafiini- ja soijavahan sekoitusta, joka tarjoaa molempien maailmojen parhaat puolet.<br \/>\nVaikka pyrimme esittelem\u00e4\u00e4n kynttil\u00e4mme tarkasti digitaalisilla alustoillamme, pieni\u00e4 vaihteluita voi esiinty\u00e4 n\u00e4yt\u00f6n eroavaisuuksien vuoksi. Voit olla varma, ett\u00e4 kynttil\u00f6idemme laatu ja v\u00e4riloisto miellytt\u00e4v\u00e4t sinua henkil\u00f6kohtaisesti.<\/p>\n<h2 class=\"\"><strong>K\u00e4ytt\u00f6- ja turvallisuusohjeet<\/strong><\/h2>\n<p class=\"\">-Aseta kynttil\u00e4 aina kuumuutta kest\u00e4v\u00e4lle pinnalle, pois syttyvien materiaalien l\u00e4heisyydest\u00e4 ja lasten ja lemmikkiel\u00e4inten ulottumattomissa.<\/p>\n<p class=\"\">-\u00c4l\u00e4 koskaan j\u00e4t\u00e4 palavaa kynttil\u00e4\u00e4 ilman valvontaa ja varmista, ett\u00e4 se on sammutettu kokonaan ennen huoneesta poistumista tai nukkumaanmenoa.<\/p>\n<p class=\"\">-\u00c4l\u00e4 siirr\u00e4 kynttil\u00e4\u00e4 sen palaessa tai vahan ollessa viel\u00e4 kuumaa, jotta v\u00e4lt\u00e4t roiskeet ja onnettomuudet.<\/p>\n<\/div>\n<\/div>\n<\/div>\n<\/div>\n","protected":false},"excerpt":{"rendered":"<p>Hemmottele itsesi ajattomalla eleganssilla hiilenv\u00e4risess\u00e4 korkeassa kynttil\u00e4nipussa, jossa on 8 kpl kynttil\u00f6it\u00e4. Se antaa huoneeseen houkuttelevan hehkun ja hienostuneen l\u00e4sn\u00e4olon.<\/p>\n","protected":false},"featured_media":4035,"comment_status":"open","ping_status":"closed","template":"","meta":[],"product_brand":[],"product_cat":[162],"product_tag":[220,219,201,225,222,218,223,224,226,221],"class_list":{"0":"post-3530","1":"product","2":"type-product","3":"status-publish","4":"has-post-thumbnail","6":"product_cat-kynttila","7":"product_tag-8-kynttilan-nippu","8":"product_tag-hiilenharmaat-kynttilat","9":"product_tag-kodin-sisustus-kynttilat","10":"product_tag-koristeellinen-kynttilapaketti","11":"product_tag-korkeat-kynttilat","12":"product_tag-pilarikynttilat","13":"product_tag-pitkaan-palavat-kynttilat","14":"product_tag-tapahtuman-kynttilat","15":"product_tag-twilight-kynttila-setti","16":"product_tag-tyylikas-kynttilasarja","17":"product_shipping_class-valo","19":"first","20":"instock","21":"sale","22":"taxable","23":"shipping-taxable","24":"purchasable","25":"product-type-simple"},"shsp-ext":{"main":{},"variations":[]},"_links":{"self":[{"href":"https:\/\/www.ihmehalli.com\/fi\/wp-json\/wp\/v2\/product\/3530","targetHints":{"allow":["GET"]}}],"collection":[{"href":"https:\/\/www.ihmehalli.com\/fi\/wp-json\/wp\/v2\/product"}],"about":[{"href":"https:\/\/www.ihmehalli.com\/fi\/wp-json\/wp\/v2\/types\/product"}],"replies":[{"embeddable":true,"href":"https:\/\/www.ihmehalli.com\/fi\/wp-json\/wp\/v2\/comments?post=3530"}],"version-history":[{"count":0,"href":"https:\/\/www.ihmehalli.com\/fi\/wp-json\/wp\/v2\/product\/3530\/revisions"}],"wp:featuredmedia":[{"embeddable":true,"href":"https:\/\/www.ihmehalli.com\/fi\/wp-json\/wp\/v2\/media\/4035"}],"wp:attachment":[{"href":"https:\/\/www.ihmehalli.com\/fi\/wp-json\/wp\/v2\/media?parent=3530"}],"wp:term":[{"taxonomy":"product_brand","embeddable":true,"href":"https:\/\/www.ihmehalli.com\/fi\/wp-json\/wp\/v2\/product_brand?post=3530"},{"taxonomy":"product_cat","embeddable":true,"href":"https:\/\/www.ihmehalli.com\/fi\/wp-json\/wp\/v2\/product_cat?post=3530"},{"taxonomy":"product_tag","embeddable":true,"href":"https:\/\/www.ihmehalli.com\/fi\/wp-json\/wp\/v2\/product_tag?post=3530"}],"curies":[{"name":"wp","href":"https:\/\/api.w.org\/{rel}","templated":true}]}}