{"id":3574,"date":"2024-02-29T14:00:58","date_gmt":"2024-02-29T14:00:58","guid":{"rendered":"https:\/\/www.ihmehalli.com\/product\/whimsical-monkey-haven\/"},"modified":"2024-03-25T16:01:36","modified_gmt":"2024-03-25T16:01:36","slug":"whimsical-monkey-haven","status":"publish","type":"product","link":"https:\/\/www.ihmehalli.com\/fi\/tuote\/whimsical-monkey-haven\/","title":{"rendered":"K\u00e4sintehty Whimsical Monkey Kids tyyny"},"content":{"rendered":"<div class=\"boldgrid-section\">\n<div class=\"container\">\n<div class=\"row\">\n<div class=\"col-lg-12 col-md-12 col-xs-12 col-sm-12\">\n<h2 class=\"\"><strong>Vapauta luovuus: Monkey Kids Cushion &#8211; k\u00e4sity\u00f6n\u00e4 tehty Whimsical Monkey Kids Tyyny<\/strong><\/h2>\n<p class=\"\">Tuo lapsesi mielikuvitusmaailma heid\u00e4n kodikkaaseen nurkkaansa k\u00e4sintehdyn Whimsical Monkey Kids -tyynyn avulla. Se on kooltaan 40&#215;40 cm, ja se on t\u00e4ydellinen lis\u00e4 tuomaan hienostuneisuutta mihin tahansa nurkkaan asunnossasi. Jokainen tyyny, joka on rakkaudella k\u00e4sin kudottu hienoimmasta puuvillakankaasta, on k\u00e4sity\u00f6n vieh\u00e4tyksen symboli. Punch-neulatekniikka luo kiehtovan visuaalisen efektin, mutta my\u00f6s ainutlaatuisen kolmiulotteisen tekstuurin, joka on kosketeltavan tuntuinen.<\/p>\n<p class=\"\">Huolellisesti k\u00e4sity\u00f6n\u00e4 valmistetut tyynyt eiv\u00e4t ole vain pehme\u00e4 syli vaan my\u00f6s luovuuden kankaita. Olipa kyse lasten rakastetun sarjakuvahahmon v\u00e4rikk\u00e4ist\u00e4 s\u00e4vyist\u00e4 tai heid\u00e4n taideteostensa omituisista muodoista, ammattitaitoiset k\u00e4sity\u00f6l\u00e4isemme her\u00e4tt\u00e4v\u00e4t lasten visiot eloon. T\u00e4m\u00e4 tyyny edustaa jokaisen lapsen ainutlaatuista vieh\u00e4tyst\u00e4 ja persoonallisuutta, mik\u00e4 tekee heid\u00e4n huoneestaan persoonallisen retriitin.<\/p>\n<h2 class=\"\"><strong>Enemm\u00e4n kuin vain tyynyj\u00e4<\/strong><\/h2>\n<p class=\"\">Mutta miksi pys\u00e4hty\u00e4 tyynyihin? Valmiutemme ulottuu juoksupeittoihin, huopiin ja t\u00e4ydellisiin huonekokonaisuuksiin, jotka kaikki r\u00e4\u00e4t\u00e4l\u00f6id\u00e4\u00e4n valitsemasi teeman mukaan. Sukella maailmaan, jossa lapsesi piirrokset hypp\u00e4\u00e4v\u00e4t sivulta huoneen sisustukseen ja edist\u00e4v\u00e4t lapsen yksil\u00f6llisyytt\u00e4 kunnioittavaa ymp\u00e4rist\u00f6\u00e4.<\/p>\n<h2><strong>Unelmat muuttuvat todellisuudeksi<\/strong><\/h2>\n<p class=\"\">K\u00e4sintehty l\u00e4hestymistapamme tarkoittaa, ett\u00e4 taivas on rajana. K\u00e4sity\u00f6l\u00e4isemme ovat taitavia muuttamaan unelmat konkreettisiksi mukavuuksiksi, joten anna lapsesi piirt\u00e4\u00e4, kuvata tai unelmoida ihanteellinen sisustus ja katso, kuinka me punomme sen todellisuudeksi.<\/p>\n<p class=\"\">Ota vastaan mittatilausty\u00f6n\u00e4 tehty kauneus k\u00e4sintehdyn Whimsical Monkey Kids -tyynyn avulla ja anna lapsesi tilan olla yht\u00e4 rajaton kuin heid\u00e4n mielikuvituksensa. Se on enemm\u00e4n kuin tyyny; se on pala heid\u00e4n syd\u00e4nt\u00e4\u00e4n, k\u00e4sintehty, valmiina halattavaksi.<\/p>\n<h2 class=\"\"><strong>Hoito on yksinkertaista, mutta v\u00e4ltt\u00e4m\u00e4t\u00f6nt\u00e4<\/strong><\/h2>\n<p class=\"\">Uskomme tyynyjemme loiston s\u00e4ilytt\u00e4miseen. Suosittelemme hell\u00e4varaista k\u00e4sinpesua kylm\u00e4ss\u00e4 vedess\u00e4, jotta niiden vieh\u00e4tysvoima s\u00e4ilyy. Kohtele tyyny\u00e4si kuin aarretta; pieni huolenpito auttaa s\u00e4ilytt\u00e4m\u00e4\u00e4n sen kauneuden ja mukavuuden.<\/p>\n<div class=\"flex-1 overflow-hidden\">\n<div class=\"react-scroll-to-bottom--css-myrcf-79elbk h-full\">\n<div class=\"react-scroll-to-bottom--css-myrcf-1n7m0yu\">\n<div class=\"flex flex-col text-sm pb-9\">\n<div class=\"w-full text-token-text-primary\" data-testid=\"conversation-turn-93\">\n<div class=\"px-4 py-2 justify-center text-base md:gap-6 m-auto\">\n<div class=\"flex flex-1 text-base mx-auto gap-3 md:px-5 lg:px-1 xl:px-5 md:max-w-3xl lg:max-w-[40rem] xl:max-w-[48rem] group final-completion\">\n<div class=\"relative flex w-full flex-col agent-turn\">\n<div class=\"flex-col gap-1 md:gap-3\">\n<div class=\"pr-2 lg:pr-0\">\n<h2 class=\"\"><strong>Personoi jokainen tyyny<\/strong><\/h2>\n<p class=\"\">Jokaisen kappaleen ainutlaatuinen rakenne ei ole vain esteettisesti miellytt\u00e4v\u00e4 vaan my\u00f6s henkil\u00f6kohtaisesti vaikuttava. Kaikenlainen teksti, muodot, tekstuurit, v\u00e4rit ja mallit ovat toteutettavissa halusi mukaan napsauttamalla painiketta&nbsp;<strong><a href=\"https:\/\/www.ihmehalli.com\/customization\/\" target=\"_blank\" rel=\"noopener\">t\u00e4\u00e4ll\u00e4<\/a>.<\/strong><\/p>\n<h2 class=\"\"><strong>Suurtilaukset ja erikoistarjoukset<\/strong><\/h2>\n<p class=\"\">Oletko kiinnostunut useammasta kuin muutamasta? Tarjoamme erikoishintoja irtotilauksille. Ota yhteytt\u00e4 ja pyyd\u00e4 henkil\u00f6kohtainen tarjous, niin autamme sinua tekem\u00e4\u00e4n miellytt\u00e4v\u00e4mp\u00e4\u00e4 yhteisty\u00f6t\u00e4 alla olevan s\u00e4hk\u00f6postin v\u00e4lityksell\u00e4;<br \/>\ninfo@ihmehalli.com<\/p>\n<p class=\"\"><strong>*Huomaa: Sis\u00e4tyyny ei sis\u00e4lly ja se on ostettava erikseen.<\/strong><\/p>\n<\/div>\n<\/div>\n<\/div>\n<\/div>\n<\/div>\n<\/div>\n<\/div>\n<\/div>\n<\/div>\n<\/div>\n<\/div>\n<\/div>\n<\/div>\n<\/div>\n","protected":false},"excerpt":{"rendered":"<p>El\u00e4v\u00f6it\u00e4 asuintilasi 40\u00d740 k\u00e4sity\u00f6n\u00e4 valmistetulla Whimsical Monkey Kids -tyynyll\u00e4 perinteiset mallit ja moderni kest\u00e4vyys ylellisen kodin aksentiksi.<\/p>\n","protected":false},"featured_media":3930,"comment_status":"open","ping_status":"closed","template":"","meta":[],"product_brand":[],"product_cat":[155,158],"product_tag":[3104,3093,3101,3097,3160,3098,3092,3099,3103,3096,3102,3094,3095,3100,3091],"class_list":{"0":"post-3574","1":"product","2":"type-product","3":"status-publish","4":"has-post-thumbnail","6":"product_cat-lapset","7":"product_cat-tyynyliina","8":"product_tag-artisanal-punch-needle-design-fi","9":"product_tag-artisanal-tassel-accent-throw-heittaa","10":"product_tag-contemporary-crafted-textile-art-fi","11":"product_tag-elegantti-tuftattu-tyyny-sham","12":"product_tag-kasintehty-whimsical-monkey-kids-tyyny","13":"product_tag-kodikas-sohva-lisavaruste","14":"product_tag-kuvioitu-koristetyyny","15":"product_tag-moderni-punch-neulakirjonta","16":"product_tag-mukava-tyyny-hapsuilla-yksityiskohtaisesti","17":"product_tag-pehmea-puuvilla-kasityotyyny","18":"product_tag-pehmoinen-muotoilijatyyny","19":"product_tag-plush-neuletyo-tyynynpaallinen","20":"product_tag-tyylikas-boho-sisustus","21":"product_tag-tyylikas-taktiilinen-sisustustyyny","22":"product_tag-ylellinen-kasinkudottu-punch-needle-tyyny","23":"product_shipping_class-valo","25":"first","26":"instock","27":"sale","28":"taxable","29":"shipping-taxable","30":"purchasable","31":"product-type-simple"},"shsp-ext":{"main":{},"variations":[]},"_links":{"self":[{"href":"https:\/\/www.ihmehalli.com\/fi\/wp-json\/wp\/v2\/product\/3574","targetHints":{"allow":["GET"]}}],"collection":[{"href":"https:\/\/www.ihmehalli.com\/fi\/wp-json\/wp\/v2\/product"}],"about":[{"href":"https:\/\/www.ihmehalli.com\/fi\/wp-json\/wp\/v2\/types\/product"}],"replies":[{"embeddable":true,"href":"https:\/\/www.ihmehalli.com\/fi\/wp-json\/wp\/v2\/comments?post=3574"}],"version-history":[{"count":0,"href":"https:\/\/www.ihmehalli.com\/fi\/wp-json\/wp\/v2\/product\/3574\/revisions"}],"wp:featuredmedia":[{"embeddable":true,"href":"https:\/\/www.ihmehalli.com\/fi\/wp-json\/wp\/v2\/media\/3930"}],"wp:attachment":[{"href":"https:\/\/www.ihmehalli.com\/fi\/wp-json\/wp\/v2\/media?parent=3574"}],"wp:term":[{"taxonomy":"product_brand","embeddable":true,"href":"https:\/\/www.ihmehalli.com\/fi\/wp-json\/wp\/v2\/product_brand?post=3574"},{"taxonomy":"product_cat","embeddable":true,"href":"https:\/\/www.ihmehalli.com\/fi\/wp-json\/wp\/v2\/product_cat?post=3574"},{"taxonomy":"product_tag","embeddable":true,"href":"https:\/\/www.ihmehalli.com\/fi\/wp-json\/wp\/v2\/product_tag?post=3574"}],"curies":[{"name":"wp","href":"https:\/\/api.w.org\/{rel}","templated":true}]}}