{"id":3603,"date":"2024-02-29T14:24:50","date_gmt":"2024-02-29T14:24:50","guid":{"rendered":"https:\/\/www.ihmehalli.com\/product\/elegance-bloom-tyyny\/"},"modified":"2024-03-25T15:13:47","modified_gmt":"2024-03-25T15:13:47","slug":"elegance-bloom-tyyny","status":"publish","type":"product","link":"https:\/\/www.ihmehalli.com\/fi\/tuote\/elegance-bloom-tyyny\/","title":{"rendered":"Elegance Bloom k\u00e4sinkudottu punch-neulatyyny"},"content":{"rendered":"<div class=\"boldgrid-section\">\n<div class=\"container\">\n<div class=\"row\">\n<div class=\"col-lg-12 col-md-12 col-xs-12 col-sm-12\">\n<div class=\"flex-1 overflow-hidden\">\n<div class=\"react-scroll-to-bottom--css-myrcf-79elbk h-full\">\n<div class=\"react-scroll-to-bottom--css-myrcf-1n7m0yu\">\n<div class=\"flex flex-col text-sm pb-9\">\n<div class=\"w-full text-token-text-primary\" data-testid=\"conversation-turn-93\">\n<div class=\"px-4 py-2 justify-center text-base md:gap-6 m-auto\">\n<div class=\"flex flex-1 text-base mx-auto gap-3 md:px-5 lg:px-1 xl:px-5 md:max-w-3xl lg:max-w-[40rem] xl:max-w-[48rem] group final-completion\">\n<div class=\"relative flex w-full flex-col agent-turn\">\n<div class=\"flex-col gap-1 md:gap-3\">\n<div class=\"flex flex-grow flex-col max-w-full\">\n<div data-message-author-role=\"assistant\" data-message-id=\"0ea252bb-135f-4462-abe1-0dd4290a4432\" class=\"min-h-[20px] text-message flex flex-col items-start gap-3 whitespace-pre-wrap break-words [.text-message+&amp;]:mt-5 overflow-x-auto\">\n<div class=\"markdown prose w-full break-words dark:prose-invert light\">\n<h2 class=\"\"><strong>Tutustu rikkaaseen tekstuuriin: Tyyny: Elegance Bloom k\u00e4sinkudottu punch neulalla tyyny<\/strong><\/h2>\n<p class=\"\">Muunna kotisi ylellisyyden paratiisiksi huolellisesti suunnitellulla Elegance Bloom k\u00e4sinkudotulla Punch Needle -tyynyll\u00e4. Se on kooltaan 40&#215;40 cm, ja se on t\u00e4ydellinen lis\u00e4 tuomaan hienostuneisuutta mihin tahansa nurkkaan asunnossasi. Jokainen tyyny, joka on rakkaudella k\u00e4sin kudottu hienoimmasta puuvillakankaasta, on k\u00e4sity\u00f6n vieh\u00e4tyksen symboli. Punch-neulatekniikka luo kiehtovan visuaalisen efektin, mutta my\u00f6s ainutlaatuisen kolmiulotteisen tekstuurin, joka on kosketeltavan tuntuinen.<br \/>\nHyv\u00e4ksy k\u00e4sintehty sisustus ja lis\u00e4\u00e4 pala ylellisyytt\u00e4 olohuoneeseesi Elegance Bloom -k\u00e4sinkudotulla Punch Needle -tyynyll\u00e4. Se ei ole pelkk\u00e4 tyyny, vaan se on osoitus tyylikkyydest\u00e4 ja todiste ajattomista k\u00e4sity\u00f6perinteist\u00e4.<\/p>\n<h2 class=\"\"><strong>El\u00e4v\u00e4t kuviot, ajaton vieh\u00e4tys<\/strong><\/h2>\n<p class=\"\">T\u00e4m\u00e4 Elegance Bloom -k\u00e4sinkudotun Punch Needle -tyynyn monimutkaiset kuviot ja neutraali mutta kutsuva v\u00e4ripaletti yhdist\u00e4v\u00e4t monipuolisuuden ja ylellisyyden. Olipa kyseess\u00e4 olohuoneen sohva, viihtyis\u00e4 lukunurkkaustuoli tai makuuhuoneen turvapaikka, se t\u00e4ydent\u00e4\u00e4 ja kohottaa olemassa olevaa sisustusta. Punch-neulatekniikka ei ainoastaan lis\u00e4\u00e4 visuaalista vieh\u00e4tyst\u00e4 vaan my\u00f6s kolmiulotteista syvyytt\u00e4, mik\u00e4 tekee siit\u00e4 erottuvan kappaleen.<\/p>\n<h2 class=\"\"><strong>Toiminnallista taidetta k\u00e4yt\u00e4nn\u00f6llisell\u00e4 twistill\u00e4<\/strong><\/h2>\n<p class=\"\">T\u00e4m\u00e4 tyyny ei ainoastaan vieh\u00e4t\u00e4 ulkon\u00e4\u00f6ll\u00e4\u00e4n, vaan se on my\u00f6s k\u00e4yt\u00e4nn\u00f6llinen piilotetun vetoketjunsa ansiosta, mik\u00e4 tekee sen muhkean ja ensiluokkaisen ulkon\u00e4\u00f6n yll\u00e4pidosta vaivatonta.<\/p>\n<h2 class=\"\"><strong>Hoito on yksinkertaista, mutta v\u00e4ltt\u00e4m\u00e4t\u00f6nt\u00e4<\/strong><\/h2>\n<p class=\"\">Uskomme tyynyjemme loiston s\u00e4ilytt\u00e4miseen. Suosittelemme hell\u00e4varaista k\u00e4sinpesua kylm\u00e4ss\u00e4 vedess\u00e4, jotta niiden vieh\u00e4tysvoima s\u00e4ilyy. Kohtele tyyny\u00e4si kuin aarretta; pieni huolenpito auttaa s\u00e4ilytt\u00e4m\u00e4\u00e4n sen kauneuden ja mukavuuden.<\/p>\n<\/div>\n<\/div>\n<\/div>\n<div class=\"pr-2 lg:pr-0\">\n<h2 class=\"\"><strong>Personoi jokainen tyyny<\/strong><\/h2>\n<p class=\"\">Jokaisen kappaleen ainutlaatuinen rakenne ei ole vain esteettisesti miellytt\u00e4v\u00e4 vaan my\u00f6s henkil\u00f6kohtaisesti vaikuttava. Kaikenlainen teksti, muodot, tekstuurit, v\u00e4rit ja mallit ovat toteutettavissa halusi mukaan napsauttamalla painiketta&nbsp;<strong><a href=\"https:\/\/www.ihmehalli.com\/customization\/\" target=\"_blank\" rel=\"noopener\">t\u00e4\u00e4ll\u00e4<\/a>.<\/strong><\/p>\n<h2 class=\"\"><strong>Suurtilaukset ja erikoistarjoukset<\/strong><\/h2>\n<p class=\"\">Oletko kiinnostunut useammasta kuin muutamasta? Tarjoamme erikoishintoja irtotilauksille. Ota yhteytt\u00e4 ja pyyd\u00e4 henkil\u00f6kohtainen tarjous, niin autamme sinua tekem\u00e4\u00e4n miellytt\u00e4v\u00e4mp\u00e4\u00e4 yhteisty\u00f6t\u00e4 alla olevan s\u00e4hk\u00f6postin v\u00e4lityksell\u00e4;<br \/>\ninfo@ihmehalli.com<\/p>\n<p class=\"\"><strong>*Huomaa: Sis\u00e4tyyny ei sis\u00e4lly ja se on ostettava erikseen.<\/strong><\/p>\n<\/div>\n<\/div>\n<\/div>\n<\/div>\n<\/div>\n<\/div>\n<\/div>\n<\/div>\n<\/div>\n<\/div>\n<div class=\"w-full pt-2 md:pt-0 dark:border-white\/20 md:border-transparent md:dark:border-transparent md:w-[calc(100%-.5rem)]\">\n<form class=\"stretch mx-2 flex flex-row gap-3 last:mb-2 md:mx-4 md:last:mb-6 lg:mx-auto lg:max-w-2xl xl:max-w-3xl\">\n<div class=\"relative flex h-full flex-1 flex-col\">\n<div class=\"absolute bottom-full left-0 right-0\"><\/div>\n<div class=\"flex w-full items-center\">\n<div class=\"overflow-hidden [&amp;:has(textarea:focus)]:border-token-border-xheavy [&amp;:has(textarea:focus)]:shadow-[0_2px_6px_rgba(0,0,0,.05)] flex flex-col w-full flex-grow relative border dark:text-white rounded-2xl bg-token-main-surface-primary border-token-border-medium\">\n<div data-grammarly-part=\"button\">\n<div>\n<div>\n<div class=\"amkYk\">\n<div>\n<div class=\"ptGJG\"><\/div>\n<\/div>\n<\/div>\n<\/div>\n<\/div>\n<\/div>\n<\/div>\n<\/div>\n<\/div>\n<\/form>\n<\/div>\n<\/div>\n<\/div>\n<\/div>\n<\/div>\n","protected":false},"excerpt":{"rendered":"<p>El\u00e4v\u00f6it\u00e4 asuintilasi 40\u00d740Elegance Bloom k\u00e4sinkudotulla Punch Needle -tyynyll\u00e4, perinteisill\u00e4 malleilla ja modernilla kest\u00e4vyydell\u00e4 ylellisen kodin aksentiksi.<\/p>\n","protected":false},"featured_media":3913,"comment_status":"open","ping_status":"closed","template":"","meta":[],"product_brand":[],"product_cat":[158],"product_tag":[3104,3093,3101,3152,3097,3098,3092,3099,3103,3096,3102,3094,3095,3100,3091],"class_list":{"0":"post-3603","1":"product","2":"type-product","3":"status-publish","4":"has-post-thumbnail","6":"product_cat-tyynyliina","7":"product_tag-artisanal-punch-needle-design-fi","8":"product_tag-artisanal-tassel-accent-throw-heittaa","9":"product_tag-contemporary-crafted-textile-art-fi","10":"product_tag-elegance-bloom-kasinkudottu-punch-neulatyyny","11":"product_tag-elegantti-tuftattu-tyyny-sham","12":"product_tag-kodikas-sohva-lisavaruste","13":"product_tag-kuvioitu-koristetyyny","14":"product_tag-moderni-punch-neulakirjonta","15":"product_tag-mukava-tyyny-hapsuilla-yksityiskohtaisesti","16":"product_tag-pehmea-puuvilla-kasityotyyny","17":"product_tag-pehmoinen-muotoilijatyyny","18":"product_tag-plush-neuletyo-tyynynpaallinen","19":"product_tag-tyylikas-boho-sisustus","20":"product_tag-tyylikas-taktiilinen-sisustustyyny","21":"product_tag-ylellinen-kasinkudottu-punch-needle-tyyny","22":"product_shipping_class-valo","24":"first","25":"instock","26":"sale","27":"taxable","28":"shipping-taxable","29":"purchasable","30":"product-type-simple"},"shsp-ext":{"main":{},"variations":[]},"_links":{"self":[{"href":"https:\/\/www.ihmehalli.com\/fi\/wp-json\/wp\/v2\/product\/3603","targetHints":{"allow":["GET"]}}],"collection":[{"href":"https:\/\/www.ihmehalli.com\/fi\/wp-json\/wp\/v2\/product"}],"about":[{"href":"https:\/\/www.ihmehalli.com\/fi\/wp-json\/wp\/v2\/types\/product"}],"replies":[{"embeddable":true,"href":"https:\/\/www.ihmehalli.com\/fi\/wp-json\/wp\/v2\/comments?post=3603"}],"version-history":[{"count":0,"href":"https:\/\/www.ihmehalli.com\/fi\/wp-json\/wp\/v2\/product\/3603\/revisions"}],"wp:featuredmedia":[{"embeddable":true,"href":"https:\/\/www.ihmehalli.com\/fi\/wp-json\/wp\/v2\/media\/3913"}],"wp:attachment":[{"href":"https:\/\/www.ihmehalli.com\/fi\/wp-json\/wp\/v2\/media?parent=3603"}],"wp:term":[{"taxonomy":"product_brand","embeddable":true,"href":"https:\/\/www.ihmehalli.com\/fi\/wp-json\/wp\/v2\/product_brand?post=3603"},{"taxonomy":"product_cat","embeddable":true,"href":"https:\/\/www.ihmehalli.com\/fi\/wp-json\/wp\/v2\/product_cat?post=3603"},{"taxonomy":"product_tag","embeddable":true,"href":"https:\/\/www.ihmehalli.com\/fi\/wp-json\/wp\/v2\/product_tag?post=3603"}],"curies":[{"name":"wp","href":"https:\/\/api.w.org\/{rel}","templated":true}]}}