{"id":3635,"date":"2024-02-29T15:04:46","date_gmt":"2024-02-29T15:04:46","guid":{"rendered":"https:\/\/www.ihmehalli.com\/product\/viihtyisa-mukavuus\/"},"modified":"2024-03-25T16:23:21","modified_gmt":"2024-03-25T16:23:21","slug":"viihtyisa-mukavuus","status":"publish","type":"product","link":"https:\/\/www.ihmehalli.com\/fi\/tuote\/viihtyisa-mukavuus\/","title":{"rendered":"Br\u00e4nd\u00e4tty tyyny &#8211; Mukautettu sisustus yrityksille"},"content":{"rendered":"<div class=\"boldgrid-section\">\n<div class=\"container\">\n<div class=\"row\">\n<div class=\"col-lg-12 col-md-12 col-xs-12 col-sm-12\">\n<div class=\"flex-1 overflow-hidden\">\n<div class=\"react-scroll-to-bottom--css-yqkqh-79elbk h-full\">\n<div class=\"react-scroll-to-bottom--css-yqkqh-1n7m0yu\">\n<div class=\"flex flex-col text-sm pb-9\">\n<div class=\"w-full text-token-text-primary\" data-testid=\"conversation-turn-97\">\n<div class=\"px-4 py-2 justify-center text-base md:gap-6 m-auto\">\n<div class=\"flex flex-1 text-base mx-auto gap-3 md:px-5 lg:px-1 xl:px-5 md:max-w-3xl lg:max-w-[40rem] xl:max-w-[48rem] group final-completion\">\n<div class=\"relative flex w-full flex-col agent-turn\">\n<div class=\"flex-col gap-1 md:gap-3\">\n<div class=\"flex flex-grow flex-col max-w-full\">\n<div data-message-author-role=\"assistant\" data-message-id=\"ff97a924-bff5-4d22-ba71-aacbc2c9aada\" class=\"min-h-[20px] text-message flex flex-col items-start gap-3 whitespace-pre-wrap break-words [.text-message+&amp;]:mt-5 overflow-x-auto\">\n<div class=\"markdown prose w-full break-words dark:prose-invert light\">\n<h2 class=\"\"><strong>M\u00e4\u00e4rittele br\u00e4nditilasi: Branded Cushion-Custom Decor for Businesses: Branded Cushion-Custom Decor for Businesses: Branded Cushion-Custom Decor for Businesses<\/strong><\/h2>\n<p class=\"\">Luo hienostunut ilmapiiri toimipaikassasi tuotemerkill\u00e4 varustetulla tyynyll\u00e4 &#8211; Custom Decor for Businesses. N\u00e4m\u00e4 k\u00e4sity\u00f6n\u00e4 valmistetut kappaleet ovat enemm\u00e4n kuin mukavuutta; ne ovat osoitus br\u00e4ndisi identiteetist\u00e4 ja tyylist\u00e4.<br \/>\nHotellit, ravintolat, baarit ja muut voivat nyt parantaa asiakaskokemustaan br\u00e4ndins\u00e4 mukaisella sisustuksella. Ammattitaitoiset k\u00e4sity\u00f6l\u00e4isemme sis\u00e4llytt\u00e4v\u00e4t logosi, v\u00e4rej\u00e4si ja fonttejasi asiantuntevasti kuhunkin suunnitteluun, jolloin tilasi saa yhten\u00e4isen ja br\u00e4ndinmukaisen ilmeen.<br \/>\nEri kokoluokissa ne toimivat t\u00e4ydellisen\u00e4 lis\u00e4n\u00e4, joka tuo hienostuneisuutta mihin tahansa nurkkaan asunnossasi. Jokainen tyyny, joka on rakkaudella k\u00e4sin kudottu hienoimmasta puuvillakankaasta, on k\u00e4sity\u00f6n vieh\u00e4tyksen symboli. Punch-neulatekniikka luo kiehtovan visuaalisen efektin, mutta my\u00f6s ainutlaatuisen kolmiulotteisen tekstuurin, joka on kosketeltavan tuntuinen.<br \/>\nHuolellisesti k\u00e4sity\u00f6n\u00e4 valmistetut tyynyt eiv\u00e4t ole vain pehme\u00e4 syli vaan my\u00f6s luovuuden kankaita. Olipa kyse lasten rakastetun sarjakuvahahmon v\u00e4rikk\u00e4ist\u00e4 s\u00e4vyist\u00e4 tai heid\u00e4n taideteostensa omituisista muodoista, ammattitaitoiset k\u00e4sity\u00f6l\u00e4isemme her\u00e4tt\u00e4v\u00e4t lasten visiot eloon. T\u00e4m\u00e4 tyyny edustaa jokaisen lapsen ainutlaatuista vieh\u00e4tyst\u00e4 ja persoonallisuutta, mik\u00e4 tekee heid\u00e4n huoneestaan persoonallisen retriitin.<\/p>\n<h2 class=\"\"><strong>K\u00e4sintehty suurta vaikutusta varten<\/strong><\/h2>\n<p class=\"\">Uskomme k\u00e4sity\u00f6n voimaan ja laatuun, joka kertoo yrityksest\u00e4si. Jokainen tyyny, juoksija tai setti ei ole vain osa sisustusta, vaan br\u00e4nditarinasi jatke, joka kutsuu asiakkaat visiosi muovaamaan maailmaan. Nosta liiketilasi br\u00e4nd\u00e4tyn tyynyn avulla &#8211; Mukautettu sisustus yrityksille br\u00e4ndisi esittelemiseksi, k\u00e4sintehtyj\u00e4 tyynyj\u00e4mme r\u00e4\u00e4t\u00e4l\u00f6id\u00e4\u00e4n estetiikkaasi, mik\u00e4 luo pysyv\u00e4n vaikutelman.<\/p>\n<h2 class=\"\"><strong>Visiosta todellisuuteen<\/strong><\/h2>\n<p class=\"\">Anna merkkityynyjen ja yrityskohtaisen sisustuksen olla hienovarainen mutta voimakas kosketus, joka erottaa yrityksesi. Olipa kyseess\u00e4 raikas, puhdas muotoilu modernille hotellille, maalaismainen tunnus maaseutubaarille tai hienostunut k\u00e4sikirjoitus huippuravintolalle, me punomme br\u00e4ndisi jokaiseen s\u00e4ikeeseen.<\/p>\n<p class=\"\">L\u00f6yd\u00e4 r\u00e4\u00e4t\u00e4l\u00f6ityjen sisustusratkaisujemme r\u00e4\u00e4t\u00e4l\u00f6ity vieh\u00e4tysvoima ja anna yrityksesi tulla muistetuksi paitsi tarjoomastaan, my\u00f6s siit\u00e4 v\u00e4littyv\u00e4st\u00e4 tunnelmasta. Se on enemm\u00e4n kuin tyyny; se on br\u00e4ndisi tunnusmerkki, k\u00e4sity\u00f6n\u00e4 valmistettu, valmiina tekem\u00e4\u00e4n vaikutuksen.<\/p>\n<h2 class=\"\"><strong>Personoi jokainen tyyny<\/strong><\/h2>\n<p class=\"\">Jokaisen kappaleen ainutlaatuinen rakenne ei ole vain esteettisesti miellytt\u00e4v\u00e4 vaan my\u00f6s henkil\u00f6kohtaisesti vaikuttava. Kaikenlainen teksti, muodot, tekstuurit, v\u00e4rit ja mallit ovat toteutettavissa halusi mukaan napsauttamalla painiketta&nbsp;<strong><a href=\"https:\/\/www.ihmehalli.com\/customization\/\" target=\"_blank\" rel=\"noopener\">t\u00e4\u00e4ll\u00e4<\/a>.<\/strong><\/p>\n<h2 class=\"\"><strong>Suurtilaukset ja erikoistarjoukset<\/strong><\/h2>\n<p class=\"\">Oletko kiinnostunut useammasta kuin muutamasta? Tarjoamme erikoishintoja irtotilauksille. Ota yhteytt\u00e4 ja pyyd\u00e4 henkil\u00f6kohtainen tarjous, niin autamme sinua tekem\u00e4\u00e4n miellytt\u00e4v\u00e4mp\u00e4\u00e4 yhteisty\u00f6t\u00e4 alla olevan s\u00e4hk\u00f6postin v\u00e4lityksell\u00e4;<br \/>\ninfo@ihmehalli.com<\/p>\n<p class=\"\"><strong>*Huomaa: Sis\u00e4tyyny ei sis\u00e4lly ja se on ostettava erikseen.<\/strong><\/p>\n<\/div>\n<\/div>\n<\/div>\n<div class=\"pr-2 lg:pr-0\"><\/div>\n<\/div>\n<\/div>\n<\/div>\n<\/div>\n<\/div>\n<\/div>\n<\/div>\n<\/div>\n<\/div>\n<div class=\"w-full pt-2 md:pt-0 dark:border-white\/20 md:border-transparent md:dark:border-transparent md:w-[calc(100%-.5rem)]\">\n<form class=\"stretch mx-2 flex flex-row gap-3 last:mb-2 md:mx-4 md:last:mb-6 lg:mx-auto lg:max-w-2xl xl:max-w-3xl\">\n<div class=\"relative flex h-full flex-1 flex-col\">\n<div class=\"absolute bottom-full left-0 right-0\"><\/div>\n<div class=\"flex w-full items-center\">\n<div class=\"overflow-hidden [&amp;:has(textarea:focus)]:border-token-border-xheavy [&amp;:has(textarea:focus)]:shadow-[0_2px_6px_rgba(0,0,0,.05)] flex flex-col w-full flex-grow relative border dark:text-white rounded-2xl bg-token-main-surface-primary border-token-border-medium\">\n<div data-grammarly-part=\"button\">\n<div>\n<div>\n<div class=\"amkYk\">\n<div>\n<div class=\"ptGJG\"><\/div>\n<\/div>\n<\/div>\n<\/div>\n<\/div>\n<\/div>\n<\/div>\n<\/div>\n<\/div>\n<\/form>\n<\/div>\n<\/div>\n<\/div>\n<\/div>\n<\/div>\n","protected":false},"excerpt":{"rendered":"<p>Nosta liiketilasi esiin tuotemerkill\u00e4 varustetulla tyynyll\u00e4mme &#8211; Custom Decor for Businesses, joka tuo br\u00e4ndisi esille ja luo pysyv\u00e4n vaikutelman.<\/p>\n","protected":false},"featured_media":3888,"comment_status":"open","ping_status":"closed","template":"","meta":[],"product_brand":[],"product_cat":[158],"product_tag":[3164],"class_list":{"0":"post-3635","1":"product","2":"type-product","3":"status-publish","4":"has-post-thumbnail","6":"product_cat-tyynyliina","7":"product_tag-branded-elegance-tyyny-custom-decor-yrityksille","9":"first","10":"outofstock","11":"taxable","12":"shipping-taxable","13":"product-type-simple"},"shsp-ext":{"main":{},"variations":[]},"_links":{"self":[{"href":"https:\/\/www.ihmehalli.com\/fi\/wp-json\/wp\/v2\/product\/3635","targetHints":{"allow":["GET"]}}],"collection":[{"href":"https:\/\/www.ihmehalli.com\/fi\/wp-json\/wp\/v2\/product"}],"about":[{"href":"https:\/\/www.ihmehalli.com\/fi\/wp-json\/wp\/v2\/types\/product"}],"replies":[{"embeddable":true,"href":"https:\/\/www.ihmehalli.com\/fi\/wp-json\/wp\/v2\/comments?post=3635"}],"version-history":[{"count":0,"href":"https:\/\/www.ihmehalli.com\/fi\/wp-json\/wp\/v2\/product\/3635\/revisions"}],"wp:featuredmedia":[{"embeddable":true,"href":"https:\/\/www.ihmehalli.com\/fi\/wp-json\/wp\/v2\/media\/3888"}],"wp:attachment":[{"href":"https:\/\/www.ihmehalli.com\/fi\/wp-json\/wp\/v2\/media?parent=3635"}],"wp:term":[{"taxonomy":"product_brand","embeddable":true,"href":"https:\/\/www.ihmehalli.com\/fi\/wp-json\/wp\/v2\/product_brand?post=3635"},{"taxonomy":"product_cat","embeddable":true,"href":"https:\/\/www.ihmehalli.com\/fi\/wp-json\/wp\/v2\/product_cat?post=3635"},{"taxonomy":"product_tag","embeddable":true,"href":"https:\/\/www.ihmehalli.com\/fi\/wp-json\/wp\/v2\/product_tag?post=3635"}],"curies":[{"name":"wp","href":"https:\/\/api.w.org\/{rel}","templated":true}]}}