{"id":3696,"date":"2024-02-29T16:11:55","date_gmt":"2024-02-29T16:11:55","guid":{"rendered":"https:\/\/www.ihmehalli.com\/product\/selitys\/"},"modified":"2024-04-04T08:34:31","modified_gmt":"2024-04-04T08:34:31","slug":"selitys","status":"publish","type":"product","link":"https:\/\/www.ihmehalli.com\/fi\/tuote\/selitys\/","title":{"rendered":"Selitys"},"content":{"rendered":"<div class=\"boldgrid-section\">\n<div class=\"container\">\n<div class=\"row\">\n<div class=\"col-lg-12 col-md-12 col-xs-12 col-sm-12\">\n<p>&nbsp;<\/p>\n<\/div>\n<\/div>\n<\/div>\n<\/div>\n","protected":false},"excerpt":{"rendered":"<p>Kuin lempe\u00e4 tuulahdus, joka liikuttaa lehti\u00e4, &#8221;Zephyr&#8221; ilment\u00e4\u00e4 liikett\u00e4 ja kuiskii salaisuuksia. Nimess\u00e4 on salaper\u00e4isyytt\u00e4, aivan kuten kankaalla olevassa abstraktissa hahmossa.<\/p>\n","protected":false},"featured_media":3690,"comment_status":"open","ping_status":"closed","template":"","meta":[],"product_brand":[],"product_cat":[152],"product_tag":[],"class_list":{"0":"post-3696","1":"product","2":"type-product","3":"status-publish","4":"has-post-thumbnail","6":"product_cat-3d-seinakoristeet-ja-kehykset","7":"product_shipping_class-valo","9":"first","10":"instock","11":"sale","12":"taxable","13":"shipping-taxable","14":"purchasable","15":"product-type-simple"},"shsp-ext":{"main":{},"variations":[]},"_links":{"self":[{"href":"https:\/\/www.ihmehalli.com\/fi\/wp-json\/wp\/v2\/product\/3696","targetHints":{"allow":["GET"]}}],"collection":[{"href":"https:\/\/www.ihmehalli.com\/fi\/wp-json\/wp\/v2\/product"}],"about":[{"href":"https:\/\/www.ihmehalli.com\/fi\/wp-json\/wp\/v2\/types\/product"}],"replies":[{"embeddable":true,"href":"https:\/\/www.ihmehalli.com\/fi\/wp-json\/wp\/v2\/comments?post=3696"}],"version-history":[{"count":0,"href":"https:\/\/www.ihmehalli.com\/fi\/wp-json\/wp\/v2\/product\/3696\/revisions"}],"wp:featuredmedia":[{"embeddable":true,"href":"https:\/\/www.ihmehalli.com\/fi\/wp-json\/wp\/v2\/media\/3690"}],"wp:attachment":[{"href":"https:\/\/www.ihmehalli.com\/fi\/wp-json\/wp\/v2\/media?parent=3696"}],"wp:term":[{"taxonomy":"product_brand","embeddable":true,"href":"https:\/\/www.ihmehalli.com\/fi\/wp-json\/wp\/v2\/product_brand?post=3696"},{"taxonomy":"product_cat","embeddable":true,"href":"https:\/\/www.ihmehalli.com\/fi\/wp-json\/wp\/v2\/product_cat?post=3696"},{"taxonomy":"product_tag","embeddable":true,"href":"https:\/\/www.ihmehalli.com\/fi\/wp-json\/wp\/v2\/product_tag?post=3696"}],"curies":[{"name":"wp","href":"https:\/\/api.w.org\/{rel}","templated":true}]}}