{"id":3729,"date":"2024-02-29T16:30:16","date_gmt":"2024-02-29T16:30:16","guid":{"rendered":"https:\/\/www.ihmehalli.com\/product\/luonnon-syleily\/"},"modified":"2024-03-26T22:08:06","modified_gmt":"2024-03-26T22:08:06","slug":"luonnon-syleily","status":"publish","type":"product","link":"https:\/\/www.ihmehalli.com\/fi\/tuote\/luonnon-syleily\/","title":{"rendered":"Rakkauden suudelma Gold Leaf Line Canvas Wall-Art"},"content":{"rendered":"<div class=\"boldgrid-section\">\n<div class=\"container\">\n<div class=\"row\">\n<div class=\"col-lg-12 col-md-12 col-xs-12 col-sm-12\">\n<h2 class=\"\">K\u00e4sinmaalattu Love&#8217;s Kiss Gold Leaf Line Canvas Wall-Art<strong>: Uusi Comfort Statement<\/strong><\/h2>\n<p class=\"\">T\u00e4m\u00e4 Love&#8217;s Kiss Gold Leaf Line Canvas Wall-Art k\u00e4sintehty mestariteos kankaalle kankaalle yhdist\u00e4\u00e4 viivataiteen minimalistisen vetovoiman abstraktien aqua-s\u00e4vyjen sujuvuuteen, jota nestem\u00e4isen kullanhohto korostaa. &#8221;Love&#8217;s Kiss&#8221; -niminen taideteos on kooltaan 100&#215;70 senttimetri\u00e4, ja se tuo ripauksen romantiikkaa ja nykyaikaisuutta mihin tahansa tilaan.<\/p>\n<p class=\"\">Taide, joka resonoi tunteella Love&#8217;s Kiss Gold Leaf Line Canvas Wall-Art vangitsee intiimin hetken, joka on j\u00e4hmettynyt aikaan, ja sen jokainen viiva ja v\u00e4ri on t\u00e4ynn\u00e4 intohimoa. Kultaiset lehtikoristeet luovat valon tanssin kankaalle ja symboloivat rakkauden arvokkuutta.<\/p>\n<p class=\"\">Akryylielementit vangitsevat valon ja korostavat hienovaraisia yksityiskohtia, jotka tekev\u00e4t t\u00e4st\u00e4 esineest\u00e4 ainutlaatuisen. K\u00e4sintehty luonne tarkoittaa, ett\u00e4 yksik\u00e4\u00e4n teos ei ole t\u00e4sm\u00e4lleen samanlainen, joten saat ainutlaatuisen taideteoksen.<\/p>\n<h2 class=\"\">Huomiota vaativa taide<\/h2>\n<p class=\"\">T\u00e4m\u00e4 kangas ei ole pelkk\u00e4\u00e4 taidetta; se on todiste abstraktin ilmaisun kauneudesta ja viivojen hienoista yksityiskohdista. Jokainen siveltimenveto tuottaa visuaalisen ja emotionaalisen vaikutuksen, mik\u00e4 tekee t\u00e4st\u00e4 teoksesta voimakkaan lausunnon miss\u00e4 tahansa ymp\u00e4rist\u00f6ss\u00e4.<\/p>\n<p class=\"\">Henkil\u00f6kohtaista taidekokemusta Kuten kaikki suuri taide, Love&#8217;s Kiss Gold Leaf Line Canvas Wall Art tulee mahdollisuus personointiin. S\u00e4\u00e4d\u00e4 kokoa, v\u00e4rien voimakkuutta tai kullan sijoittelua n\u00e4kemyksesi ja sisustuksesi mukaan.<\/p>\n<h2 class=\"\">Valaise tilasi kullalla ja armolla<\/h2>\n<p class=\"\">T\u00e4m\u00e4n taideteoksen nestem\u00e4inen lehtikulta ei pelk\u00e4st\u00e4\u00e4n h\u00e4ik\u00e4ise, vaan se tuo l\u00e4mp\u00f6\u00e4 ja ylellist\u00e4 tunnelmaa huoneeseesi ja tarjoaa ylellist\u00e4 estetiikkaa, joka on sek\u00e4 nykyaikainen ett\u00e4 ajaton.<\/p>\n<h2 class=\"\">K\u00e4sin maalattu majesteetti sein\u00e4ll\u00e4si<\/h2>\n<p class=\"\">Tunne kuninkaallisten l\u00e4sn\u00e4olo kodissasi t\u00e4m\u00e4n hienon teoksen avulla. Kuningas hallitsee paitsi peliss\u00e4 my\u00f6s taiteellisessa loistossaan. Tunne historian voima, kuninkaallisten painoarvo jokaisessa patinakerroksessa ja rohkeat akryylipiirteet, jotka m\u00e4\u00e4rittelev\u00e4t t\u00e4m\u00e4n taideteoksen. Kyseess\u00e4 ei ole vain visuaalinen spektaakkeli, vaan k\u00e4sity\u00f6taiteen rikkauden koskettava matka.<\/p>\n<h2 class=\"\"><strong>Tee se omaksi<\/strong><\/h2>\n<p class=\"\">Sinun valtakuntasi, sinun s\u00e4\u00e4nt\u00f6si. R\u00e4\u00e4t\u00e4l\u00f6intivaihtoehtoja on saatavilla sen varmistamiseksi, ett\u00e4 v\u00e4rit ja viimeistely sopivat yhteen sisustuksesi kanssa, joten Regal Acrylic Patina King -sein\u00e4taide on r\u00e4\u00e4t\u00e4l\u00f6ity kokemus elintilaasi. Jos haluat r\u00e4\u00e4t\u00e4l\u00f6id\u00e4 poufin br\u00e4ndisi, logosi, tyylisi ja makusi mukaan, t\u00e4yt\u00e4 lomake. <a href=\"https:\/\/www.ihmehalli.com\/customization\/\"><br \/>\n  <strong>T\u00c4ST\u00c4<\/strong><br \/>\n<\/a>.<\/p>\n<h2 class=\"\"><strong>Tarjoukset irtotavaroiden ostoihin<\/strong><\/h2>\n<p class=\"\">Kuninkaallinen lis\u00e4ys suurkuluttajille Haluatko lis\u00e4t\u00e4 kuninkaallisuutta useisiin tiloihin? Ota yhteytt\u00e4 osoitteeseen <a target=\"_new\" rel=\"noopener\">info@ihmehalli.com<\/a>, niin saat yksinoikeudella edulliset hinnat irtotilauksille, jotka sopivat erinomaisesti yhten\u00e4isen teeman luomiseen kaikkiin kiinteist\u00f6ihisi.<\/p>\n<p class=\"\">Tunne eleganssin voima, kuninkaallisuuden paino jokaisessa patinakerroksessa ja rohkeat akryylipiirteet, jotka m\u00e4\u00e4rittelev\u00e4t t\u00e4m\u00e4n taideteoksen. Kyseess\u00e4 ei ole vain visuaalinen spektaakkeli, vaan k\u00e4sity\u00f6taiteen rikkauden koskettava matka.<\/p>\n<p class=\"\">Secure Your Bespoke Piece Valmis tekem\u00e4\u00e4n &#8221;Love&#8217;s Kiss&#8221; osaksi kokoelmaasi? Ota meihin yhteytt\u00e4, jos haluat r\u00e4\u00e4t\u00e4l\u00f6id\u00e4 taideteoksen, joka kuvastaa tyyli\u00e4si ja tilojasi.<\/p>\n<\/div>\n<\/div>\n<\/div>\n<\/div>\n","protected":false},"excerpt":{"rendered":"<p>Tutustu Love&#8217;s Kiss Gold Leaf Line Canvas Wall-Art -taideteokseen, joka on k\u00e4sity\u00f6n\u00e4 valmistettu 100&#215;70 cm:n kokoinen teos, jossa yhdistyv\u00e4t klassinen kuvasto ja moderni akryylimaalaus.<\/p>\n","protected":false},"featured_media":3713,"comment_status":"open","ping_status":"closed","template":"","meta":[],"product_brand":[],"product_cat":[152],"product_tag":[3290,3282,3289,3292,3286,3285,3291,3288,3281,3283,3287,3239,3284],"class_list":{"0":"post-3729","1":"product","2":"type-product","3":"status-publish","4":"has-post-thumbnail","6":"product_cat-3d-seinakoristeet-ja-kehykset","7":"product_tag-100x70-cm-kankaalle","8":"product_tag-abstrakti-kankaalle-taidetta","9":"product_tag-abstrakti-tunne-taide","10":"product_tag-henkilokohtainen-seinataide","11":"product_tag-kasintehty-seinakoriste","12":"product_tag-kultainen-lehtimaalaus","13":"product_tag-moderni-taideteos","14":"product_tag-mukautettu-kankaalle-suunnittelu","15":"product_tag-rakkauden-suudelma-gold-leaf-line-canvas-wall-art","16":"product_tag-rakkauden-suudelma-taideteos","17":"product_tag-romanttinen-seinataide","18":"product_tag-sisustus","19":"product_tag-viivataide","20":"product_shipping_class-valo","22":"first","23":"instock","24":"sale","25":"taxable","26":"shipping-taxable","27":"purchasable","28":"product-type-simple"},"shsp-ext":{"main":{},"variations":[]},"_links":{"self":[{"href":"https:\/\/www.ihmehalli.com\/fi\/wp-json\/wp\/v2\/product\/3729","targetHints":{"allow":["GET"]}}],"collection":[{"href":"https:\/\/www.ihmehalli.com\/fi\/wp-json\/wp\/v2\/product"}],"about":[{"href":"https:\/\/www.ihmehalli.com\/fi\/wp-json\/wp\/v2\/types\/product"}],"replies":[{"embeddable":true,"href":"https:\/\/www.ihmehalli.com\/fi\/wp-json\/wp\/v2\/comments?post=3729"}],"version-history":[{"count":0,"href":"https:\/\/www.ihmehalli.com\/fi\/wp-json\/wp\/v2\/product\/3729\/revisions"}],"wp:featuredmedia":[{"embeddable":true,"href":"https:\/\/www.ihmehalli.com\/fi\/wp-json\/wp\/v2\/media\/3713"}],"wp:attachment":[{"href":"https:\/\/www.ihmehalli.com\/fi\/wp-json\/wp\/v2\/media?parent=3729"}],"wp:term":[{"taxonomy":"product_brand","embeddable":true,"href":"https:\/\/www.ihmehalli.com\/fi\/wp-json\/wp\/v2\/product_brand?post=3729"},{"taxonomy":"product_cat","embeddable":true,"href":"https:\/\/www.ihmehalli.com\/fi\/wp-json\/wp\/v2\/product_cat?post=3729"},{"taxonomy":"product_tag","embeddable":true,"href":"https:\/\/www.ihmehalli.com\/fi\/wp-json\/wp\/v2\/product_tag?post=3729"}],"curies":[{"name":"wp","href":"https:\/\/api.w.org\/{rel}","templated":true}]}}