{"id":3752,"date":"2024-02-29T17:14:09","date_gmt":"2024-02-29T17:14:09","guid":{"rendered":"https:\/\/www.ihmehalli.com\/product\/kuninkaallinen-kaarti\/"},"modified":"2024-03-26T20:51:42","modified_gmt":"2024-03-26T20:51:42","slug":"kuninkaallinen-kaarti","status":"publish","type":"product","link":"https:\/\/www.ihmehalli.com\/fi\/tuote\/kuninkaallinen-kaarti\/","title":{"rendered":"Ajaton akryyli kuningas Patina sein\u00e4taide Decor"},"content":{"rendered":"<div class=\"boldgrid-section\">\n<div class=\"container\">\n<div class=\"row\">\n<div class=\"col-lg-12 col-md-12 col-xs-12 col-sm-12\">\n<h2 class=\"\">K\u00e4sin maalattu ajaton akryyli King Patina sein\u00e4taideteos<strong>: Sinun uusi mukavuus Statement<\/strong><\/h2>\n<p class=\"\">Muunna sisustuksesi komealla Timeless Acrylic King Patina Wall-Art -sein\u00e4koristeella. T\u00e4m\u00e4 k\u00e4sin maalattu mestariteos, jossa on k\u00e4ytetty monimutkaista patina- ja akryylitekniikkaa vankalla MDF-kankaalla, kuvaa jaloa Pata-kuningasta. Se on kooltaan vaikuttava 100&#215;70 senttimetri\u00e4, ja siin\u00e4 yhdistyv\u00e4t klassinen vieh\u00e4tysvoima ja nykyaikainen k\u00e4sity\u00f6taito. Rikkaat tekstuurit ja vanhentunut patina antavat ajattoman vieh\u00e4tyksen, joka takaa, ett\u00e4 t\u00e4m\u00e4 esine on mink\u00e4 tahansa huoneen keskipiste. Akryylielementit vangitsevat valon ja korostavat hienovaraisia yksityiskohtia, jotka tekev\u00e4t t\u00e4st\u00e4 esineest\u00e4 ainutlaatuisen. K\u00e4sintehty luonne tarkoittaa, ett\u00e4 yksik\u00e4\u00e4n teos ei ole t\u00e4sm\u00e4lleen samanlainen, joten saat ainutlaatuisen taideteoksen.<\/p>\n<h2 class=\"\">Huomiota vaativa taide<\/h2>\n<p class=\"\">Timeless Acrylic King Patina Wall-Art -sein\u00e4taidekoriste ei ole pelkk\u00e4 koriste, vaan keskustelun her\u00e4tt\u00e4j\u00e4. Jokainen siveltimenveto on ammattitaitoisten k\u00e4sity\u00f6l\u00e4isten harkitusti tekem\u00e4, ja taideteos osoittaa syv\u00e4\u00e4 arvostusta pelikorttitaidetta kohtaan, joka her\u00e4\u00e4 henkiin ylellisen v\u00e4lineen avulla. Se on k\u00e4sin maalattu ihme, joka her\u00e4tt\u00e4\u00e4 henkiin kuningas-kortin kuninkaallisen vieh\u00e4tyksen ja muuttaa mink\u00e4 tahansa huoneen taiteellisen ilmaisun hoviksi.<\/p>\n<h2 class=\"\">K\u00e4sin maalattu majesteetti sein\u00e4ll\u00e4si<\/h2>\n<p class=\"\">Tunne kuninkaallisten l\u00e4sn\u00e4olo kodissasi t\u00e4m\u00e4n hienon teoksen avulla. Kuningas hallitsee paitsi peliss\u00e4 my\u00f6s taiteellisessa loistossaan. Tunne historian voima, kuninkaallisten painoarvo jokaisessa patinakerroksessa ja rohkeat akryylipiirteet, jotka m\u00e4\u00e4rittelev\u00e4t t\u00e4m\u00e4n taideteoksen. Kyseess\u00e4 ei ole vain visuaalinen spektaakkeli, vaan k\u00e4sity\u00f6taiteen rikkauden koskettava matka.<\/p>\n<h2 class=\"\"><strong>Tee se omaksi<\/strong><\/h2>\n<p class=\"\">Sinun valtakuntasi, sinun s\u00e4\u00e4nt\u00f6si. R\u00e4\u00e4t\u00e4l\u00f6intivaihtoehtoja on saatavilla sen varmistamiseksi, ett\u00e4 v\u00e4rit ja viimeistely sopivat yhteen sisustuksesi kanssa, joten Regal Acrylic Patina King -sein\u00e4taide on r\u00e4\u00e4t\u00e4l\u00f6ity kokemus elintilaasi. Jos haluat r\u00e4\u00e4t\u00e4l\u00f6id\u00e4 poufin br\u00e4ndisi, logosi, tyylisi ja makusi mukaan, t\u00e4yt\u00e4 lomake. <a href=\"https:\/\/www.ihmehalli.com\/customization\/\"><br \/>\n  <strong>T\u00c4ST\u00c4<\/strong><br \/>\n<\/a>.<\/p>\n<h2 class=\"\"><strong>Tarjoukset irtotavaroiden ostoihin<\/strong><\/h2>\n<p class=\"\">Kuninkaallinen lis\u00e4ys suurkuluttajille Haluatko lis\u00e4t\u00e4 kuninkaallisuutta useisiin tiloihin? Ota yhteytt\u00e4 osoitteeseen <a target=\"_new\" rel=\"noopener\">info@ihmehalli.com<\/a>, niin saat yksinoikeudella edulliset hinnat irtotilauksille, jotka sopivat erinomaisesti yhten\u00e4isen teeman luomiseen kaikkiin kiinteist\u00f6ihisi.<\/p>\n<p class=\"\">Tunne historian voima, kuninkaallisten painoarvo jokaisessa patinakerroksessa ja rohkeat akryylipiirteet, jotka m\u00e4\u00e4rittelev\u00e4t t\u00e4m\u00e4n taideteoksen. Se ei ole vain visuaalinen spektaakkeli, vaan k\u00e4sity\u00f6taiteen rikkauden koskettava matka.<\/p>\n<\/div>\n<\/div>\n<\/div>\n<\/div>\n","protected":false},"excerpt":{"rendered":"<p>Tutustu Timeless Acrylic King Patina Wall-Art -sein\u00e4koristeeseen, joka on k\u00e4sity\u00f6n\u00e4 valmistettu 100&#215;70 cm:n kokoinen teos, jossa yhdistyv\u00e4t klassinen kuvasto ja moderni akryylimaalaus.<\/p>\n","protected":false},"featured_media":3727,"comment_status":"open","ping_status":"closed","template":"","meta":[],"product_brand":[],"product_cat":[152],"product_tag":[3238,3234,3228,3231,3229,3233,3230,3240,3235,3232,3239,3237,3236,2880],"class_list":{"0":"post-3752","1":"product","2":"type-product","3":"status-publish","4":"has-post-thumbnail","6":"product_cat-3d-seinakoristeet-ja-kehykset","7":"product_tag-100x70-cm-taideteos","8":"product_tag-ainutlaatuinen-seinataide","9":"product_tag-ajaton-akryyli-regal-king-patina-wall-art-decor","10":"product_tag-akryyli-patina-taideteos","11":"product_tag-kasintehty-seinataide","12":"product_tag-kasityolaismaalaus","13":"product_tag-kuningas-pelikortti-sisustus","14":"product_tag-kuninkaallinen-seinataide","15":"product_tag-kuninkaallinen-sisustus","16":"product_tag-mittatilaustyona-tehty-seinaripustus","17":"product_tag-sisustus","18":"product_tag-statement-seinakoriste","19":"product_tag-yksilollinen-taideteos","20":"product_tag-ylellinen-kodin-sisustus","21":"product_shipping_class-valo","23":"first","24":"instock","25":"sale","26":"taxable","27":"shipping-taxable","28":"purchasable","29":"product-type-simple"},"shsp-ext":{"main":{},"variations":[]},"_links":{"self":[{"href":"https:\/\/www.ihmehalli.com\/fi\/wp-json\/wp\/v2\/product\/3752","targetHints":{"allow":["GET"]}}],"collection":[{"href":"https:\/\/www.ihmehalli.com\/fi\/wp-json\/wp\/v2\/product"}],"about":[{"href":"https:\/\/www.ihmehalli.com\/fi\/wp-json\/wp\/v2\/types\/product"}],"replies":[{"embeddable":true,"href":"https:\/\/www.ihmehalli.com\/fi\/wp-json\/wp\/v2\/comments?post=3752"}],"version-history":[{"count":0,"href":"https:\/\/www.ihmehalli.com\/fi\/wp-json\/wp\/v2\/product\/3752\/revisions"}],"wp:featuredmedia":[{"embeddable":true,"href":"https:\/\/www.ihmehalli.com\/fi\/wp-json\/wp\/v2\/media\/3727"}],"wp:attachment":[{"href":"https:\/\/www.ihmehalli.com\/fi\/wp-json\/wp\/v2\/media?parent=3752"}],"wp:term":[{"taxonomy":"product_brand","embeddable":true,"href":"https:\/\/www.ihmehalli.com\/fi\/wp-json\/wp\/v2\/product_brand?post=3752"},{"taxonomy":"product_cat","embeddable":true,"href":"https:\/\/www.ihmehalli.com\/fi\/wp-json\/wp\/v2\/product_cat?post=3752"},{"taxonomy":"product_tag","embeddable":true,"href":"https:\/\/www.ihmehalli.com\/fi\/wp-json\/wp\/v2\/product_tag?post=3752"}],"curies":[{"name":"wp","href":"https:\/\/api.w.org\/{rel}","templated":true}]}}