{"id":3787,"date":"2024-02-29T19:01:12","date_gmt":"2024-02-29T19:01:12","guid":{"rendered":"https:\/\/www.ihmehalli.com\/product\/eleganssi-violetissa\/"},"modified":"2024-03-22T18:28:48","modified_gmt":"2024-03-22T18:28:48","slug":"eleganssi-violetissa","status":"publish","type":"product","link":"https:\/\/www.ihmehalli.com\/fi\/tuote\/eleganssi-violetissa\/","title":{"rendered":"Lavender Dream Makramee muotokuva &#8211; sein\u00e4taide"},"content":{"rendered":"<div class=\"boldgrid-section\">\n<div class=\"container\">\n<div class=\"row\">\n<div class=\"col-lg-12 col-md-12 col-xs-12 col-sm-12\">\n<h2 class=\"\"><strong>Korosta sisustustasi Lavender Dream Macram\u00e9 muotokuvalla &#8211; sein\u00e4taide<\/strong><\/h2>\n<p class=\"\">Korosta tilojasi eloisalla Lavender Dream Macram\u00e9 Portrait &#8211; Wall Art -sein\u00e4taiteella. T\u00e4m\u00e4 el\u00e4v\u00e4inen kehystetty teos tuo v\u00e4ri\u00e4 ja leikkis\u00e4n kosketuksen mille tahansa sein\u00e4lle, ja sen koko on 25 * 18 cm, ja se esittelee makrameetaidetta raikkaalla, nykyaikaisella tyylill\u00e4. T\u00e4ss\u00e4 makramee-kuosissa on kaksi hahmoa, jotka on koristeltu eloisan v\u00e4risill\u00e4 langoilla. Niiden monimutkaiset rakenteet ja iloiset s\u00e4vyt tuovat sisustukseen el\u00e4m\u00e4\u00e4 ja luonnetta.<\/p>\n<h2 class=\"\"><strong>Valmistettu harmoniaa ja tyyli\u00e4 varten<\/strong><\/h2>\n<p class=\"\">T\u00e4m\u00e4 Lavender Dream Macram\u00e9 Portrait &#8211; Wall Art -sein\u00e4taide, jossa jokainen lanka on solmittu asiantuntevasti, vangitsee rauhallisuuden olemuksen suunnittelussaan. Kermamaiset, pehme\u00e4t s\u00e4ikeet on j\u00e4rjestetty niin, ett\u00e4 ne inspiroivat rauhaa ja tarjoavat lempe\u00e4n, taiteellisen kannanoton olohuoneeseesi.<\/p>\n<h2 class=\"\"><strong>Monipuolinen ja el\u00e4v\u00e4inen detaljointi<\/strong><\/h2>\n<p class=\"\">T\u00e4m\u00e4 enkelim\u00e4inen makrameetaide sopii vaivattomasti mihin tahansa sisustukseen, sill\u00e4 sen neutraalit s\u00e4vyt ja rikas rakenne t\u00e4ydent\u00e4v\u00e4t erilaisia tyylej\u00e4. Sen selke\u00e4 l\u00e4sn\u00e4olo muodostaa rauhoittavan keskipisteen, joka rikastuttaa huonetta yksinkertaisuudellaan ja vieh\u00e4tyksell\u00e4\u00e4n.<\/p>\n<h2 class=\"\"><strong>Mukautettavissa ainutlaatuiseen tilaan<\/strong><\/h2>\n<p class=\"\">Mukautettavat vaihtoehtomme takaavat, ett\u00e4 t\u00e4m\u00e4 makrameetaideteos sopii t\u00e4ydellisesti sisustukseesi. Valitse eri s\u00e4vyist\u00e4 ja kehystyyleist\u00e4, jotta voit luoda persoonallisen sein\u00e4koristeen, joka vastaa makuasi. Kaikenlainen teksti, muodot, tekstuurit, v\u00e4rit ja mallit ovat toteutettavissa halusi mukaan napsauttamalla painiketta <span style=\"text-decoration: underline;\"><br \/>\n  <strong><a href=\"https:\/\/www.ihmehalli.com\/customization\/\" target=\"_blank\" rel=\"noopener\">t\u00e4st\u00e4<\/a>.<\/strong><br \/>\n<\/span><\/p>\n<h2 class=\"\"><strong>Yksinkertainen eleganssi, helppo n\u00e4ytt\u00f6<\/strong><\/h2>\n<p class=\"\">Ripusta t\u00e4m\u00e4 enkelim\u00e4inen teos helposti ja anna sen hillityn kauneuden tehd\u00e4 syv\u00e4llinen lausunto. Makramee-malli leikittelee varjoilla ja valolla ja luo kiehtovan visuaalisen vaikutelman joka kulmasta.<\/p>\n<h2 class=\"\"><strong>Eksklusiivisia tarjouksia irtotilauksista<\/strong><\/h2>\n<p class=\"\">Etsitk\u00f6 useiden tilojen sisustamista? Tarjoamme erikoisalennuksia irtotavaran ostoista. Ota yhteytt\u00e4 meihin osoitteessa <a target=\"_new\" rel=\"noopener\">info@ihmehalli.com<\/a> saadaksesi r\u00e4\u00e4t\u00e4l\u00f6idyn tarjouksen, joka sopii irtotavaran ostotarpeisiisi.<\/p>\n<h2 class=\"\"><strong>Hoito kest\u00e4v\u00e4st\u00e4 armosta<\/strong><\/h2>\n<p class=\"\">S\u00e4ilyt\u00e4 makrameetaiteesi herkk\u00e4 kauneus hell\u00e4varaisella puhdistuksella ja varmista, ett\u00e4 se s\u00e4ilyy kotisi rauhallisuuden pysyv\u00e4n\u00e4 symbolina.<\/p>\n<p>&nbsp;<\/p>\n<\/div>\n<\/div>\n<\/div>\n<\/div>\n","protected":false},"excerpt":{"rendered":"<p>Rikastuta sein\u00e4si sisustusta Lavender Dream Macram\u00e9 Portrait &#8211; Wall Art -sein\u00e4taideteoksella, joka on kehystetty, k\u00e4sintehty tekstiilitaideteos rauhoittavassa violetissa s\u00e4vyss\u00e4 hienostuneen kosketuksen aikaansaamiseksi.<\/p>\n","protected":false},"featured_media":3772,"comment_status":"open","ping_status":"closed","template":"","meta":[],"product_brand":[],"product_cat":[152],"product_tag":[2276,2284,2273,2282,2274,2279,2283,2272,2285,2280,2277,2275,2286,2278,2281],"class_list":{"0":"post-3787","1":"product","2":"type-product","3":"status-publish","4":"has-post-thumbnail","6":"product_cat-3d-seinakoristeet-ja-kehykset","7":"product_tag-boho-chic-makrameetaide","8":"product_tag-contemporary-wall-fiber-art-fi","9":"product_tag-elegantti-seinataide","10":"product_tag-hienostunut-lanka-art","11":"product_tag-kasin-kudottu-laventeli-seinaripustus","12":"product_tag-kasintehty-seinan-korostus","13":"product_tag-koristeellinen-kudottu-kuva","14":"product_tag-laventeli-unelma-makramee-muotokuva","15":"product_tag-rauhallinen-makuuhuoneen-sisustus","16":"product_tag-seesteinen-kuitumuotokuva","17":"product_tag-taiteellinen-lanka-gobeliini","18":"product_tag-teksturoitu-kuitu-taideteos","19":"product_tag-tyylikas-makrameesuunnittelu","20":"product_tag-varikas-tekstiili-sisustus","21":"product_tag-violetti-makramee-nainen","23":"first","24":"instock","25":"sale","26":"taxable","27":"shipping-taxable","28":"purchasable","29":"product-type-simple"},"shsp-ext":{"main":{},"variations":[]},"_links":{"self":[{"href":"https:\/\/www.ihmehalli.com\/fi\/wp-json\/wp\/v2\/product\/3787","targetHints":{"allow":["GET"]}}],"collection":[{"href":"https:\/\/www.ihmehalli.com\/fi\/wp-json\/wp\/v2\/product"}],"about":[{"href":"https:\/\/www.ihmehalli.com\/fi\/wp-json\/wp\/v2\/types\/product"}],"replies":[{"embeddable":true,"href":"https:\/\/www.ihmehalli.com\/fi\/wp-json\/wp\/v2\/comments?post=3787"}],"version-history":[{"count":0,"href":"https:\/\/www.ihmehalli.com\/fi\/wp-json\/wp\/v2\/product\/3787\/revisions"}],"wp:featuredmedia":[{"embeddable":true,"href":"https:\/\/www.ihmehalli.com\/fi\/wp-json\/wp\/v2\/media\/3772"}],"wp:attachment":[{"href":"https:\/\/www.ihmehalli.com\/fi\/wp-json\/wp\/v2\/media?parent=3787"}],"wp:term":[{"taxonomy":"product_brand","embeddable":true,"href":"https:\/\/www.ihmehalli.com\/fi\/wp-json\/wp\/v2\/product_brand?post=3787"},{"taxonomy":"product_cat","embeddable":true,"href":"https:\/\/www.ihmehalli.com\/fi\/wp-json\/wp\/v2\/product_cat?post=3787"},{"taxonomy":"product_tag","embeddable":true,"href":"https:\/\/www.ihmehalli.com\/fi\/wp-json\/wp\/v2\/product_tag?post=3787"}],"curies":[{"name":"wp","href":"https:\/\/api.w.org\/{rel}","templated":true}]}}