{"id":3792,"date":"2024-02-29T19:11:06","date_gmt":"2024-02-29T19:11:06","guid":{"rendered":"https:\/\/www.ihmehalli.com\/product\/lunar-majesteetti\/"},"modified":"2024-04-04T08:29:52","modified_gmt":"2024-04-04T08:29:52","slug":"lunar-majesteetti","status":"publish","type":"product","link":"https:\/\/www.ihmehalli.com\/fi\/tuote\/lunar-majesteetti\/","title":{"rendered":"Taivaallinen kraatteri Kuu Taide-tekstiili Lunar Decor"},"content":{"rendered":"<div class=\"boldgrid-section\">\n<div class=\"container\">\n<div class=\"row\">\n<div class=\"col-lg-12 col-md-12 col-xs-12 col-sm-12\">\n<div class=\"flex-1 overflow-hidden\">\n<div class=\"react-scroll-to-bottom--css-riqyc-79elbk h-full\">\n<div class=\"react-scroll-to-bottom--css-riqyc-1n7m0yu\">\n<div class=\"flex flex-col text-sm pb-9\">\n<div class=\"w-full text-token-text-primary\" data-testid=\"conversation-turn-79\">\n<div class=\"px-4 py-2 justify-center text-base md:gap-6 m-auto\">\n<div class=\"flex flex-1 text-base mx-auto gap-3 md:px-5 lg:px-1 xl:px-5 md:max-w-3xl lg:max-w-[40rem] xl:max-w-[48rem] group final-completion\">\n<div class=\"relative flex w-full flex-col agent-turn\">\n<div class=\"flex-col gap-1 md:gap-3\">\n<div class=\"flex flex-grow flex-col max-w-full\">\n<div data-message-author-role=\"assistant\" data-message-id=\"86641ba4-88c9-4a71-99cd-e9d5a7a83487\" class=\"min-h-[20px] text-message flex flex-col items-start gap-3 whitespace-pre-wrap break-words [.text-message+&amp;]:mt-5 overflow-x-auto\">\n<div class=\"markdown prose w-full break-words dark:prose-invert light\">\n<h2 class=\"\"><strong>Tutustu taivaallisen kraatterin taikuuteen Moon Art-Texture Lunar Decor -koristeeseen<\/strong><\/h2>\n<p class=\"\">Koristele tilojasi Celestial Crater Moon Art-Texture Lunar Decorin ajattomalla charmilla. T\u00e4m\u00e4 90 * 40 cm:n kokoinen mestariteos vangitsee kuun pinnan karun vieh\u00e4tyksen, ja se on muotoiltu her\u00e4tt\u00e4m\u00e4\u00e4n ihmetyst\u00e4 sen monimutkaisen tekstuurin ja kiehtovan muotoilun ansiosta. Tutustu jokaisen t\u00e4h\u00e4n teokseen kaiverretun kraatterin syvyyksiin, joissa varjo ja valo leikkiv\u00e4t sen pinnalla ja luovat uudelleen kuun ikonisen ilmeen. T\u00e4m\u00e4 taide ei ole vain n\u00e4ht\u00e4viss\u00e4, vaan se tuntuu, ja se kutsuu koskettamaan ja tutkimaan sen kuvioitua reliefi\u00e4.<\/p>\n<p class=\"\">Ota Celestial Crater Moon Art -taideteos k\u00e4ytt\u00f6\u00f6n kokoelmassasi ja anna sen kuvioidun kuun maiseman ja tunnelmallisen valaistuksen muuttaa tilasi taivaallisen rauhallisuuden paratiisiksi.<\/p>\n<h2 class=\"\"><strong>Kohota tilasi rauhallisella valaistuksella<\/strong><\/h2>\n<p class=\"\">T\u00e4m\u00e4 taidepaneeli toimii my\u00f6s rauhoittavana valonl\u00e4hteen\u00e4, olipa kyseess\u00e4 makuuhuoneen tunnelman pehment\u00e4minen tai taivaallisen korostuksen lis\u00e4\u00e4minen liiketilojen oleskelutilaan. Se on hienovarainen mutta n\u00e4ytt\u00e4v\u00e4 tapa tuoda rauhallisuutta illanviettoon.<\/p>\n<h2><strong>K\u00e4sity\u00f6l\u00e4isen k\u00e4sity\u00f6t\u00e4 tuntijalle<\/strong><\/h2>\n<p class=\"\">Tarkalla tarkkuudella k\u00e4sity\u00f6n\u00e4 valmistettu Celestial Crater Moon Art-Texture Lunar Decor on osoitus ammattitaitoisesta k\u00e4sity\u00f6taidosta ja tarjoaa ylellist\u00e4 estetiikkaa, joka on sek\u00e4 hienostunut ett\u00e4 aistillinen.<\/p>\n<h2 class=\"\"><strong>Saumaton asennus, loputon lumous<\/strong><\/h2>\n<p class=\"\">Helppoutta ja eleganssia ajatellen suunniteltu paneeli sulautuu sujuvasti mihin tahansa sisustustyyliin, ja sen valaistusominaisuus palvelee sek\u00e4 k\u00e4yt\u00e4nn\u00f6llisyytt\u00e4 ett\u00e4 tunnelmaa luovaa vieh\u00e4tyst\u00e4.<\/p>\n<h2 class=\"\"><strong>Yll\u00e4pit\u00e4\u00e4 minimaalisella vaivalla<\/strong><\/h2>\n<p class=\"\">Lunar-kappaleesi hoitaminen on yht\u00e4 yksinkertaista kuin sen kauneus. Kevyt p\u00f6lytt\u00e4minen s\u00e4ilytt\u00e4\u00e4 sen kuvioidun taiteellisuuden ja varmistaa, ett\u00e4 sen eteerinen hehku pysyy y\u00f6llisen tunnelmasi peruspilarina.<\/p>\n<\/div>\n<\/div>\n<\/div>\n<div class=\"pr-2 lg:pr-0\">\n<h2 class=\"\"><strong>Eksklusiivisia tarjouksia irtotilauksista<\/strong><\/h2>\n<p class=\"\">Etsitk\u00f6 useiden tilojen sisustamista? Tarjoamme erikoisalennuksia irtotavaran ostoista. Ota yhteytt\u00e4 meihin osoitteessa <a target=\"_new\" rel=\"noopener\">info@ihmehalli.com<\/a> saadaksesi r\u00e4\u00e4t\u00e4l\u00f6idyn tarjouksen, joka sopii irtotavaran ostotarpeisiisi.&nbsp;<\/p>\n<h2 class=\"\"><strong>R\u00e4\u00e4t\u00e4l\u00f6ity\u00e4 k\u00e4sity\u00f6t\u00e4 vastaamaan tyyli\u00e4si<\/strong><\/h2>\n<p class=\"\">Sitoutumisemme personointiin tarkoittaa, ett\u00e4 voit r\u00e4\u00e4t\u00e4l\u00f6id\u00e4 koon, v\u00e4rin ja muotoiluelementit t\u00e4ydellisesti sisustukseesi ja mieltymyksiisi sopiviksi. T\u00e4m\u00e4 Lunar Elegance Mirror &amp; Resin Shelf-Luxe Set ei ole pelkk\u00e4 ostos; se on r\u00e4\u00e4t\u00e4l\u00f6ity lis\u00e4 kotiisi. Kaikenlainen teksti, muodot, tekstuurit, v\u00e4rit ja mallit ovat toteutettavissa halusi mukaan napsauttamalla painiketta <span style=\"text-decoration: underline;\"><br \/>\n  <strong><a href=\"https:\/\/www.ihmehalli.com\/customization\/\" target=\"_blank\" rel=\"noopener\">t\u00e4st\u00e4<\/a>.<\/strong><br \/>\n<\/span><\/p>\n<\/div>\n<\/div>\n<\/div>\n<\/div>\n<\/div>\n<\/div>\n<\/div>\n<\/div>\n<\/div>\n<\/div>\n<div class=\"w-full pt-2 md:pt-0 dark:border-white\/20 md:border-transparent md:dark:border-transparent md:w-[calc(100%-.5rem)]\">\n<form class=\"stretch mx-2 flex flex-row gap-3 last:mb-2 md:mx-4 md:last:mb-6 lg:mx-auto lg:max-w-2xl xl:max-w-3xl\">\n<div class=\"relative flex h-full flex-1 flex-col\">\n<div class=\"absolute bottom-full left-0 right-0\"><\/div>\n<div class=\"flex w-full items-center\">\n<div class=\"overflow-hidden [&amp;:has(textarea:focus)]:border-token-border-xheavy [&amp;:has(textarea:focus)]:shadow-[0_2px_6px_rgba(0,0,0,.05)] flex flex-col w-full flex-grow relative border dark:text-white rounded-2xl bg-token-main-surface-primary border-token-border-medium\">\n<div data-grammarly-part=\"button\">\n<div>\n<div>\n<div class=\"amkYk\">\n<div>\n<div class=\"ptGJG\"><\/div>\n<\/div>\n<\/div>\n<\/div>\n<\/div>\n<\/div>\n<\/div>\n<\/div>\n<\/div>\n<\/form>\n<\/div>\n<\/div>\n<\/div>\n<\/div>\n<\/div>\n","protected":false},"excerpt":{"rendered":"<p>Uppoudu kuun kauneuteen Celestial Crater Moon Art-Texture Lunar Decor -teoksella, joka tuo kuun mystiikan tiloihisi lumoavan valaistuksen avulla.<\/p>\n","protected":false},"featured_media":3987,"comment_status":"open","ping_status":"closed","template":"","meta":[],"product_brand":[],"product_cat":[152],"product_tag":[2484,2487,2492,2493,2494,2489,2483,2491,2495,2486,2496,2485,2490,2482,2488],"class_list":{"0":"post-3792","1":"product","2":"type-product","3":"status-publish","4":"has-post-thumbnail","6":"product_cat-3d-seinakoristeet-ja-kehykset","7":"product_tag-3d-moon-surface-wall-art-fi","8":"product_tag-avaruus-teemalla-sisustus","9":"product_tag-dimensional-moon-veistos","10":"product_tag-galaktinen-tyyli-sisustussuunnittelu","11":"product_tag-kasintehty-taivaankappale","12":"product_tag-kosminen-seinakoriste","13":"product_tag-kuvioitu-lunar-decor","14":"product_tag-moderni-astral-wall-art","15":"product_tag-moon-maisema-art","16":"product_tag-realistinen-kuu-kraatteri-taideteos","17":"product_tag-seesteinen-yotaivas-seinakoriste","18":"product_tag-tahtitieteellinen-seinaominaisuus","19":"product_tag-taiteellinen-kuun-vaiheen-esittaminen","20":"product_tag-taivaallinen-kraatteri-moon-art","21":"product_tag-yksityiskohtainen-kuun-topografia","22":"product_shipping_class-valo","24":"first","25":"instock","26":"sale","27":"taxable","28":"shipping-taxable","29":"purchasable","30":"product-type-simple"},"shsp-ext":{"main":{},"variations":[]},"_links":{"self":[{"href":"https:\/\/www.ihmehalli.com\/fi\/wp-json\/wp\/v2\/product\/3792","targetHints":{"allow":["GET"]}}],"collection":[{"href":"https:\/\/www.ihmehalli.com\/fi\/wp-json\/wp\/v2\/product"}],"about":[{"href":"https:\/\/www.ihmehalli.com\/fi\/wp-json\/wp\/v2\/types\/product"}],"replies":[{"embeddable":true,"href":"https:\/\/www.ihmehalli.com\/fi\/wp-json\/wp\/v2\/comments?post=3792"}],"version-history":[{"count":0,"href":"https:\/\/www.ihmehalli.com\/fi\/wp-json\/wp\/v2\/product\/3792\/revisions"}],"wp:featuredmedia":[{"embeddable":true,"href":"https:\/\/www.ihmehalli.com\/fi\/wp-json\/wp\/v2\/media\/3987"}],"wp:attachment":[{"href":"https:\/\/www.ihmehalli.com\/fi\/wp-json\/wp\/v2\/media?parent=3792"}],"wp:term":[{"taxonomy":"product_brand","embeddable":true,"href":"https:\/\/www.ihmehalli.com\/fi\/wp-json\/wp\/v2\/product_brand?post=3792"},{"taxonomy":"product_cat","embeddable":true,"href":"https:\/\/www.ihmehalli.com\/fi\/wp-json\/wp\/v2\/product_cat?post=3792"},{"taxonomy":"product_tag","embeddable":true,"href":"https:\/\/www.ihmehalli.com\/fi\/wp-json\/wp\/v2\/product_tag?post=3792"}],"curies":[{"name":"wp","href":"https:\/\/api.w.org\/{rel}","templated":true}]}}