{"id":3812,"date":"2024-02-29T19:29:36","date_gmt":"2024-02-29T19:29:36","guid":{"rendered":"https:\/\/www.ihmehalli.com\/product\/whiskers-haven-swing\/"},"modified":"2024-03-24T20:00:07","modified_gmt":"2024-03-24T20:00:07","slug":"whiskers-haven-swing","status":"publish","type":"product","link":"https:\/\/www.ihmehalli.com\/fi\/tuote\/whiskers-haven-swing\/","title":{"rendered":"K\u00e4sintehty harmaa puuvilla makramee lemmikkiel\u00e4inten keinu"},"content":{"rendered":"<div class=\"boldgrid-section\">\n<div class=\"container\">\n<div class=\"row\">\n<div class=\"col-lg-12 col-md-12 col-xs-12 col-sm-12\">\n<div class=\"flex-1 overflow-hidden\">\n<div class=\"react-scroll-to-bottom--css-fwrdg-79elbk h-full\">\n<div class=\"react-scroll-to-bottom--css-fwrdg-1n7m0yu\">\n<div class=\"flex flex-col text-sm pb-9\">\n<div class=\"w-full text-token-text-primary\" data-testid=\"conversation-turn-91\">\n<div class=\"px-4 py-2 justify-center text-base md:gap-6 m-auto\">\n<div class=\"flex flex-1 text-base mx-auto gap-3 md:px-5 lg:px-1 xl:px-5 md:max-w-3xl lg:max-w-[40rem] xl:max-w-[48rem] group final-completion\">\n<div class=\"relative flex w-full flex-col agent-turn\">\n<div class=\"flex-col gap-1 md:gap-3\">\n<div class=\"flex flex-grow flex-col max-w-full\">\n<div data-message-author-role=\"assistant\" data-message-id=\"3bce8a34-c9f5-4883-89f0-71fcafd02393\" class=\"min-h-[20px] text-message flex flex-col items-start gap-3 whitespace-pre-wrap break-words [.text-message+&amp;]:mt-5 overflow-x-auto\">\n<div class=\"markdown prose w-full break-words dark:prose-invert light\">\n<h2 class=\"\"><strong>Hemmottele karvaista yst\u00e4v\u00e4\u00e4si k\u00e4sity\u00f6n\u00e4 tehdyll\u00e4 harmaalla puuvillaisella makramee-lemmikkikeinulla.<\/strong><\/h2>\n<p class=\"\">Korosta lemmikkisi vapaa-aikaa ylellisell\u00e4 k\u00e4sity\u00f6n\u00e4 tehdyll\u00e4 harmaasta puuvillasta valmistetulla makramee-lemmikkikeinulla. T\u00e4m\u00e4 k\u00e4sin kudottu mestariteos ei ole vain keinu, vaan se on rakkaudentunnustus lemmikillesi. Laadukkaasta puuvilla-pellavalangasta valmistettu kangas lupaa kest\u00e4vyytt\u00e4 ja mukavuutta ja on samalla tyylik\u00e4s lis\u00e4 kodin sisustukseen. Jokainen keinu on valmistettu huolellisesti k\u00e4sin, ja se on makrameetaidetta. Monimutkainen solmuviritys tarjoaa lemmikillesi turvallisen ja mukavan lepopaikan, joka takaa tukevan otteen jopa 40 kilon painolle.<\/p>\n<h2 class=\"\"><strong>Tyylik\u00e4s rentoutumissatama<\/strong><\/h2>\n<p class=\"\">Rikkaan v\u00e4ris\u00e4vyns\u00e4 ja tupsukoristeidensa ansiosta t\u00e4m\u00e4 k\u00e4sity\u00f6n\u00e4 valmistettu harmaa puuvillainen makramee-lemmikkikeinu t\u00e4ydent\u00e4\u00e4 mit\u00e4 tahansa huonetta ja tuo siihen ripauksen eleganssia ja luonnon inspiroimaa rauhallisuutta. Se on t\u00e4ydellinen lemmikeille, jotka rakastavat oleskelua tyylill\u00e4. Kutsu t\u00e4m\u00e4 keinu kotiisi ja tarjoa lemmikillesi t\u00e4ydellinen paikka rentoutua, jolloin sen rentoutumisaika on yht\u00e4 tyylik\u00e4st\u00e4 kuin se on seesteist\u00e4.<\/p>\n<h2 class=\"\"><strong>Helppo asennus onnellista lemmikki\u00e4 varten<\/strong><\/h2>\n<p class=\"\">Keinun asentaminen on yksinkertaista. Ripusta se turvalliseen paikkaan kattoon ja katso, kuinka lemmikkisi nauttii tuntikausia mukavasta keinumisesta ja antaa sille erityisen paikan, jota se voi kutsua omakseen.<\/p>\n<h2 class=\"\"><strong>Turvallisuuden ja pitk\u00e4ik\u00e4isyyden varmistaminen<\/strong><\/h2>\n<p class=\"\">K\u00e4sintehtyjen, harmaasta puuvillasta valmistettujen makramee-kuosisten lemmikkikeinujen korkealaatuiset materiaalit tarkoittavat, ett\u00e4 ne on rakennettu kest\u00e4m\u00e4\u00e4n. S\u00e4\u00e4nn\u00f6lliset tarkastukset ja hell\u00e4varainen puhdistus pit\u00e4v\u00e4t sen uudenveroisen n\u00e4k\u00f6isen\u00e4 ja varmistavat, ett\u00e4 seuralaisellesi on turvallinen ja koskematon lepopaikka.<\/p>\n<h2 class=\"\"><strong>T\u00e4ydellinen lahja lemmikin yst\u00e4ville<\/strong><\/h2>\n<p class=\"\">Etsitk\u00f6 ainutlaatuista lahjaa lemmikkiel\u00e4inten yst\u00e4v\u00e4lle tilassasi? K\u00e4sintehty harmaa puuvilla makramee lemmikkikeinu on huomaavainen ja ihastuttava valinta, joka varmasti tekee vaikutuksen ja tarjoaa karvakavereilleen loputtomasti iloa.<\/p>\n<p class=\"\"><strong style=\"color: #1b1919; font-size: 24px;\">Henkil\u00f6kohtainen kosketus jokaisella rastilla<\/strong><\/p>\n<p class=\"\">Jokaisen kappaleen ainutlaatuinen rakenne ei ole vain esteettisesti miellytt\u00e4v\u00e4 vaan my\u00f6s henkil\u00f6kohtaisesti vaikuttava. Kaikenlainen teksti, muodot, tekstuurit, v\u00e4rit ja mallit ovat toteutettavissa halusi mukaan napsauttamalla painiketta <span style=\"text-decoration: underline;\"><br \/>\n  <strong><a href=\"https:\/\/www.ihmehalli.com\/customization\/\" target=\"_blank\" rel=\"noopener\">t\u00e4st\u00e4<\/a>.<\/strong><br \/>\n<\/span><\/p>\n<h2 class=\"\"><strong>Suurtilaukset ja erikoistarjoukset<\/strong><\/h2>\n<p class=\"\">Oletko kiinnostunut useammasta kuin muutamasta? Tarjoamme erikoishintoja irtotilauksille. Ota yhteytt\u00e4 ja pyyd\u00e4 henkil\u00f6kohtainen tarjous, niin autamme sinua tekem\u00e4\u00e4n miellytt\u00e4v\u00e4mp\u00e4\u00e4 yhteisty\u00f6t\u00e4 alla olevan s\u00e4hk\u00f6postin v\u00e4lityksell\u00e4;<br \/>\ninfo@ihmehalli.com<\/p>\n<\/div>\n<\/div>\n<\/div>\n<div class=\"pr-2 lg:pr-0\"><\/div>\n<\/div>\n<\/div>\n<\/div>\n<\/div>\n<\/div>\n<\/div>\n<\/div>\n<\/div>\n<\/div>\n<div class=\"w-full pt-2 md:pt-0 dark:border-white\/20 md:border-transparent md:dark:border-transparent md:w-[calc(100%-.5rem)]\">\n<form class=\"stretch mx-2 flex flex-row gap-3 last:mb-2 md:mx-4 md:last:mb-6 lg:mx-auto lg:max-w-2xl xl:max-w-3xl\">\n<div class=\"relative flex h-full flex-1 flex-col\">\n<div class=\"absolute bottom-full left-0 right-0\"><\/div>\n<div class=\"flex w-full items-center\">\n<div class=\"overflow-hidden [&amp;:has(textarea:focus)]:border-token-border-xheavy [&amp;:has(textarea:focus)]:shadow-[0_2px_6px_rgba(0,0,0,.05)] flex flex-col w-full flex-grow relative border dark:text-white rounded-2xl bg-token-main-surface-primary border-token-border-medium\">\n<div data-grammarly-part=\"button\">\n<div>\n<div>\n<div class=\"amkYk\">\n<div>\n<div class=\"ptGJG\"><\/div>\n<\/div>\n<\/div>\n<\/div>\n<\/div>\n<\/div>\n<\/div>\n<\/div>\n<\/div>\n<\/form>\n<\/div>\n<\/div>\n<\/div>\n<\/div>\n<\/div>\n","protected":false},"excerpt":{"rendered":"<p>Hemmottele lemmikki\u00e4si k\u00e4sity\u00f6n\u00e4 valmistetulla harmaalla puuvillaisella makramee-lemmikkikeinulla, joka on korkealaatuinen ja pystyy tukemaan jopa 40 kg: n painoa \u00e4\u00e4rimm\u00e4ist\u00e4 rentoutumista varten.<\/p>\n","protected":false},"featured_media":3799,"comment_status":"open","ping_status":"closed","template":"","meta":[],"product_brand":[],"product_cat":[157,154],"product_tag":[2941,2933,2934,2956,2940,2939,2937,2946,2944,2942,2945,2935,2938,2943,2936],"class_list":{"0":"post-3812","1":"product","2":"type-product","3":"status-publish","4":"has-post-thumbnail","6":"product_cat-lemmikit-riipputuoli","7":"product_cat-riipputuoli","8":"product_tag-ainutlaatuiset-kasinkudotut-lemmikkihuonekalut","9":"product_tag-artisanal-roikkuva-lemmikkielainten-sanky","10":"product_tag-boheemi-tyyli-elainten-keinu","11":"product_tag-kasintehty-harmaa-puuvilla-makramee-lemmikkielainten-keinu","12":"product_tag-koristeellinen-makramee-lemmikkielainten-istuin","13":"product_tag-luonnonkuituinen-lemmikkielainten-lepotuoli","14":"product_tag-mukautettu-makramee-koiran-sanky","15":"product_tag-mukava-lemmikkielainten-keinuva-sanky","16":"product_tag-pehmoinen-elain-roikkuva-tuoli","17":"product_tag-tyylikas-makramee-lemmikkielainten-istuin","18":"product_tag-tyylikas-makramee-lemmikkielainten-lisavaruste","19":"product_tag-vihrea-puuvilla-rope-pet-hammock","20":"product_tag-viihtyisa-ripustettu-lemmikkielainten-pesa","21":"product_tag-ylellinen-kasityona-tehty-lemmikkielainten-keinu","22":"product_tag-ymparistoystavallinen-kudottu-kissa-keinu","23":"product_shipping_class-valo","25":"first","26":"instock","27":"sale","28":"taxable","29":"shipping-taxable","30":"purchasable","31":"product-type-simple"},"shsp-ext":{"main":{},"variations":[]},"_links":{"self":[{"href":"https:\/\/www.ihmehalli.com\/fi\/wp-json\/wp\/v2\/product\/3812","targetHints":{"allow":["GET"]}}],"collection":[{"href":"https:\/\/www.ihmehalli.com\/fi\/wp-json\/wp\/v2\/product"}],"about":[{"href":"https:\/\/www.ihmehalli.com\/fi\/wp-json\/wp\/v2\/types\/product"}],"replies":[{"embeddable":true,"href":"https:\/\/www.ihmehalli.com\/fi\/wp-json\/wp\/v2\/comments?post=3812"}],"version-history":[{"count":0,"href":"https:\/\/www.ihmehalli.com\/fi\/wp-json\/wp\/v2\/product\/3812\/revisions"}],"wp:featuredmedia":[{"embeddable":true,"href":"https:\/\/www.ihmehalli.com\/fi\/wp-json\/wp\/v2\/media\/3799"}],"wp:attachment":[{"href":"https:\/\/www.ihmehalli.com\/fi\/wp-json\/wp\/v2\/media?parent=3812"}],"wp:term":[{"taxonomy":"product_brand","embeddable":true,"href":"https:\/\/www.ihmehalli.com\/fi\/wp-json\/wp\/v2\/product_brand?post=3812"},{"taxonomy":"product_cat","embeddable":true,"href":"https:\/\/www.ihmehalli.com\/fi\/wp-json\/wp\/v2\/product_cat?post=3812"},{"taxonomy":"product_tag","embeddable":true,"href":"https:\/\/www.ihmehalli.com\/fi\/wp-json\/wp\/v2\/product_tag?post=3812"}],"curies":[{"name":"wp","href":"https:\/\/api.w.org\/{rel}","templated":true}]}}