{"id":3839,"date":"2024-02-29T20:20:45","date_gmt":"2024-02-29T20:20:45","guid":{"rendered":"https:\/\/www.ihmehalli.com\/product\/emerald-elegance-lampunvarjostin\/"},"modified":"2024-03-24T17:21:29","modified_gmt":"2024-03-24T17:21:29","slug":"emerald-elegance-lampunvarjostin","status":"publish","type":"product","link":"https:\/\/www.ihmehalli.com\/fi\/tuote\/emerald-elegance-lampunvarjostin\/","title":{"rendered":"K\u00e4sin kudottu Sunbeam Macram\u00e9-riippuvalaisin"},"content":{"rendered":"<div class=\"boldgrid-section\">\n<div class=\"container\">\n<div class=\"row\">\n<div class=\"col-lg-12 col-md-12 col-xs-12 col-sm-12\">\n<h2><strong>Valaise k\u00e4sity\u00f6n\u00e4 tehdyll\u00e4 l\u00e4mm\u00f6ll\u00e4: Sunbeam Macram\u00e9-riippuvalaisin<\/strong><\/h2>\n<p class=\"\">Lis\u00e4\u00e4 kotiisi ripaus k\u00e4sity\u00f6l\u00e4isen eleganssia k\u00e4sinkudotulla Sunbeam Macram\u00e9-riippuvalaisimella. T\u00e4m\u00e4 luonnonkuiduista ja k\u00e4sinkudotusta suunnittelusta koostuva hieno valaisin s\u00e4teilee l\u00e4mp\u00f6\u00e4, joka muuttaa mink\u00e4 tahansa huoneen seesteiseksi vet\u00e4ytymispaikaksi. T\u00e4ss\u00e4 korkealaatuisesta puuvillasta ja langasta asiantuntevasti kudotussa riipusvalaisimessa on monimutkaisia kuvioita ja hapsut, jotka heijastavat huolellista huomiota yksityiskohtiin. Sen auringon s\u00e4vytt\u00e4m\u00e4 v\u00e4ripaletti tuo auringonnousun pehmeyden suoraan olohuoneeseesi.<\/p>\n<p class=\"\">Halkaisijaltaan 40 cm:n kokoinen ja narun pituus 20 cm, k\u00e4sinkudottu Sunbeam Macram\u00e9-riippuvalaisin sopii t\u00e4ydellisesti mihin tahansa ymp\u00e4rist\u00f6\u00f6n, niin suureen kuin pieneen. Makrameen huomattava koko ja tuntuva kauneus tekev\u00e4t siit\u00e4 keskeisen keskipisteen riippumatta siit\u00e4, onko se valaistu vai ei.<\/p>\n<h2 class=\"\"><strong>Mukautettavissa ainutlaatuiseen makuusi<\/strong><\/h2>\n<p class=\"\">T\u00e4m\u00e4n riippuvalaisimen jokainen osa, johdosta tupsuihin, voidaan mukauttaa sisustukseen sopivaksi. Riippumatta siit\u00e4, ripustatko sen lastenhuoneeseen, olohuoneeseen tai lukunurkkaukseen, se t\u00e4ydent\u00e4\u00e4 ja parantaa varmasti nykyist\u00e4 tyyli\u00e4si.<\/p>\n<h2><strong>Ihanteellinen lahja l\u00e4mpim\u00e4\u00e4n tervetuliaisuuteen<\/strong><\/h2>\n<p>Harkitse t\u00e4t\u00e4 riipusvalaisinta harkittavana ja ainutlaatuisena lahjana vauvakutsuille tai tupaantuliaislahjaksi. Sen monipuolisuutta ja vieh\u00e4tyst\u00e4 arvostetaan varmasti kaikissa kodeissa.<\/p>\n<h2><strong>Yksinkertainen asennus, ajaton vaikutus<\/strong><\/h2>\n<p class=\"\">K\u00e4sin kudotun Sunbeam Macram\u00e9-riippuvalaisimen asentaminen on yksinkertaista, ja sen kauneuden yll\u00e4pit\u00e4minen on yht\u00e4 helppoa. Sen kudotut yksityiskohdat pysyv\u00e4t raikkaina ja kutsuvina vain kevyell\u00e4 p\u00f6lyjen pyyhkimisell\u00e4.<\/p>\n<p class=\"\">Valitse k\u00e4sinkudottu Sunbeam Macram\u00e9-riippuvalaisin sen s\u00e4teilev\u00e4n l\u00e4mm\u00f6n ja r\u00e4\u00e4t\u00e4l\u00f6idyn k\u00e4sity\u00f6taidon vuoksi, ja se sopii t\u00e4ydellisesti luomaan rauhallisen ja viihtyis\u00e4n ilmapiirin rakkaaseen tilaan.<\/p>\n<h2 class=\"\"><strong>Henkil\u00f6kohtainen kosketus jokaisella rastilla<\/strong><\/h2>\n<p class=\"\">Jokaisen kappaleen ainutlaatuinen rakenne ei ole vain esteettisesti miellytt\u00e4v\u00e4 vaan my\u00f6s henkil\u00f6kohtaisesti vaikuttava. Kaikenlainen teksti, muodot, tekstuurit, v\u00e4rit ja mallit ovat toteutettavissa halusi mukaan napsauttamalla painiketta <span style=\"text-decoration: underline;\"><br \/>\n  <strong><a href=\"https:\/\/www.ihmehalli.com\/customization\/\" target=\"_blank\" rel=\"noopener\">t\u00e4st\u00e4<\/a>.<\/strong><br \/>\n<\/span><\/p>\n<h2 class=\"\"><strong>Suurtilaukset ja erikoistarjoukset<\/strong><\/h2>\n<p class=\"\">Oletko kiinnostunut useammasta kuin muutamasta? Tarjoamme erikoishintoja irtotilauksille. Ota yhteytt\u00e4 ja pyyd\u00e4 henkil\u00f6kohtainen tarjous, niin autamme sinua tekem\u00e4\u00e4n miellytt\u00e4v\u00e4mp\u00e4\u00e4 yhteisty\u00f6t\u00e4 alla olevan s\u00e4hk\u00f6postin v\u00e4lityksell\u00e4;<br \/>\ninfo@ihmehalli.com<\/p>\n<\/div>\n<\/div>\n<\/div>\n<\/div>\n","protected":false},"excerpt":{"rendered":"<p>T\u00e4yt\u00e4 tilasi l\u00e4mm\u00f6ll\u00e4 k\u00e4ytt\u00e4m\u00e4ll\u00e4 k\u00e4sinkudottua Sunbeam Macram\u00e9-riippuvalaisinta, k\u00e4sinkudottua mestariteosta, joka antaa kodikkaan hehkun, luo rauhoittavan ilmapiirin.<\/p>\n","protected":false},"featured_media":3960,"comment_status":"open","ping_status":"closed","template":"","meta":[],"product_brand":[],"product_cat":[156],"product_tag":[2853,2845,2847,2856,2846,2858,2852,2854,2849,2857,2848,2855,2844,2850,2851],"class_list":{"0":"post-3839","1":"product","2":"type-product","3":"status-publish","4":"has-post-thumbnail","6":"product_cat-valaistus","7":"product_tag-ainutlaatuinen-vauvan-huoneen-valo","8":"product_tag-artisan-lastenhuoneen-valo","9":"product_tag-boho-chic-valaistus","10":"product_tag-elegantti-kudottu-valaistus-pala","11":"product_tag-kasin-kudottu-kattovalaisin","12":"product_tag-kasin-kudottu-sunbeam-macrame-riippuvalaisin","13":"product_tag-kasintehty-makramee-valaistus","14":"product_tag-kutsuva-virkattu-lamppu","15":"product_tag-lammin-savyinen-lastenhuoneen-sisustus","16":"product_tag-luonnonkuituinen-kattovalaisin","17":"product_tag-pehmea-lanka-kattokruunu","18":"product_tag-rustiikkinen-lanka-riipusvalo","19":"product_tag-sunshine-makramee-riippuvalaisin","20":"product_tag-teksturoitu-neulottu-valonsuoja","21":"product_tag-viihtyisa-huoneen-valaistus","22":"product_shipping_class-valo","24":"first","25":"instock","26":"sale","27":"taxable","28":"shipping-taxable","29":"purchasable","30":"product-type-simple"},"shsp-ext":{"main":{},"variations":[]},"_links":{"self":[{"href":"https:\/\/www.ihmehalli.com\/fi\/wp-json\/wp\/v2\/product\/3839","targetHints":{"allow":["GET"]}}],"collection":[{"href":"https:\/\/www.ihmehalli.com\/fi\/wp-json\/wp\/v2\/product"}],"about":[{"href":"https:\/\/www.ihmehalli.com\/fi\/wp-json\/wp\/v2\/types\/product"}],"replies":[{"embeddable":true,"href":"https:\/\/www.ihmehalli.com\/fi\/wp-json\/wp\/v2\/comments?post=3839"}],"version-history":[{"count":0,"href":"https:\/\/www.ihmehalli.com\/fi\/wp-json\/wp\/v2\/product\/3839\/revisions"}],"wp:featuredmedia":[{"embeddable":true,"href":"https:\/\/www.ihmehalli.com\/fi\/wp-json\/wp\/v2\/media\/3960"}],"wp:attachment":[{"href":"https:\/\/www.ihmehalli.com\/fi\/wp-json\/wp\/v2\/media?parent=3839"}],"wp:term":[{"taxonomy":"product_brand","embeddable":true,"href":"https:\/\/www.ihmehalli.com\/fi\/wp-json\/wp\/v2\/product_brand?post=3839"},{"taxonomy":"product_cat","embeddable":true,"href":"https:\/\/www.ihmehalli.com\/fi\/wp-json\/wp\/v2\/product_cat?post=3839"},{"taxonomy":"product_tag","embeddable":true,"href":"https:\/\/www.ihmehalli.com\/fi\/wp-json\/wp\/v2\/product_tag?post=3839"}],"curies":[{"name":"wp","href":"https:\/\/api.w.org\/{rel}","templated":true}]}}