{"id":3847,"date":"2024-02-29T20:26:03","date_gmt":"2024-02-29T20:26:03","guid":{"rendered":"https:\/\/www.ihmehalli.com\/product\/minimalistinen-hehku\/"},"modified":"2024-03-24T18:20:17","modified_gmt":"2024-03-24T18:20:17","slug":"minimalistinen-hehku","status":"publish","type":"product","link":"https:\/\/www.ihmehalli.com\/fi\/tuote\/minimalistinen-hehku\/","title":{"rendered":"Classic Chic Glow Light-Twine &amp; Wood sisustus"},"content":{"rendered":"<div class=\"boldgrid-section\">\n<div class=\"container\">\n<div class=\"row\">\n<div class=\"col-lg-12 col-md-12 col-xs-12 col-sm-12\">\n<h2 class=\"\"><strong>Valaise k\u00e4sity\u00f6n\u00e4 tehdyll\u00e4 l\u00e4mm\u00f6ll\u00e4: Classic Chic Glow Light-Twine &amp; Wood -koristeen klassinen tyylik\u00e4s hehkuvalo<\/strong><\/h2>\n<p class=\"\">Tuo kotiisi seesteinen, hehkuva tunnelma Classic Chic Glow Light-Twine &amp; Wood -koristeella. T\u00e4ss\u00e4 valaisimessa yhdistyv\u00e4t kaksoisk\u00e4\u00e4rityn johdon raaka kauneus ja puukannattimen minimalistinen vieh\u00e4tysvoima, ja lopputuloksena on n\u00e4ytt\u00f6, joka s\u00e4teilee maalaismaista eleganssia.<\/p>\n<p class=\"\">Valaisimessa on k\u00e4sin k\u00e4\u00e4ritty langanjohto, joka tarjoaa visuaalisesti miellytt\u00e4v\u00e4n ja kosketeltavan rakenteen. T\u00e4m\u00e4 valaisin, johon on yhdistetty altistuneen lampun yksinkertaisuus, tuo l\u00e4mpim\u00e4n ja kutsuvan l\u00e4sn\u00e4olon mihin tahansa kodin nurkkaan.<\/p>\n<h2 class=\"\"><strong>Mukautettavissa ainutlaatuiseen makuusi<\/strong><\/h2>\n<p class=\"\">T\u00e4m\u00e4n riippuvalaisimen jokainen osa, johdosta tupsuihin, voidaan mukauttaa sisustukseen sopivaksi. Riippumatta siit\u00e4, ripustatko sen lastenhuoneeseen, olohuoneeseen tai lukunurkkaukseen, se t\u00e4ydent\u00e4\u00e4 ja parantaa varmasti nykyist\u00e4 tyyli\u00e4si.<\/p>\n<h2 class=\"\"><strong>Ihanteellinen lahja l\u00e4mpim\u00e4\u00e4n tervetuliaisuuteen<\/strong><\/h2>\n<p class=\"\">Harkitse t\u00e4t\u00e4 Classic Chic Glow Light-Twine &amp; Wood -koristetta huomaavaisena ja ainutlaatuisena lahjana vauvakutsuille tai tupaantuliaisiin. Sen monipuolisuutta ja vieh\u00e4tyst\u00e4 arvostetaan varmasti kaikissa kodeissa.<\/p>\n<h2 class=\"\"><strong>Yksinkertainen asennus, ajaton vaikutus<\/strong><\/h2>\n<p class=\"\">Classic Chic Glow Light-Twine &amp; Wood -koristeen asentaminen on yksinkertaista, ja sen kauneuden yll\u00e4pit\u00e4minen on yht\u00e4 helppoa. Sen kudotut yksityiskohdat pysyv\u00e4t raikkaina ja kutsuvina vain kevyell\u00e4 p\u00f6lyjen pyyhkimisell\u00e4.<\/p>\n<p class=\"\">Valitse Classic Chic Glow Light-Twine &amp; Wood -koriste sen s\u00e4teilev\u00e4n l\u00e4mm\u00f6n ja r\u00e4\u00e4t\u00e4l\u00f6idyn k\u00e4sity\u00f6taidon vuoksi, sill\u00e4 se sopii t\u00e4ydellisesti rauhallisen ja viihtyis\u00e4n ilmapiirin luomiseen rakkaaseen tilaan.<\/p>\n<h2 class=\"\"><strong>Henkil\u00f6kohtainen kosketus jokaisella rastilla<\/strong><\/h2>\n<p class=\"\">Jokaisen kappaleen ainutlaatuinen rakenne ei ole vain esteettisesti miellytt\u00e4v\u00e4 vaan my\u00f6s henkil\u00f6kohtaisesti vaikuttava. Kaikenlainen teksti, muodot, tekstuurit, v\u00e4rit ja mallit ovat toteutettavissa halusi mukaan napsauttamalla painiketta <span style=\"text-decoration: underline;\"><br \/>\n  <strong><a href=\"https:\/\/www.ihmehalli.com\/customization\/\" target=\"_blank\" rel=\"noopener\">t\u00e4st\u00e4<\/a>.<\/strong><br \/>\n<\/span><\/p>\n<h2 class=\"\"><strong>Suurtilaukset ja erikoistarjoukset<\/strong><\/h2>\n<p class=\"\">Oletko kiinnostunut useammasta kuin muutamasta? Tarjoamme erikoishintoja irtotilauksille. Ota yhteytt\u00e4 ja pyyd\u00e4 henkil\u00f6kohtainen tarjous, niin autamme sinua tekem\u00e4\u00e4n miellytt\u00e4v\u00e4mp\u00e4\u00e4 yhteisty\u00f6t\u00e4 alla olevan s\u00e4hk\u00f6postin v\u00e4lityksell\u00e4;<br \/>\ninfo@ihmehalli.com<\/p>\n<\/div>\n<\/div>\n<\/div>\n<\/div>\n","protected":false},"excerpt":{"rendered":"<p>Paranna mit\u00e4 tahansa tilaa Classic Chic Glow Light-Twine &amp; Wood -koristeella, jossa yhdistyv\u00e4t maalaismainen vieh\u00e4tys ja yksinkertaisuus tyylikk\u00e4\u00e4ll\u00e4 puukannattimella ja l\u00e4mpim\u00e4ll\u00e4 lampun hehkulla.<\/p>\n","protected":false},"featured_media":3954,"comment_status":"open","ping_status":"closed","template":"","meta":[],"product_brand":[],"product_cat":[156],"product_tag":[2911,2904,2903,2914,2908,2916,2913,2905,2907,2906,2915,2909,2910,2912],"class_list":{"0":"post-3847","1":"product","2":"type-product","3":"status-publish","4":"has-post-thumbnail","6":"product_cat-valaistus","7":"product_tag-artisan-twine-valaisin","8":"product_tag-boheemi-riipusvalaisin","9":"product_tag-classic-rustic-twine-kaaritty-riippuvalaisin","10":"product_tag-homespun-twine-valaistus","11":"product_tag-kasintehty-juutti-valo","12":"product_tag-kestava-kodin-valaistus","13":"product_tag-lammin-hehku-kattovalaisin","14":"product_tag-luonnollinen-koysi-valaistus","15":"product_tag-maa-tyylikas-sisustus","16":"product_tag-minimalistinen-edison-lamppuvalaisin","17":"product_tag-rento-elegance-light-decor","18":"product_tag-vintage-tyylinen-sipuli-langalla","19":"product_tag-yksinkertainen-koysi-roikkuu-valo","20":"product_tag-ymparistoystavallinen-valaisin","21":"product_shipping_class-valo","23":"first","24":"instock","25":"sale","26":"taxable","27":"shipping-taxable","28":"purchasable","29":"product-type-simple"},"shsp-ext":{"main":{},"variations":[]},"_links":{"self":[{"href":"https:\/\/www.ihmehalli.com\/fi\/wp-json\/wp\/v2\/product\/3847","targetHints":{"allow":["GET"]}}],"collection":[{"href":"https:\/\/www.ihmehalli.com\/fi\/wp-json\/wp\/v2\/product"}],"about":[{"href":"https:\/\/www.ihmehalli.com\/fi\/wp-json\/wp\/v2\/types\/product"}],"replies":[{"embeddable":true,"href":"https:\/\/www.ihmehalli.com\/fi\/wp-json\/wp\/v2\/comments?post=3847"}],"version-history":[{"count":0,"href":"https:\/\/www.ihmehalli.com\/fi\/wp-json\/wp\/v2\/product\/3847\/revisions"}],"wp:featuredmedia":[{"embeddable":true,"href":"https:\/\/www.ihmehalli.com\/fi\/wp-json\/wp\/v2\/media\/3954"}],"wp:attachment":[{"href":"https:\/\/www.ihmehalli.com\/fi\/wp-json\/wp\/v2\/media?parent=3847"}],"wp:term":[{"taxonomy":"product_brand","embeddable":true,"href":"https:\/\/www.ihmehalli.com\/fi\/wp-json\/wp\/v2\/product_brand?post=3847"},{"taxonomy":"product_cat","embeddable":true,"href":"https:\/\/www.ihmehalli.com\/fi\/wp-json\/wp\/v2\/product_cat?post=3847"},{"taxonomy":"product_tag","embeddable":true,"href":"https:\/\/www.ihmehalli.com\/fi\/wp-json\/wp\/v2\/product_tag?post=3847"}],"curies":[{"name":"wp","href":"https:\/\/api.w.org\/{rel}","templated":true}]}}