{"id":4059,"date":"2024-03-02T19:00:19","date_gmt":"2024-03-02T19:00:19","guid":{"rendered":"https:\/\/www.ihmehalli.com\/product\/sisaruus-jousissa\/"},"modified":"2024-03-22T18:55:58","modified_gmt":"2024-03-22T18:55:58","slug":"sisaruus-jousissa","status":"publish","type":"product","link":"https:\/\/www.ihmehalli.com\/fi\/tuote\/sisaruus-jousissa\/","title":{"rendered":"Hupaisa Duo Makramee Art -Vibrantti sein\u00e4koristeilu"},"content":{"rendered":"<div class=\"boldgrid-section\">\n<div class=\"container\">\n<div class=\"row\">\n<div class=\"col-lg-12 col-md-12 col-xs-12 col-sm-12\">\n<h2 class=\"\"><strong>Korosta sisustustasi Whimsical Duo Macram\u00e9 Art -Vibrant Wall Decor -sein\u00e4koristeella<\/strong><\/h2>\n<p class=\"\">Paranna tilojasi eloisalla Whimsical Duo Macram\u00e9 Art -Vibrant Wall Decor -sein\u00e4koristeella. T\u00e4m\u00e4 el\u00e4v\u00e4inen kehystetty teos tuo v\u00e4ri\u00e4 ja leikkis\u00e4n kosketuksen mille tahansa sein\u00e4lle, ja sen koko on 25 * 18 cm, ja se esittelee makrameetaidetta raikkaalla, nykyaikaisella tyylill\u00e4. T\u00e4ss\u00e4 makramee-kuosissa on kaksi hahmoa, jotka on koristeltu eloisan v\u00e4risill\u00e4 langoilla. Niiden monimutkaiset rakenteet ja iloiset s\u00e4vyt tuovat sisustukseen el\u00e4m\u00e4\u00e4 ja luonnetta.<\/p>\n<h2 class=\"\"><strong>Valmistettu harmoniaa ja tyyli\u00e4 varten<\/strong><\/h2>\n<p class=\"\">T\u00e4m\u00e4 Whimsical Duo Macram\u00e9 Art -Vibrant Wall Decor -sein\u00e4koriste, jossa jokainen lanka on solmittu asiantuntevasti, vangitsee suunnittelussaan rauhallisuuden olemuksen. Kermamaiset, pehme\u00e4t s\u00e4ikeet on j\u00e4rjestetty niin, ett\u00e4 ne inspiroivat rauhaa ja tarjoavat lempe\u00e4n, taiteellisen kannanoton olohuoneeseesi.<\/p>\n<h2 class=\"\"><strong>Monipuolinen ja el\u00e4v\u00e4inen detaljointi<\/strong><\/h2>\n<p class=\"\">T\u00e4m\u00e4 enkelim\u00e4inen makrameetaide sopii vaivattomasti mihin tahansa sisustukseen, sill\u00e4 sen neutraalit s\u00e4vyt ja rikas rakenne t\u00e4ydent\u00e4v\u00e4t erilaisia tyylej\u00e4. Sen selke\u00e4 l\u00e4sn\u00e4olo muodostaa rauhoittavan keskipisteen, joka rikastuttaa huonetta yksinkertaisuudellaan ja vieh\u00e4tyksell\u00e4\u00e4n.<\/p>\n<h2 class=\"\"><strong>Mukautettavissa ainutlaatuiseen tilaan<\/strong><\/h2>\n<p class=\"\">Mukautettavat vaihtoehtomme takaavat, ett\u00e4 t\u00e4m\u00e4 makrameetaideteos sopii t\u00e4ydellisesti sisustukseesi. Valitse eri s\u00e4vyist\u00e4 ja kehystyyleist\u00e4, jotta voit luoda persoonallisen sein\u00e4koristeen, joka vastaa makuasi. Kaikenlainen teksti, muodot, tekstuurit, v\u00e4rit ja mallit ovat toteutettavissa halusi mukaan napsauttamalla painiketta <span style=\"text-decoration: underline;\"><br \/>\n  <strong><a href=\"https:\/\/www.ihmehalli.com\/customization\/\" target=\"_blank\" rel=\"noopener\">t\u00e4st\u00e4<\/a>.<\/strong><br \/>\n<\/span><\/p>\n<h2 class=\"\"><strong>Yksinkertainen eleganssi, helppo n\u00e4ytt\u00f6<\/strong><\/h2>\n<p class=\"\">Ripusta t\u00e4m\u00e4 enkelim\u00e4inen teos helposti ja anna sen hillityn kauneuden tehd\u00e4 syv\u00e4llinen lausunto. Makramee-malli leikittelee varjoilla ja valolla ja luo kiehtovan visuaalisen vaikutelman joka kulmasta.<\/p>\n<h2 class=\"\"><strong>Eksklusiivisia tarjouksia irtotilauksista<\/strong><\/h2>\n<p class=\"\">Etsitk\u00f6 useiden tilojen sisustamista? Tarjoamme erikoisalennuksia irtotavaran ostoista. Ota yhteytt\u00e4 meihin osoitteessa <a target=\"_new\" rel=\"noopener\">info@ihmehalli.com<\/a> saadaksesi r\u00e4\u00e4t\u00e4l\u00f6idyn tarjouksen, joka sopii irtotavaran ostotarpeisiisi.<\/p>\n<h2 class=\"\"><strong>Hoito kest\u00e4v\u00e4st\u00e4 armosta<\/strong><\/h2>\n<p class=\"\">S\u00e4ilyt\u00e4 makrameetaiteesi herkk\u00e4 kauneus hell\u00e4varaisella puhdistuksella ja varmista, ett\u00e4 se s\u00e4ilyy kotisi rauhallisuuden pysyv\u00e4n\u00e4 symbolina.<\/p>\n<p>&nbsp;<\/p>\n<\/div>\n<\/div>\n<\/div>\n<\/div>\n","protected":false},"excerpt":{"rendered":"<p>Virkist\u00e4 sein\u00e4si v\u00e4litt\u00f6m\u00e4sti Whimsical Duo Macram\u00e9 Art -Vibrant Wall Decor -sein\u00e4koristeella, joka tarjoaa v\u00e4rin ja vieh\u00e4tyksen tyylikk\u00e4\u00e4ss\u00e4, kehystetyss\u00e4 muotoilussa, jonka koko on 25 * 18.<\/p>\n","protected":false},"featured_media":4055,"comment_status":"open","ping_status":"closed","template":"","meta":[],"product_brand":[],"product_cat":[152],"product_tag":[2226,2219,2224,2215,2227,2221,2217,2222,2220,2223,2225,2214,2218,2216,2228],"class_list":{"0":"post-4059","1":"product","2":"type-product","3":"status-publish","4":"has-post-thumbnail","6":"product_cat-3d-seinakoristeet-ja-kehykset","7":"product_tag-ainutlaatuinen-makramee-seinapala","8":"product_tag-boho-chic-makramee","9":"product_tag-contemporary-lanka-sisustus","10":"product_tag-eloisa-seina-sisustus","11":"product_tag-iloinen-kuvioitu-taide","12":"product_tag-iloinen-seinavaatekangas","13":"product_tag-kasin-kudotut-tekstiilihahmot","14":"product_tag-kirkkaan-sininen-ja-harmaa-makramee","15":"product_tag-koristeellinen-kudottu-muotokuva","16":"product_tag-leikkisa-lanka-art","17":"product_tag-luova-fiber-wall-accent","18":"product_tag-omituinen-duo-makrameetaide","19":"product_tag-taiteellinen-seinalle-ripustettu","20":"product_tag-varikas-fiber-taideteos","21":"product_tag-viehattavat-makramee-sisaret","23":"first","24":"instock","25":"sale","26":"taxable","27":"shipping-taxable","28":"purchasable","29":"product-type-simple"},"shsp-ext":{"main":{},"variations":[]},"_links":{"self":[{"href":"https:\/\/www.ihmehalli.com\/fi\/wp-json\/wp\/v2\/product\/4059","targetHints":{"allow":["GET"]}}],"collection":[{"href":"https:\/\/www.ihmehalli.com\/fi\/wp-json\/wp\/v2\/product"}],"about":[{"href":"https:\/\/www.ihmehalli.com\/fi\/wp-json\/wp\/v2\/types\/product"}],"replies":[{"embeddable":true,"href":"https:\/\/www.ihmehalli.com\/fi\/wp-json\/wp\/v2\/comments?post=4059"}],"version-history":[{"count":0,"href":"https:\/\/www.ihmehalli.com\/fi\/wp-json\/wp\/v2\/product\/4059\/revisions"}],"wp:featuredmedia":[{"embeddable":true,"href":"https:\/\/www.ihmehalli.com\/fi\/wp-json\/wp\/v2\/media\/4055"}],"wp:attachment":[{"href":"https:\/\/www.ihmehalli.com\/fi\/wp-json\/wp\/v2\/media?parent=4059"}],"wp:term":[{"taxonomy":"product_brand","embeddable":true,"href":"https:\/\/www.ihmehalli.com\/fi\/wp-json\/wp\/v2\/product_brand?post=4059"},{"taxonomy":"product_cat","embeddable":true,"href":"https:\/\/www.ihmehalli.com\/fi\/wp-json\/wp\/v2\/product_cat?post=4059"},{"taxonomy":"product_tag","embeddable":true,"href":"https:\/\/www.ihmehalli.com\/fi\/wp-json\/wp\/v2\/product_tag?post=4059"}],"curies":[{"name":"wp","href":"https:\/\/api.w.org\/{rel}","templated":true}]}}