{"id":4066,"date":"2024-03-02T19:26:47","date_gmt":"2024-03-02T19:26:47","guid":{"rendered":"https:\/\/www.ihmehalli.com\/product\/testi\/"},"modified":"2024-03-14T21:42:19","modified_gmt":"2024-03-14T21:42:19","slug":"testi","status":"publish","type":"product","link":"https:\/\/www.ihmehalli.com\/fi\/tuote\/testi\/","title":{"rendered":"Heirloom Blush Neulottu sohva Comfort"},"content":{"rendered":"<div class=\"boldgrid-section\">\n<div class=\"container\">\n<div class=\"row\">\n<div class=\"col-lg-12 col-md-12 col-xs-12 col-sm-12\">\n<h2 class=\"\"><strong>Heirloom Blush Knit -sohvan Comfort paljastaminen: Homespun Masterpiece<\/strong><\/h2>\n<p class=\"\">Uppoudu menneiden vuosien ylelliseen l\u00e4mp\u00f6\u00f6n Heirloom Blush Knit -sohvalla Comfort. T\u00e4m\u00e4 170*140 cm:n kokoinen ja noin 1,5 kg:n painoinen huivi on k\u00e4sity\u00f6n\u00e4 valmistettu, ja se on kotisi ylellinen koriste ja mukavuuden kaapu.<br \/>\nSen herkk\u00e4 punertava s\u00e4vy ja taidokkaat neuloskuviot ylpeilev\u00e4t monimutkaisuudella ja eleganssilla, jotka heijastavat barokkitaiteen loistoa ja tuovat rikkaan ja ylellisen estetiikan mihin tahansa tilaan. T\u00e4m\u00e4 huivi ei ole pelk\u00e4st\u00e4\u00e4n l\u00e4mmitt\u00e4v\u00e4 k\u00e4ytt\u00f6esine; se on kunnianosoitus ylt\u00e4kyll\u00e4iselle menneisyydelle, joka muuttaa mink\u00e4 tahansa nurkan aristokraattisen vieh\u00e4tyksen ja ajattoman kauneuden valtakunnaksi.<\/p>\n<h2 class=\"\"><strong>K\u00e4sintehty\u00e4 eleganssia jokaisessa kuidussa<\/strong><\/h2>\n<p class=\"\">Heirloom Blush Knit -sohva Comfort ylitt\u00e4\u00e4 tavallisen k\u00e4sity\u00f6taitonsa ansiosta. Alkuper\u00e4isest\u00e4 suunnittelusta viimeiseen ompeleeseen, k\u00e4sity\u00f6l\u00e4isemme valavat syd\u00e4mens\u00e4 ja sielunsa jokaiseen kappaleeseen, varmistaen, ett\u00e4 jokainen huivi ei ole vain tuote vaan henkil\u00f6kohtainen taideteos.<\/p>\n<h2 class=\"\"><strong>R\u00e4\u00e4t\u00e4l\u00f6intimahdollisuus &#8211; Lis\u00e4\u00e4 henkil\u00f6kohtainen kosketuksesi<\/strong><\/h2>\n<p class=\"\">Tunnustamme, ett\u00e4 jokaisella yksil\u00f6ll\u00e4 on ainutlaatuinen tyyli, joten tarjoamme r\u00e4\u00e4t\u00e4l\u00f6intivaihtoehtoja t\u00e4h\u00e4n kynttil\u00e4sarjaan. Valitse v\u00e4ri ja muoto, joka sopii tilasi kanssa yhteen klikkaamalla&nbsp;<span style=\"text-decoration: underline;\"><strong><a href=\"https:\/\/www.ihmehalli.com\/customization\/\" target=\"_blank\" rel=\"noopener\">t\u00e4\u00e4ll\u00e4<\/a>.<\/strong><\/span><\/p>\n<h2 class=\"\"><strong>T\u00e4ydellinen kokouksiin ja lahjoihin<\/strong><\/h2>\n<p class=\"\">Huivimme sopii vaivattomasti mihin tahansa ymp\u00e4rist\u00f6\u00f6n, olipa kyse sitten tyylikk\u00e4\u00e4n lis\u00e4kerroksen lis\u00e4\u00e4misest\u00e4 oleskelutilaasi tai seurasta viile\u00e4mpin\u00e4 kuukausina. Se on suunniteltu henkil\u00f6kohtaiseen hemmotteluun ja huomaavaiseksi, hienoksi lahjaksi.<\/p>\n<h2 class=\"\"><strong>Suurtilaukset ja erikoistarjoukset<\/strong><\/h2>\n<p class=\"\">Tarjoamme erikoishintoja irtotavarana ostettavista tuotteista niille, jotka haluavat tuoda mukavuutta jokaiseen nurkkaan. Ota yhteytt\u00e4 ja pyyd\u00e4 r\u00e4\u00e4t\u00e4l\u00f6ity tarjous ja koe saumaton yhteisty\u00f6 osoitteessa info@ihmehalli.com.<\/p>\n<h2 class=\"\"><strong>Toimitus- ja tuotantoaikataulu<\/strong><\/h2>\n<p class=\"\">Jokainen huivi on k\u00e4sin neulottu huolella ja omistautuneesti. Pyrimme huippuosaamiseen, mik\u00e4 vaatii joskus ylim\u00e4\u00e4r\u00e4ist\u00e4 aikaa. Varaa enint\u00e4\u00e4n 1 kuukausi tuotantoon ja toimitukseen, jos valintasi ei ole t\u00e4ll\u00e4 hetkell\u00e4 varastossa. Pid\u00e4mme sinut ajan tasalla s\u00e4hk\u00f6postitse varmistaaksemme, ett\u00e4 odotus lis\u00e4\u00e4 huivisi vastaanottamisen iloa.<\/p>\n<h2><strong>Sitoutuminen aitouteen digitaaliaikana<\/strong><\/h2>\n<p class=\"\">K\u00e4sintehtyjen tuotteiden laatu on erityinen, mik\u00e4 voi aiheuttaa pieni\u00e4 ulkon\u00e4k\u00f6eroja. Vaikka teemme kaikkemme n\u00e4ytt\u00e4\u00e4ksemme huivimme tarkasti verkossa, monitorien v\u00e4liset erot voivat aiheuttaa pieni\u00e4 poikkeamia. Takaamme kuitenkin, ett\u00e4 huiviemme henkil\u00f6kohtainen vieh\u00e4tysvoima ihastuttaa sinua.<\/p>\n<h2 class=\"\"><strong>Hoito- ja pitk\u00e4ik\u00e4isyysohjeet<\/strong><\/h2>\n<ul class=\"\">\n<li>Pese kylm\u00e4ll\u00e4 vedell\u00e4 noin 15 minuuttia, jotta kankaan pehmeys ja s\u00e4vy s\u00e4ilyv\u00e4t.<\/li>\n<li>Kuivaa tasaisesti, jotta huivi s\u00e4ilyy muodoltaan ja rakenteeltaan.<\/li>\n<li>S\u00e4ilyt\u00e4 poissa suorista l\u00e4mm\u00f6nl\u00e4hteist\u00e4 laadun s\u00e4ilymisen varmistamiseksi.<\/li>\n<\/ul>\n<\/div>\n<\/div>\n<\/div>\n<\/div>\n","protected":false},"excerpt":{"rendered":"<p>K\u00e4\u00e4riydy Heirloom Blush Knit -sohvan tyylikk\u00e4\u00e4seen mukavuuteen. T\u00e4m\u00e4 akryylihuivin mestariteos ilment\u00e4\u00e4 perinteiden l\u00e4mp\u00f6\u00e4 ylellisell\u00e4 kosketuksella.<\/p>\n","protected":false},"featured_media":4152,"comment_status":"open","ping_status":"closed","template":"","meta":[],"product_brand":[],"product_cat":[171],"product_tag":[688,698,692,699,690,695,703,702,700,687,689,696,691,694,701,697,693],"class_list":{"0":"post-4066","1":"product","2":"type-product","3":"status-publish","4":"has-post-thumbnail","6":"product_cat-sohvapeitto","7":"product_tag-akryyli-sohva-heittaa","8":"product_tag-barokin-inspiroimia-neuleita","9":"product_tag-blush-vaaleanpunainen-heittaa","10":"product_tag-crafted-with-care-heittoja","11":"product_tag-custom-knit-comfort-fi","12":"product_tag-elegantti-neuloa-kuvioita","13":"product_tag-exclusive-living-essentials-fi","14":"product_tag-henkilokohtainen-neulottu-lahja","15":"product_tag-hienostunut-olohuoneen-aksentti","16":"product_tag-kasintehty-neulottu-huivi","17":"product_tag-kasityona-valmistettu-peitto","18":"product_tag-kodikas-sisustus","19":"product_tag-perintokukka-laatu-huivi","20":"product_tag-raataloidyt-sohvan-lisavarusteet","21":"product_tag-suunnittelija-neulottu-huopa","22":"product_tag-vintage-tyyli-huivi","23":"product_tag-ylellinen-kodin-tekstiilit","24":"product_shipping_class-valo","26":"first","27":"instock","28":"sale","29":"taxable","30":"shipping-taxable","31":"purchasable","32":"product-type-simple"},"shsp-ext":{"main":{},"variations":[]},"_links":{"self":[{"href":"https:\/\/www.ihmehalli.com\/fi\/wp-json\/wp\/v2\/product\/4066","targetHints":{"allow":["GET"]}}],"collection":[{"href":"https:\/\/www.ihmehalli.com\/fi\/wp-json\/wp\/v2\/product"}],"about":[{"href":"https:\/\/www.ihmehalli.com\/fi\/wp-json\/wp\/v2\/types\/product"}],"replies":[{"embeddable":true,"href":"https:\/\/www.ihmehalli.com\/fi\/wp-json\/wp\/v2\/comments?post=4066"}],"version-history":[{"count":0,"href":"https:\/\/www.ihmehalli.com\/fi\/wp-json\/wp\/v2\/product\/4066\/revisions"}],"wp:featuredmedia":[{"embeddable":true,"href":"https:\/\/www.ihmehalli.com\/fi\/wp-json\/wp\/v2\/media\/4152"}],"wp:attachment":[{"href":"https:\/\/www.ihmehalli.com\/fi\/wp-json\/wp\/v2\/media?parent=4066"}],"wp:term":[{"taxonomy":"product_brand","embeddable":true,"href":"https:\/\/www.ihmehalli.com\/fi\/wp-json\/wp\/v2\/product_brand?post=4066"},{"taxonomy":"product_cat","embeddable":true,"href":"https:\/\/www.ihmehalli.com\/fi\/wp-json\/wp\/v2\/product_cat?post=4066"},{"taxonomy":"product_tag","embeddable":true,"href":"https:\/\/www.ihmehalli.com\/fi\/wp-json\/wp\/v2\/product_tag?post=4066"}],"curies":[{"name":"wp","href":"https:\/\/api.w.org\/{rel}","templated":true}]}}