{"id":4122,"date":"2024-03-03T12:22:16","date_gmt":"2024-03-03T12:22:16","guid":{"rendered":"https:\/\/www.ihmehalli.com\/product\/boheemi-eleganssi-tyyny\/"},"modified":"2024-03-16T13:24:21","modified_gmt":"2024-03-16T13:24:21","slug":"boheemi-eleganssi-tyyny","status":"publish","type":"product","link":"https:\/\/www.ihmehalli.com\/fi\/tuote\/boheemi-eleganssi-tyyny\/","title":{"rendered":"Nomadic Retreat puuvilla Pouf"},"content":{"rendered":"<div class=\"boldgrid-section\">\n<div class=\"container\">\n<div class=\"row\">\n<div class=\"col-lg-12 col-md-12 col-xs-12 col-sm-12\">\n<h2 class=\"\"><strong>Nomadic Retreat Cotton Pouf -mestariteoksen paljastaminen<\/strong><\/h2>\n<p class=\"\">L\u00f6yd\u00e4 turvapaikka Nomadic Retreat Cotton Poufista, jossa perinteinen k\u00e4sity\u00f6taito kohtaa modernin el\u00e4m\u00e4ntavan. T\u00e4m\u00e4 k\u00e4sintehty aarre on kudottu hienoimmasta 100 % paksusta puuvillasta, ja sen 60&#215;60 cm:n pinta tarjoaa runsaasti tilaa lev\u00e4t\u00e4, ja sen 30 cm:n korkeus on suunniteltu tarjoamaan t\u00e4ydellinen istuin tai jakkara. Sen pehmoisen muodon sis\u00e4ll\u00e4 on suuri m\u00e4\u00e4r\u00e4 synteettist\u00e4 kuitut\u00e4ytett\u00e4, joka lupaa sek\u00e4 mukavuutta ett\u00e4 joustavuutta.<\/p>\n<h2 class=\"\"><strong>Tyylin ja mukavuuden harmoninen sekoitus<\/strong><\/h2>\n<p class=\"\">Jokaisessa ottomaanissa on geometrinen kuvio, joka vet\u00e4\u00e4 katseet puoleensa ja tuo kotiisi kiinnostavuutta ja ripauksen nomadista estetiikkaa. Tupsut ja kuvioidut yksityiskohdat reunustavat sivuja, mik\u00e4 lis\u00e4\u00e4 sen k\u00e4sintehty\u00e4 charmia ja kutsuvaa kosketusta.<\/p>\n<h2 class=\"\"><strong>K\u00e4sintehty laatu, jonka voit tuntea<\/strong><\/h2>\n<p class=\"\">Jokainen pouf on osoitus k\u00e4sity\u00f6l\u00e4istemme taidoista, ja se tuo esiin k\u00e4sintehtyjen tuotteiden kauneuden. Paksu puuvillakangas tarjoaa pehme\u00e4n, aistikkaan kokemuksen ja on samalla riitt\u00e4v\u00e4n kest\u00e4v\u00e4 p\u00e4ivitt\u00e4iseen k\u00e4ytt\u00f6\u00f6n. K\u00e4yt\u00e4tp\u00e4 sit\u00e4 sitten jalkatukena, rentona istuimena tai koristeellisena lis\u00e4varusteena, t\u00e4m\u00e4 puff on suunniteltu sopimaan saumattomasti el\u00e4m\u00e4ntyyliisi.<\/p>\n<h2 class=\"\"><strong>Monipuolinen muotoilu<\/strong><\/h2>\n<p class=\"\">Neutraali v\u00e4ripaletti sopii t\u00e4ydellisesti mihin tahansa sisustukseen minimalistisesta boheemiin. Se voidaan sijoittaa olohuoneeseen, makuuhuoneeseen tai lukunurkkaukseen, ja se tuo tilaan lis\u00e4\u00e4 tekstuuria ja mukavuutta.<\/p>\n<h2 class=\"\"><strong>Suunniteltu jokaiseen kotiin<\/strong><\/h2>\n<p class=\"\">Juhlimme jokaisen asiakkaan ainutlaatuisia mieltymyksi\u00e4. Ota vastaan mittojesi ja esteettisten toiveidesi mukaan r\u00e4\u00e4t\u00e4l\u00f6ity tuote. Omistautumisemme k\u00e4sity\u00f6taidolle takaa tuotteen, joka ei vain t\u00e4yt\u00e4 vaan ylitt\u00e4\u00e4 odotuksesi k\u00e4sity\u00f6n\u00e4 valmistetusta sisustuksesta. Tunnustamme, ett\u00e4 jokaisella yksil\u00f6ll\u00e4 on ainutlaatuinen tyyli, joten tarjoamme r\u00e4\u00e4t\u00e4l\u00f6intivaihtoehtoja t\u00e4h\u00e4n kynttil\u00e4sarjaan. Valitse v\u00e4ri ja muoto, joka sopii tilasi kanssa yhteen klikkaamalla&nbsp;<span style=\"text-decoration: underline;\"><strong><a href=\"https:\/\/www.ihmehalli.com\/customization\/\" target=\"_blank\" rel=\"noopener\">t\u00e4\u00e4ll\u00e4<\/a>.<br \/>\n<\/strong><\/span><\/p>\n<h2><strong>Suurtilaukset ja erikoistarjoukset<\/strong><\/h2>\n<p class=\"\">Tarjoamme erikoishintoja irtotavarana ostettavista tuotteista niille, jotka haluavat tuoda mukavuutta jokaiseen nurkkaan. Ota yhteytt\u00e4 ja pyyd\u00e4 r\u00e4\u00e4t\u00e4l\u00f6ity tarjous ja koe saumaton yhteisty\u00f6 osoitteessa info@ihmehalli.com.<\/p>\n<h2 class=\"\"><strong>Sitoutuminen aitouteen digitaaliaikana<\/strong><\/h2>\n<p class=\"\">K\u00e4sintehtyjen tuotteiden laatu on erityinen, mik\u00e4 voi aiheuttaa pieni\u00e4 ulkon\u00e4k\u00f6eroja. Vaikka teemme kaikkemme n\u00e4ytt\u00e4\u00e4ksemme huivimme tarkasti verkossa, monitorien v\u00e4liset erot voivat aiheuttaa pieni\u00e4 poikkeamia. Takaamme kuitenkin, ett\u00e4 huiviemme henkil\u00f6kohtainen vieh\u00e4tysvoima ihastuttaa sinua.<\/p>\n<h2 class=\"\"><strong>Hoito- ja pitk\u00e4ik\u00e4isyysohjeet<\/strong><\/h2>\n<p>On eritt\u00e4in t\u00e4rke\u00e4\u00e4 v\u00e4ltt\u00e4\u00e4 pufin upottamista veteen. Synteettist\u00e4 kuitut\u00e4ytett\u00e4 ei ole suunniteltu kest\u00e4m\u00e4\u00e4n kyll\u00e4stymist\u00e4, ja se voi menett\u00e4\u00e4 muotonsa tai homehtua, jos sit\u00e4 ei kuivateta asianmukaisesti.<\/p>\n<p>Paksun puuvillakankaan ja synteettisen kuitut\u00e4ytteen ansiosta paikalla tapahtuva puhdistus on turvallisin tapa k\u00e4sitell\u00e4 vuotoja tai tahroja. Puhdista vaurioitunut alue varovasti kostealla liinalla ja miedolla pesuaineella. V\u00e4lt\u00e4 voimakkaita kemikaaleja, sill\u00e4 ne voivat vahingoittaa kangasta ja aiheuttaa v\u00e4rimuutoksia.<\/p>\n<\/div>\n<\/div>\n<\/div>\n<\/div>\n","protected":false},"excerpt":{"rendered":"<p>Nomadic Retreat Cotton Pouf:Comfort Ottoman, 60&#215;60 cm ja 30 cm korkea, on k\u00e4sintehty turvapaikka, joka on kudottu puhtaasta puuvillasta seesteiseen ja tyylikk\u00e4\u00e4seen geometriseen lepoon.<\/p>\n","protected":false},"featured_media":4090,"comment_status":"open","ping_status":"closed","template":"","meta":[],"product_brand":[],"product_cat":[159],"product_tag":[1324,1322,1318,1314,1326,1316,1317,1285,1323,1320,1315,1321,1313,1325,1319],"class_list":{"0":"post-4122","1":"product","2":"type-product","3":"status-publish","4":"has-post-thumbnail","6":"product_cat-rahit","7":"product_tag-boho-chic-kodin-lisavaruste","8":"product_tag-custom-puuvilla-pouf","9":"product_tag-geometrian-inspiroima-sisustus","10":"product_tag-geometrinen-puffi","11":"product_tag-heimomuotoiluinen-ottomaani","12":"product_tag-istuimet-boheemityyliin","13":"product_tag-kasintehty-nomadinen-puff","14":"product_tag-kasityona-valmistettu-puuvillainen-puff","15":"product_tag-koristeellinen-kuviollinen-puff","16":"product_tag-monipuolinen-puuvillainen-puff","17":"product_tag-mukava-puuvillainen-ottomaani","18":"product_tag-nelion-muotoinen-puuvillainen-lattiatyyny","19":"product_tag-nomadic-puuvillainen-puff","20":"product_tag-pehmea-kangas-puff","21":"product_tag-pehmea-kuvioitu-jalkatuki","22":"product_shipping_class-haevy-fi","24":"first","25":"instock","26":"sale","27":"taxable","28":"shipping-taxable","29":"purchasable","30":"product-type-simple"},"shsp-ext":{"main":{},"variations":[]},"_links":{"self":[{"href":"https:\/\/www.ihmehalli.com\/fi\/wp-json\/wp\/v2\/product\/4122","targetHints":{"allow":["GET"]}}],"collection":[{"href":"https:\/\/www.ihmehalli.com\/fi\/wp-json\/wp\/v2\/product"}],"about":[{"href":"https:\/\/www.ihmehalli.com\/fi\/wp-json\/wp\/v2\/types\/product"}],"replies":[{"embeddable":true,"href":"https:\/\/www.ihmehalli.com\/fi\/wp-json\/wp\/v2\/comments?post=4122"}],"version-history":[{"count":0,"href":"https:\/\/www.ihmehalli.com\/fi\/wp-json\/wp\/v2\/product\/4122\/revisions"}],"wp:featuredmedia":[{"embeddable":true,"href":"https:\/\/www.ihmehalli.com\/fi\/wp-json\/wp\/v2\/media\/4090"}],"wp:attachment":[{"href":"https:\/\/www.ihmehalli.com\/fi\/wp-json\/wp\/v2\/media?parent=4122"}],"wp:term":[{"taxonomy":"product_brand","embeddable":true,"href":"https:\/\/www.ihmehalli.com\/fi\/wp-json\/wp\/v2\/product_brand?post=4122"},{"taxonomy":"product_cat","embeddable":true,"href":"https:\/\/www.ihmehalli.com\/fi\/wp-json\/wp\/v2\/product_cat?post=4122"},{"taxonomy":"product_tag","embeddable":true,"href":"https:\/\/www.ihmehalli.com\/fi\/wp-json\/wp\/v2\/product_tag?post=4122"}],"curies":[{"name":"wp","href":"https:\/\/api.w.org\/{rel}","templated":true}]}}