{"id":4145,"date":"2024-03-03T12:31:47","date_gmt":"2024-03-03T12:31:47","guid":{"rendered":"https:\/\/www.ihmehalli.com\/product\/eteerinen-eleganssi-tyyny\/"},"modified":"2024-03-16T13:32:28","modified_gmt":"2024-03-16T13:32:28","slug":"eteerinen-eleganssi-tyyny","status":"publish","type":"product","link":"https:\/\/www.ihmehalli.com\/fi\/tuote\/eteerinen-eleganssi-tyyny\/","title":{"rendered":"Artisan Shaggy Chic Square Pouf: puhdasta puuvillaa"},"content":{"rendered":"<div class=\"boldgrid-section\">\n<div class=\"container\">\n<div class=\"row\">\n<div class=\"col-lg-12 col-md-12 col-xs-12 col-sm-12\">\n<h2 class=\"\"><strong>Artisan Shaggy Chic Square Poufin paljastaminen: puhdasta puuvillaa oleva mestariteos<\/strong><\/h2>\n<p class=\"\">Uppoudu Artisan Shaggy Chic Square Poufin mukavuuteen ja tyyliin: Pure Cotton, joka on uusi lis\u00e4ys arvostettuun tuotesarjaamme. T\u00e4m\u00e4 huolellisesti k\u00e4sin kudottu puffi ei ole vain huonekalu vaan monipuolinen aksentti, joka tuo muotoa ja toimivuutta mihin tahansa huoneeseen. Se on valmistettu 100 % paksusta puuvillasta ja runsaasta m\u00e4\u00e4r\u00e4st\u00e4 synteettist\u00e4 kuitut\u00e4ytett\u00e4, joten se lupaa kest\u00e4vyytt\u00e4 ja mukavuutta.<\/p>\n<h2 class=\"\"><strong>Tyylin ja mukavuuden harmoninen sekoitus<\/strong><\/h2>\n<p class=\"\">30 cm korkea ja 60 cm halkaisijaltaan oleva Artisan Shaggy Chic Square Pouf: Pure Cotton ilment\u00e4\u00e4 hillitty\u00e4 eleganssia ja kodikkuutta. Sen vankka rakenne takaa, ett\u00e4 se s\u00e4ilytt\u00e4\u00e4 muotonsa ajan my\u00f6t\u00e4, ja muhkea synteettinen kuitut\u00e4yte tarjoaa mukavan istuimen, joka ei tingi tuesta.<\/p>\n<h2 class=\"\"><strong>K\u00e4sintehty laatu, jonka voit tuntea<\/strong><\/h2>\n<p class=\"\">Jokainen pouf on osoitus k\u00e4sity\u00f6l\u00e4istemme taidoista, ja se tuo esiin k\u00e4sintehtyjen tuotteiden kauneuden. Paksu puuvillakangas tarjoaa pehme\u00e4n, aistikkaan kokemuksen ja on samalla riitt\u00e4v\u00e4n kest\u00e4v\u00e4 p\u00e4ivitt\u00e4iseen k\u00e4ytt\u00f6\u00f6n. K\u00e4yt\u00e4tp\u00e4 sit\u00e4 sitten jalkatukena, rentona istuimena tai koristeellisena lis\u00e4varusteena, t\u00e4m\u00e4 puff on suunniteltu sopimaan saumattomasti el\u00e4m\u00e4ntyyliisi.<\/p>\n<h2 class=\"\"><strong>Monipuolinen muotoilu<\/strong><\/h2>\n<p class=\"\">Neutraali v\u00e4ripaletti sopii t\u00e4ydellisesti mihin tahansa sisustukseen minimalistisesta boheemiin. Se voidaan sijoittaa olohuoneeseen, makuuhuoneeseen tai lukunurkkaukseen, ja se tuo tilaan lis\u00e4\u00e4 tekstuuria ja mukavuutta.<\/p>\n<h2 class=\"\"><strong>Suunniteltu jokaiseen kotiin<\/strong><\/h2>\n<p class=\"\">Juhlimme jokaisen asiakkaan ainutlaatuisia mieltymyksi\u00e4. Ota vastaan mittojesi ja esteettisten toiveidesi mukaan r\u00e4\u00e4t\u00e4l\u00f6ity tuote. Omistautumisemme k\u00e4sity\u00f6taidolle takaa tuotteen, joka ei vain t\u00e4yt\u00e4 vaan ylitt\u00e4\u00e4 odotuksesi k\u00e4sity\u00f6n\u00e4 valmistetusta sisustuksesta. Tunnustamme, ett\u00e4 jokaisella yksil\u00f6ll\u00e4 on ainutlaatuinen tyyli, joten tarjoamme r\u00e4\u00e4t\u00e4l\u00f6intivaihtoehtoja t\u00e4h\u00e4n kynttil\u00e4sarjaan. Valitse v\u00e4ri ja muoto, joka sopii tilasi kanssa yhteen klikkaamalla&nbsp;<span style=\"text-decoration: underline;\"><strong><a href=\"https:\/\/www.ihmehalli.com\/customization\/\" target=\"_blank\" rel=\"noopener\">t\u00e4\u00e4ll\u00e4<\/a>.<br \/>\n<\/strong><\/span><\/p>\n<h2><strong>Suurtilaukset ja erikoistarjoukset<\/strong><\/h2>\n<p class=\"\">Tarjoamme erikoishintoja irtotavarana ostettavista tuotteista niille, jotka haluavat tuoda mukavuutta jokaiseen nurkkaan. Ota yhteytt\u00e4 ja pyyd\u00e4 r\u00e4\u00e4t\u00e4l\u00f6ity tarjous ja koe saumaton yhteisty\u00f6 osoitteessa info@ihmehalli.com.<\/p>\n<h2 class=\"\"><strong>Sitoutuminen aitouteen digitaaliaikana<\/strong><\/h2>\n<p class=\"\">K\u00e4sintehtyjen tuotteiden laatu on erityinen, mik\u00e4 voi aiheuttaa pieni\u00e4 ulkon\u00e4k\u00f6eroja. Vaikka teemme kaikkemme n\u00e4ytt\u00e4\u00e4ksemme huivimme tarkasti verkossa, monitorien v\u00e4liset erot voivat aiheuttaa pieni\u00e4 poikkeamia. Takaamme kuitenkin, ett\u00e4 huiviemme henkil\u00f6kohtainen vieh\u00e4tysvoima ihastuttaa sinua.<\/p>\n<h2 class=\"\"><strong>Hoito- ja pitk\u00e4ik\u00e4isyysohjeet<\/strong><\/h2>\n<p>On eritt\u00e4in t\u00e4rke\u00e4\u00e4 v\u00e4ltt\u00e4\u00e4 pufin upottamista veteen. Synteettist\u00e4 kuitut\u00e4ytett\u00e4 ei ole suunniteltu kest\u00e4m\u00e4\u00e4n kyll\u00e4stymist\u00e4, ja se voi menett\u00e4\u00e4 muotonsa tai homehtua, jos sit\u00e4 ei kuivateta asianmukaisesti.<\/p>\n<p>Paksun puuvillakankaan ja synteettisen kuitut\u00e4ytteen ansiosta paikalla tapahtuva puhdistus on turvallisin tapa k\u00e4sitell\u00e4 vuotoja tai tahroja. Puhdista vaurioitunut alue varovasti kostealla liinalla ja miedolla pesuaineella. V\u00e4lt\u00e4 voimakkaita kemikaaleja, sill\u00e4 ne voivat vahingoittaa kangasta ja aiheuttaa v\u00e4rimuutoksia.<\/p>\n<\/div>\n<\/div>\n<\/div>\n<\/div>\n","protected":false},"excerpt":{"rendered":"<p>Nauti Artisan Shaggy Chic Square Poufista: Pure Cotton, jonka mitat ovat 60x60x30 cm, valmistettu muhkeasta puuvillasta ja t\u00e4ytetty runsaaseen, kest\u00e4v\u00e4\u00e4n mukavuuteen.<\/p>\n","protected":false},"featured_media":4110,"comment_status":"open","ping_status":"closed","template":"","meta":[],"product_brand":[],"product_cat":[159],"product_tag":[1342,1346,1355,1345,1351,1348,1356,1352,1350,1347,1344,1353,1343,1349,1354],"class_list":{"0":"post-4145","1":"product","2":"type-product","3":"status-publish","4":"has-post-thumbnail","6":"product_cat-rahit","7":"product_tag-artisan-nelion-pouf","8":"product_tag-boheemi-tyylikas-nelion-pouf","9":"product_tag-boho-tyylinen-puuvillainen-ottomaani","10":"product_tag-kasintehty-shaggy-ottoman","11":"product_tag-kasintehty-tyylikas-nelio-pouf","12":"product_tag-kasityona-tehty-kuvioitu-puffi","13":"product_tag-koristeellinen-shag-pouf","14":"product_tag-kuvioitu-shaggy-istuin","15":"product_tag-luonnon-puuvilla-ottomaanit","16":"product_tag-pehmea-puuvillainen-jakkara","17":"product_tag-puhdasta-puuvillaa-pouf","18":"product_tag-puuvillainen-shag-ottoman","19":"product_tag-shaggy-chic-ottoman-fi","20":"product_tag-viihtyisa-porroinen-puffi","21":"product_tag-ylellinen-nelio-pouf","22":"product_shipping_class-haevy-fi","24":"first","25":"instock","26":"sale","27":"taxable","28":"shipping-taxable","29":"purchasable","30":"product-type-simple"},"shsp-ext":{"main":{},"variations":[]},"_links":{"self":[{"href":"https:\/\/www.ihmehalli.com\/fi\/wp-json\/wp\/v2\/product\/4145","targetHints":{"allow":["GET"]}}],"collection":[{"href":"https:\/\/www.ihmehalli.com\/fi\/wp-json\/wp\/v2\/product"}],"about":[{"href":"https:\/\/www.ihmehalli.com\/fi\/wp-json\/wp\/v2\/types\/product"}],"replies":[{"embeddable":true,"href":"https:\/\/www.ihmehalli.com\/fi\/wp-json\/wp\/v2\/comments?post=4145"}],"version-history":[{"count":0,"href":"https:\/\/www.ihmehalli.com\/fi\/wp-json\/wp\/v2\/product\/4145\/revisions"}],"wp:featuredmedia":[{"embeddable":true,"href":"https:\/\/www.ihmehalli.com\/fi\/wp-json\/wp\/v2\/media\/4110"}],"wp:attachment":[{"href":"https:\/\/www.ihmehalli.com\/fi\/wp-json\/wp\/v2\/media?parent=4145"}],"wp:term":[{"taxonomy":"product_brand","embeddable":true,"href":"https:\/\/www.ihmehalli.com\/fi\/wp-json\/wp\/v2\/product_brand?post=4145"},{"taxonomy":"product_cat","embeddable":true,"href":"https:\/\/www.ihmehalli.com\/fi\/wp-json\/wp\/v2\/product_cat?post=4145"},{"taxonomy":"product_tag","embeddable":true,"href":"https:\/\/www.ihmehalli.com\/fi\/wp-json\/wp\/v2\/product_tag?post=4145"}],"curies":[{"name":"wp","href":"https:\/\/api.w.org\/{rel}","templated":true}]}}