{"id":4202,"date":"2024-03-03T13:01:02","date_gmt":"2024-03-03T13:01:02","guid":{"rendered":"https:\/\/www.ihmehalli.com\/product\/elegantti-boheemi-pouf-ottoman\/"},"modified":"2024-03-16T13:12:27","modified_gmt":"2024-03-16T13:12:27","slug":"elegantti-boheemi-pouf-ottoman","status":"publish","type":"product","link":"https:\/\/www.ihmehalli.com\/fi\/tuote\/elegantti-boheemi-pouf-ottoman\/","title":{"rendered":"Artisanal Retreat Cotton Pouf: Kodikas rakenne"},"content":{"rendered":"<div class=\"boldgrid-section\">\n<div class=\"container\">\n<div class=\"row\">\n<div class=\"col-lg-12 col-md-12 col-xs-12 col-sm-12\">\n<h2 class=\"\"><strong>Artisanal Retreat Cotton Poufin paljastaminen: kodikas tekstuurimestariteos<\/strong><\/h2>\n<p class=\"\">Tervetuloa k\u00e4sity\u00f6n\u00e4 valmistetun mukavuuden ruumiillistumaan Artisanal Retreat Cotton Pouf: Cozy Texture. T\u00e4m\u00e4 hieno kappale ei toimi vain istuimena, vaan se on mukavuuden ja k\u00e4sity\u00f6l\u00e4issuunnittelun ruumiillistuma. Se on 30 cm korkea ja 60 cm halkaisijaltaan, joten se on t\u00e4ydellinen ulottuvuus lis\u00e4\u00e4m\u00e4\u00e4n tyylikkyytt\u00e4 mihin tahansa tilaan.<\/p>\n<h2 class=\"\"><strong>Tyylin ja mukavuuden harmoninen sekoitus<\/strong><\/h2>\n<p class=\"\">100 % paksusta puuvillasta valmistetun pussin rakenne tarjoaa tuntuman, kun taas runsas synteettinen kuitut\u00e4yte takaa istumakokemuksen, joka on sek\u00e4 tukeva ett\u00e4 pehme\u00e4. Monimutkaiset k\u00e4sin kudotut yksityiskohdat lis\u00e4\u00e4v\u00e4t Artisanal Retreat Cotton Pouf -mattop\u00f6yd\u00e4n viihtyis\u00e4n rakenteen, joka t\u00e4ydent\u00e4\u00e4 mit\u00e4 tahansa sisustusta, modernista rustiikkiin.<\/p>\n<h2 class=\"\"><strong>K\u00e4sintehty laatu, jonka voit tuntea<\/strong><\/h2>\n<p class=\"\">Jokainen pouf on osoitus k\u00e4sity\u00f6l\u00e4istemme taidoista, ja se tuo esiin k\u00e4sintehtyjen tuotteiden kauneuden. Paksu puuvillakangas tarjoaa pehme\u00e4n, aistikkaan kokemuksen ja on samalla riitt\u00e4v\u00e4n kest\u00e4v\u00e4 p\u00e4ivitt\u00e4iseen k\u00e4ytt\u00f6\u00f6n. K\u00e4yt\u00e4tp\u00e4 sit\u00e4 sitten jalkatukena, rentona istuimena tai koristeellisena lis\u00e4varusteena, t\u00e4m\u00e4 puff on suunniteltu sopimaan saumattomasti el\u00e4m\u00e4ntyyliisi.<\/p>\n<h2 class=\"\"><strong>Monipuolinen muotoilu<\/strong><\/h2>\n<p class=\"\">Neutraali v\u00e4ripaletti sopii t\u00e4ydellisesti mihin tahansa sisustukseen minimalistisesta boheemiin. Se voidaan sijoittaa olohuoneeseen, makuuhuoneeseen tai lukunurkkaukseen, ja se tuo tilaan lis\u00e4\u00e4 tekstuuria ja mukavuutta.<\/p>\n<h2 class=\"\"><strong>Suunniteltu jokaiseen kotiin<\/strong><\/h2>\n<p class=\"\">Juhlimme jokaisen asiakkaan ainutlaatuisia mieltymyksi\u00e4. Ota vastaan mittojesi ja esteettisten toiveidesi mukaan r\u00e4\u00e4t\u00e4l\u00f6ity tuote. Omistautumisemme k\u00e4sity\u00f6taidolle takaa tuotteen, joka ei vain t\u00e4yt\u00e4 vaan ylitt\u00e4\u00e4 odotuksesi k\u00e4sity\u00f6n\u00e4 valmistetusta sisustuksesta. Tunnustamme, ett\u00e4 jokaisella yksil\u00f6ll\u00e4 on ainutlaatuinen tyyli, joten tarjoamme r\u00e4\u00e4t\u00e4l\u00f6intivaihtoehtoja t\u00e4h\u00e4n kynttil\u00e4sarjaan. Valitse v\u00e4ri ja muoto, joka sopii tilasi kanssa yhteen klikkaamalla&nbsp;<span style=\"text-decoration: underline;\"><strong><a href=\"https:\/\/www.ihmehalli.com\/customization\/\" target=\"_blank\" rel=\"noopener\">t\u00e4\u00e4ll\u00e4<\/a>.<br \/>\n<\/strong><\/span><\/p>\n<h2 class=\"\"><strong>Suurtilaukset ja erikoistarjoukset<\/strong><\/h2>\n<p class=\"\">Tarjoamme erikoishintoja irtotavarana ostettavista tuotteista niille, jotka haluavat tuoda mukavuutta jokaiseen nurkkaan. Ota yhteytt\u00e4 ja pyyd\u00e4 r\u00e4\u00e4t\u00e4l\u00f6ity tarjous ja koe saumaton yhteisty\u00f6 osoitteessa info@ihmehalli.com.<\/p>\n<h2 class=\"\"><strong>Sitoutuminen aitouteen digitaaliaikana<\/strong><\/h2>\n<p class=\"\">K\u00e4sintehtyjen tuotteiden laatu on erityinen, mik\u00e4 voi aiheuttaa pieni\u00e4 ulkon\u00e4k\u00f6eroja. Vaikka teemme kaikkemme n\u00e4ytt\u00e4\u00e4ksemme huivimme tarkasti verkossa, monitorien v\u00e4liset erot voivat aiheuttaa pieni\u00e4 poikkeamia. Takaamme kuitenkin, ett\u00e4 huiviemme henkil\u00f6kohtainen vieh\u00e4tysvoima ihastuttaa sinua.<\/p>\n<h2 class=\"\"><strong>Hoito- ja pitk\u00e4ik\u00e4isyysohjeet<\/strong><\/h2>\n<p class=\"\">On eritt\u00e4in t\u00e4rke\u00e4\u00e4 v\u00e4ltt\u00e4\u00e4 pufin upottamista veteen. Synteettist\u00e4 kuitut\u00e4ytett\u00e4 ei ole suunniteltu kest\u00e4m\u00e4\u00e4n kyll\u00e4stymist\u00e4, ja se voi menett\u00e4\u00e4 muotonsa tai homehtua, jos sit\u00e4 ei kuivateta asianmukaisesti.<\/p>\n<p>Paksun puuvillakankaan ja synteettisen kuitut\u00e4ytteen ansiosta paikalla tapahtuva puhdistus on turvallisin tapa k\u00e4sitell\u00e4 vuotoja tai tahroja. Puhdista vaurioitunut alue varovasti kostealla liinalla ja miedolla pesuaineella. V\u00e4lt\u00e4 voimakkaita kemikaaleja, sill\u00e4 ne voivat vahingoittaa kangasta ja aiheuttaa v\u00e4rimuutoksia.<\/p>\n<\/div>\n<\/div>\n<\/div>\n<\/div>\n","protected":false},"excerpt":{"rendered":"<p>Hemmottele Artisanal Retreat Cotton Pouf: Viihtyis\u00e4 rakenne, asiantuntevasti k\u00e4sity\u00f6n\u00e4 valmistettu muhkealla synteettisell\u00e4 kuitut\u00e4ytteell\u00e4, joka on ymp\u00e4r\u00f6ity 100 % puuvillalla ylellisen mukavuuden takaamiseksi.<\/p>\n","protected":false},"featured_media":4124,"comment_status":"open","ping_status":"closed","template":"","meta":[],"product_brand":[],"product_cat":[159],"product_tag":[1223,1289,1287,1293,1291,1285,1292,1295,1294,1286,1296,1297,1298,1288,1290],"class_list":{"0":"post-4202","1":"product","2":"type-product","3":"status-publish","4":"has-post-thumbnail","6":"product_cat-rahit","7":"product_tag-boheemi-tyylikas-puff","8":"product_tag-boho-tyylinen-ottomaani","9":"product_tag-kasintehdyt-puuvillaistuimet","10":"product_tag-kasintehty-boho-pouf","11":"product_tag-kasityolainen-puff-jossa-on-tupsut","12":"product_tag-kasityona-valmistettu-puuvillainen-puff","13":"product_tag-koristeellinen-puuvillainen-puff","14":"product_tag-luonnonpuuvillainen-lattiamatto","15":"product_tag-mukava-kasityona-valmistettu-puff","16":"product_tag-pehmea-kuvioitu-puffi","17":"product_tag-pehmea-pehmoinen-pehmo","18":"product_tag-teksturoitu-mukavuus-ottoman","19":"product_tag-tyylikas-kasintehty-puff","20":"product_tag-viihtyisa-lattiatyyny","21":"product_tag-ylellinen-kuvioitu-jakkara","23":"first","24":"instock","25":"sale","26":"taxable","27":"shipping-taxable","28":"purchasable","29":"product-type-simple"},"shsp-ext":{"main":{},"variations":[]},"_links":{"self":[{"href":"https:\/\/www.ihmehalli.com\/fi\/wp-json\/wp\/v2\/product\/4202","targetHints":{"allow":["GET"]}}],"collection":[{"href":"https:\/\/www.ihmehalli.com\/fi\/wp-json\/wp\/v2\/product"}],"about":[{"href":"https:\/\/www.ihmehalli.com\/fi\/wp-json\/wp\/v2\/types\/product"}],"replies":[{"embeddable":true,"href":"https:\/\/www.ihmehalli.com\/fi\/wp-json\/wp\/v2\/comments?post=4202"}],"version-history":[{"count":0,"href":"https:\/\/www.ihmehalli.com\/fi\/wp-json\/wp\/v2\/product\/4202\/revisions"}],"wp:featuredmedia":[{"embeddable":true,"href":"https:\/\/www.ihmehalli.com\/fi\/wp-json\/wp\/v2\/media\/4124"}],"wp:attachment":[{"href":"https:\/\/www.ihmehalli.com\/fi\/wp-json\/wp\/v2\/media?parent=4202"}],"wp:term":[{"taxonomy":"product_brand","embeddable":true,"href":"https:\/\/www.ihmehalli.com\/fi\/wp-json\/wp\/v2\/product_brand?post=4202"},{"taxonomy":"product_cat","embeddable":true,"href":"https:\/\/www.ihmehalli.com\/fi\/wp-json\/wp\/v2\/product_cat?post=4202"},{"taxonomy":"product_tag","embeddable":true,"href":"https:\/\/www.ihmehalli.com\/fi\/wp-json\/wp\/v2\/product_tag?post=4202"}],"curies":[{"name":"wp","href":"https:\/\/api.w.org\/{rel}","templated":true}]}}