{"id":4221,"date":"2024-03-03T13:22:32","date_gmt":"2024-03-03T13:22:32","guid":{"rendered":"https:\/\/www.ihmehalli.com\/product\/cuddly-cub-pouf\/"},"modified":"2024-03-19T18:47:44","modified_gmt":"2024-03-19T18:47:44","slug":"cuddly-cub-pouf","status":"publish","type":"product","link":"https:\/\/www.ihmehalli.com\/fi\/tuote\/cuddly-cub-pouf\/","title":{"rendered":"Cuddly Cub k\u00e4sinkudottu puffi &#8211; lasten istuinosa"},"content":{"rendered":"<div class=\"boldgrid-section\">\n<div class=\"container\">\n<div class=\"row\">\n<div class=\"col-lg-12 col-md-12 col-xs-12 col-sm-12\">\n<h2 class=\"\"><strong>Tutustu Cuddly Cub k\u00e4sinkudottuun poufiin &#8211; lasten istuinosa<\/strong><\/h2>\n<p class=\"\">Toivota Cuddly Cub Handwoven Pouf &#8211; lastenistuin tervetulleeksi pienen lapsesi maailmaan, joka on vieh\u00e4tt\u00e4v\u00e4 ja mukava lis\u00e4 mihin tahansa lastenhuoneeseen. T\u00e4m\u00e4 35 cm korkea ja 50 cm halkaisijaltaan leve\u00e4 puffi ilment\u00e4\u00e4 sek\u00e4 leikkisyytt\u00e4 ett\u00e4 k\u00e4yt\u00e4nn\u00f6llisyytt\u00e4. Karhusta inspiroitunut muotoilu ei ole vain suloinen, vaan se on my\u00f6s t\u00e4ydellinen kumppani lapsesi p\u00e4ivitt\u00e4isiin seikkailuihin.<\/p>\n<h2 class=\"\"><strong>T\u00e4ydellinen yhdistelm\u00e4 eleganssia ja k\u00e4yt\u00e4nn\u00f6llisyytt\u00e4<\/strong><\/h2>\n<p class=\"\">T\u00e4m\u00e4 100 % paksusta puuvillasta valmistettu ja runsaalla synteettisell\u00e4 kuitut\u00e4ytteell\u00e4 t\u00e4ytetty pehmuste ei ainoastaan lupaa mukavuutta, vaan se tarjoaa kest\u00e4vyytt\u00e4, joka kest\u00e4\u00e4 pienen lapsesi energisen el\u00e4m\u00e4ntyylin. Se ei ole pelkk\u00e4 istuin, vaan leikkiv\u00e4line, kumppani tarinankerronnassa ja lohduttaja p\u00e4iv\u00e4uniaikoina.<\/p>\n<h2 class=\"\"><strong>Asiantunteva ammattitaito takaa kest\u00e4v\u00e4n mukavuuden<\/strong><\/h2>\n<p class=\"\">Cuddly Cub Pouf tuo huoneeseen muutakin kuin vain istumapaikkoja; se tuo iloa. Sen k\u00e4sin kudottu k\u00e4sity\u00f6taito on osoitus sen luomiseen k\u00e4ytetyst\u00e4 huolellisuudesta, mik\u00e4 tekee siit\u00e4 monipuolisen aksentin, joka rikastuttaa mit\u00e4 tahansa tilaa sek\u00e4 muodolla ett\u00e4 toiminnalla.<\/p>\n<h2 class=\"\"><strong>El\u00e4m\u00e4\u00e4si sopiva muotoilu<\/strong><\/h2>\n<p class=\"\">Poufimme sopivat mihin tahansa sisustukseen. Sen yksinkertainen eleganssi lis\u00e4\u00e4 hienostuneisuutta olohuoneeseen, makuuhuoneeseen tai lukualueelle. Valitse sisustukseen sopiva puff ja anna sen kohottaa tunnelmaa.<\/p>\n<h2 class=\"\"><strong>Tee se omaksi<\/strong><\/h2>\n<p class=\"\">Uskomme yksil\u00f6lliseen ilmaisuun. Siksi tarjoamme poufin, joka sopii yrityksen v\u00e4reihin tai asuintilasi teemaan. Teemme jokaisen pufin tilauksesta, jotta se vastaa henkil\u00f6kohtaisia suunnittelutarpeitasi. Jos haluat r\u00e4\u00e4t\u00e4l\u00f6id\u00e4 poufin br\u00e4ndisi, logosi, tyylisi ja makusi mukaan, t\u00e4yt\u00e4 lomake.&nbsp;<a href=\"https:\/\/www.ihmehalli.com\/customization\/\"><br \/>\n  <strong>T\u00c4\u00c4LL\u00c4<\/strong><br \/>\n<\/a>.<\/p>\n<h2 class=\"\"><strong>Tarjoukset irtotavaroiden ostoihin<\/strong><\/h2>\n<p class=\"\">Haluatko tilata useita poufeja? Tarjoamme erikoishintoja irtotavaroille. L\u00e4het\u00e4 meille s\u00e4hk\u00f6postia osoitteeseen&nbsp;<strong><br \/>\n  <a target=\"_new\" rel=\"noopener\">info@ihmehalli.com<\/a><br \/>\n<\/strong>&nbsp;r\u00e4\u00e4t\u00e4l\u00f6ity\u00e4 tarjousta varten.<\/p>\n<h2 class=\"\"><strong>Aitous on t\u00e4rke\u00e4\u00e4<\/strong><\/h2>\n<p class=\"\">K\u00e4sintehdyt tuotteet, kuten puffimme, ovat ainutlaatuisia. Pienet vaihtelut lis\u00e4\u00e4v\u00e4t niiden omaleimaisuutta ja varmistavat, ett\u00e4 kappaleesi on ainutlaatuinen.<\/p>\n<h2 class=\"\"><strong>Hoitovinkkej\u00e4<\/strong><\/h2>\n<p class=\"\">Pid\u00e4 puffisi upean n\u00e4k\u00f6isen\u00e4 pistem\u00e4isell\u00e4 puhdistuksella &#8211; ei upotusta veteen. T\u00e4m\u00e4 yksinkertainen hoitotoimenpide pident\u00e4\u00e4 kankaan k\u00e4ytt\u00f6ik\u00e4\u00e4 ja pit\u00e4\u00e4 sen tuoreen n\u00e4k\u00f6isen\u00e4.<\/p>\n<\/div>\n<\/div>\n<\/div>\n<\/div>\n","protected":false},"excerpt":{"rendered":"<p>Cuddly Cub Handwoven Pouf &#8211; Lasten istuin on lapsen unelmaistuin! 35 cm korkea, halkaisija 50 cm, valmistettu paksusta puuvillasta kest\u00e4v\u00e4\u00e4 ja mukavaa lep\u00e4\u00e4mist\u00e4 varten.<\/p>\n","protected":false},"featured_media":4181,"comment_status":"open","ping_status":"closed","template":"","meta":[],"product_brand":[],"product_cat":[155,159],"product_tag":[1738,1749,1745,1752,1748,1743,1739,1751,1746,1741,1740,1744,1750,1747,1742],"class_list":{"0":"post-4221","1":"product","2":"type-product","3":"status-publish","4":"has-post-thumbnail","6":"product_cat-lapset","7":"product_cat-rahit","8":"product_tag-cuddly-cub-kasinkudottu-puffi","9":"product_tag-fuzzy-bear-tuoli","10":"product_tag-kasintehdyt-lasten-huonekalut","11":"product_tag-koristeellinen-teddy-jalkatuki","12":"product_tag-lammin-ruskea-lasten-puffi","13":"product_tag-lapsiystavalliset-istuimet","14":"product_tag-lasten-istuin","15":"product_tag-mukava-pehmea-istuin","16":"product_tag-omituinen-leikkihuoneen-lisavaruste","17":"product_tag-pehmea-elaimen-muotoinen-jakkara","18":"product_tag-plush-bear-ottoman-fi","19":"product_tag-sopo-nallekarhu-puffi","20":"product_tag-suloinen-lastenhuoneen-sisustus","21":"product_tag-viehattava-karhu-jakkara","22":"product_tag-viihtyisa-lastenhuoneen-sisustus","23":"product_shipping_class-valo","25":"first","26":"instock","27":"sale","28":"taxable","29":"shipping-taxable","30":"purchasable","31":"product-type-simple"},"shsp-ext":{"main":{},"variations":[]},"_links":{"self":[{"href":"https:\/\/www.ihmehalli.com\/fi\/wp-json\/wp\/v2\/product\/4221","targetHints":{"allow":["GET"]}}],"collection":[{"href":"https:\/\/www.ihmehalli.com\/fi\/wp-json\/wp\/v2\/product"}],"about":[{"href":"https:\/\/www.ihmehalli.com\/fi\/wp-json\/wp\/v2\/types\/product"}],"replies":[{"embeddable":true,"href":"https:\/\/www.ihmehalli.com\/fi\/wp-json\/wp\/v2\/comments?post=4221"}],"version-history":[{"count":0,"href":"https:\/\/www.ihmehalli.com\/fi\/wp-json\/wp\/v2\/product\/4221\/revisions"}],"wp:featuredmedia":[{"embeddable":true,"href":"https:\/\/www.ihmehalli.com\/fi\/wp-json\/wp\/v2\/media\/4181"}],"wp:attachment":[{"href":"https:\/\/www.ihmehalli.com\/fi\/wp-json\/wp\/v2\/media?parent=4221"}],"wp:term":[{"taxonomy":"product_brand","embeddable":true,"href":"https:\/\/www.ihmehalli.com\/fi\/wp-json\/wp\/v2\/product_brand?post=4221"},{"taxonomy":"product_cat","embeddable":true,"href":"https:\/\/www.ihmehalli.com\/fi\/wp-json\/wp\/v2\/product_cat?post=4221"},{"taxonomy":"product_tag","embeddable":true,"href":"https:\/\/www.ihmehalli.com\/fi\/wp-json\/wp\/v2\/product_tag?post=4221"}],"curies":[{"name":"wp","href":"https:\/\/api.w.org\/{rel}","templated":true}]}}