{"id":4231,"date":"2024-03-03T13:34:52","date_gmt":"2024-03-03T13:34:52","guid":{"rendered":"https:\/\/www.ihmehalli.com\/product\/pehmoinen-koiranpoika\/"},"modified":"2024-03-23T08:41:55","modified_gmt":"2024-03-23T08:41:55","slug":"pehmoinen-koiranpoika","status":"publish","type":"product","link":"https:\/\/www.ihmehalli.com\/fi\/tuote\/pehmoinen-koiranpoika\/","title":{"rendered":"Cuddly Canine Pouf &#8211; Lasten pehmoinen leikkituoli"},"content":{"rendered":"<div class=\"boldgrid-section\">\n<div class=\"container\">\n<div class=\"row\">\n<div class=\"col-lg-12 col-md-12 col-xs-12 col-sm-12\">\n<h2 class=\"\"><strong>Tutustu Cuddly Canine Pouf &#8211; lasten pehmoiseen leikkituoliin.<\/strong><\/h2>\n<p class=\"\">Tee tilaa mielikuvitukselle ja mukavuudelle Cuddly Canine Pouf &#8211; Kids&#8217; Plush Play Chair -leikkituolilla, joka on ihastuttava ja pehme\u00e4 istuin, joka on suunniteltu lapsia ajatellen. T\u00e4m\u00e4 35 cm korkea ja 50 cm halkaisijaltaan suuri puffi on tukeva, ja se on pehme\u00e4 ja mukava istuin.<\/p>\n<p class=\"\">Yst\u00e4v\u00e4llisen koiranpennun muotoinen puffi ei ole lasten suosiossa vain ulkon\u00e4k\u00f6ns\u00e4 vuoksi, vaan se on my\u00f6s kest\u00e4v\u00e4 leikkikaveri. Se on valmistettu 100 % kest\u00e4v\u00e4st\u00e4 puuvillasta ja t\u00e4ytetty muhkealla synteettisell\u00e4 kuitut\u00e4ytteell\u00e4, ja se on rakennettu tukemaan ja kest\u00e4m\u00e4\u00e4n vilkkaimmatkin leikkihetket, ja siit\u00e4 on tullut tarinatunnin tai jopa p\u00e4iv\u00e4unien aikaisen pehmoilun peruspakkaus.<\/p>\n<h2 class=\"\"><strong>Yst\u00e4v\u00e4llinen lis\u00e4 mihin tahansa huoneeseen<\/strong><\/h2>\n<p class=\"\">T\u00e4m\u00e4 Cuddly Canine Pouf &#8211; Lasten pehmoinen leikkituoli kutsuu lapset istumaan, leikkim\u00e4\u00e4n ja tutkimaan. Se ei ole pelkk\u00e4 huonekalu, vaan p\u00f6rr\u00f6inen yst\u00e4v\u00e4, joka odottaa p\u00e4\u00e4sev\u00e4ns\u00e4 mukaan jokaiseen sis\u00e4tilaseikkailuun, olipa se sitten viihtyis\u00e4ss\u00e4 nurkassa, kirjahyllyn vieress\u00e4 tai leikkihuoneessa.<\/p>\n<h2 class=\"\"><strong>Asiantunteva ammattitaito takaa kest\u00e4v\u00e4n mukavuuden<\/strong><\/h2>\n<p class=\"\">Cuddly Canine Pouf &#8211; Lasten pehmoinen leikkituoli tuo huoneeseen muutakin kuin istumapaikan; se tuo iloa. Sen k\u00e4sin kudottu k\u00e4sity\u00f6taito on osoitus sen luomiseen k\u00e4ytetyst\u00e4 huolellisuudesta, mik\u00e4 tekee siit\u00e4 monipuolisen aksentin, joka rikastuttaa mit\u00e4 tahansa tilaa sek\u00e4 muodolla ett\u00e4 toiminnalla.<\/p>\n<h2 class=\"\"><strong>El\u00e4m\u00e4\u00e4si sopiva muotoilu<\/strong><\/h2>\n<p class=\"\">Poufimme sopivat mihin tahansa sisustukseen. Sen yksinkertainen eleganssi lis\u00e4\u00e4 hienostuneisuutta olohuoneeseen, makuuhuoneeseen tai lukualueelle. Valitse sisustukseen sopiva puff ja anna sen kohottaa tunnelmaa.<\/p>\n<h2 class=\"\"><strong>Tee se omaksi<\/strong><\/h2>\n<p class=\"\">Uskomme yksil\u00f6lliseen ilmaisuun. Siksi tarjoamme poufin, joka sopii yrityksen v\u00e4reihin tai asuintilasi teemaan. Teemme jokaisen pufin tilauksesta, jotta se vastaa henkil\u00f6kohtaisia suunnittelutarpeitasi. Jos haluat r\u00e4\u00e4t\u00e4l\u00f6id\u00e4 poufin br\u00e4ndisi, logosi, tyylisi ja makusi mukaan, t\u00e4yt\u00e4 lomake.&nbsp;<a href=\"https:\/\/www.ihmehalli.com\/customization\/\"><br \/>\n  <strong>T\u00c4\u00c4LL\u00c4<\/strong><br \/>\n<\/a>.<\/p>\n<h2 class=\"\"><strong>Tarjoukset irtotavaroiden ostoihin<\/strong><\/h2>\n<p class=\"\">Haluatko tilata useita poufeja? Tarjoamme erikoishintoja irtotavaroille. L\u00e4het\u00e4 meille s\u00e4hk\u00f6postia osoitteeseen&nbsp;<strong><br \/>\n  <a target=\"_new\" rel=\"noopener\">info@ihmehalli.com<\/a><br \/>\n<\/strong>&nbsp;r\u00e4\u00e4t\u00e4l\u00f6ity\u00e4 tarjousta varten.<\/p>\n<h2 class=\"\"><strong>Aitous on t\u00e4rke\u00e4\u00e4<\/strong><\/h2>\n<p class=\"\">K\u00e4sintehdyt tuotteet, kuten puffimme, ovat ainutlaatuisia. Pienet vaihtelut lis\u00e4\u00e4v\u00e4t niiden omaleimaisuutta ja varmistavat, ett\u00e4 kappaleesi on ainutlaatuinen.<\/p>\n<h2 class=\"\"><strong>Hoitovinkkej\u00e4<\/strong><\/h2>\n<p class=\"\">Pid\u00e4 puffisi upean n\u00e4k\u00f6isen\u00e4 pistem\u00e4isell\u00e4 puhdistuksella &#8211; ei upotusta veteen. T\u00e4m\u00e4 yksinkertainen hoitotoimenpide pident\u00e4\u00e4 kankaan k\u00e4ytt\u00f6ik\u00e4\u00e4 ja pit\u00e4\u00e4 sen tuoreen n\u00e4k\u00f6isen\u00e4.<\/p>\n<\/div>\n<\/div>\n<\/div>\n<\/div>\n","protected":false},"excerpt":{"rendered":"<p>Ilahduta lastasi Cuddly Canine Pouf &#8211; Lasten pehmoinen leikkituoli! Pehme\u00e4, leikkis\u00e4 ja t\u00e4ydellinen lapsille, joka tarjoaa viihtyis\u00e4n paikan leikki\u00e4 ja rentoutumista varten.<\/p>\n","protected":false},"featured_media":4189,"comment_status":"open","ping_status":"closed","template":"","meta":[],"product_brand":[],"product_cat":[155,159],"product_tag":[2546,2554,2553,2556,2551,2545,2543,2549,2555,2544,2542,2548,2550,2552,2547],"class_list":{"0":"post-4231","1":"product","2":"type-product","3":"status-publish","4":"has-post-thumbnail","6":"product_cat-lapset","7":"product_cat-rahit","8":"product_tag-elainaiheiset-pehmohuonekalut","9":"product_tag-halattavissa-oleva-koiran-tuoli","10":"product_tag-hauska-plush-leikkihuoneen-huonekalut","11":"product_tag-hupaisa-pikkulapsen-koira-pouf","12":"product_tag-lapsiystavallinen-istuinratkaisu","13":"product_tag-lasten-huoneen-sisustus","14":"product_tag-lasten-pehmoinen-leikkituoli","15":"product_tag-leikkisa-makuuhuoneen-lisavaruste","16":"product_tag-pehmea-kangas-elainten-istuin","17":"product_tag-pehmea-koiran-muotoinen-istuin","18":"product_tag-pehmoinen-koiranpoika","19":"product_tag-porroinen-koira-bean-bag","20":"product_tag-porroinen-ruskea-koiran-jakkara","21":"product_tag-sopo-lemmikkielain-teemalla-pouffe","22":"product_tag-viihtyisa-koiranpentu-ottomaani","23":"product_shipping_class-valo","25":"first","26":"instock","27":"sale","28":"taxable","29":"shipping-taxable","30":"purchasable","31":"product-type-simple"},"shsp-ext":{"main":{},"variations":[]},"_links":{"self":[{"href":"https:\/\/www.ihmehalli.com\/fi\/wp-json\/wp\/v2\/product\/4231","targetHints":{"allow":["GET"]}}],"collection":[{"href":"https:\/\/www.ihmehalli.com\/fi\/wp-json\/wp\/v2\/product"}],"about":[{"href":"https:\/\/www.ihmehalli.com\/fi\/wp-json\/wp\/v2\/types\/product"}],"replies":[{"embeddable":true,"href":"https:\/\/www.ihmehalli.com\/fi\/wp-json\/wp\/v2\/comments?post=4231"}],"version-history":[{"count":0,"href":"https:\/\/www.ihmehalli.com\/fi\/wp-json\/wp\/v2\/product\/4231\/revisions"}],"wp:featuredmedia":[{"embeddable":true,"href":"https:\/\/www.ihmehalli.com\/fi\/wp-json\/wp\/v2\/media\/4189"}],"wp:attachment":[{"href":"https:\/\/www.ihmehalli.com\/fi\/wp-json\/wp\/v2\/media?parent=4231"}],"wp:term":[{"taxonomy":"product_brand","embeddable":true,"href":"https:\/\/www.ihmehalli.com\/fi\/wp-json\/wp\/v2\/product_brand?post=4231"},{"taxonomy":"product_cat","embeddable":true,"href":"https:\/\/www.ihmehalli.com\/fi\/wp-json\/wp\/v2\/product_cat?post=4231"},{"taxonomy":"product_tag","embeddable":true,"href":"https:\/\/www.ihmehalli.com\/fi\/wp-json\/wp\/v2\/product_tag?post=4231"}],"curies":[{"name":"wp","href":"https:\/\/api.w.org\/{rel}","templated":true}]}}