{"id":4270,"date":"2024-03-03T17:29:28","date_gmt":"2024-03-03T17:29:28","guid":{"rendered":"https:\/\/www.ihmehalli.com\/product\/kaunis-neulottu-sohva-4\/"},"modified":"2024-03-15T11:46:55","modified_gmt":"2024-03-15T11:46:55","slug":"kaunis-neulottu-sohva-4","status":"publish","type":"product","link":"https:\/\/www.ihmehalli.com\/fi\/tuote\/kaunis-neulottu-sohva-4\/","title":{"rendered":"Whisper Gray Neulottu sohvahuivi: Puhdasta pehmeytt\u00e4"},"content":{"rendered":"<div class=\"boldgrid-section\">\n<div class=\"container\">\n<div class=\"row\">\n<div class=\"col-lg-12 col-md-12 col-xs-12 col-sm-12\">\n<h2 class=\"\"><strong>Whisper Gray -neuleen sohvahuivin paljastaminen: Puhdas pehmeys mestariteos<\/strong><\/h2>\n<p class=\"\">Tervetuloa rauhalliseen maailmaan, jota Whisper Gray Knit Sofa Shawl ilment\u00e4\u00e4: Puhdasta pehmeytt\u00e4. Tilavan 170 * 140 cm:n kokoinen ja noin 1,5 kg:n painoinen sohvahuivi on rennon ylellisyyden taiteen ruumiillistuma. Kuiskauksenharmaa s\u00e4vy tuo mieleen rauhan ja hienostuneisuuden tunteen, mik\u00e4 tekee siit\u00e4 monipuolisen lis\u00e4n mihin tahansa sisustukseen. Ammattitaitoisesti neulotut kuviot tuovat yksinkertaiseen eleganssiin ripauksen monimutkaisuutta, joka houkuttelee nauttimaan sek\u00e4 visuaalisesta ett\u00e4 kosketuksellisesta nautinnosta.<\/p>\n<h2 class=\"\"><strong>K\u00e4sintehty\u00e4 eleganssia jokaisessa kuidussa<\/strong><\/h2>\n<p class=\"\">Meid\u00e4n Whisper Gray -neulottu sohvahuivi: Pure Softness ylitt\u00e4\u00e4 tavallisen k\u00e4sity\u00f6taitonsa kautta. Alkuper\u00e4isest\u00e4 suunnittelusta viimeiseen ompeleeseen, k\u00e4sity\u00f6l\u00e4isemme valavat syd\u00e4mens\u00e4 ja sielunsa jokaiseen kappaleeseen, varmistaen, ett\u00e4 jokainen huivi ei ole vain tuote vaan henkil\u00f6kohtainen taideteos.<\/p>\n<h2 class=\"\"><strong>R\u00e4\u00e4t\u00e4l\u00f6intimahdollisuus &#8211; Lis\u00e4\u00e4 henkil\u00f6kohtainen kosketuksesi<\/strong><\/h2>\n<p class=\"\">Tunnustamme, ett\u00e4 jokaisella yksil\u00f6ll\u00e4 on ainutlaatuinen tyyli, joten tarjoamme r\u00e4\u00e4t\u00e4l\u00f6intivaihtoehtoja t\u00e4h\u00e4n kynttil\u00e4sarjaan. Valitse v\u00e4ri ja muoto, joka sopii tilasi kanssa yhteen klikkaamalla&nbsp;<span style=\"text-decoration: underline;\"><strong><a href=\"https:\/\/www.ihmehalli.com\/customization\/\" target=\"_blank\" rel=\"noopener\">t\u00e4\u00e4ll\u00e4<\/a>.<\/strong><\/span><\/p>\n<h2 class=\"\"><strong>T\u00e4ydellinen kokouksiin ja lahjoihin<\/strong><\/h2>\n<p class=\"\">Huivimme sopii vaivattomasti mihin tahansa ymp\u00e4rist\u00f6\u00f6n, olipa kyse sitten tyylikk\u00e4\u00e4n lis\u00e4kerroksen lis\u00e4\u00e4misest\u00e4 oleskelutilaasi tai seurasta viile\u00e4mpin\u00e4 kuukausina. Se on suunniteltu henkil\u00f6kohtaiseen hemmotteluun ja huomaavaiseksi, hienoksi lahjaksi.<\/p>\n<h2 class=\"\"><strong>Suurtilaukset ja erikoistarjoukset<\/strong><\/h2>\n<p class=\"\">Tarjoamme erikoishintoja irtotavarana ostettavista tuotteista niille, jotka haluavat tuoda mukavuutta jokaiseen nurkkaan. Ota yhteytt\u00e4 ja pyyd\u00e4 r\u00e4\u00e4t\u00e4l\u00f6ity tarjous ja koe saumaton yhteisty\u00f6 osoitteessa info@ihmehalli.com.<\/p>\n<h2 class=\"\"><strong>Toimitus- ja tuotantoaikataulu<\/strong><\/h2>\n<p class=\"\">Jokainen huivi on k\u00e4sin neulottu huolella ja omistautuneesti. Pyrimme huippuosaamiseen, mik\u00e4 vaatii joskus ylim\u00e4\u00e4r\u00e4ist\u00e4 aikaa. Varaa enint\u00e4\u00e4n 1 kuukausi tuotantoon ja toimitukseen, jos valintasi ei ole t\u00e4ll\u00e4 hetkell\u00e4 varastossa. Pid\u00e4mme sinut ajan tasalla s\u00e4hk\u00f6postitse varmistaaksemme, ett\u00e4 odotus lis\u00e4\u00e4 huivisi vastaanottamisen iloa.<\/p>\n<h2><strong>Sitoutuminen aitouteen digitaaliaikana<\/strong><\/h2>\n<p class=\"\">K\u00e4sintehtyjen tuotteiden laatu on erityinen, mik\u00e4 voi aiheuttaa pieni\u00e4 ulkon\u00e4k\u00f6eroja. Vaikka teemme kaikkemme n\u00e4ytt\u00e4\u00e4ksemme huivimme tarkasti verkossa, monitorien v\u00e4liset erot voivat aiheuttaa pieni\u00e4 poikkeamia. Takaamme kuitenkin, ett\u00e4 huiviemme henkil\u00f6kohtainen vieh\u00e4tysvoima ihastuttaa sinua.<\/p>\n<h2 class=\"\"><strong>Hoito- ja pitk\u00e4ik\u00e4isyysohjeet<\/strong><\/h2>\n<ul class=\"\">\n<li>Pese kylm\u00e4ll\u00e4 vedell\u00e4 noin 15 minuuttia, jotta kankaan pehmeys ja s\u00e4vy s\u00e4ilyv\u00e4t.<\/li>\n<li>Kuivaa tasaisesti, jotta huivi s\u00e4ilyy muodoltaan ja rakenteeltaan.<\/li>\n<li>S\u00e4ilyt\u00e4 poissa suorista l\u00e4mm\u00f6nl\u00e4hteist\u00e4 laadun s\u00e4ilymisen varmistamiseksi.<\/li>\n<\/ul>\n<\/div>\n<\/div>\n<\/div>\n<\/div>\n","protected":false},"excerpt":{"rendered":"<p>Ota olohuoneesi haltuun Whisper Gray -neulotulla sohvahuivillamme: Pure Softness, joka on k\u00e4sity\u00f6n\u00e4 valmistettu antamaan l\u00e4mp\u00f6\u00e4 ja ainutlaatuista infuusiota p\u00e4ivitt\u00e4iseen oleskeluun.<\/p>\n","protected":false},"featured_media":4165,"comment_status":"open","ping_status":"closed","template":"","meta":[],"product_brand":[],"product_cat":[171],"product_tag":[808,809,816,806,804,805,812,807,815,814,817,813,811,753,810],"class_list":{"0":"post-4270","1":"product","2":"type-product","3":"status-publish","4":"has-post-thumbnail","6":"product_cat-sohvapeitto","7":"product_tag-herkka-neulottu-kuvio-huopa","8":"product_tag-hienostunut-sisustus","9":"product_tag-hienovarainen-kuvio-neulottu-heitto","10":"product_tag-hiljainen-ylellisyytta-sohvan-kansi","11":"product_tag-kuiskaus-harmaa-sohva-huivi","12":"product_tag-neulottu-eleganssi-heittaa","13":"product_tag-nykyaikainen-neulottu-huopa","14":"product_tag-pehmea-harmaa-sohva-heittaa","15":"product_tag-premium-neulottu-sohva-huivi","16":"product_tag-rauhallinen-sisustus-heittaa","17":"product_tag-reunuksin-koristeltu-harmaa-heittopeitto","18":"product_tag-suunnittelija-sohva-heittaa","19":"product_tag-tyylikas-neulottu-heitto-fi","20":"product_tag-tyylikas-sohvan-lisavaruste","21":"product_tag-vaaleanharmaa-neulottu-huivi","22":"product_shipping_class-valo","24":"first","25":"instock","26":"sale","27":"taxable","28":"shipping-taxable","29":"purchasable","30":"product-type-simple"},"shsp-ext":{"main":{},"variations":[]},"_links":{"self":[{"href":"https:\/\/www.ihmehalli.com\/fi\/wp-json\/wp\/v2\/product\/4270","targetHints":{"allow":["GET"]}}],"collection":[{"href":"https:\/\/www.ihmehalli.com\/fi\/wp-json\/wp\/v2\/product"}],"about":[{"href":"https:\/\/www.ihmehalli.com\/fi\/wp-json\/wp\/v2\/types\/product"}],"replies":[{"embeddable":true,"href":"https:\/\/www.ihmehalli.com\/fi\/wp-json\/wp\/v2\/comments?post=4270"}],"version-history":[{"count":0,"href":"https:\/\/www.ihmehalli.com\/fi\/wp-json\/wp\/v2\/product\/4270\/revisions"}],"wp:featuredmedia":[{"embeddable":true,"href":"https:\/\/www.ihmehalli.com\/fi\/wp-json\/wp\/v2\/media\/4165"}],"wp:attachment":[{"href":"https:\/\/www.ihmehalli.com\/fi\/wp-json\/wp\/v2\/media?parent=4270"}],"wp:term":[{"taxonomy":"product_brand","embeddable":true,"href":"https:\/\/www.ihmehalli.com\/fi\/wp-json\/wp\/v2\/product_brand?post=4270"},{"taxonomy":"product_cat","embeddable":true,"href":"https:\/\/www.ihmehalli.com\/fi\/wp-json\/wp\/v2\/product_cat?post=4270"},{"taxonomy":"product_tag","embeddable":true,"href":"https:\/\/www.ihmehalli.com\/fi\/wp-json\/wp\/v2\/product_tag?post=4270"}],"curies":[{"name":"wp","href":"https:\/\/api.w.org\/{rel}","templated":true}]}}