{"id":4348,"date":"2024-03-03T18:22:54","date_gmt":"2024-03-03T18:22:54","guid":{"rendered":"https:\/\/www.ihmehalli.com\/product\/blossom-harmony-patchwork-matto\/"},"modified":"2024-03-21T14:34:54","modified_gmt":"2024-03-21T14:34:54","slug":"blossom-harmony-patchwork-matto","status":"publish","type":"product","link":"https:\/\/www.ihmehalli.com\/fi\/tuote\/blossom-harmony-patchwork-matto\/","title":{"rendered":"Tyylik\u00e4s persialainen mosaiikkimatto &#8211; Timeless Decor &#8211; Ajaton sisustus"},"content":{"rendered":"<div class=\"boldgrid-section\">\n<div class=\"container\">\n<div class=\"row\">\n<div class=\"col-lg-12 col-md-12 col-xs-12 col-sm-12\">\n<h2 class=\"\"><strong>Tutustu rikastuttavaan tyylikk\u00e4\u00e4seen persialaiseen mosaiikkimattoon &#8211; Ajaton sisustus &#8211; Timeless Decor<\/strong><\/h2>\n<p class=\"\">Kutsu persialaisen historian olemus tiloihisi Elegant Persian Mosaic Rug &#8211; Timeless Decor -matolla. T\u00e4m\u00e4 120*180 cm:n kokoinen mestariteos edustaa rikkaita perinteit\u00e4 45 solmua\/tuuma -tiheydell\u00e4\u00e4n ja 60-vuotisella historiallaan. K\u00e4sintehty matto, jossa on kuuluisat Kerman-mallit, on maailmanlaajuisesti arvostettu erottuvuutensa ja ammattitaitonsa vuoksi. Se on valmistettu eritt\u00e4in ammattitaitoisella ja teknisell\u00e4 ahdistelutekniikalla, ja se on osoitus mattojen valmistuksen taidosta. Matto esittelee monimutkaisen sekoituksen Kermanista per\u00e4isin olevia kuvioita, jotka ovat maailmanlaajuisesti ja Iranissa tunnustettuja ainutlaatuisia ja hienoja kuvioita.<\/p>\n<h2 class=\"\"><strong>T\u00e4ydellinen yhdistelm\u00e4 eleganssia ja k\u00e4yt\u00e4nn\u00f6llisyytt\u00e4<\/strong><\/h2>\n<p class=\"\">Puuvillaloimella ja muhkealla villanipulla valmistettu Vintage Elegant Persian Mosaic Rug &#8211; Timeless Decor -matto on muutakin kuin pelkk\u00e4\u00e4 mukavuutta; se lupaa kest\u00e4v\u00e4\u00e4 laatua, joka kest\u00e4\u00e4 ajan testin. Se ei ole pelkk\u00e4 koriste-esine, vaan historiallinen sein\u00e4vaatekangas, joka tuo l\u00e4mp\u00f6\u00e4, ylellisyytt\u00e4 ja hyvinvointia asuintilaasi. T\u00e4m\u00e4n maton v\u00e4rit on her\u00e4tetty henkiin poikkeuksellisella tekniikalla, joka puhaltaa uutta el\u00e4m\u00e4\u00e4 vintage-tekstiileihin. T\u00e4m\u00e4 prosessi takaa, ett\u00e4 jokainen s\u00e4vy vangitsee el\u00e4v\u00e4sti sen rikkaan historian olemuksen ja tuo samalla esiin tuoreen, nykyaikaisen vetovoiman.<\/p>\n<h2 class=\"\"><strong>Asiantunteva ammattitaito takaa kest\u00e4v\u00e4n mukavuuden<\/strong><\/h2>\n<p class=\"\">Persialainen tilkkut\u00e4kkimatto on enemm\u00e4n kuin pelkk\u00e4 sisustuselementti; se symboloi iloa ja taiteellisuutta. Sen luomisessa k\u00e4ytetty eritt\u00e4in ammattitaitoinen ahdistustekniikka on osoitus jokaisen kudoksen omistautumisesta ja asiantuntemuksesta, ja siit\u00e4 syntyy monipuolinen aksentti, joka parantaa jokaista huonetta muodollaan ja toiminnallaan.<\/p>\n<h2 class=\"\"><strong>El\u00e4m\u00e4\u00e4si sopiva muotoilu<\/strong><\/h2>\n<p class=\"\">Persialainen mattomme sopii mihin tahansa sisustustyyliin. Sen monimutkainen eleganssi lis\u00e4\u00e4 hienostuneisuutta olohuoneeseen, kirjastoon tai toimistoon. Valitse t\u00e4m\u00e4 matto kohottamaan tunnelmaa ja tuomaan tilaan ripaus iranilaista perint\u00f6\u00e4.<\/p>\n<h2><strong>Tee se omaksi<\/strong><\/h2>\n<p class=\"\">Kunnioitamme yksil\u00f6llisen ilmaisun henke\u00e4. Siksi esittelemme sinulle maton, joka kuvastaa historiallista taiteellisuutta. Jokainen kappale, jossa on ainutlaatuinen sekoitus kuvioita ja ahdistunutta estetiikkaa, varmistaa, ett\u00e4 se vastaa henkil\u00f6kohtaista makuasi ja sisustusn\u00e4kemyst\u00e4si. Jos haluat r\u00e4\u00e4t\u00e4l\u00f6id\u00e4 maton\/maton br\u00e4ndisi, logosi, tyylisi ja makusi mukaan, t\u00e4yt\u00e4 lomake. <a href=\"https:\/\/www.ihmehalli.com\/customization\/\"><br \/>\n  <strong>T\u00c4ST\u00c4<\/strong><br \/>\n<\/a>.<\/p>\n<h2 class=\"\"><strong>Tarjoukset irtotavaroiden ostoihin<\/strong><\/h2>\n<p class=\"\">Harkitsetko useiden huoneiden parantamista ylellisill\u00e4 matoilla? Tarjoamme edullisia hintoja suuremmille hankinnoille. Ota meihin yhteytt\u00e4 osoitteessa&nbsp;info@ihmehalli.com&nbsp;saadaksesi valintojesi mukaan r\u00e4\u00e4t\u00e4l\u00f6idyn tarjouksen.<\/p>\n<h2><strong>Aitous on t\u00e4rke\u00e4\u00e4<\/strong><\/h2>\n<p class=\"\">Jokainen persialainen tilkkut\u00e4kkimatto on k\u00e4sin kudottu ja siin\u00e4 on antiikin tunnusmerkit. Hienovarainen vaihtelu osoittaa sen aitoutta, ja se lupaa ainutlaatuisen mestariteoksen kotiisi.<\/p>\n<h2 class=\"\"><strong>Hoitovinkkej\u00e4<\/strong><\/h2>\n<p class=\"\">S\u00e4ilyt\u00e4 mattosi majesteettinen vieh\u00e4tysvoima yksinkertaisella imuroinnilla ja pistem\u00e4isell\u00e4 puhdistuksella tarpeen mukaan &#8211; ei voimakkaita kemikaaleja tai veden upottamista. N\u00e4m\u00e4 yksinkertaiset hoito-ohjeet auttavat s\u00e4ilytt\u00e4m\u00e4\u00e4n sen historiallisen kauneuden ja ylellisen tunnun tuleville sukupolville.<\/p>\n<\/div>\n<\/div>\n<\/div>\n<\/div>\n","protected":false},"excerpt":{"rendered":"<p>Koristele kotiasi 120x180cm Elegant Persialainen mosaiikkimatto &#8211; Timeless Decor, el\u00e4v\u00e4 kunnianosoitus perinteiselle taiteellisuudelle, ajaton muotoilu, jolla on 60-vuotinen historia.<\/p>\n","protected":false},"featured_media":4308,"comment_status":"open","ping_status":"closed","template":"","meta":[],"product_brand":[],"product_cat":[153],"product_tag":[1829,1837,1841,1842,1839,1838,1830,1832,1840,1834,1833,1835,1828,1836,1831],"class_list":{"0":"post-4348","1":"product","2":"type-product","3":"status-publish","4":"has-post-thumbnail","6":"product_cat-mattoja","7":"product_tag-ajaton-sisustuskappale","8":"product_tag-antiikki-mosaiikki-suunnittelu","9":"product_tag-artisan-kudottu-matto","10":"product_tag-hieno-kangas-taideteos","11":"product_tag-hienostunut-kodin-aksentti","12":"product_tag-kasintehty-persialainen-matto","13":"product_tag-klassinen-kukkamatto","14":"product_tag-koristeellinen-mosaiikkikangas","15":"product_tag-kulttuuriperinto-matto","16":"product_tag-monimutkainen-kuviollinen-aluematto","17":"product_tag-perinteinen-persialainen-tekstiili","18":"product_tag-punainen-persialainen-matto","19":"product_tag-tyylikas-persialainen-mosaiikkimatto","20":"product_tag-vintage-tyyli-lattia-sisustus","21":"product_tag-ylellinen-itamainen-matto","22":"product_shipping_class-haevy-fi","24":"first","25":"instock","26":"sale","27":"taxable","28":"shipping-taxable","29":"purchasable","30":"product-type-simple"},"shsp-ext":{"main":{},"variations":[]},"_links":{"self":[{"href":"https:\/\/www.ihmehalli.com\/fi\/wp-json\/wp\/v2\/product\/4348","targetHints":{"allow":["GET"]}}],"collection":[{"href":"https:\/\/www.ihmehalli.com\/fi\/wp-json\/wp\/v2\/product"}],"about":[{"href":"https:\/\/www.ihmehalli.com\/fi\/wp-json\/wp\/v2\/types\/product"}],"replies":[{"embeddable":true,"href":"https:\/\/www.ihmehalli.com\/fi\/wp-json\/wp\/v2\/comments?post=4348"}],"version-history":[{"count":0,"href":"https:\/\/www.ihmehalli.com\/fi\/wp-json\/wp\/v2\/product\/4348\/revisions"}],"wp:featuredmedia":[{"embeddable":true,"href":"https:\/\/www.ihmehalli.com\/fi\/wp-json\/wp\/v2\/media\/4308"}],"wp:attachment":[{"href":"https:\/\/www.ihmehalli.com\/fi\/wp-json\/wp\/v2\/media?parent=4348"}],"wp:term":[{"taxonomy":"product_brand","embeddable":true,"href":"https:\/\/www.ihmehalli.com\/fi\/wp-json\/wp\/v2\/product_brand?post=4348"},{"taxonomy":"product_cat","embeddable":true,"href":"https:\/\/www.ihmehalli.com\/fi\/wp-json\/wp\/v2\/product_cat?post=4348"},{"taxonomy":"product_tag","embeddable":true,"href":"https:\/\/www.ihmehalli.com\/fi\/wp-json\/wp\/v2\/product_tag?post=4348"}],"curies":[{"name":"wp","href":"https:\/\/api.w.org\/{rel}","templated":true}]}}