{"id":4421,"date":"2024-03-03T19:27:08","date_gmt":"2024-03-03T19:27:08","guid":{"rendered":"https:\/\/www.ihmehalli.com\/product\/ethereal-elegance-kynttila\/"},"modified":"2024-03-09T00:18:16","modified_gmt":"2024-03-09T00:18:16","slug":"ethereal-elegance-kynttila","status":"publish","type":"product","link":"https:\/\/www.ihmehalli.com\/fi\/tuote\/ethereal-elegance-kynttila\/","title":{"rendered":"Romeo ja Julia yhteen kietoutuneet rakastavaiset kynttil\u00e4"},"content":{"rendered":"<div class=\"boldgrid-section\">\n<div class=\"container\">\n<div class=\"row\">\n<div class=\"col-lg-12 col-md-12 col-xs-12 col-sm-12\">\n<h2 class=\"\">Romeo ja Julia kietoutuneet rakastavaiset kynttil\u00e4n mestariteos paljastaminen<\/h2>\n<p class=\"\">Kynttil\u00e4 Romeo ja Julia, kietoutuneet rakastavaiset on runollinen kunnianosoitus Shakespearen kuuluisimman tragedian rakastavaisille. Kynttil\u00e4 on kooltaan 11 x 9 cm, ja se on upea teos, joka vangitsee Romeon ja Julian v\u00e4lisen hell\u00e4n hetken. Kynttil\u00e4 on valmistettu \u00e4\u00e4rimm\u00e4isen huolellisesti, ja siin\u00e4 on kuvattu toisiaan kohti kallistuneet rakastavaisten profiilit, joiden kasvot koskettavat toisiaan pehme\u00e4sti ja kuvastavat seesteisen l\u00e4heisyyden hetke\u00e4. Hienovarainen k\u00e4sity\u00f6 korostaa heid\u00e4n ilmeens\u00e4 hienovaraisia piirteit\u00e4, mik\u00e4 tekee t\u00e4st\u00e4 kynttil\u00e4st\u00e4 ainutlaatuisen taideteoksen, joka sytytt\u00e4\u00e4 rakkauden liekin kotisi hiljaisissa nurkissa. Se ei ole pelkk\u00e4 kynttil\u00e4, vaan rakkauden ikuisen liekin symboli, joka palaa kirkkaana l\u00e4pi aikojen.<\/p>\n<h2 class=\"\"><strong>K\u00e4sintehty eleganssi<\/strong><\/h2>\n<p class=\"\">Romeo ja Julia Intertwined Lovers -kynttil\u00e4mme on enemm\u00e4n kuin pelkk\u00e4 sisustus; Kynttil\u00e4nvalmistajamme kaatavat syd\u00e4mens\u00e4 jokaiseen vaiheeseen aina alkuper\u00e4isest\u00e4 luonnoksesta viimeiseen syd\u00e4nlankaan asti varmistaen, ett\u00e4 saamasi kynttil\u00e4t eiv\u00e4t ole vain tuotteita vaan sielun ja syd\u00e4men tekemi\u00e4 taideteoksia.<\/p>\n<h2 class=\"\"><strong>R\u00e4\u00e4t\u00e4l\u00f6intimahdollisuus &#8211; Lis\u00e4\u00e4 henkil\u00f6kohtainen kosketuksesi<\/strong><\/h2>\n<p class=\"\">Tunnustamme, ett\u00e4 jokaisella yksil\u00f6ll\u00e4 on ainutlaatuinen tyyli, joten tarjoamme r\u00e4\u00e4t\u00e4l\u00f6intivaihtoehtoja t\u00e4h\u00e4n kynttil\u00e4sarjaan. Valitse v\u00e4ri ja muoto, joka sopii tilasi kanssa yhteen klikkaamalla&nbsp;<strong><a href=\"https:\/\/www.ihmehalli.com\/customization\/\" target=\"_blank\" rel=\"noopener\">t\u00e4\u00e4ll\u00e4<\/a>.<\/strong><\/p>\n<h2 class=\"\"><strong>T\u00e4ydellinen kokouksiin ja lahjoihin<\/strong><\/h2>\n<p class=\"\">T\u00e4m\u00e4 setti sopii saumattomasti mihin tahansa ymp\u00e4rist\u00f6\u00f6n, olipa se sitten kodikkaan perheillallisen valaistus tai juhlallisen juhlan keskipiste. N\u00e4m\u00e4 kynttil\u00e4t on tehty huomaavaisiksi ja tyylikk\u00e4iksi lahjoiksi.<\/p>\n<h2 class=\"\"><strong>Suurtilaukset ja erikoistarjoukset<\/strong><\/h2>\n<p class=\"\">Oletko kiinnostunut useammasta kuin muutamasta? Tarjoamme erikoishintoja irtotilauksille. Ota yhteytt\u00e4 ja pyyd\u00e4 henkil\u00f6kohtainen tarjous, niin autamme sinua tekem\u00e4\u00e4n miellytt\u00e4v\u00e4mp\u00e4\u00e4 yhteisty\u00f6t\u00e4 alla olevan s\u00e4hk\u00f6postin v\u00e4lityksell\u00e4;<br \/>\ninfo@ihmehalli.com<\/p>\n<h2 class=\"\"><strong>Toimitus- ja tuotantoaikataulu<\/strong><\/h2>\n<p class=\"\">Koska jokainen kynttil\u00e4 valmistetaan huolellisesti k\u00e4sity\u00f6n\u00e4, pyyd\u00e4mme k\u00e4rsiv\u00e4llisyytt\u00e4. Olemme sitoutuneet tuottamaan huippuosaamista, vaikka se vaatisi hieman enemm\u00e4n aikaa. Joidenkin tilausten valmistus ja toimitus voi kest\u00e4\u00e4 jopa 1 kuukauden, jos niit\u00e4 ei ole t\u00e4ll\u00e4 hetkell\u00e4 varastossa. Ilmoitamme sinulle tarkan saapumisajankohdan s\u00e4hk\u00f6postitse, jos tuotetta ei ole varastossa, jotta pysyt ajan tasalla tilauksesi etenemisest\u00e4 ja varmistat, ett\u00e4 se on odottamisen arvoinen.<\/p>\n<h2 class=\"\"><strong>Ainutlaatuinen vahasekoituksemme ja kuvantaminen<\/strong><\/h2>\n<p class=\"\">K\u00e4sintehdyt kynttil\u00e4mme valmistetaan huolellisesti k\u00e4ytt\u00e4en ainutlaatuista parafiini- ja soijavahan sekoitusta, joka tarjoaa molempien maailmojen parhaat puolet.<br \/>\nVaikka pyrimme esittelem\u00e4\u00e4n kynttil\u00e4mme tarkasti digitaalisilla alustoillamme, pieni\u00e4 vaihteluita voi esiinty\u00e4 n\u00e4yt\u00f6n eroavaisuuksien vuoksi. Voit olla varma, ett\u00e4 kynttil\u00f6idemme laatu ja v\u00e4riloisto miellytt\u00e4v\u00e4t sinua henkil\u00f6kohtaisesti.<\/p>\n<h2 class=\"\"><strong>K\u00e4ytt\u00f6- ja turvallisuusohjeet<\/strong><\/h2>\n<p class=\"\">-Aseta kynttil\u00e4 aina kuumuutta kest\u00e4v\u00e4lle pinnalle, pois syttyvien materiaalien l\u00e4heisyydest\u00e4 ja lasten ja lemmikkiel\u00e4inten ulottumattomissa.<\/p>\n<p class=\"\">-\u00c4l\u00e4 koskaan j\u00e4t\u00e4 palavaa kynttil\u00e4\u00e4 ilman valvontaa ja varmista, ett\u00e4 se on sammutettu kokonaan ennen huoneesta poistumista tai nukkumaanmenoa.<\/p>\n<p class=\"\">-\u00c4l\u00e4 siirr\u00e4 kynttil\u00e4\u00e4 sen palaessa tai vahan ollessa viel\u00e4 kuumaa, jotta v\u00e4lt\u00e4t roiskeet ja onnettomuudet.<\/p>\n<p class=\"\">-Poista t\u00e4ytteet ennen kynttil\u00e4nvarren sytytt\u00e4mist\u00e4.<\/p>\n<\/div>\n<\/div>\n<\/div>\n<\/div>\n","protected":false},"excerpt":{"rendered":"<p>Juhli ajatonta romantiikkaa 11&#215;9 cm kokoisella Romeo ja Julia kietoutuneet rakastavaiset -kynttil\u00e4ll\u00e4, joka vangitsee ikuisen rakkauden olemuksen kauniisti veistettyyn muotoiluun.<\/p>\n","protected":false},"featured_media":4367,"comment_status":"open","ping_status":"closed","template":"","meta":[],"product_brand":[],"product_cat":[162],"product_tag":[512,530,531,532,534,527,526,528,529,533],"class_list":{"0":"post-4421","1":"product","2":"type-product","3":"status-publish","4":"has-post-thumbnail","6":"product_cat-kynttila","7":"product_tag-ainutlaatuinen-kynttilataide","8":"product_tag-intiimi-kodin-aksentti","9":"product_tag-kirjallisuuden-inspiroima-kynttila","10":"product_tag-klassinen-romanssi-kynttila","11":"product_tag-lovers-embrace-kynttila","12":"product_tag-romanttinen-sisustus-kynttila","13":"product_tag-romeo-ja-julia-kynttila","14":"product_tag-sculpted-love-kynttila","15":"product_tag-shakespearen-teemalla-sisustus","16":"product_tag-taiteellinen-kynttilasuunnittelu","17":"product_shipping_class-valo","19":"first","20":"instock","21":"sale","22":"taxable","23":"shipping-taxable","24":"purchasable","25":"product-type-simple"},"shsp-ext":{"main":{},"variations":[]},"_links":{"self":[{"href":"https:\/\/www.ihmehalli.com\/fi\/wp-json\/wp\/v2\/product\/4421","targetHints":{"allow":["GET"]}}],"collection":[{"href":"https:\/\/www.ihmehalli.com\/fi\/wp-json\/wp\/v2\/product"}],"about":[{"href":"https:\/\/www.ihmehalli.com\/fi\/wp-json\/wp\/v2\/types\/product"}],"replies":[{"embeddable":true,"href":"https:\/\/www.ihmehalli.com\/fi\/wp-json\/wp\/v2\/comments?post=4421"}],"version-history":[{"count":0,"href":"https:\/\/www.ihmehalli.com\/fi\/wp-json\/wp\/v2\/product\/4421\/revisions"}],"wp:featuredmedia":[{"embeddable":true,"href":"https:\/\/www.ihmehalli.com\/fi\/wp-json\/wp\/v2\/media\/4367"}],"wp:attachment":[{"href":"https:\/\/www.ihmehalli.com\/fi\/wp-json\/wp\/v2\/media?parent=4421"}],"wp:term":[{"taxonomy":"product_brand","embeddable":true,"href":"https:\/\/www.ihmehalli.com\/fi\/wp-json\/wp\/v2\/product_brand?post=4421"},{"taxonomy":"product_cat","embeddable":true,"href":"https:\/\/www.ihmehalli.com\/fi\/wp-json\/wp\/v2\/product_cat?post=4421"},{"taxonomy":"product_tag","embeddable":true,"href":"https:\/\/www.ihmehalli.com\/fi\/wp-json\/wp\/v2\/product_tag?post=4421"}],"curies":[{"name":"wp","href":"https:\/\/api.w.org\/{rel}","templated":true}]}}