{"id":4449,"date":"2024-03-03T20:13:55","date_gmt":"2024-03-03T20:13:55","guid":{"rendered":"https:\/\/www.ihmehalli.com\/product\/elegance-trio\/"},"modified":"2024-03-08T22:46:37","modified_gmt":"2024-03-08T22:46:37","slug":"elegance-trio","status":"publish","type":"product","link":"https:\/\/www.ihmehalli.com\/fi\/tuote\/elegance-trio\/","title":{"rendered":"Tyylik\u00e4s trio kuvioitu Designer-kynttil\u00f6iden sarja"},"content":{"rendered":"<div class=\"boldgrid-section\">\n<div class=\"container\">\n<div class=\"row\">\n<div class=\"col-lg-12 col-md-12 col-xs-12 col-sm-12\">\n<h2 class=\"\">Teksturoitujen suunnittelijoiden kynttil\u00f6iden tyylikk\u00e4\u00e4n kolmikon paljastaminen asettaa mestariteoksen mestariteos<\/h2>\n<p class=\"\">Chic Trio of Textured Designer -kynttil\u00e4sarja on hienostuneisuuden ja k\u00e4sity\u00f6taidon ruumiillistuma. Sarjassa on kolme kynttil\u00e4\u00e4, joista kukin seisoo korkeana, ja niiden korkeus on 20 cm kuvioidun ja aaltoilevan mallin osalta ja 23 cm tyylikk\u00e4\u00e4n pitk\u00e4nomaisen kappaleen osalta. N\u00e4iden kynttil\u00f6iden huolellisesti muotoillut tekstuurit heitt\u00e4v\u00e4t lumoavia varjoja, jotka lis\u00e4\u00e4v\u00e4t sisustukseen rauhallisuuden auraa. Lempe\u00e4t aaltoilut ja yksityiskohtaiset kuviot ovat osoitus niiden luomiseen k\u00e4ytetyst\u00e4 huolellisesta harkinnasta. N\u00e4m\u00e4 kynttil\u00e4t eiv\u00e4t ole vain pehme\u00e4n, v\u00e4lkkyv\u00e4n valon l\u00e4hde, vaan my\u00f6s esteettisen tyylin ilmentym\u00e4, joka voi korostaa mit\u00e4 tahansa huonetta. Niiden muotoilun harmonia tekee niist\u00e4 olennaisen elementin seesteisen ja kutsuvan ilmapiirin luomisessa.<\/p>\n<h2 class=\"\"><strong>K\u00e4sintehty eleganssi<\/strong><\/h2>\n<p class=\"\">Chic Trio of Textured Designer Candles Set on enemm\u00e4n kuin pelkk\u00e4\u00e4 sisustusta; alkuper\u00e4isest\u00e4 luonnoksesta lopulliseen langan sijoitteluun, kynttil\u00e4nvalmistajamme kaatavat syd\u00e4mens\u00e4 jokaiseen vaiheeseen varmistaen, ett\u00e4 saamasi kynttil\u00e4t eiv\u00e4t ole vain tuotteita vaan sielun ja syd\u00e4men tekemi\u00e4 taideteoksia.<\/p>\n<h2 class=\"\"><strong>R\u00e4\u00e4t\u00e4l\u00f6intimahdollisuus &#8211; Lis\u00e4\u00e4 henkil\u00f6kohtainen kosketuksesi<\/strong><\/h2>\n<p class=\"\">Tunnustamme, ett\u00e4 jokaisella yksil\u00f6ll\u00e4 on ainutlaatuinen tyyli, joten tarjoamme r\u00e4\u00e4t\u00e4l\u00f6intivaihtoehtoja t\u00e4h\u00e4n kynttil\u00e4sarjaan. Valitse v\u00e4ri ja muoto, joka sopii tilasi kanssa yhteen klikkaamalla&nbsp;<strong><a href=\"https:\/\/www.ihmehalli.com\/customization\/\" target=\"_blank\" rel=\"noopener\">t\u00e4\u00e4ll\u00e4<\/a>.<\/strong><\/p>\n<h2 class=\"\"><strong>T\u00e4ydellinen kokouksiin ja lahjoihin<\/strong><\/h2>\n<p class=\"\">T\u00e4m\u00e4 setti sopii saumattomasti mihin tahansa ymp\u00e4rist\u00f6\u00f6n, olipa se sitten kodikkaan perheillallisen valaistus tai juhlallisen juhlan keskipiste. N\u00e4m\u00e4 kynttil\u00e4t on tehty huomaavaisiksi ja tyylikk\u00e4iksi lahjoiksi.<\/p>\n<h2 class=\"\"><strong>Suurtilaukset ja erikoistarjoukset<\/strong><\/h2>\n<p class=\"\">Oletko kiinnostunut useammasta kuin muutamasta? Tarjoamme erikoishintoja irtotilauksille. Ota yhteytt\u00e4 ja pyyd\u00e4 henkil\u00f6kohtainen tarjous, niin autamme sinua tekem\u00e4\u00e4n miellytt\u00e4v\u00e4mp\u00e4\u00e4 yhteisty\u00f6t\u00e4 alla olevan s\u00e4hk\u00f6postin v\u00e4lityksell\u00e4;<br \/>\ninfo@ihmehalli.com<\/p>\n<h2 class=\"\"><strong>Toimitus- ja tuotantoaikataulu<\/strong><\/h2>\n<p class=\"\">Koska jokainen kynttil\u00e4 valmistetaan huolellisesti k\u00e4sity\u00f6n\u00e4, pyyd\u00e4mme k\u00e4rsiv\u00e4llisyytt\u00e4. Olemme sitoutuneet tuottamaan huippuosaamista, vaikka se vaatisi hieman enemm\u00e4n aikaa. Joidenkin tilausten valmistus ja toimitus voi kest\u00e4\u00e4 jopa 1 kuukauden, jos niit\u00e4 ei ole t\u00e4ll\u00e4 hetkell\u00e4 varastossa. Ilmoitamme sinulle tarkan saapumisajankohdan s\u00e4hk\u00f6postitse, jos tuotetta ei ole varastossa, jotta pysyt ajan tasalla tilauksesi etenemisest\u00e4 ja varmistat, ett\u00e4 se on odottamisen arvoinen.<\/p>\n<h2 class=\"\"><strong>Ainutlaatuinen vahasekoituksemme ja kuvantaminen<\/strong><\/h2>\n<p class=\"\">K\u00e4sintehdyt kynttil\u00e4mme valmistetaan huolellisesti k\u00e4ytt\u00e4en ainutlaatuista parafiini- ja soijavahan sekoitusta, joka tarjoaa molempien maailmojen parhaat puolet.<br \/>\nVaikka pyrimme esittelem\u00e4\u00e4n kynttil\u00e4mme tarkasti digitaalisilla alustoillamme, pieni\u00e4 vaihteluita voi esiinty\u00e4 n\u00e4yt\u00f6n eroavaisuuksien vuoksi. Voit olla varma, ett\u00e4 kynttil\u00f6idemme laatu ja v\u00e4riloisto miellytt\u00e4v\u00e4t sinua henkil\u00f6kohtaisesti.<\/p>\n<h2 class=\"\"><strong>K\u00e4ytt\u00f6- ja turvallisuusohjeet<\/strong><\/h2>\n<p class=\"\">-Aseta kynttil\u00e4 aina kuumuutta kest\u00e4v\u00e4lle pinnalle, pois syttyvien materiaalien l\u00e4heisyydest\u00e4 ja lasten ja lemmikkiel\u00e4inten ulottumattomissa.<\/p>\n<p class=\"\">-\u00c4l\u00e4 koskaan j\u00e4t\u00e4 palavaa kynttil\u00e4\u00e4 ilman valvontaa ja varmista, ett\u00e4 se on sammutettu kokonaan ennen huoneesta poistumista tai nukkumaanmenoa.<\/p>\n<p class=\"\">-\u00c4l\u00e4 siirr\u00e4 kynttil\u00e4\u00e4 sen palaessa tai vahan ollessa viel\u00e4 kuumaa, jotta v\u00e4lt\u00e4t roiskeet ja onnettomuudet.<\/p>\n<p class=\"\">-Poista t\u00e4ytteet ennen kynttil\u00e4nvarren sytytt\u00e4mist\u00e4.<\/p>\n<\/div>\n<\/div>\n<\/div>\n<\/div>\n","protected":false},"excerpt":{"rendered":"<p>Korosta kotiasi Chic Trio of Textured Designer Candles Setill\u00e4. Nauti 20 cm ja 23 cm korkeiden k\u00e4sity\u00f6kynttil\u00f6iden ylellisyydest\u00e4 ja ainutlaatuisista malleista.<\/p>\n","protected":false},"featured_media":4383,"comment_status":"open","ping_status":"closed","template":"","meta":[],"product_brand":[],"product_cat":[162],"product_tag":[484,483,485,445,480,482,203,481,486,479],"class_list":{"0":"post-4449","1":"product","2":"type-product","3":"status-publish","4":"has-post-thumbnail","6":"product_cat-kynttila","7":"product_tag-ainutlaatuiset-kynttilan-muodot","8":"product_tag-hienostunut-valaistus","9":"product_tag-kodin-sisustus-kynttila-art","10":"product_tag-koristeellinen-kynttilakolmikko","11":"product_tag-kuvioitu-kynttilapaketti","12":"product_tag-moderni-kodin-aksentti","13":"product_tag-suunnittelija-kynttila-setti","14":"product_tag-taiteellinen-kynttilakokoelma","15":"product_tag-tyylikas-kynttilakokonaisuus","16":"product_tag-tyylikas-sisustus-kynttilat","17":"product_shipping_class-valo","19":"first","20":"instock","21":"sale","22":"taxable","23":"shipping-taxable","24":"purchasable","25":"product-type-simple"},"shsp-ext":{"main":{},"variations":[]},"_links":{"self":[{"href":"https:\/\/www.ihmehalli.com\/fi\/wp-json\/wp\/v2\/product\/4449","targetHints":{"allow":["GET"]}}],"collection":[{"href":"https:\/\/www.ihmehalli.com\/fi\/wp-json\/wp\/v2\/product"}],"about":[{"href":"https:\/\/www.ihmehalli.com\/fi\/wp-json\/wp\/v2\/types\/product"}],"replies":[{"embeddable":true,"href":"https:\/\/www.ihmehalli.com\/fi\/wp-json\/wp\/v2\/comments?post=4449"}],"version-history":[{"count":0,"href":"https:\/\/www.ihmehalli.com\/fi\/wp-json\/wp\/v2\/product\/4449\/revisions"}],"wp:featuredmedia":[{"embeddable":true,"href":"https:\/\/www.ihmehalli.com\/fi\/wp-json\/wp\/v2\/media\/4383"}],"wp:attachment":[{"href":"https:\/\/www.ihmehalli.com\/fi\/wp-json\/wp\/v2\/media?parent=4449"}],"wp:term":[{"taxonomy":"product_brand","embeddable":true,"href":"https:\/\/www.ihmehalli.com\/fi\/wp-json\/wp\/v2\/product_brand?post=4449"},{"taxonomy":"product_cat","embeddable":true,"href":"https:\/\/www.ihmehalli.com\/fi\/wp-json\/wp\/v2\/product_cat?post=4449"},{"taxonomy":"product_tag","embeddable":true,"href":"https:\/\/www.ihmehalli.com\/fi\/wp-json\/wp\/v2\/product_tag?post=4449"}],"curies":[{"name":"wp","href":"https:\/\/api.w.org\/{rel}","templated":true}]}}