{"id":4510,"date":"2024-03-04T08:09:49","date_gmt":"2024-03-04T08:09:49","guid":{"rendered":"https:\/\/www.ihmehalli.com\/product\/valoisa-eleganssi\/"},"modified":"2024-03-22T23:04:42","modified_gmt":"2024-03-22T23:04:42","slug":"valoisa-eleganssi","status":"publish","type":"product","link":"https:\/\/www.ihmehalli.com\/fi\/tuote\/valoisa-eleganssi\/","title":{"rendered":"Mukautettava Radiant Vase Lightbox Wall-Art"},"content":{"rendered":"<div class=\"boldgrid-section\">\n<div class=\"container\">\n<div class=\"row\">\n<div class=\"col-lg-12 col-md-12 col-xs-12 col-sm-12\">\n<div class=\"flex-1 overflow-hidden\">\n<div class=\"react-scroll-to-bottom--css-riqyc-79elbk h-full\">\n<div class=\"react-scroll-to-bottom--css-riqyc-1n7m0yu\">\n<div class=\"flex flex-col text-sm pb-9\">\n<div class=\"w-full text-token-text-primary\" data-testid=\"conversation-turn-71\">\n<div class=\"px-4 py-2 justify-center text-base md:gap-6 m-auto\">\n<div class=\"flex flex-1 text-base mx-auto gap-3 md:px-5 lg:px-1 xl:px-5 md:max-w-3xl lg:max-w-[40rem] xl:max-w-[48rem] group final-completion\">\n<div class=\"relative flex w-full flex-col agent-turn\">\n<div class=\"flex-col gap-1 md:gap-3\">\n<div class=\"flex flex-grow flex-col max-w-full\">\n<div data-message-author-role=\"assistant\" data-message-id=\"c5d4f147-528b-4090-89bb-facb85d2ff79\" class=\"min-h-[20px] text-message flex flex-col items-start gap-3 whitespace-pre-wrap break-words [.text-message+&amp;]:mt-5 overflow-x-auto\">\n<div class=\"markdown prose w-full break-words dark:prose-invert light\">\n<h2 class=\"\"><strong>Valaise kotisi mukautettavalla Radiant Vase Lightbox Wall-Art -valolaatikolla<\/strong><\/h2>\n<p class=\"\">Tuo sisustukseesi erottuva elementti mukautettavalla Radiant Vase Lightbox Wall-Art -valolaatikolla. Asiantuntevasti valmistettu korkealaatuisesta MDF-levyst\u00e4 ja kooltaan 90 x 40 senttimetri\u00e4, t\u00e4m\u00e4 pala yhdist\u00e4\u00e4 taidokkaasti hienovaraisen muotoilun ja l\u00e4mpim\u00e4n valaistuksen luoden viihtyis\u00e4n ilmapiirin mihin tahansa huoneeseen. T\u00e4m\u00e4n taideteoksen runko, jota koristavat hienostuneet mikrosementtikuviot, huokuu hillitty\u00e4 eleganssia. Integroitu valaistus korostaa maljakon herkki\u00e4 \u00e4\u00e4riviivoja ja luo pehme\u00e4n, kutsuvan hehkun, joka parantaa asuintilasi tunnelmaa.<\/p>\n<h2 class=\"\"><strong>Henkil\u00f6kohtaistamisen kankaalle<\/strong><\/h2>\n<p class=\"\">Hyv\u00e4ksy joustavuus, jonka avulla voit mukauttaa t\u00e4m\u00e4n kappaleen mieleiseksesi. Riippumatta siit\u00e4, haluatko lis\u00e4t\u00e4 peilin lis\u00e4toiminnallisuutta tai r\u00e4\u00e4t\u00e4l\u00f6id\u00e4 muotoilun tyyliisi sopivaksi, t\u00e4m\u00e4 valolaatikko on monipuolinen ja sopii sisustuskertomukseesi.<\/p>\n<h2><strong>Elegantti ja monipuolinen lausunto<\/strong><\/h2>\n<p class=\"\">T\u00e4m\u00e4 teos on ihanteellinen niille, jotka arvostavat sek\u00e4 taiteellisuutta ett\u00e4 yksil\u00f6llist\u00e4 ilmaisua, ja se ylitt\u00e4\u00e4 perinteisen sein\u00e4taiteen rajat. Sen muokattavat ominaisuudet tekev\u00e4t siit\u00e4 t\u00e4ydellisesti sopivan niille, jotka haluavat lis\u00e4t\u00e4 kotiinsa tai toimistoonsa persoonallisen ilmeen.<\/p>\n<h2 class=\"\"><strong>Saumaton integrointi, vaikuttava vaikutus<\/strong><\/h2>\n<p class=\"\">T\u00e4m\u00e4 muokattavissa oleva Radiant Vase Lightbox Wall-Art sulautuu saumattomasti olemassa olevaan sisustukseen ja erottuu samalla taiteellisena kannanottona. Helppo asentaa ja viel\u00e4 helpompi nauttia, se tarjoaa tasapainon kauneuden ja k\u00e4yt\u00e4nn\u00f6llisyyden v\u00e4lill\u00e4.<\/p>\n<h2 class=\"\"><strong>Yll\u00e4pid\u00e4 helposti pysyv\u00e4\u00e4 kauneutta varten<\/strong><\/h2>\n<p class=\"\">Mukautettavan Radiant Vase Lightbox Wall-Art -taideteoksen hoitaminen on vaivatonta. S\u00e4\u00e4nn\u00f6llinen p\u00f6lytt\u00e4minen s\u00e4ilytt\u00e4\u00e4 mikrosementin rakenteen ja valaistuksen kiehtovan vaikutuksen, mik\u00e4 takaa kest\u00e4v\u00e4n vieh\u00e4tyksen ja nautinnon.<\/p>\n<\/div>\n<\/div>\n<\/div>\n<div class=\"pr-2 lg:pr-0\">\n<h2 class=\"\"><strong>R\u00e4\u00e4t\u00e4l\u00f6ity\u00e4 k\u00e4sity\u00f6t\u00e4 vastaamaan tyyli\u00e4si<\/strong><\/h2>\n<p class=\"\">Sitoutumisemme personointiin tarkoittaa, ett\u00e4 voit r\u00e4\u00e4t\u00e4l\u00f6id\u00e4 koon, v\u00e4rin ja muotoiluelementit t\u00e4ydellisesti sisustukseesi ja mieltymyksiisi sopiviksi. T\u00e4m\u00e4 r\u00e4\u00e4t\u00e4l\u00f6it\u00e4viss\u00e4 oleva Radiant Vase Lightbox Wall-Art ei ole pelkk\u00e4 ostos; se on r\u00e4\u00e4t\u00e4l\u00f6ity lis\u00e4 kotiisi. Kaikenlainen teksti, muodot, tekstuurit, v\u00e4rit ja mallit ovat toteutettavissa halusi mukaan napsauttamalla painiketta <span style=\"text-decoration: underline;\"><br \/>\n  <strong><a href=\"https:\/\/www.ihmehalli.com\/customization\/\" target=\"_blank\" rel=\"noopener\">t\u00e4st\u00e4<\/a>.<\/strong><br \/>\n<\/span><\/p>\n<h2 class=\"\"><strong>Eksklusiivisia tarjouksia irtotilauksista<\/strong><\/h2>\n<p class=\"\">Etsitk\u00f6 useiden tilojen sisustamista? Tarjoamme erikoisalennuksia irtotavaran ostoista. Ota yhteytt\u00e4 meihin osoitteessa <a target=\"_new\" rel=\"noopener\">info@ihmehalli.com<\/a> saadaksesi r\u00e4\u00e4t\u00e4l\u00f6idyn tarjouksen, joka sopii irtotavaran ostotarpeisiisi.&nbsp;<\/p>\n<\/div>\n<\/div>\n<\/div>\n<\/div>\n<\/div>\n<\/div>\n<\/div>\n<\/div>\n<\/div>\n<\/div>\n<div class=\"w-full pt-2 md:pt-0 dark:border-white\/20 md:border-transparent md:dark:border-transparent md:w-[calc(100%-.5rem)]\">\n<form class=\"stretch mx-2 flex flex-row gap-3 last:mb-2 md:mx-4 md:last:mb-6 lg:mx-auto lg:max-w-2xl xl:max-w-3xl\">\n<div class=\"relative flex h-full flex-1 flex-col\">\n<div class=\"absolute bottom-full left-0 right-0\"><\/div>\n<div class=\"flex w-full items-center\">\n<div class=\"overflow-hidden [&amp;:has(textarea:focus)]:border-token-border-xheavy [&amp;:has(textarea:focus)]:shadow-[0_2px_6px_rgba(0,0,0,.05)] flex flex-col w-full flex-grow relative border dark:text-white rounded-2xl bg-token-main-surface-primary border-token-border-medium\">\n<div data-grammarly-part=\"button\">\n<div>\n<div>\n<div class=\"amkYk\">\n<div>\n<div class=\"ptGJG\"><\/div>\n<\/div>\n<\/div>\n<\/div>\n<\/div>\n<\/div>\n<\/div>\n<\/div>\n<\/div>\n<\/form>\n<\/div>\n<\/div>\n<\/div>\n<\/div>\n<\/div>\n","protected":false},"excerpt":{"rendered":"<p>Korosta tilasi mukautettavalla Radiant Vase Lightbox Wall-Art -taideteoksella, joka on ainutlaatuinen teos, jossa on herkki\u00e4 mikrosementtimalleja ja lumoavia valaistustehosteita.<\/p>\n","protected":false},"featured_media":4508,"comment_status":"open","ping_status":"closed","template":"","meta":[],"product_brand":[],"product_cat":[152],"product_tag":[2457,2459,2460,2466,2461,2463,2464,2458,2454,2462,2465,2453,2456,2455],"class_list":{"0":"post-4510","1":"product","2":"type-product","3":"status-publish","4":"has-post-thumbnail","6":"product_cat-3d-seinakoristeet-ja-kehykset","7":"product_tag-ainutlaatuinen-maljakko-seinavalaistus","8":"product_tag-ambient-wall-art-fi","9":"product_tag-contemporary-light-art-fi","10":"product_tag-elegantti-koti-valo-taideteos","11":"product_tag-glow-art-sisustus","12":"product_tag-koristeellinen-maljakko-valaistus","13":"product_tag-lammin-valo-seinaveistos","14":"product_tag-moderni-taide-valaisin","15":"product_tag-mukautettava-sisustus","16":"product_tag-mukautettu-valolaatikon-suunnittelu","17":"product_tag-raataloity-lightbox-creation","18":"product_tag-sateileva-maljakko-lightbox-art","19":"product_tag-taiteellinen-maljakko-siluetti","20":"product_tag-valaistu-veistoksellinen-valolaatikko","22":"first","23":"instock","24":"sale","25":"taxable","26":"shipping-taxable","27":"purchasable","28":"product-type-simple"},"shsp-ext":{"main":{},"variations":[]},"_links":{"self":[{"href":"https:\/\/www.ihmehalli.com\/fi\/wp-json\/wp\/v2\/product\/4510","targetHints":{"allow":["GET"]}}],"collection":[{"href":"https:\/\/www.ihmehalli.com\/fi\/wp-json\/wp\/v2\/product"}],"about":[{"href":"https:\/\/www.ihmehalli.com\/fi\/wp-json\/wp\/v2\/types\/product"}],"replies":[{"embeddable":true,"href":"https:\/\/www.ihmehalli.com\/fi\/wp-json\/wp\/v2\/comments?post=4510"}],"version-history":[{"count":0,"href":"https:\/\/www.ihmehalli.com\/fi\/wp-json\/wp\/v2\/product\/4510\/revisions"}],"wp:featuredmedia":[{"embeddable":true,"href":"https:\/\/www.ihmehalli.com\/fi\/wp-json\/wp\/v2\/media\/4508"}],"wp:attachment":[{"href":"https:\/\/www.ihmehalli.com\/fi\/wp-json\/wp\/v2\/media?parent=4510"}],"wp:term":[{"taxonomy":"product_brand","embeddable":true,"href":"https:\/\/www.ihmehalli.com\/fi\/wp-json\/wp\/v2\/product_brand?post=4510"},{"taxonomy":"product_cat","embeddable":true,"href":"https:\/\/www.ihmehalli.com\/fi\/wp-json\/wp\/v2\/product_cat?post=4510"},{"taxonomy":"product_tag","embeddable":true,"href":"https:\/\/www.ihmehalli.com\/fi\/wp-json\/wp\/v2\/product_tag?post=4510"}],"curies":[{"name":"wp","href":"https:\/\/api.w.org\/{rel}","templated":true}]}}