{"id":4528,"date":"2024-03-04T08:14:32","date_gmt":"2024-03-04T08:14:32","guid":{"rendered":"https:\/\/www.ihmehalli.com\/product\/luonnon-harmonia\/"},"modified":"2024-03-22T23:32:08","modified_gmt":"2024-03-22T23:32:08","slug":"luonnon-harmonia","status":"publish","type":"product","link":"https:\/\/www.ihmehalli.com\/fi\/tuote\/luonnon-harmonia\/","title":{"rendered":"Luonnon Serenadi Patina Floral Wall Art"},"content":{"rendered":"<div class=\"boldgrid-section\">\n<div class=\"container\">\n<div class=\"row\">\n<div class=\"col-lg-12 col-md-12 col-xs-12 col-sm-12\">\n<h2 class=\"\"><strong>Syleile luonnon Serenade Patina Floral Wall Art -sein\u00e4taide<\/strong><\/h2>\n<p class=\"\">Esittelyss\u00e4 Nature&#8217;s Serenade Patina Floral Wall Art, seesteinen kuvaus luonnon harmoniasta. Kukkien ja lintujen herkk\u00e4 tanssi, joka on vangittu t\u00e4h\u00e4n upeaan teokseen, tuo rauhoittavaa tunnelmaa kotiisi. Rikkaaseen puukehykseen koteloituna se huokuu hienostunutta eleganssia. T\u00e4m\u00e4 patinoitunut taideteos tuo hienovaraisilla s\u00e4vyill\u00e4\u00e4n ja lempeill\u00e4 \u00e4\u00e4riviivoillaan ajattoman kauneuden tilaan. K\u00e4sity\u00f6n\u00e4 valmistetut yksityiskohdat kukoistavat kankaalla ja tarjoavat visuaalisen runon rauhallisuudesta, joka t\u00e4ydent\u00e4\u00e4 mit\u00e4 tahansa huonetta.<\/p>\n<h2><strong>Hienostunut k\u00e4sity\u00f6taito<\/strong><\/h2>\n<p class=\"\">Ihaile patinatekniikan taiteellisuutta, joka vanhentaa taideteoksen t\u00e4ydelliseksi. Korotettujen lukujen kultaiset aksentit heijastavat valoa ja korostavat hienoa k\u00e4sity\u00f6taitoa, joka on k\u00e4ytetty t\u00e4m\u00e4n teoksen luomiseen.<\/p>\n<h2 class=\"\"><strong>Monipuolinen ja harmoninen sisustus<\/strong><\/h2>\n<p class=\"\">T\u00e4ydellinen kutsuvaan olohuoneeseen tai rauhalliseen makuuhuoneeseen, Nature&#8217;s Serenade Patina Wall Art sopii erilaisiin sisustustyyleihin. Sen luonnollinen teema ja hienostunut kehys korostavat sein\u00e4\u00e4, jota se koristaa.<\/p>\n<h2 class=\"\"><strong>S\u00e4ilyt\u00e4 eleganssin ydin<\/strong><\/h2>\n<p class=\"\">Jotta taideteoksen vieh\u00e4tysvoima s\u00e4ilyisi, k\u00e4sittele sit\u00e4 varovasti ja puhdista varovasti, jotta sen herkk\u00e4 patinapinta s\u00e4ilyy. T\u00e4m\u00e4 yksinkertainen hoito takaa, ett\u00e4 esine pysyy tyylikk\u00e4\u00e4n\u00e4 ja tyylikk\u00e4\u00e4n\u00e4 tulevina vuosina.<\/p>\n<p class=\"\">Anna Nature&#8217;s Serenade Patina Floral Wall Art -sein\u00e4taiteen muuttaa kotisi seesteisen kauneuden ja hienostuneen muotoilun tilaksi, jossa jokainen katse on muistutus luonnon rauhasta ja taiteellisuudesta.<\/p>\n<h2 class=\"\"><strong>R\u00e4\u00e4t\u00e4l\u00f6ity\u00e4 k\u00e4sity\u00f6t\u00e4 vastaamaan tyyli\u00e4si<\/strong><\/h2>\n<p class=\"\">Sitoutumisemme personointiin tarkoittaa, ett\u00e4 voit r\u00e4\u00e4t\u00e4l\u00f6id\u00e4 koon, v\u00e4rin ja muotoiluelementit t\u00e4ydellisesti sisustukseesi ja mieltymyksiisi sopiviksi. T\u00e4m\u00e4 Nature&#8217;s Serenade Patina Floral -sein\u00e4taide ei ole pelkk\u00e4 ostos; se on r\u00e4\u00e4t\u00e4l\u00f6ity lis\u00e4 kotiisi. Kaikenlainen teksti, muodot, tekstuurit, v\u00e4rit ja mallit ovat toteutettavissa halusi mukaan napsauttamalla painiketta <span style=\"text-decoration: underline;\"><br \/>\n  <strong><a href=\"https:\/\/www.ihmehalli.com\/customization\/\" target=\"_blank\" rel=\"noopener\">t\u00e4st\u00e4<\/a>.<\/strong><br \/>\n<\/span><\/p>\n<h2 class=\"\"><strong>Eksklusiivisia tarjouksia irtotilauksista<\/strong><\/h2>\n<p class=\"\">Etsitk\u00f6 useiden tilojen sisustamista? Tarjoamme erikoisalennuksia irtotavaran ostoista. Ota yhteytt\u00e4 meihin osoitteessa <a target=\"_new\" rel=\"noopener\">info@ihmehalli.com<\/a> saadaksesi r\u00e4\u00e4t\u00e4l\u00f6idyn tarjouksen, joka sopii irtotavaran ostotarpeisiisi.&nbsp;<\/p>\n<\/div>\n<\/div>\n<\/div>\n<\/div>\n","protected":false},"excerpt":{"rendered":"<p>Luo eleganssia luonnon Serenade Patina Floral Wall Art -sein\u00e4taideteoksella, jossa on seesteinen kukka- ja lintumalli rikkaassa puukehyksess\u00e4 hienostuneen kodin estetiikkaa varten.<\/p>\n","protected":false},"featured_media":4516,"comment_status":"open","ping_status":"closed","template":"","meta":[],"product_brand":[],"product_cat":[152],"product_tag":[2519,2523,2517,2520,2525,2521,2522,2514,2513,2512,2524,2518,2526,2516,2515],"class_list":{"0":"post-4528","1":"product","2":"type-product","3":"status-publish","4":"has-post-thumbnail","6":"product_cat-3d-seinakoristeet-ja-kehykset","7":"product_tag-antiikki-viimeistely-kasvitieteellinen-taide","8":"product_tag-classic-patina-seinaripustus","9":"product_tag-elegantti-kukka-ja-lintu-suunnittelu","10":"product_tag-graceful-garden-seinan-koriste","11":"product_tag-herkka-kukkainen-seinapala","12":"product_tag-hienostunut-luonnon-inspiroima-sisustus","13":"product_tag-kasityona-valmistetut-kasvit-ja-elaimet","14":"product_tag-kasvitieteellinen-reliefi-seinaveistos","15":"product_tag-kukkainen-eleganssi","16":"product_tag-luonnon-serenadi-patina-wall-art","17":"product_tag-maaseudun-tyylikas-taideteos","18":"product_tag-raised-floral-wall-feature-fi","19":"product_tag-rauhallinen-lintujen-taidenaytto","20":"product_tag-rustiikkinen-puukehys-sisustus","21":"product_tag-vintage-patina-kukka-art","22":"product_shipping_class-valo","24":"first","25":"instock","26":"sale","27":"taxable","28":"shipping-taxable","29":"purchasable","30":"product-type-simple"},"shsp-ext":{"main":{},"variations":[]},"_links":{"self":[{"href":"https:\/\/www.ihmehalli.com\/fi\/wp-json\/wp\/v2\/product\/4528","targetHints":{"allow":["GET"]}}],"collection":[{"href":"https:\/\/www.ihmehalli.com\/fi\/wp-json\/wp\/v2\/product"}],"about":[{"href":"https:\/\/www.ihmehalli.com\/fi\/wp-json\/wp\/v2\/types\/product"}],"replies":[{"embeddable":true,"href":"https:\/\/www.ihmehalli.com\/fi\/wp-json\/wp\/v2\/comments?post=4528"}],"version-history":[{"count":0,"href":"https:\/\/www.ihmehalli.com\/fi\/wp-json\/wp\/v2\/product\/4528\/revisions"}],"wp:featuredmedia":[{"embeddable":true,"href":"https:\/\/www.ihmehalli.com\/fi\/wp-json\/wp\/v2\/media\/4516"}],"wp:attachment":[{"href":"https:\/\/www.ihmehalli.com\/fi\/wp-json\/wp\/v2\/media?parent=4528"}],"wp:term":[{"taxonomy":"product_brand","embeddable":true,"href":"https:\/\/www.ihmehalli.com\/fi\/wp-json\/wp\/v2\/product_brand?post=4528"},{"taxonomy":"product_cat","embeddable":true,"href":"https:\/\/www.ihmehalli.com\/fi\/wp-json\/wp\/v2\/product_cat?post=4528"},{"taxonomy":"product_tag","embeddable":true,"href":"https:\/\/www.ihmehalli.com\/fi\/wp-json\/wp\/v2\/product_tag?post=4528"}],"curies":[{"name":"wp","href":"https:\/\/api.w.org\/{rel}","templated":true}]}}