{"id":4535,"date":"2024-03-04T08:16:23","date_gmt":"2024-03-04T08:16:23","guid":{"rendered":"https:\/\/www.ihmehalli.com\/product\/lunar-brilliance\/"},"modified":"2024-03-22T21:57:30","modified_gmt":"2024-03-22T21:57:30","slug":"lunar-brilliance","status":"publish","type":"product","link":"https:\/\/www.ihmehalli.com\/fi\/tuote\/lunar-brilliance\/","title":{"rendered":"Kuunvalo maisema 3D sein\u00e4-taideteos"},"content":{"rendered":"<div class=\"boldgrid-section\">\n<div class=\"container\">\n<div class=\"row\">\n<div class=\"col-lg-12 col-md-12 col-xs-12 col-sm-12\">\n<div class=\"flex-1 overflow-hidden\">\n<div class=\"react-scroll-to-bottom--css-riqyc-79elbk h-full\">\n<div class=\"react-scroll-to-bottom--css-riqyc-1n7m0yu\">\n<div class=\"flex flex-col text-sm pb-9\">\n<div class=\"w-full text-token-text-primary\" data-testid=\"conversation-turn-65\">\n<div class=\"px-4 py-2 justify-center text-base md:gap-6 m-auto\">\n<div class=\"flex flex-1 text-base mx-auto gap-3 md:px-5 lg:px-1 xl:px-5 md:max-w-3xl lg:max-w-[40rem] xl:max-w-[48rem] group final-completion\">\n<div class=\"relative flex w-full flex-col agent-turn\">\n<div class=\"flex-col gap-1 md:gap-3\">\n<div class=\"flex flex-grow flex-col max-w-full\">\n<div data-message-author-role=\"assistant\" data-message-id=\"de8ff17b-817a-4bd0-91ab-e7919e33d5f6\" class=\"min-h-[20px] text-message flex flex-col items-start gap-3 whitespace-pre-wrap break-words [.text-message+&amp;]:mt-5 overflow-x-auto\">\n<div class=\"markdown prose w-full break-words dark:prose-invert light\">\n<h2 class=\"\"><strong>Esittelem\u00e4ll\u00e4 Moonlight maisema 3D sein\u00e4-taideteos Decor<\/strong><\/h2>\n<p class=\"\">Korosta sisustustasi ylellisell\u00e4 Moonlight Landscape 3D Wall-Artwork Decor -sein\u00e4taideteoksella. Kest\u00e4v\u00e4st\u00e4 MDF-levyst\u00e4 valmistetut, yksityiskohtaiset patinoituneet laatat ovat n\u00e4kyv\u00e4sti esill\u00e4, ja niiden kohokuvioitu rakenne kuvastaa kuutamoisen vuoristomaiseman olemusta, joka on valmistettu hienoimmasta mikrosementist\u00e4. T\u00e4m\u00e4 70 x 40 senttimetri\u00e4 kokoinen teos tuo y\u00f6taivaan rauhallisuuden suoraan olohuoneeseesi. Monipuolisella kolmitoimisella valaistuksella varustettu kuuelementti valaisee \u00e4lypuhelinsovelluksen avulla, jolloin voit hallita tunnelmaa t\u00e4ysin.<\/p>\n<h2 class=\"\"><strong>Taide kohtaa innovaation<\/strong><\/h2>\n<p class=\"\">Kutsu Moonlight Landscape 3D Wall-Artwork -sein\u00e4koristeemme hienovarainen loisto kotiisi ja anna sen ylellisen valon ja varjon m\u00e4\u00e4ritell\u00e4 eleganssi uudelleen asuinymp\u00e4rist\u00f6ss\u00e4si.<\/p>\n<h2 class=\"\"><strong>Kaiverretut yksityiskohdat, henke\u00e4salpaavat tehosteet<\/strong><\/h2>\n<p class=\"\">Nauti t\u00e4m\u00e4n teoksen hienostuneesta kosketuksesta. Jokainen yksityiskohta houkuttelee koskettamaan, mik\u00e4 lis\u00e4\u00e4 teoksen fyysist\u00e4 ja visuaalista vieh\u00e4tt\u00e4vyytt\u00e4. Muotoilun syvyys luo varjoja ja kohokohtia, leikittelee valolla ja tilalla ja vet\u00e4\u00e4 katsetta puoleensa ja kiehtoo katsojaa. T\u00e4m\u00e4 taideteos on enemm\u00e4n kuin koriste, se on kannanotto. Se kertoo hienostuneisuudesta ja rakkaudesta ainutlaatuisiin, k\u00e4sintehtyihin esineisiin. Pid\u00e4 sit\u00e4 ylpe\u00e4sti esill\u00e4 osoituksena hienostuneesta maustasi ja modernin k\u00e4sity\u00f6n arvostuksesta.<\/p>\n<h2 class=\"\"><strong>R\u00e4\u00e4t\u00e4l\u00f6ity\u00e4 k\u00e4sity\u00f6t\u00e4 vastaamaan tyyli\u00e4si<\/strong><\/h2>\n<p class=\"\">Sitoutumisemme personointiin tarkoittaa, ett\u00e4 voit r\u00e4\u00e4t\u00e4l\u00f6id\u00e4 koon, v\u00e4rin ja muotoiluelementit t\u00e4ydellisesti sisustukseesi ja mieltymyksiisi sopiviksi. T\u00e4m\u00e4 Moonlight Landscape 3D Wall-Artwork Decor Set ei ole pelkk\u00e4 ostos; se on r\u00e4\u00e4t\u00e4l\u00f6ity lis\u00e4 kotiisi. Kaikenlainen teksti, muodot, tekstuurit, v\u00e4rit ja mallit ovat toteutettavissa halusi mukaan napsauttamalla painiketta <span style=\"text-decoration: underline;\"><br \/>\n  <strong><a href=\"https:\/\/www.ihmehalli.com\/customization\/\" target=\"_blank\" rel=\"noopener\">t\u00e4st\u00e4<\/a>.<\/strong><br \/>\n<\/span><\/p>\n<h2 class=\"\"><strong>Intuitiivinen valons\u00e4\u00e4t\u00f6<\/strong><\/h2>\n<p class=\"\">Valaise 3D-kuutaideteoksesi helposti. Sovelluksella ohjattava valaistusj\u00e4rjestelm\u00e4 tarjoaa saumattoman tavan s\u00e4\u00e4t\u00e4\u00e4 tunnelmaa, olitpa sitten is\u00e4nn\u00f6im\u00e4ss\u00e4 vieraita tai rentoutumassa yksin.<\/p>\n<h2 class=\"\"><strong>Eksklusiivisia tarjouksia irtotilauksista<\/strong><\/h2>\n<p class=\"\">Etsitk\u00f6 useiden tilojen sisustamista? Tarjoamme erikoisalennuksia irtotavaran ostoista. Ota yhteytt\u00e4 meihin osoitteessa <a target=\"_new\" rel=\"noopener\">info@ihmehalli.com<\/a> saadaksesi r\u00e4\u00e4t\u00e4l\u00f6idyn tarjouksen, joka sopii irtotavaran ostotarpeisiisi.&nbsp;<\/p>\n<\/div>\n<\/div>\n<\/div>\n<div class=\"mt-1 flex justify-start gap-3 empty:hidden\">\n<div class=\"text-gray-400 flex self-end lg:self-center items-center justify-center lg:justify-start mt-0 -ml-1 h-7 gap-[2px] visible\">\n<div class=\"flex\"><\/div>\n<\/div>\n<\/div>\n<div class=\"pr-2 lg:pr-0\"><\/div>\n<\/div>\n<\/div>\n<\/div>\n<\/div>\n<\/div>\n<\/div>\n<\/div>\n<\/div>\n<\/div>\n<div class=\"w-full pt-2 md:pt-0 dark:border-white\/20 md:border-transparent md:dark:border-transparent md:w-[calc(100%-.5rem)]\">\n<form class=\"stretch mx-2 flex flex-row gap-3 last:mb-2 md:mx-4 md:last:mb-6 lg:mx-auto lg:max-w-2xl xl:max-w-3xl\">\n<div class=\"relative flex h-full flex-1 flex-col\">\n<div class=\"absolute bottom-full left-0 right-0\"><\/div>\n<div class=\"flex w-full items-center\">\n<div class=\"overflow-hidden [&amp;:has(textarea:focus)]:border-token-border-xheavy [&amp;:has(textarea:focus)]:shadow-[0_2px_6px_rgba(0,0,0,.05)] flex flex-col w-full flex-grow relative border dark:text-white rounded-2xl bg-token-main-surface-primary border-token-border-medium\">\n<div data-grammarly-part=\"button\">\n<div>\n<div>\n<div class=\"amkYk\">\n<div>\n<div class=\"ptGJG\"><\/div>\n<\/div>\n<\/div>\n<\/div>\n<\/div>\n<\/div>\n<\/div>\n<\/div>\n<\/div>\n<\/form>\n<\/div>\n<\/div>\n<\/div>\n<\/div>\n<\/div>\n","protected":false},"excerpt":{"rendered":"<p>Ihmettele Moonlight Landscape 3D Wall-Artwork Decor, mestariteos, jossa kuu, joka loistaa Yksityiskohtainen patina laatat ovat n\u00e4kyv\u00e4sti esill\u00e4<\/p>\n","protected":false},"featured_media":6175,"comment_status":"open","ping_status":"closed","template":"","meta":[],"product_brand":[],"product_cat":[152],"product_tag":[2371,2373,2372,2370,2374,2362,2369,2364,2367,2376,2368,2366,2365,2363,2375],"class_list":{"0":"post-4535","1":"product","2":"type-product","3":"status-publish","4":"has-post-thumbnail","6":"product_cat-3d-seinakoristeet-ja-kehykset","7":"product_tag-contemporary-space-teemalla-sisustus","8":"product_tag-dimensiomainen-kuun-vaikutus","9":"product_tag-eteerinen-moonlight-wall-art","10":"product_tag-hehkuva-kuu-taideteos","11":"product_tag-kosminen-kuu-taideteos","12":"product_tag-kuun-maisema-3d-taideteos","13":"product_tag-lumoava-moon-surface-art","14":"product_tag-moonlight-relief-seinaveistos","15":"product_tag-realistinen-kuun-maastopaneeli","16":"product_tag-seesteinen-kuunsirppi-sisustus","17":"product_tag-taiteellinen-lunar-wall-display","18":"product_tag-taivaallinen-yo-kohtaus-sisustus","19":"product_tag-teksturoitu-moon-art","20":"product_tag-valaistu-seinaominaisuus","21":"product_tag-yo-taivas-seinan-koriste","22":"product_shipping_class-valo","24":"first","25":"instock","26":"sale","27":"taxable","28":"shipping-taxable","29":"purchasable","30":"product-type-simple"},"shsp-ext":{"main":{},"variations":[]},"_links":{"self":[{"href":"https:\/\/www.ihmehalli.com\/fi\/wp-json\/wp\/v2\/product\/4535","targetHints":{"allow":["GET"]}}],"collection":[{"href":"https:\/\/www.ihmehalli.com\/fi\/wp-json\/wp\/v2\/product"}],"about":[{"href":"https:\/\/www.ihmehalli.com\/fi\/wp-json\/wp\/v2\/types\/product"}],"replies":[{"embeddable":true,"href":"https:\/\/www.ihmehalli.com\/fi\/wp-json\/wp\/v2\/comments?post=4535"}],"version-history":[{"count":0,"href":"https:\/\/www.ihmehalli.com\/fi\/wp-json\/wp\/v2\/product\/4535\/revisions"}],"wp:featuredmedia":[{"embeddable":true,"href":"https:\/\/www.ihmehalli.com\/fi\/wp-json\/wp\/v2\/media\/6175"}],"wp:attachment":[{"href":"https:\/\/www.ihmehalli.com\/fi\/wp-json\/wp\/v2\/media?parent=4535"}],"wp:term":[{"taxonomy":"product_brand","embeddable":true,"href":"https:\/\/www.ihmehalli.com\/fi\/wp-json\/wp\/v2\/product_brand?post=4535"},{"taxonomy":"product_cat","embeddable":true,"href":"https:\/\/www.ihmehalli.com\/fi\/wp-json\/wp\/v2\/product_cat?post=4535"},{"taxonomy":"product_tag","embeddable":true,"href":"https:\/\/www.ihmehalli.com\/fi\/wp-json\/wp\/v2\/product_tag?post=4535"}],"curies":[{"name":"wp","href":"https:\/\/api.w.org\/{rel}","templated":true}]}}