{"id":4538,"date":"2024-03-04T08:19:15","date_gmt":"2024-03-04T08:19:15","guid":{"rendered":"https:\/\/www.ihmehalli.com\/product\/mystic-patterns-3d-wall-art\/"},"modified":"2024-04-04T08:29:42","modified_gmt":"2024-04-04T08:29:42","slug":"mystic-patterns-3d-wall-art","status":"publish","type":"product","link":"https:\/\/www.ihmehalli.com\/fi\/tuote\/mystic-patterns-3d-wall-art\/","title":{"rendered":"Mukautettava logo Business Branding Lightbox"},"content":{"rendered":"<div class=\"boldgrid-section\">\n<div class=\"container\">\n<div class=\"row\">\n<div class=\"col-lg-12 col-md-12 col-xs-12 col-sm-12\">\n<div class=\"flex-1 overflow-hidden\">\n<div class=\"react-scroll-to-bottom--css-riqyc-79elbk h-full\">\n<div class=\"react-scroll-to-bottom--css-riqyc-1n7m0yu\">\n<div class=\"flex flex-col text-sm pb-9\">\n<div class=\"w-full text-token-text-primary\" data-testid=\"conversation-turn-69\">\n<div class=\"px-4 py-2 justify-center text-base md:gap-6 m-auto\">\n<div class=\"flex flex-1 text-base mx-auto gap-3 md:px-5 lg:px-1 xl:px-5 md:max-w-3xl lg:max-w-[40rem] xl:max-w-[48rem] group final-completion\">\n<div class=\"relative flex w-full flex-col agent-turn\">\n<div class=\"flex-col gap-1 md:gap-3\">\n<div class=\"flex flex-grow flex-col max-w-full\">\n<div data-message-author-role=\"assistant\" data-message-id=\"e4183705-d8c9-4711-8be6-7f86135c3d99\" class=\"min-h-[20px] text-message flex flex-col items-start gap-3 whitespace-pre-wrap break-words [.text-message+&amp;]:mt-5 overflow-x-auto\">\n<div class=\"markdown prose w-full break-words dark:prose-invert light\">\n<h2 class=\"\"><strong>Esittele br\u00e4ndi\u00e4si mukautettavalla logolla Business Branding Lightbox -valolaatikolla<\/strong><\/h2>\n<p class=\"\">Tee lausunto liiketilassasi mukautettavalla logolla Business Branding Lightbox -valolaatikollamme. T\u00e4m\u00e4 120&#215;80 cm:n kokoinen taideteos, joka on suunniteltu korkealaatuisesta MDF-levyst\u00e4, tarjoaa poikkeuksellisen mahdollisuuden br\u00e4nd\u00e4ykseen, ja se on valmis r\u00e4\u00e4t\u00e4l\u00f6it\u00e4v\u00e4ksi vastaamaan yrityksesi logoa ja estetiikkaa. Korotettujen mikrosementtilaattojen ansiosta t\u00e4m\u00e4 valolaatikko ei ole vain kyltti, vaan hienostunut vitriini. Taidokkaasti maalatut kohokuviot tuovat kuvioihin tekstuuria ja syvyytt\u00e4 ja luovat vaikuttavan n\u00e4kym\u00e4n sen keskelle sijoitetulle tuotemerkin logolle.<br \/>\nTuo r\u00e4\u00e4t\u00e4l\u00f6it\u00e4v\u00e4n logon Business Branding Lightbox liiketoimintaymp\u00e4rist\u00f6\u00f6si ja anna sen r\u00e4\u00e4t\u00e4l\u00f6idyn muotoilun ja s\u00e4teilev\u00e4n valaistuksen vahvistaa br\u00e4ndisi l\u00e4sn\u00e4oloa ja arvostusta.<\/p>\n<h2 class=\"\"><strong>Monipuolinen valaistus vaikuttavaan br\u00e4nd\u00e4ykseen<\/strong><\/h2>\n<p class=\"\">Korosta logoasi t\u00e4m\u00e4n valolaatikon kaksoisvalaistusominaisuuksien avulla. Valkoiset valot rajaavat paneelin ter\u00e4v\u00e4sti, kun taas logon ymp\u00e4rill\u00e4 oleva seitsem\u00e4nv\u00e4rinen valaistus kiinnitt\u00e4\u00e4 huomion, vahvistaa br\u00e4ndin identiteetti\u00e4 ja lis\u00e4\u00e4 nykyaikaisuutta.<\/p>\n<h2 class=\"\"><strong>Hienostunut muotoilu, ammattimainen vetovoima<\/strong><\/h2>\n<p class=\"\">Valitse t\u00e4m\u00e4 muokattavissa oleva&nbsp;Logo Business Branding Lightbox -valolaatikko, jolla voit v\u00e4litt\u00e4\u00e4 br\u00e4ndisi olemuksen tyylikk\u00e4\u00e4sti. Sen muokattavuus takaa, ett\u00e4 se sopii saumattomasti yhteen br\u00e4ndisi kanssa, mik\u00e4 takaa ammattimaisen ja kiillotetun ulkoasun.<\/p>\n<h2 class=\"\"><strong>Vaivaton integrointi, kest\u00e4v\u00e4 vaikutelma<\/strong><\/h2>\n<p class=\"\">Helppo asentaa ja suunniteltu vaikuttavaksi, t\u00e4m\u00e4 valolaatikko integroituu vaivattomasti liiketoimintaymp\u00e4rist\u00f6\u00f6n. Se ei ole vain opaste vaan my\u00f6s taidokas lausunto, joka korostaa br\u00e4ndisi ainutlaatuista identiteetti\u00e4.<\/p>\n<h2 class=\"\"><strong>Br\u00e4ndisi n\u00e4yteikkunasta huolehtiminen<\/strong><\/h2>\n<p class=\"\">Pid\u00e4 valolaatikkosi koskemattomana yksinkertaisella hoidolla. Hell\u00e4varainen puhdistus s\u00e4ilytt\u00e4\u00e4 mikrosementin rakenteen ja logosi valaistuksen elinvoimaisuuden, mik\u00e4 takaa pysyv\u00e4n houkuttelevuuden.<\/p>\n<\/div>\n<\/div>\n<\/div>\n<\/div>\n<\/div>\n<\/div>\n<\/div>\n<\/div>\n<\/div>\n<\/div>\n<\/div>\n<\/div>\n<div class=\"w-full pt-2 md:pt-0 dark:border-white\/20 md:border-transparent md:dark:border-transparent md:w-[calc(100%-.5rem)]\">\n<form class=\"stretch mx-2 flex flex-row gap-3 last:mb-2 md:mx-4 md:last:mb-6 lg:mx-auto lg:max-w-2xl xl:max-w-3xl\">\n<div class=\"relative flex h-full flex-1 flex-col\">\n<div class=\"flex w-full items-center\">\n<div class=\"overflow-hidden [&amp;:has(textarea:focus)]:border-token-border-xheavy [&amp;:has(textarea:focus)]:shadow-[0_2px_6px_rgba(0,0,0,.05)] flex flex-col w-full flex-grow relative border dark:text-white rounded-2xl bg-token-main-surface-primary border-token-border-medium\">\n<div data-grammarly-part=\"button\">\n<div>\n<div>\n<div class=\"amkYk\">\n<div>\n<div class=\"ptGJG\">\n<h2 class=\"\"><strong>Eksklusiivisia tarjouksia irtotilauksista<\/strong><\/h2>\n<p class=\"\">Etsitk\u00f6 useiden tilojen sisustamista? Tarjoamme erikoisalennuksia irtotavaran ostoista. Ota yhteytt\u00e4 meihin osoitteessa <a target=\"_new\" rel=\"noopener\">info@ihmehalli.com<\/a> saadaksesi r\u00e4\u00e4t\u00e4l\u00f6idyn tarjouksen, joka sopii irtotavaran ostotarpeisiisi.<\/p>\n<h2 class=\"\"><strong>R\u00e4\u00e4t\u00e4l\u00f6ity\u00e4 k\u00e4sity\u00f6t\u00e4 vastaamaan tyyli\u00e4si<\/strong><\/h2>\n<p class=\"\">Sitoutumisemme personointiin tarkoittaa, ett\u00e4 voit r\u00e4\u00e4t\u00e4l\u00f6id\u00e4 koon, v\u00e4rin ja muotoiluelementit t\u00e4ydellisesti sisustukseesi ja mieltymyksiisi sopiviksi. T\u00e4m\u00e4 r\u00e4\u00e4t\u00e4l\u00f6it\u00e4viss\u00e4 oleva Logo Business Branding Lightbox ei ole pelkk\u00e4 ostos; se on r\u00e4\u00e4t\u00e4l\u00f6ity lis\u00e4 kotiisi. Kaikenlainen teksti, muodot, tekstuurit, v\u00e4rit ja mallit ovat toteutettavissa halusi mukaan napsauttamalla painiketta <span style=\"text-decoration: underline;\"><br \/>\n  <strong><a href=\"https:\/\/www.ihmehalli.com\/customization\/\" target=\"_blank\" rel=\"noopener\">t\u00e4st\u00e4<\/a>.<\/strong><br \/>\n<\/span><\/p>\n<\/div>\n<\/div>\n<\/div>\n<\/div>\n<\/div>\n<\/div>\n<\/div>\n<\/div>\n<\/div>\n<\/form>\n<\/div>\n<\/div>\n<\/div>\n<\/div>\n<\/div>\n","protected":false},"excerpt":{"rendered":"<p>Esittele br\u00e4ndi\u00e4si r\u00e4\u00e4t\u00e4l\u00f6it\u00e4v\u00e4ll\u00e4 logolla Business Branding Lightbox, 120&#215;80 cm:n korkealaatuisella MDF-levyll\u00e4, jossa on dynaaminen valaistus, joka parantaa yrityksesi l\u00e4sn\u00e4oloa.<\/p>\n","protected":false},"featured_media":6173,"comment_status":"open","ping_status":"closed","template":"","meta":[],"product_brand":[],"product_cat":[152],"product_tag":[2429,2424,2428,2436,2425,2430,2433,2423,2438,2437,2434,2432,2435,2426,2427,2431],"class_list":{"0":"post-4538","1":"product","2":"type-product","3":"status-publish","4":"has-post-thumbnail","6":"product_cat-3d-seinakoristeet-ja-kehykset","7":"product_tag-ammattimaisen-brandin-korostus","8":"product_tag-business-branding-art-fi","9":"product_tag-custom-lightbox-art-fi","10":"product_tag-exclusive-design-lightbox-art-fi","11":"product_tag-henkilokohtainen-business-signage","12":"product_tag-led-valaistu-logopaneeli","13":"product_tag-light-up-sign-taideteos","14":"product_tag-mukautettava-logo-accent-lightbox","15":"product_tag-mukautettava-logo-business-branding-art-lightboxin-valolaatikko","16":"product_tag-myynninedistamistarkoituksessa-logo-valaistus","17":"product_tag-raataloity-brandiratkaisu","18":"product_tag-raataloity-business-decor","19":"product_tag-toimiston-sisustus-lightbox","20":"product_tag-valaistu-logonaytto","21":"product_tag-yrityksen-identiteetti-lightbox","22":"product_tag-yrityksen-logo-wall-feature","23":"product_shipping_class-valo","25":"first","26":"outofstock","27":"sale","28":"taxable","29":"shipping-taxable","30":"purchasable","31":"product-type-simple"},"shsp-ext":{"main":{},"variations":[]},"_links":{"self":[{"href":"https:\/\/www.ihmehalli.com\/fi\/wp-json\/wp\/v2\/product\/4538","targetHints":{"allow":["GET"]}}],"collection":[{"href":"https:\/\/www.ihmehalli.com\/fi\/wp-json\/wp\/v2\/product"}],"about":[{"href":"https:\/\/www.ihmehalli.com\/fi\/wp-json\/wp\/v2\/types\/product"}],"replies":[{"embeddable":true,"href":"https:\/\/www.ihmehalli.com\/fi\/wp-json\/wp\/v2\/comments?post=4538"}],"version-history":[{"count":0,"href":"https:\/\/www.ihmehalli.com\/fi\/wp-json\/wp\/v2\/product\/4538\/revisions"}],"wp:featuredmedia":[{"embeddable":true,"href":"https:\/\/www.ihmehalli.com\/fi\/wp-json\/wp\/v2\/media\/6173"}],"wp:attachment":[{"href":"https:\/\/www.ihmehalli.com\/fi\/wp-json\/wp\/v2\/media?parent=4538"}],"wp:term":[{"taxonomy":"product_brand","embeddable":true,"href":"https:\/\/www.ihmehalli.com\/fi\/wp-json\/wp\/v2\/product_brand?post=4538"},{"taxonomy":"product_cat","embeddable":true,"href":"https:\/\/www.ihmehalli.com\/fi\/wp-json\/wp\/v2\/product_cat?post=4538"},{"taxonomy":"product_tag","embeddable":true,"href":"https:\/\/www.ihmehalli.com\/fi\/wp-json\/wp\/v2\/product_tag?post=4538"}],"curies":[{"name":"wp","href":"https:\/\/api.w.org\/{rel}","templated":true}]}}