{"id":4540,"date":"2024-03-04T08:22:15","date_gmt":"2024-03-04T08:22:15","guid":{"rendered":"https:\/\/www.ihmehalli.com\/product\/kultainen-auringonpimennys-huiput\/"},"modified":"2024-04-04T08:29:30","modified_gmt":"2024-04-04T08:29:30","slug":"kultainen-auringonpimennys-huiput","status":"publish","type":"product","link":"https:\/\/www.ihmehalli.com\/fi\/tuote\/kultainen-auringonpimennys-huiput\/","title":{"rendered":"Eclipse Mountain 3D Patina Moderni sein\u00e4taide"},"content":{"rendered":"<div class=\"boldgrid-section\">\n<div class=\"container\">\n<div class=\"row\">\n<div class=\"col-lg-12 col-md-12 col-xs-12 col-sm-12\">\n<h2 class=\"\"><strong>Tutustu Mystique Eclipse Mountain 3D Patina Modern Wall Art<\/strong><\/h2>\n<p class=\"\">Korosta tilasi Eclipse Mountain 3D Patina Modern Wall Art -taideteoksella, joka on ylellinen ja nykyaikainen taideteos. T\u00e4ss\u00e4 90 x 40 senttimetrin kokoisessa MDF-veistoksessa on patinasta valmistettu kuun reliefi, joka heitt\u00e4\u00e4 taivaallisen hehkun vuoristokallioiden karun rakenteen p\u00e4\u00e4lle, ja kaikki on valaistu energiatehokkailla LED-valoilla. Vangitse k\u00e4vij\u00e4t ja nauti Eclipse Mountain 3D Patina Modern Wall Art -sein\u00e4taiteen rauhallisuudesta, jossa taiteellisuus kohtaa innovaation ja luo n\u00e4ytt\u00e4m\u00f6n ylelliselle asumiselle.<\/p>\n<h2><strong>Modernin tyylikkyyden majakka<\/strong><\/h2>\n<p class=\"\">Eclipse Mountain 3D Patina Modern Wall Art yhdist\u00e4\u00e4 kuvioidun kallion maalaismaisen vieh\u00e4tyksen ja LED-valon modernin hehkun luoden tunnelmallisen efektin, joka muuttaa sein\u00e4si seesteisen, kuutamoisen maiseman kohtaukseksi.<\/p>\n<h2 class=\"\"><strong>Tyylik\u00e4s muotoilu, ajaton vetovoima<\/strong><\/h2>\n<p class=\"\">Tyylik\u00e4s MDF-rakenne ja taiteellinen patinoitu viimeistely tekev\u00e4t Eclipse Mountain Wall Art -sein\u00e4taideteoksesta todisteen hienosta k\u00e4sity\u00f6taidosta ja minimalistisesta muotoilusta, joka sopii vaivattomasti erilaisiin sisustustyyleihin.<\/p>\n<h2><strong>Helppo asentaa, upea katsella<\/strong><\/h2>\n<p class=\"\">T\u00e4m\u00e4 sein\u00e4taide on suunniteltu helposti asennettavaksi, joten sen avulla on helppo tuoda ripaus draamaa sisustukseen. Kun se on asennettu, se toimii upeana visuaalisena ankkurina kodissasi tai toimistossasi.<\/p>\n<h2 class=\"\"><strong>R\u00e4\u00e4t\u00e4l\u00f6ity\u00e4 k\u00e4sity\u00f6t\u00e4 vastaamaan tyyli\u00e4si<\/strong><\/h2>\n<p class=\"\">Sitoutumisemme personointiin tarkoittaa, ett\u00e4 voit r\u00e4\u00e4t\u00e4l\u00f6id\u00e4 koon, v\u00e4rin ja muotoiluelementit t\u00e4ydellisesti sisustukseesi ja mieltymyksiisi sopiviksi. T\u00e4m\u00e4 Eclipse Mountain 3D Patina Modern Wall Art ei ole pelkk\u00e4 ostos; se on r\u00e4\u00e4t\u00e4l\u00f6ity lis\u00e4 kotiisi. Kaikenlainen teksti, muodot, tekstuurit, v\u00e4rit ja mallit ovat toteutettavissa halusi mukaan napsauttamalla painiketta <span style=\"text-decoration: underline;\"><br \/>\n  <strong><a href=\"https:\/\/www.ihmehalli.com\/customization\/\" target=\"_blank\" rel=\"noopener\">t\u00e4st\u00e4<\/a>.<\/strong><br \/>\n<\/span><\/p>\n<h2><strong>Hoito ja n\u00e4ytt\u00f6<\/strong><\/h2>\n<p class=\"\">Pid\u00e4 Eclipse Mountain Wall Art -sein\u00e4taiteesi moitteettomana satunnaisella p\u00f6lyjen pyyhkimisell\u00e4 k\u00e4ytt\u00e4m\u00e4ll\u00e4 LED-valoja vastuullisesti, mik\u00e4 takaa pitk\u00e4ik\u00e4isyyden ja jatkuvan tunnelman.<\/p>\n<h2 class=\"\"><strong>Eksklusiivisia tarjouksia irtotilauksista<\/strong><\/h2>\n<p class=\"\">Etsitk\u00f6 useiden tilojen sisustamista? Tarjoamme erikoisalennuksia irtotavaran ostoista. Ota yhteytt\u00e4 meihin osoitteessa <a target=\"_new\" rel=\"noopener\">info@ihmehalli.com<\/a> saadaksesi r\u00e4\u00e4t\u00e4l\u00f6idyn tarjouksen, joka sopii irtotavaran ostotarpeisiisi.&nbsp;<\/p>\n<\/div>\n<\/div>\n<\/div>\n<\/div>\n","protected":false},"excerpt":{"rendered":"<p>Koe Eclipse Mountain 3D Patina Modern Wall Art -sein\u00e4taiteen kunnioitusta. t\u00e4m\u00e4 MDF veistoksellinen taideteos on kuun kohokuvassa, k\u00e4sity\u00f6n\u00e4 patina sopii kaikkeen tilaan<\/p>\n","protected":false},"featured_media":4530,"comment_status":"open","ping_status":"closed","template":"","meta":[],"product_brand":[],"product_cat":[152],"product_tag":[2400,2402,2395,2396,2392,2397,2401,2403,2393,2406,2404,2398,2399,2394,2405],"class_list":{"0":"post-4540","1":"product","2":"type-product","3":"status-publish","4":"has-post-thumbnail","6":"product_cat-3d-seinakoristeet-ja-kehykset","7":"product_tag-ambient-light-mountain-art-fi","8":"product_tag-artisanal-eclipse-taideteos","9":"product_tag-contemporary-relief-wall-feature-fi","10":"product_tag-dramaattinen-auringonpimennys-siluetti-sisustus","11":"product_tag-eclipse-mountain-3d-led-seinataide","12":"product_tag-kerroksellinen-vuoristo-maasto-paneeli","13":"product_tag-kosminen-tapahtuma-seinanaytto","14":"product_tag-luonnon-inspiroima-seinakoriste","15":"product_tag-moderni-mdf-veistos","16":"product_tag-silmiinpistava-yotaivas-seinaveistos","17":"product_tag-taivaallinen-ilmio-sisustus","18":"product_tag-taustavalaistu-taiteellinen-auringonpimennyskohtaus","19":"product_tag-teksturoitu-cliff-seinaveistos","20":"product_tag-valaistu-maisema-taideteos","21":"product_tag-varjo-ja-valo-cliff-art","22":"product_shipping_class-valo","24":"first","25":"instock","26":"sale","27":"taxable","28":"shipping-taxable","29":"purchasable","30":"product-type-simple"},"shsp-ext":{"main":{},"variations":[]},"_links":{"self":[{"href":"https:\/\/www.ihmehalli.com\/fi\/wp-json\/wp\/v2\/product\/4540","targetHints":{"allow":["GET"]}}],"collection":[{"href":"https:\/\/www.ihmehalli.com\/fi\/wp-json\/wp\/v2\/product"}],"about":[{"href":"https:\/\/www.ihmehalli.com\/fi\/wp-json\/wp\/v2\/types\/product"}],"replies":[{"embeddable":true,"href":"https:\/\/www.ihmehalli.com\/fi\/wp-json\/wp\/v2\/comments?post=4540"}],"version-history":[{"count":0,"href":"https:\/\/www.ihmehalli.com\/fi\/wp-json\/wp\/v2\/product\/4540\/revisions"}],"wp:featuredmedia":[{"embeddable":true,"href":"https:\/\/www.ihmehalli.com\/fi\/wp-json\/wp\/v2\/media\/4530"}],"wp:attachment":[{"href":"https:\/\/www.ihmehalli.com\/fi\/wp-json\/wp\/v2\/media?parent=4540"}],"wp:term":[{"taxonomy":"product_brand","embeddable":true,"href":"https:\/\/www.ihmehalli.com\/fi\/wp-json\/wp\/v2\/product_brand?post=4540"},{"taxonomy":"product_cat","embeddable":true,"href":"https:\/\/www.ihmehalli.com\/fi\/wp-json\/wp\/v2\/product_cat?post=4540"},{"taxonomy":"product_tag","embeddable":true,"href":"https:\/\/www.ihmehalli.com\/fi\/wp-json\/wp\/v2\/product_tag?post=4540"}],"curies":[{"name":"wp","href":"https:\/\/api.w.org\/{rel}","templated":true}]}}