{"id":4565,"date":"2024-03-04T08:33:17","date_gmt":"2024-03-04T08:33:17","guid":{"rendered":"https:\/\/www.ihmehalli.com\/product\/alpine-elegance-faux-fur-pouf\/"},"modified":"2024-03-17T22:32:54","modified_gmt":"2024-03-17T22:32:54","slug":"alpine-elegance-faux-fur-pouf","status":"publish","type":"product","link":"https:\/\/www.ihmehalli.com\/fi\/tuote\/alpine-elegance-faux-fur-pouf\/","title":{"rendered":"Arctic Fleece P\u00f6rr\u00f6inen Designer Pouf"},"content":{"rendered":"<div class=\"boldgrid-section\">\n<div class=\"container\">\n<div class=\"row\">\n<div class=\"col-lg-12 col-md-12 col-xs-12 col-sm-12\">\n<div class=\"flex-1 overflow-hidden\">\n<div class=\"react-scroll-to-bottom--css-jpsxz-79elbk h-full\">\n<div class=\"react-scroll-to-bottom--css-jpsxz-1n7m0yu\">\n<div class=\"flex flex-col text-sm pb-9\">\n<div class=\"w-full text-token-text-primary\" data-testid=\"conversation-turn-7\">\n<div class=\"px-4 py-2 justify-center text-base md:gap-6 m-auto\">\n<div class=\"flex flex-1 text-base mx-auto gap-3 md:px-5 lg:px-1 xl:px-5 md:max-w-3xl lg:max-w-[40rem] xl:max-w-[48rem] group final-completion\">\n<div class=\"relative flex w-full flex-col agent-turn\">\n<div class=\"flex-col gap-1 md:gap-3\">\n<div class=\"flex flex-grow flex-col max-w-full\">\n<div data-message-author-role=\"assistant\" data-message-id=\"0d5a6499-5ed9-4249-bfaf-7c2225bdf123\" class=\"min-h-[20px] text-message flex flex-col items-start gap-3 whitespace-pre-wrap break-words [.text-message+&amp;]:mt-5 overflow-x-auto\">\n<div class=\"markdown prose w-full break-words dark:prose-invert light\">\n<h2 class=\"\"><strong>Arctic Fleece Fluffy Designer Poufin paljastaminen: Comfort Accent -mestariteos<\/strong><\/h2>\n<p class=\"\">Korosta tilasi Arctic Fleece Fluffy Designer Poufilla, jossa ylellisyys kohtaa r\u00e4\u00e4t\u00e4l\u00f6idyn yksil\u00f6llisyyden. T\u00e4m\u00e4 puffi ei ainoastaan lupaa istuinratkaisun, jossa on vertaansa vailla oleva mukavuus, vaan my\u00f6s mahdollisuuden tuoda esiin yksil\u00f6llisyytt\u00e4si muotoilussa. Kunkin poufin vaikuttava korkeus on 70 cm ja halkaisija 40 cm, ja sen painotoleranssi on 120 kg, mik\u00e4 takaa, ett\u00e4 se on yht\u00e4 tukeva kuin tyylik\u00e4s.<\/p>\n<h2 class=\"\"><strong>Tyylin ja mukavuuden harmoninen sekoitus<\/strong><\/h2>\n<p class=\"\">Arctic Fleece Fluffy Designer Pouf on rauhallinen ja hienostunut, ja se on hienovarainen ja hienovarainen design-esine, joka puhuu paljon. Sen mitat on valittu huolellisesti, jotta se parantaa asuintilojasi ja tarjoaa monipuolisen ja tyylikk\u00e4\u00e4n istuinvaihtoehdon, joka palvelee sek\u00e4 esteettisyytt\u00e4 ett\u00e4 toimivuutta.<\/p>\n<h2 class=\"\"><strong>K\u00e4sintehty laatu, jonka voit tuntea<\/strong><\/h2>\n<p class=\"\">K\u00e4sity\u00f6l\u00e4isemme tekev\u00e4t jokaisen tikin ja sauman my\u00f6t\u00e4 omistautuneesti pufin, joka on yht\u00e4 ainutlaatuinen kuin kodit, joita se koristaa. Pehme\u00e4, tekovillainen fleece-ulkokuori kutsuu koskettamaan ja rentoutumaan, kun taas sis\u00e4inen rakenne on rakennettu kest\u00e4m\u00e4\u00e4n, sill\u00e4 se kest\u00e4\u00e4 huomattavan painon muodosta tai mukavuudesta tinkim\u00e4tt\u00e4.<\/p>\n<h2 class=\"\"><strong>Monipuolinen muotoilu<\/strong><\/h2>\n<p class=\"\">Mihin tahansa sisustusaiheeseen suunniteltu puffi on mukautuva lis\u00e4varuste kotiin tai toimistoon. Sen muokattavissa olevien ominaisuuksien ansiosta voit valita tilaan ja tyyliin sopivan ulkoasun, mik\u00e4 tekee poufista todella olennaisen osan ymp\u00e4rist\u00f6\u00e4si.<\/p>\n<h2 class=\"\"><strong>Suunniteltu jokaiseen kotiin<\/strong><\/h2>\n<p class=\"\">Juhlimme jokaisen asiakkaan ainutlaatuisia mieltymyksi\u00e4. Ota vastaan mittojesi ja esteettisten toiveidesi mukaan r\u00e4\u00e4t\u00e4l\u00f6ity tuote. Omistautumisemme k\u00e4sity\u00f6taidolle takaa tuotteen, joka ei vain t\u00e4yt\u00e4 vaan ylitt\u00e4\u00e4 odotuksesi k\u00e4sity\u00f6n\u00e4 valmistetusta sisustuksesta. Tunnustamme, ett\u00e4 jokaisella yksil\u00f6ll\u00e4 on ainutlaatuinen tyyli, joten tarjoamme r\u00e4\u00e4t\u00e4l\u00f6intivaihtoehtoja t\u00e4h\u00e4n kynttil\u00e4sarjaan. Valitse v\u00e4ri ja muoto, joka sopii tilasi kanssa yhteen klikkaamalla&nbsp;<span style=\"text-decoration: underline;\"><strong><a href=\"https:\/\/www.ihmehalli.com\/customization\/\" target=\"_blank\" rel=\"noopener\">t\u00e4\u00e4ll\u00e4<\/a>.<\/strong><\/span><\/p>\n<h2 class=\"\"><strong>Suurtilaukset ja erikoistarjoukset<\/strong><\/h2>\n<p class=\"\">Olemme tyytyv\u00e4isi\u00e4 suuriin tilauksiin ja tarjoamme kilpailukykyisen hinnoittelun niille, jotka haluavat tuoda tilaansa yhten\u00e4ist\u00e4 mutta r\u00e4\u00e4t\u00e4l\u00f6ity\u00e4 eleganssia. Ota meihin yhteytt\u00e4 osoitteessa <strong><br \/>\n  <a target=\"_new\" rel=\"noopener\">info@ihmehalli.com<\/a><br \/>\n<\/strong> saadaksesi henkil\u00f6kohtaisen tarjouksen.<\/p>\n<h2 class=\"\"><strong>Sitoutuminen aitouteen digitaaliaikana<\/strong><\/h2>\n<p class=\"\">K\u00e4sity\u00f6n\u00e4 tehdyiss\u00e4 tuotteissa on aitouden merkki, joka nykyaikaisesta tuotannosta usein puuttuu. Puffeissamme on k\u00e4sity\u00f6n\u00e4 syntyvi\u00e4 hienovaraisia vaihteluita, jotka lis\u00e4\u00e4v\u00e4t niiden ainutlaatuista vieh\u00e4tyst\u00e4.<\/p>\n<h2><strong>Hoito- ja pitk\u00e4ik\u00e4isyysohjeet<\/strong><\/h2>\n<p class=\"\">Pufin eheyden ja ulkon\u00e4\u00f6n s\u00e4ilytt\u00e4miseksi suositellaan hoitomenetelm\u00e4ksi pistem\u00e4ist\u00e4 puhdistusta. K\u00e4ytetyt korkealaatuiset materiaalit on valittu kest\u00e4vyyden vuoksi, mik\u00e4 takaa, ett\u00e4 puffisi pysyy kest\u00e4v\u00e4n\u00e4 osana sisustustasi.<\/p>\n<p class=\"\">&nbsp;<\/p>\n<\/div>\n<\/div>\n<\/div>\n<div class=\"mt-1 flex justify-start gap-3 empty:hidden\">\n<div class=\"text-gray-400 flex self-end lg:self-center items-center justify-center lg:justify-start mt-0 -ml-1 h-7 gap-[2px] visible\">\n<p>&nbsp;<\/p>\n<div class=\"flex items-center gap-1.5 text-xs\"><svg xmlns=\"http:\/\/www.w3.org\/2000\/svg\" width=\"24\" height=\"24\" viewbox=\"0 0 24 24\" fill=\"none\" class=\"icon-md\"><path fill-rule=\"evenodd\" clip-rule=\"evenodd\" d=\"M4.5 2.5C5.05228 2.5 5.5 2.94772 5.5 3.5V5.07196C7.19872 3.47759 9.48483 2.5 12 2.5C17.2467 2.5 21.5 6.75329 21.5 12C21.5 17.2467 17.2467 21.5 12 21.5C7.1307 21.5 3.11828 17.8375 2.565 13.1164C2.50071 12.5679 2.89327 12.0711 3.4418 12.0068C3.99033 11.9425 4.48712 12.3351 4.5514 12.8836C4.98798 16.6089 8.15708 19.5 12 19.5C16.1421 19.5 19.5 16.1421 19.5 12C19.5 7.85786 16.1421 4.5 12 4.5C9.7796 4.5 7.7836 5.46469 6.40954 7H9C9.55228 7 10 7.44772 10 8C10 8.55228 9.55228 9 9 9H4.5C3.96064 9 3.52101 8.57299 3.50073 8.03859C3.49983 8.01771 3.49958 7.99677 3.5 7.9758V3.5C3.5 2.94772 3.94771 2.5 4.5 2.5Z\" fill=\"currentColor\"><\/path><\/svg><\/div>\n<div class=\"flex\"><\/div>\n<\/div>\n<\/div>\n<div class=\"pr-2 lg:pr-0\"><\/div>\n<\/div>\n<\/div>\n<\/div>\n<\/div>\n<\/div>\n<\/div>\n<\/div>\n<\/div>\n<\/div>\n<div class=\"w-full pt-2 md:pt-0 dark:border-white\/20 md:border-transparent md:dark:border-transparent md:w-[calc(100%-.5rem)]\">\n<form class=\"stretch mx-2 flex flex-row gap-3 last:mb-2 md:mx-4 md:last:mb-6 lg:mx-auto lg:max-w-2xl xl:max-w-3xl\">\n<div class=\"relative flex h-full flex-1 flex-col\">\n<div class=\"flex w-full items-center\">\n<div class=\"overflow-hidden [&amp;:has(textarea:focus)]:border-token-border-xheavy [&amp;:has(textarea:focus)]:shadow-[0_2px_6px_rgba(0,0,0,.05)] flex flex-col w-full flex-grow relative border dark:text-white rounded-2xl bg-token-main-surface-primary border-token-border-medium\">\n<div data-grammarly-part=\"button\">\n<div>\n<div>\n<div class=\"amkYk\">\n<div>\n<div class=\"ptGJG\"><\/div>\n<\/div>\n<\/div>\n<\/div>\n<\/div>\n<\/div>\n<\/div>\n<\/div>\n<\/div>\n<\/form>\n<\/div>\n<\/div>\n<\/div>\n<\/div>\n<\/div>\n","protected":false},"excerpt":{"rendered":"<p>Nauti Arctic Fleece Fluffy Designer Poufista, joka on muokattavissa tyyliisi, logoosi ja br\u00e4ndiisi sopivaksi. Tukee jopa 120 kg:n painoa, mik\u00e4 takaa mukavan, tyylikk\u00e4\u00e4n ja pehme\u00e4n kosketuksen,<\/p>\n","protected":false},"featured_media":4551,"comment_status":"open","ping_status":"closed","template":"","meta":[],"product_brand":[],"product_cat":[159],"product_tag":[1437,1426,1431,1427,1433,1436,1434,1425,1430,1428,1432,1435,1429,584,1438],"class_list":{"0":"post-4565","1":"product","2":"type-product","3":"status-publish","4":"has-post-thumbnail","6":"product_cat-rahit","7":"product_tag-contemporary-design-pouf-fi","8":"product_tag-faux-turkis-ottoman","9":"product_tag-minimalistinen-sisustus","10":"product_tag-moderni-turhamaisuus-istuin","11":"product_tag-nordic-design-jakkara","12":"product_tag-pehmea-tekstuuri-kalustus","13":"product_tag-plush-istuminen-sisustus","14":"product_tag-porroinen-jakkara","15":"product_tag-puinen-jalka-jakkara","16":"product_tag-skandinaavisen-tyylin-huonekalut","17":"product_tag-tyylikas-makuuhuoneen-lisavaruste","18":"product_tag-tyylikas-olohuoneen-pala","19":"product_tag-valkoinen-turkis-jakkara","20":"product_tag-viihtyisa-koti-aksentit","21":"product_tag-ylellinen-koristeellinen-penkki","22":"product_shipping_class-valo","24":"first","25":"instock","26":"sale","27":"taxable","28":"shipping-taxable","29":"purchasable","30":"product-type-simple"},"shsp-ext":{"main":{},"variations":[]},"_links":{"self":[{"href":"https:\/\/www.ihmehalli.com\/fi\/wp-json\/wp\/v2\/product\/4565","targetHints":{"allow":["GET"]}}],"collection":[{"href":"https:\/\/www.ihmehalli.com\/fi\/wp-json\/wp\/v2\/product"}],"about":[{"href":"https:\/\/www.ihmehalli.com\/fi\/wp-json\/wp\/v2\/types\/product"}],"replies":[{"embeddable":true,"href":"https:\/\/www.ihmehalli.com\/fi\/wp-json\/wp\/v2\/comments?post=4565"}],"version-history":[{"count":0,"href":"https:\/\/www.ihmehalli.com\/fi\/wp-json\/wp\/v2\/product\/4565\/revisions"}],"wp:featuredmedia":[{"embeddable":true,"href":"https:\/\/www.ihmehalli.com\/fi\/wp-json\/wp\/v2\/media\/4551"}],"wp:attachment":[{"href":"https:\/\/www.ihmehalli.com\/fi\/wp-json\/wp\/v2\/media?parent=4565"}],"wp:term":[{"taxonomy":"product_brand","embeddable":true,"href":"https:\/\/www.ihmehalli.com\/fi\/wp-json\/wp\/v2\/product_brand?post=4565"},{"taxonomy":"product_cat","embeddable":true,"href":"https:\/\/www.ihmehalli.com\/fi\/wp-json\/wp\/v2\/product_cat?post=4565"},{"taxonomy":"product_tag","embeddable":true,"href":"https:\/\/www.ihmehalli.com\/fi\/wp-json\/wp\/v2\/product_tag?post=4565"}],"curies":[{"name":"wp","href":"https:\/\/api.w.org\/{rel}","templated":true}]}}