{"id":4578,"date":"2024-03-04T08:37:44","date_gmt":"2024-03-04T08:37:44","guid":{"rendered":"https:\/\/www.ihmehalli.com\/product\/elegantti-fuzz-ottoman\/"},"modified":"2024-03-18T08:26:53","modified_gmt":"2024-03-18T08:26:53","slug":"elegantti-fuzz-ottoman","status":"publish","type":"product","link":"https:\/\/www.ihmehalli.com\/fi\/tuote\/elegantti-fuzz-ottoman\/","title":{"rendered":"Cozy Nest Pouf &#8211; Tyylik\u00e4s karvainen muotoilu &#8211; Chic Furry Design"},"content":{"rendered":"<div class=\"boldgrid-section\">\n<div class=\"container\">\n<div class=\"row\">\n<div class=\"col-lg-12 col-md-12 col-xs-12 col-sm-12\">\n<h2 class=\"\"><strong>Esittelyss\u00e4 Cozy Nest Pouf &#8211; Chic Furry Design &#8211; Tyylik\u00e4s karvainen muotoilu<\/strong><\/h2>\n<p class=\"\">Tutustu mukavuuden ruumiillistumaan, joka on yhdistetty muokattavaan tyylikkyyteen &#8211; Cozy Nest Pouf &#8211; Chic Furry Design. T\u00e4m\u00e4 hienostuneeseen makuun ja erilaisiin sisustusaiheisiin suunniteltu puff ei ole pelkk\u00e4 huonekalu, vaan huomiota her\u00e4tt\u00e4v\u00e4 keskipiste. T\u00e4m\u00e4n 70 cm korkean ja 40 cm halkaisijaltaan reilun kokoisen pussin kantavuus on jopa 120 kg, joten se on sek\u00e4 ylellinen ett\u00e4 k\u00e4yt\u00e4nn\u00f6llinen lis\u00e4 mihin tahansa huoneeseen.<\/p>\n<h2 class=\"\"><strong>Muotoiltu korkeinta mukavuutta ja kest\u00e4vyytt\u00e4 varten<\/strong><\/h2>\n<p class=\"\">Cozy Nest Pouf &#8211; Chic Furry Design&nbsp;on mukavuuden ja kest\u00e4vyyden tukipilari. Se on suunniteltu tarjoamaan muhkea ja mukava istuinkokemus tinkim\u00e4tt\u00e4 sen kyvyst\u00e4 kest\u00e4\u00e4 jokap\u00e4iv\u00e4ist\u00e4 k\u00e4ytt\u00f6\u00e4. Etsitp\u00e4 sitten ylt\u00e4kyll\u00e4ist\u00e4 jalkatukea tai kutsuvaa lis\u00e4istuinta, t\u00e4m\u00e4 puff on t\u00e4ydellinen.<\/p>\n<h2 class=\"\"><strong>Hieno k\u00e4sity\u00f6taito jokaisessa kuidussa<\/strong><\/h2>\n<p class=\"\">Koe hienon k\u00e4sity\u00f6taidon kosketus puffissamme, jonka jokainen yksityiskohta rikkaasta, karvaisesta tekstuurista huolellisesti muotoiltuun muotoon on suunniteltu tarjoamaan visuaalisesti upea ja tuntumaltaan palkitseva kokemus. T\u00e4m\u00e4 teos on k\u00e4sity\u00f6n huippu, joka takaa, ett\u00e4 jokainen puff on yht\u00e4 ainutlaatuinen kuin yksitt\u00e4iset tilat, joissa ne asuvat.<\/p>\n<h2 class=\"\"><strong>Mukautuvaa eleganssia jokaiseen sisustukseen<\/strong><\/h2>\n<p class=\"\">Cozy Nest Pouf &#8211; Chic Furry Design -malliston v\u00e4ri, muotoilu ja rakenne voidaan mukauttaa br\u00e4ndin tai henkil\u00f6kohtaisen tyylin mukaan, ja se sopii saumattomasti&nbsp;mihin tahansa ymp\u00e4rist\u00f6\u00f6n. T\u00e4m\u00e4 puffi lis\u00e4\u00e4 varmasti tilan viihtyisyytt\u00e4 ja esteettisyytt\u00e4 riippumatta siit\u00e4, sijoitetaanko se minimalistiseen oleskelutilaan, vilkkaaseen perhehuoneeseen vai rauhalliseen makuuhuoneeseen.<\/p>\n<h2 class=\"\"><strong>R\u00e4\u00e4t\u00e4l\u00f6ity ainutlaatuiseen tilaan sopivaksi<\/strong><\/h2>\n<p class=\"\">Ymp\u00e4rist\u00f6si heijastaa matkaasi, ja puffimme on suunniteltu t\u00e4ydent\u00e4m\u00e4\u00e4n t\u00e4t\u00e4 tarinaa. R\u00e4\u00e4t\u00e4l\u00f6ityjen r\u00e4\u00e4t\u00e4l\u00f6intivaihtoehtojen avulla tarjoamme sinulle vapauden luoda poufin, joka on r\u00e4\u00e4t\u00e4l\u00f6ity paitsi fyysiseen tilaan my\u00f6s el\u00e4m\u00e4ntyyliisi ja makuusi, br\u00e4ndiisi ja yrityksesi logoon.<br \/>\nT\u00e4yt\u00e4 t\u00e4t\u00e4 varten lomake <span style=\"color: #333333;\"><br \/>\n  <a style=\"color: #333333;\" href=\"https:\/\/www.ihmehalli.com\/customization\/\"><br \/>\n    <span style=\"text-decoration: underline;\"><br \/>\n      <strong>T\u00c4ST\u00c4<\/strong><br \/>\n    <\/span><br \/>\n  <\/a><br \/>\n<\/span>.<\/p>\n<h2 class=\"\"><strong>Suurtilaukset ja erikoishinnoittelu<\/strong><\/h2>\n<p class=\"\">Niille, jotka haluavat levitt\u00e4\u00e4 t\u00e4t\u00e4 ylellisyytt\u00e4 tiloihinsa, tarjoamme erikoishintoja volyymitilauksille. Ota meihin yhteytt\u00e4 osoitteessa <strong><br \/>\n  <a target=\"_new\" rel=\"noopener\">info@ihmehalli.com<\/a><br \/>\n<\/strong> ja anna meid\u00e4n auttaa sinua luomaan yhten\u00e4inen ja ylellinen ilmapiiri koko kiinteist\u00f6\u00f6si.<\/p>\n<h2 class=\"\"><strong>Omistautuminen aidolle k\u00e4sity\u00f6lle digitaalisella aikakaudella<\/strong><\/h2>\n<p class=\"\">Uskomme k\u00e4sintehtyjen tuotteiden aitouteen, jossa pienet vaihtelut eiv\u00e4t ole puutteita vaan laadun tunnusmerkkej\u00e4. Verkkokuvat on tehty mahdollisimman todenmukaisiksi, mutta toivotamme sinut tervetulleeksi kokemaan poufimme aidon vieh\u00e4tyksen omassa tilassasi.<\/p>\n<h2 class=\"\"><strong>Hoitosuositukset kest\u00e4v\u00e4\u00e4 eleganssia varten<\/strong><\/h2>\n<p class=\"\">Cozy Nest Pouf &#8211; Chic Furry Design&nbsp;-mallin kauneuden s\u00e4ilytt\u00e4minen on helppoa hoito-ohjeidemme avulla. Paikallispuhdistus hell\u00e4varaisella pesuaineella on suositeltavaa pitk\u00e4ik\u00e4isyyden takaamiseksi, jotta poufin rakenteellinen eheys ja rehev\u00e4 ulkon\u00e4k\u00f6 s\u00e4ilyv\u00e4t.<\/p>\n<\/div>\n<\/div>\n<\/div>\n<\/div>\n","protected":false},"excerpt":{"rendered":"<p>Uppoudu Cozy Nest Pouf &#8211; Chic Furry Design -mallistoon, joka on mukautettavissa tilaan sopivaksi. Tukeva, tyylik\u00e4s, sopii t\u00e4ydellisesti nykyaikaisiin koteihin, yrityksiin ja toimistoihin &#8211; muokattavissa.<\/p>\n","protected":false},"featured_media":4556,"comment_status":"open","ping_status":"closed","template":"","meta":[],"product_brand":[],"product_cat":[159],"product_tag":[1497,1503,1498,1489,1494,1490,1488,1496,1500,1492,1491,1499,1501,1504,1495,1493,1502],"class_list":{"0":"post-4578","1":"product","2":"type-product","3":"status-publish","4":"has-post-thumbnail","6":"product_cat-rahit","7":"product_tag-contemporary-porroinen-jakkara","8":"product_tag-cozy-nest-puffi","9":"product_tag-elegantti-kodin-aksentti","10":"product_tag-faux-turkis-istuin","11":"product_tag-minimalistinen-musta-puffi","12":"product_tag-moderni-musta-ottomaani","13":"product_tag-musta-turkis-jakkara","14":"product_tag-nordic-style-jakkara","15":"product_tag-pehmoinen-musta-jalkatuki","16":"product_tag-puinen-jakkara","17":"product_tag-skandinaavinen-sisustus","18":"product_tag-suunnittelija-turkis-penkki","19":"product_tag-trendikas-olohuoneen-sisustus","20":"product_tag-tyylikas-karvainen-muotoilu","21":"product_tag-tyylikas-turhamaisuus-tuoli","22":"product_tag-tyylikkaat-karvaiset-huonekalut","23":"product_tag-ylellinen-tekoturkis-pala","24":"product_shipping_class-valo","26":"first","27":"instock","28":"sale","29":"taxable","30":"shipping-taxable","31":"purchasable","32":"product-type-simple"},"shsp-ext":{"main":{},"variations":[]},"_links":{"self":[{"href":"https:\/\/www.ihmehalli.com\/fi\/wp-json\/wp\/v2\/product\/4578","targetHints":{"allow":["GET"]}}],"collection":[{"href":"https:\/\/www.ihmehalli.com\/fi\/wp-json\/wp\/v2\/product"}],"about":[{"href":"https:\/\/www.ihmehalli.com\/fi\/wp-json\/wp\/v2\/types\/product"}],"replies":[{"embeddable":true,"href":"https:\/\/www.ihmehalli.com\/fi\/wp-json\/wp\/v2\/comments?post=4578"}],"version-history":[{"count":0,"href":"https:\/\/www.ihmehalli.com\/fi\/wp-json\/wp\/v2\/product\/4578\/revisions"}],"wp:featuredmedia":[{"embeddable":true,"href":"https:\/\/www.ihmehalli.com\/fi\/wp-json\/wp\/v2\/media\/4556"}],"wp:attachment":[{"href":"https:\/\/www.ihmehalli.com\/fi\/wp-json\/wp\/v2\/media?parent=4578"}],"wp:term":[{"taxonomy":"product_brand","embeddable":true,"href":"https:\/\/www.ihmehalli.com\/fi\/wp-json\/wp\/v2\/product_brand?post=4578"},{"taxonomy":"product_cat","embeddable":true,"href":"https:\/\/www.ihmehalli.com\/fi\/wp-json\/wp\/v2\/product_cat?post=4578"},{"taxonomy":"product_tag","embeddable":true,"href":"https:\/\/www.ihmehalli.com\/fi\/wp-json\/wp\/v2\/product_tag?post=4578"}],"curies":[{"name":"wp","href":"https:\/\/api.w.org\/{rel}","templated":true}]}}