{"id":4589,"date":"2024-03-04T08:41:34","date_gmt":"2024-03-04T08:41:34","guid":{"rendered":"https:\/\/www.ihmehalli.com\/product\/ecochic-woven-oasis-pouf-poytasetti\/"},"modified":"2024-03-19T18:15:07","modified_gmt":"2024-03-19T18:15:07","slug":"ecochic-woven-oasis-pouf-poytasetti","status":"publish","type":"product","link":"https:\/\/www.ihmehalli.com\/fi\/tuote\/ecochic-woven-oasis-pouf-poytasetti\/","title":{"rendered":"EcoChic Woven Oasis Pouf &amp; Table Set-3 Piece &#8211; p\u00f6yt\u00e4sarja"},"content":{"rendered":"<div class=\"boldgrid-section\">\n<div class=\"container\">\n<div class=\"row\">\n<div class=\"col-lg-12 col-md-12 col-xs-12 col-sm-12\">\n<h2 class=\"\"><strong>Tutustu EcoChic Woven Oasis Pouf &amp; Table Set-3 Piece masterpiece -sarjaan.<\/strong><\/h2>\n<p class=\"\">Tuo luonnon l\u00e4mp\u00f6 kotiisi EcoChic Woven Oasis Pouf &amp; Table Set-3 Piece -mallistolla, jonka harmoninen halkaisija ja korkeus on 50 cm ja p\u00f6yd\u00e4n korkeus 85 cm ja joka edustaa t\u00e4ydellist\u00e4 tasapainoa toiminnallisuuden ja esteettisyyden v\u00e4lill\u00e4. T\u00e4m\u00e4 setti edustaa maalaismaista eleganssia ja tarjoaa yhten\u00e4isen ilmeen, joka korostaa mink\u00e4 tahansa huoneen luonnollista kauneutta.<\/p>\n<h2 class=\"\"><strong>T\u00e4ydellinen yhdistelm\u00e4 eleganssia ja k\u00e4yt\u00e4nn\u00f6llisyytt\u00e4<\/strong><\/h2>\n<p class=\"\">EcoChic Woven Oasis Oasis Pouf &amp; Table Set-3 Piece ei tarjoa vain lis\u00e4\u00e4 istumapaikkoja, vaan tarjoaa yhten\u00e4isen estetiikan, joka yhdist\u00e4\u00e4 mink\u00e4 tahansa tilan. Niiden 50 cm:n pituuden ansiosta ne sopivat erinomaisesti viihtyisiin tilaisuuksiin tai vieh\u00e4tt\u00e4viksi yksitt\u00e4isiksi esineiksi. Vankka muotoilu takaa kest\u00e4vyyden, ja luonnollinen kudos tuo sisustukseen tekstuurisen ulottuvuuden.<\/p>\n<h2 class=\"\"><strong>Asiantunteva ammattitaito takaa kest\u00e4v\u00e4n mukavuuden<\/strong><\/h2>\n<p class=\"\">Jokainen luomaamme puffi on taidokkaan k\u00e4sity\u00f6taidon n\u00e4yteikkuna. Pehme\u00e4\u00e4n, miellytt\u00e4v\u00e4\u00e4n kankaaseen k\u00e4\u00e4rittyn\u00e4 se on sek\u00e4 ylellinen ett\u00e4 k\u00e4yt\u00e4nn\u00f6llinen lis\u00e4 mihin tahansa huoneeseen. Tukeva rakenne tarkoittaa, ett\u00e4 se on rakennettu s\u00e4ilytt\u00e4m\u00e4\u00e4n muotonsa ja tukensa riippumatta siit\u00e4, kuinka usein k\u00e4yt\u00e4t sit\u00e4.<\/p>\n<h2 class=\"\"><strong>El\u00e4m\u00e4\u00e4si sopiva muotoilu<\/strong><\/h2>\n<p class=\"\">Poufimme sopivat mihin tahansa sisustukseen. Sen yksinkertainen eleganssi lis\u00e4\u00e4 hienostuneisuutta olohuoneeseen, makuuhuoneeseen tai lukualueelle. Valitse sisustukseen sopiva puff ja anna sen kohottaa tunnelmaa.<\/p>\n<h2 class=\"\"><strong>Tee se omaksi<\/strong><\/h2>\n<p class=\"\">Uskomme yksil\u00f6lliseen ilmaisuun. Siksi tarjoamme poufin, joka sopii yrityksen v\u00e4reihin tai asuintilasi teemaan. Teemme jokaisen pufin tilauksesta, jotta se vastaa henkil\u00f6kohtaisia suunnittelutarpeitasi. Jos haluat r\u00e4\u00e4t\u00e4l\u00f6id\u00e4 poufin br\u00e4ndisi, logosi, tyylisi ja makusi mukaan, t\u00e4yt\u00e4 lomake. <a href=\"https:\/\/www.ihmehalli.com\/customization\/\"><br \/>\n  <strong>T\u00c4ST\u00c4<\/strong><br \/>\n<\/a>.<\/p>\n<h2 class=\"\"><strong>Tarjoukset irtotavaroiden ostoihin<\/strong><\/h2>\n<p class=\"\">Haluatko tilata useita poufeja? Tarjoamme erikoishintoja irtotavaroille. L\u00e4het\u00e4 meille s\u00e4hk\u00f6postia osoitteeseen <strong><br \/>\n  <a target=\"_new\" rel=\"noopener\">info@ihmehalli.com<\/a><br \/>\n<\/strong> r\u00e4\u00e4t\u00e4l\u00f6ity\u00e4 tarjousta varten.<\/p>\n<h2 class=\"\"><strong>Aitous on t\u00e4rke\u00e4\u00e4<\/strong><\/h2>\n<p class=\"\">K\u00e4sintehdyt tuotteet, kuten puffimme, ovat ainutlaatuisia. Pienet vaihtelut lis\u00e4\u00e4v\u00e4t niiden omaleimaisuutta ja varmistavat, ett\u00e4 kappaleesi on ainutlaatuinen.<\/p>\n<h2 class=\"\"><strong>Hoitovinkkej\u00e4<\/strong><\/h2>\n<p class=\"\">Pid\u00e4 puffisi upean n\u00e4k\u00f6isen\u00e4 pistem\u00e4isell\u00e4 puhdistuksella &#8211; ei upotusta veteen. T\u00e4m\u00e4 yksinkertainen hoitotoimenpide pident\u00e4\u00e4 kankaan k\u00e4ytt\u00f6ik\u00e4\u00e4 ja pit\u00e4\u00e4 sen tuoreen n\u00e4k\u00f6isen\u00e4.<\/p>\n<p class=\"\">&nbsp;<\/p>\n<\/div>\n<\/div>\n<\/div>\n<\/div>\n","protected":false},"excerpt":{"rendered":"<p>Uudista tilasi Natural Harmony 3-osaisella kudotulla tuolisarjalla. T\u00e4m\u00e4 EcoChic Woven Oasis Pouf &amp; Table Set-3 Piece tarjoaa maalaismaista charmia ja mukavuutta sinulle.<\/p>\n","protected":false},"featured_media":6180,"comment_status":"open","ping_status":"closed","template":"","meta":[],"product_brand":[],"product_cat":[159],"product_tag":[1709,1711,1705,1708,1715,1707,1720,1712,1719,1714,1716,1706,1717,1713,1718,1710],"class_list":{"0":"post-4589","1":"product","2":"type-product","3":"status-publish","4":"has-post-thumbnail","6":"product_cat-rahit","7":"product_tag-artisanal-rottinkihuonekalusarja","8":"product_tag-boheemityylinen-tuoliyhdistelma","9":"product_tag-ecochic-woven-oasis-pouf-poytasetti","10":"product_tag-kasintehty-korituoli-trio","11":"product_tag-kestava-kodin-sisustussarja","12":"product_tag-maalaismainen-eleganssi","13":"product_tag-maan-savyinen-kudottu-aksentti-kappaleet","14":"product_tag-minimalistinen-muotoilu-tuolimallisto","15":"product_tag-moderni-korituoli-ja-poytasarja","16":"product_tag-monipuolinen-rottinkituoli-ja-poytasarja","17":"product_tag-natural-fiber-furniture-group-fi","18":"product_tag-natural-harmony-3-osainen-kudottu-tuolisarja","19":"product_tag-organic-texture-tuoli-combo","20":"product_tag-tyylikas-kudottu-jakkara-ja-tuolit","21":"product_tag-tyylikas-luonnollinen-istumajarjestys","22":"product_tag-ymparistoystavalliset-kudotut-istuimet","23":"product_shipping_class-valo","25":"first","26":"instock","27":"sale","28":"taxable","29":"shipping-taxable","30":"purchasable","31":"product-type-simple"},"shsp-ext":{"main":{},"variations":[]},"_links":{"self":[{"href":"https:\/\/www.ihmehalli.com\/fi\/wp-json\/wp\/v2\/product\/4589","targetHints":{"allow":["GET"]}}],"collection":[{"href":"https:\/\/www.ihmehalli.com\/fi\/wp-json\/wp\/v2\/product"}],"about":[{"href":"https:\/\/www.ihmehalli.com\/fi\/wp-json\/wp\/v2\/types\/product"}],"replies":[{"embeddable":true,"href":"https:\/\/www.ihmehalli.com\/fi\/wp-json\/wp\/v2\/comments?post=4589"}],"version-history":[{"count":0,"href":"https:\/\/www.ihmehalli.com\/fi\/wp-json\/wp\/v2\/product\/4589\/revisions"}],"wp:featuredmedia":[{"embeddable":true,"href":"https:\/\/www.ihmehalli.com\/fi\/wp-json\/wp\/v2\/media\/6180"}],"wp:attachment":[{"href":"https:\/\/www.ihmehalli.com\/fi\/wp-json\/wp\/v2\/media?parent=4589"}],"wp:term":[{"taxonomy":"product_brand","embeddable":true,"href":"https:\/\/www.ihmehalli.com\/fi\/wp-json\/wp\/v2\/product_brand?post=4589"},{"taxonomy":"product_cat","embeddable":true,"href":"https:\/\/www.ihmehalli.com\/fi\/wp-json\/wp\/v2\/product_cat?post=4589"},{"taxonomy":"product_tag","embeddable":true,"href":"https:\/\/www.ihmehalli.com\/fi\/wp-json\/wp\/v2\/product_tag?post=4589"}],"curies":[{"name":"wp","href":"https:\/\/api.w.org\/{rel}","templated":true}]}}