{"id":4593,"date":"2024-03-04T08:45:07","date_gmt":"2024-03-04T08:45:07","guid":{"rendered":"https:\/\/www.ihmehalli.com\/product\/alpine-elegance-faux-fur-pouf-2\/"},"modified":"2024-03-17T23:01:42","modified_gmt":"2024-03-17T23:01:42","slug":"alpine-elegance-faux-fur-pouf-2","status":"publish","type":"product","link":"https:\/\/www.ihmehalli.com\/fi\/tuote\/alpine-elegance-faux-fur-pouf-2\/","title":{"rendered":"Savannah Shaggy Fawn Pouf &#8211; Bespoke Seating istuimet"},"content":{"rendered":"<div class=\"boldgrid-section\">\n<div class=\"container\">\n<div class=\"row\">\n<div class=\"col-lg-12 col-md-12 col-xs-12 col-sm-12\">\n<h2 class=\"\"><strong>Savannah Shaggy Fawn Poufin paljastaminen &#8211; mittatilausty\u00f6n\u00e4 tehty istuinten mestariteos<\/strong><\/h2>\n<p class=\"\">Esittelyss\u00e4 Savannah Shaggy Fawn Pouf &#8211; Bespoke Seating, ylellinen istuinvaihtoehto, joka tuo savannin l\u00e4mp\u00f6\u00e4 ja kauneutta kotiisi tai ty\u00f6tilaasi. Huolellisesti suunniteltu, 70 cm korkea ja 40 cm halkaisijaltaan oleva puffi kest\u00e4\u00e4 jopa 120 kg:n painon, joten se on yht\u00e4 kest\u00e4v\u00e4 kuin tyylik\u00e4s. R\u00e4syinen ulkokuori tuo mieleen peuran turkin kesytt\u00e4m\u00e4tt\u00f6m\u00e4n kauneuden ja tarjoaa erottuvan rakenteen, joka on sek\u00e4 visuaalisesti houkutteleva ett\u00e4 ihanan tuntuinen.<\/p>\n<h2 class=\"\"><strong>Orgaanisen estetiikan ja mukavuuden harmoninen yhdistelm\u00e4<\/strong><\/h2>\n<p class=\"\">Savannah Shaggy Fawn Pouf &#8211; Bespoke Seating&nbsp;on kunnianosoitus luonnolliselle tyyneydelle ja ylelliselle muotoilulle. P\u00f6rr\u00f6inen rakenne ja kutsuva \u00e4\u00e4riviivat muodostavat t\u00e4ydellisen tasapainon muhkean mukavuuden ja orgaanisen vieh\u00e4tyksen v\u00e4lill\u00e4, mik\u00e4 luo mihin tahansa huoneeseen keskipisteen, joka kuvastaa maanl\u00e4heist\u00e4, ylellist\u00e4 el\u00e4m\u00e4ntyyli\u00e4.<\/p>\n<h2 class=\"\"><strong>K\u00e4sintehty laatu, jonka voit tuntea<\/strong><\/h2>\n<p class=\"\">Jokainen puffi on k\u00e4sity\u00f6n\u00e4 valmistettu tarkasti ja intohimoisesti, mik\u00e4 takaa, ett\u00e4 p\u00f6rr\u00f6inen rakenne ei ole vain aistien ilo vaan my\u00f6s kest\u00e4v\u00e4 valinta jokap\u00e4iv\u00e4iseen rentoutumiseen. T\u00e4m\u00e4 puff on toiminnallinen taideteos, olipa se sitten ylim\u00e4\u00e4r\u00e4inen istumapaikka vieraille tai mukava lepohetki, kun haluat lev\u00e4t\u00e4.<\/p>\n<h2 class=\"\"><strong>Suunniteltu jokaiseen kotiin<\/strong><\/h2>\n<p class=\"\">Juhlimme jokaisen asiakkaan ainutlaatuisia mieltymyksi\u00e4. Ota vastaan mittojesi ja esteettisten toiveidesi mukaan r\u00e4\u00e4t\u00e4l\u00f6ity tuote. Omistautumisemme k\u00e4sity\u00f6taidolle takaa tuotteen, joka ei vain t\u00e4yt\u00e4 vaan ylitt\u00e4\u00e4 odotuksesi k\u00e4sity\u00f6n\u00e4 valmistetusta sisustuksesta. Tunnustamme, ett\u00e4 jokaisella yksil\u00f6ll\u00e4 on ainutlaatuinen tyyli, joten tarjoamme r\u00e4\u00e4t\u00e4l\u00f6intivaihtoehtoja t\u00e4h\u00e4n kynttil\u00e4sarjaan. Valitse v\u00e4ri ja muoto, joka sopii tilasi kanssa yhteen klikkaamalla&nbsp;<span style=\"text-decoration: underline;\"><strong><a href=\"https:\/\/www.ihmehalli.com\/customization\/\" target=\"_blank\" rel=\"noopener\">t\u00e4\u00e4ll\u00e4<\/a>.<\/strong><\/span><\/p>\n<h2><strong>Suurtilaukset ja erikoistarjoukset<\/strong><\/h2>\n<p class=\"\">Niille, jotka haluavat luoda orgaanisen tyylikkyyden yhten\u00e4isen teeman koko tilaansa, tarjoamme erikoistarjouksia irtotilauksista. Ota meihin yhteytt\u00e4 osoitteessa <strong><br \/>\n  <a target=\"_new\" rel=\"noopener\">info@ihmehalli.com<\/a><br \/>\n<\/strong> henkil\u00f6kohtaista palvelua ja kilpailukykyisi\u00e4 tarjouksia varten.<\/p>\n<h2 class=\"\"><strong>Sitoutuminen aitouteen digitaaliaikana<\/strong><\/h2>\n<p class=\"\">Ymm\u00e4rr\u00e4mme, ett\u00e4 aitous on ensiarvoisen t\u00e4rke\u00e4\u00e4 maailmassa, jossa digitaalinen l\u00e4sn\u00e4olo on kaikkialla l\u00e4sn\u00e4. Jokaisella k\u00e4sity\u00f6n\u00e4 valmistetulla poufilla voi olla hienovaraisia yksil\u00f6llisyyksi\u00e4, jotka lis\u00e4\u00e4v\u00e4t sen ainutlaatuista luonnetta ja varmistavat, ett\u00e4 saamasi kappale on uniikki.<\/p>\n<h2><strong>Hoito- ja pitk\u00e4ik\u00e4isyysohjeet<\/strong><\/h2>\n<p class=\"\">Jotta puffin kauneus ja toimivuus s\u00e4ilyisiv\u00e4t, suosittelemme hoitomenetelm\u00e4ksi paikallispuhdistusta. Sen valmistukseen valitut materiaalit on valittu niiden pitk\u00e4ik\u00e4isyyden ja helppohoitoisuuden vuoksi, mik\u00e4 takaa, ett\u00e4 se pysyy sisustuksen arvokkaana osana.<\/p>\n<\/div>\n<\/div>\n<\/div>\n<\/div>\n","protected":false},"excerpt":{"rendered":"<p>SSavannah Shaggy Fawn Pouf &#8211; Bespoke Seating tarjoaa mukavuutta ja rehev\u00e4\u00e4 estetiikkaa. Muokkaa ja mukauta se tilaan, tyyliin, br\u00e4ndiin ja logoon sopivaksi.<\/p>\n","protected":false},"featured_media":4580,"comment_status":"open","ping_status":"closed","template":"","meta":[],"product_brand":[],"product_cat":[159],"product_tag":[1459,1464,1456,1462,1461,1467,1463,1466,1469,1465,1458,1457,1470,1455,1468,1460],"class_list":{"0":"post-4593","1":"product","2":"type-product","3":"status-publish","4":"has-post-thumbnail","6":"product_cat-rahit","7":"product_tag-beige-karvainen-jakkara","8":"product_tag-boheemi-tyylikas-istuimet","9":"product_tag-faux-lampaannahkainen-ottomaani","10":"product_tag-lammin-sisustus","11":"product_tag-luonnonpuiset-huonekalut","12":"product_tag-maalaistalo-accent-piece","13":"product_tag-maalaistyylinen-sisustus","14":"product_tag-minimalistinen-sisustus-fi","15":"product_tag-neutraali-vari-jalkatuki","16":"product_tag-pehmea-turkis-penkki","17":"product_tag-puinen-jalka-pouffe","18":"product_tag-rustiikkinen-turhamaisuus-istuin","19":"product_tag-shaggy-fawn-pouf-fi","20":"product_tag-tan-turkis-jakkara","21":"product_tag-teksturoitu-istuinratkaisu","22":"product_tag-vaaleanruskea-turkis-jakkara","23":"product_shipping_class-valo","25":"first","26":"instock","27":"sale","28":"taxable","29":"shipping-taxable","30":"purchasable","31":"product-type-simple"},"shsp-ext":{"main":{},"variations":[]},"_links":{"self":[{"href":"https:\/\/www.ihmehalli.com\/fi\/wp-json\/wp\/v2\/product\/4593","targetHints":{"allow":["GET"]}}],"collection":[{"href":"https:\/\/www.ihmehalli.com\/fi\/wp-json\/wp\/v2\/product"}],"about":[{"href":"https:\/\/www.ihmehalli.com\/fi\/wp-json\/wp\/v2\/types\/product"}],"replies":[{"embeddable":true,"href":"https:\/\/www.ihmehalli.com\/fi\/wp-json\/wp\/v2\/comments?post=4593"}],"version-history":[{"count":0,"href":"https:\/\/www.ihmehalli.com\/fi\/wp-json\/wp\/v2\/product\/4593\/revisions"}],"wp:featuredmedia":[{"embeddable":true,"href":"https:\/\/www.ihmehalli.com\/fi\/wp-json\/wp\/v2\/media\/4580"}],"wp:attachment":[{"href":"https:\/\/www.ihmehalli.com\/fi\/wp-json\/wp\/v2\/media?parent=4593"}],"wp:term":[{"taxonomy":"product_brand","embeddable":true,"href":"https:\/\/www.ihmehalli.com\/fi\/wp-json\/wp\/v2\/product_brand?post=4593"},{"taxonomy":"product_cat","embeddable":true,"href":"https:\/\/www.ihmehalli.com\/fi\/wp-json\/wp\/v2\/product_cat?post=4593"},{"taxonomy":"product_tag","embeddable":true,"href":"https:\/\/www.ihmehalli.com\/fi\/wp-json\/wp\/v2\/product_tag?post=4593"}],"curies":[{"name":"wp","href":"https:\/\/api.w.org\/{rel}","templated":true}]}}