{"id":4798,"date":"2024-03-06T10:27:33","date_gmt":"2024-03-06T10:27:33","guid":{"rendered":"https:\/\/www.ihmehalli.com\/product\/taivaalliset-heijastukset-3d-seinataide\/"},"modified":"2024-04-04T08:25:44","modified_gmt":"2024-04-04T08:25:44","slug":"taivaalliset-heijastukset-3d-seinataide","status":"publish","type":"product","link":"https:\/\/www.ihmehalli.com\/fi\/tuote\/taivaalliset-heijastukset-3d-seinataide\/","title":{"rendered":"Lunar Elegance peili &amp; hartsihylly-Luxe-setti"},"content":{"rendered":"<div class=\"boldgrid-section\">\n<div class=\"container\">\n<div class=\"row\">\n<div class=\"col-lg-12 col-md-12 col-xs-12 col-sm-12\">\n<h2 class=\"\"><strong>Koe Lunar Elegance Mirror &amp; Resin Shelf-Luxe Setin s\u00e4teily\u00e4<\/strong><\/h2>\n<p class=\"\">Astu hillityn ylellisyyden ilmapiiriin k\u00e4sity\u00f6n\u00e4 valmistetun Lunar Elegance Mirror &amp; Resin Shelf-Luxe Setin avulla. Halkaisijaltaan runsaan 60 cm:n kokoinen peili, joka on valmistettu erikoistuneen patinaprosessin avulla, heitt\u00e4\u00e4 pehme\u00e4\u00e4, ymp\u00e4r\u00f6iv\u00e4\u00e4 hehkua sis\u00e4\u00e4nrakennetun valaistusominaisuuden ansiosta, joka toimii my\u00f6s hienostuneena univalona. Hyllyyn kuuluu 15x50cm kokoinen hartsipinnoitettu puinen hylly, joka on osoitus sek\u00e4 tyylist\u00e4 ett\u00e4 hy\u00f6dyllisyydest\u00e4. Hyllyss\u00e4 on kaksi suomalaisen poron sarvista inspiroitunutta avainkoukkua sek\u00e4 lis\u00e4koukkuja hattuja ja sateenvarjoja varten, ja siin\u00e4 yhdistyv\u00e4t saumattomasti luonnon inspiraatio ja arkip\u00e4iv\u00e4n mukavuus. t\u00e4m\u00e4 kaksikko tuo tilaan ylellisen rauhallisuuden tunteen.<\/p>\n<p class=\"\"><strong>T\u00e4m\u00e4 ylellinen sein\u00e4taide tulee Suprise-lahja kaikille, joka t\u00e4ydent\u00e4\u00e4 sen ainutlaatuisuutta, mutta sinut yll\u00e4tet\u00e4\u00e4n kotona, ei pilata t\u00e4\u00e4ll\u00e4.<\/strong><\/p>\n<h2 class=\"\"><strong>Tyylikkyyden ja toimivuuden majakka<\/strong><\/h2>\n<p class=\"\">Peilin kuunsirppi on viimeistelty hienovaraisella patinatekniikalla, mik\u00e4 korostaa sen vintage-vieh\u00e4tyst\u00e4. T\u00e4m\u00e4 pala ei ole vain peili, vaan ylellisen muotoilun lausunto, joka toimii my\u00f6s tunnelmavalona, joka sopii t\u00e4ydellisesti intiimin tunnelman luomiseen tai tyylikk\u00e4\u00e4n\u00e4 y\u00f6valona.<\/p>\n<h2 class=\"\"><strong>Pohjoismaista inspiraatiota ja k\u00e4yt\u00e4nn\u00f6llisi\u00e4 yksityiskohtia<\/strong><\/h2>\n<p class=\"\">Peilin alla oleva hartsipinnoitettu puuhylly on osoitus sek\u00e4 tyylist\u00e4 ett\u00e4 hy\u00f6dyllisyydest\u00e4. Hyllyss\u00e4 on kaksi suomalaisen poron sarvista inspiroitunutta avainkoukkua sek\u00e4 lis\u00e4koukkuja hattuja ja sateenvarjoja varten, ja siin\u00e4 yhdistyv\u00e4t saumattomasti luonnon inspiraatio ja arkip\u00e4iv\u00e4n mukavuus.<\/p>\n<h2 class=\"\"><strong>R\u00e4\u00e4t\u00e4l\u00f6ity\u00e4 k\u00e4sity\u00f6t\u00e4 vastaamaan tyyli\u00e4si<\/strong><\/h2>\n<p class=\"\">Sitoutumisemme personointiin tarkoittaa, ett\u00e4 voit r\u00e4\u00e4t\u00e4l\u00f6id\u00e4 koon, v\u00e4rin ja muotoiluelementit t\u00e4ydellisesti sisustukseesi ja mieltymyksiisi sopiviksi. T\u00e4m\u00e4 Lunar Elegance Mirror &amp; Resin Shelf-Luxe Set ei ole pelkk\u00e4 ostos; se on r\u00e4\u00e4t\u00e4l\u00f6ity lis\u00e4 kotiisi. Kaikenlainen teksti, muodot, tekstuurit, v\u00e4rit ja mallit ovat toteutettavissa halusi mukaan napsauttamalla painiketta <span style=\"text-decoration: underline;\"><br \/>\n  <strong><a href=\"https:\/\/www.ihmehalli.com\/customization\/\" target=\"_blank\" rel=\"noopener\">t\u00e4st\u00e4<\/a>.<\/strong><br \/>\n<\/span><\/p>\n<h2><strong>Ylellinen lausunto sek\u00e4 koteihin ett\u00e4 yrityksiin<\/strong><\/h2>\n<p class=\"\">Lunar Elegance Mirror &amp; Resin Shelf-Luxe Set on erottuva, olipa kyseess\u00e4 sitten viihtyis\u00e4n nurkkauksen parantaminen tai tyylikkyyden lis\u00e4\u00e4minen liiketilaan. Se tarjoaa sek\u00e4 n\u00e4ytt\u00e4v\u00e4n n\u00e4k\u00f6isen esineen ett\u00e4 y\u00f6valon ja p\u00e4iv\u00e4nvalon k\u00e4yt\u00e4nn\u00f6lliset edut. T\u00e4m\u00e4 peili- ja hyllysarja on enemm\u00e4n kuin sisustus; se on monipuolinen kokonaisuus, jota jokainen koti tai yritys voi vaalia. Se on kauneuden ja k\u00e4yt\u00e4nn\u00f6llisyyden yhdistelm\u00e4, josta on lupaava tulla sisustusmaisemasi keskipiste.<\/p>\n<h2 class=\"\"><strong>Eksklusiivisia tarjouksia irtotilauksista<\/strong><\/h2>\n<p class=\"\">Etsitk\u00f6 useiden tilojen sisustamista? Tarjoamme erikoisalennuksia irtotavaran ostoista. Ota yhteytt\u00e4 meihin osoitteessa <a target=\"_new\" rel=\"noopener\">info@ihmehalli.com<\/a> saadaksesi r\u00e4\u00e4t\u00e4l\u00f6idyn tarjouksen, joka sopii irtotavaran ostotarpeisiisi.&nbsp;<\/p>\n<\/div>\n<\/div>\n<\/div>\n<\/div>\n","protected":false},"excerpt":{"rendered":"<p>Muunna tilasi Lunar Elegance -peili ja hartsihylly-Luxe-setti. K\u00e4sintehty korkealaatuisista materiaaleista, tuo ylellisen ja ainutlaatuisen kosketuksen minne tahansa,<\/p>\n","protected":false},"featured_media":6155,"comment_status":"open","ping_status":"closed","template":"","meta":[],"product_brand":[],"product_cat":[152],"product_tag":[2344,2334,2338,2336,2339,2345,2332,2333,2340,2341,2335,2342,2343,2346,2337],"class_list":{"0":"post-4798","1":"product","2":"type-product","3":"status-publish","4":"has-post-thumbnail","6":"product_cat-3d-seinakoristeet-ja-kehykset","7":"product_tag-ainutlaatuinen-hartsin-varastointiratkaisu","8":"product_tag-contemporary-moon-peili","9":"product_tag-elegantti-crescent-moon-heijastava-taide","10":"product_tag-hienostunut-seinapeili","11":"product_tag-korkealuokkainen-hartsihylly-koukuilla-varustettuna","12":"product_tag-lausunto-lunar-motif","13":"product_tag-lunar-elegance-peili-ja-hartsihylly-setti","14":"product_tag-luxe-decor-fi","15":"product_tag-moderni-taivaallinen-seinakokonaisuus","16":"product_tag-runsas-kuun-vaihe-sisustus","17":"product_tag-suunnittelija-hartsi-seinahylly","18":"product_tag-taiteellinen-lunar-wall-art","19":"product_tag-tyylikas-astral-peilisarja","20":"product_tag-tyylikas-cosmic-sisustustarvike","21":"product_tag-ylellinen-avaruus-aiheinen-sisustus","22":"product_shipping_class-valo","24":"first","25":"instock","26":"sale","27":"taxable","28":"shipping-taxable","29":"purchasable","30":"product-type-simple"},"shsp-ext":{"main":{},"variations":[]},"_links":{"self":[{"href":"https:\/\/www.ihmehalli.com\/fi\/wp-json\/wp\/v2\/product\/4798","targetHints":{"allow":["GET"]}}],"collection":[{"href":"https:\/\/www.ihmehalli.com\/fi\/wp-json\/wp\/v2\/product"}],"about":[{"href":"https:\/\/www.ihmehalli.com\/fi\/wp-json\/wp\/v2\/types\/product"}],"replies":[{"embeddable":true,"href":"https:\/\/www.ihmehalli.com\/fi\/wp-json\/wp\/v2\/comments?post=4798"}],"version-history":[{"count":0,"href":"https:\/\/www.ihmehalli.com\/fi\/wp-json\/wp\/v2\/product\/4798\/revisions"}],"wp:featuredmedia":[{"embeddable":true,"href":"https:\/\/www.ihmehalli.com\/fi\/wp-json\/wp\/v2\/media\/6155"}],"wp:attachment":[{"href":"https:\/\/www.ihmehalli.com\/fi\/wp-json\/wp\/v2\/media?parent=4798"}],"wp:term":[{"taxonomy":"product_brand","embeddable":true,"href":"https:\/\/www.ihmehalli.com\/fi\/wp-json\/wp\/v2\/product_brand?post=4798"},{"taxonomy":"product_cat","embeddable":true,"href":"https:\/\/www.ihmehalli.com\/fi\/wp-json\/wp\/v2\/product_cat?post=4798"},{"taxonomy":"product_tag","embeddable":true,"href":"https:\/\/www.ihmehalli.com\/fi\/wp-json\/wp\/v2\/product_tag?post=4798"}],"curies":[{"name":"wp","href":"https:\/\/api.w.org\/{rel}","templated":true}]}}