{"id":4804,"date":"2024-03-06T10:35:33","date_gmt":"2024-03-06T10:35:33","guid":{"rendered":"https:\/\/www.ihmehalli.com\/product\/whimsical-bear-cub-riippuvalaisin\/"},"modified":"2024-03-23T11:00:25","modified_gmt":"2024-03-23T11:00:25","slug":"whimsical-bear-cub-riippuvalaisin","status":"publish","type":"product","link":"https:\/\/www.ihmehalli.com\/fi\/tuote\/whimsical-bear-cub-riippuvalaisin\/","title":{"rendered":"Cozy Cub lastenhuone k\u00e4sity\u00f6n\u00e4 tehty kattokruunu"},"content":{"rendered":"<div class=\"boldgrid-section\">\n<div class=\"container\">\n<div class=\"row\">\n<div class=\"col-lg-12 col-md-12 col-xs-12 col-sm-12\">\n<h2 class=\"\"><strong>Valaise leikkis\u00e4t unelmat Cozy Cubin lastenhuoneen k\u00e4sity\u00f6n\u00e4 tehdyll\u00e4 kattokruunulla.<\/strong><\/h2>\n<p class=\"\">Tuo pehme\u00e4 hehku lapsen huoneeseen Cozy Cub Kids&#8217; Room k\u00e4sity\u00f6n\u00e4 valmistetulla kattokruunulla. T\u00e4m\u00e4 vieh\u00e4tt\u00e4v\u00e4 valaisin on k\u00e4sin neulottu ensiluokkaisesta langasta, ja sen leikkis\u00e4 muotoilu ja tupsukoristeet tuovat siihen oudon kosketuksen.<\/p>\n<p class=\"\">Halkaisijaltaan 40 cm:n kattokruunu antaa lohduttavan valon, joka sopii t\u00e4ydellisesti iltasatuihin ja rauhalliseen uneen. Johto on 20 cm pitk\u00e4, joten valaisin roikkuu juuri sopivasti ja tarjoaa toiminnallisuutta sek\u00e4 ihastuttavaa estetiikkaa.<\/p>\n<h2 class=\"\"><strong>Personoi lastenhuoneen keidas<\/strong><\/h2>\n<p class=\"\">T\u00e4m\u00e4 kattokruunu ei ole pelkk\u00e4 valaisin, vaan se on muokattavissa oleva osa lapsesi lastenhuonetta. Tilaa yhteensopiva setti, joka sis\u00e4lt\u00e4\u00e4 korit, y\u00f6valot ja lampunvarjostimet, tai muokkaa se yksil\u00f6lliseksi t\u00e4ydent\u00e4m\u00e4\u00e4n lastenhuoneesi teemaa ja v\u00e4rimaailmaa.<\/p>\n<h2 class=\"\"><strong>Lahjoita k\u00e4sintehdyn aarteen ilo<\/strong><\/h2>\n<p class=\"\">Olitpa sitten koristamassa lastenhuonetta tai etsim\u00e4ss\u00e4 t\u00e4ydellist\u00e4 vauvakutsulahjaa, Cozy Cub Kids&#8217; Room Handcrafted Chandelier on harkittu valinta. Se ei ole pelkk\u00e4 valaisin, vaan muistoesine, joka tuo l\u00e4mp\u00f6\u00e4 ja luonnetta mink\u00e4 tahansa lapsen huoneeseen.<\/p>\n<h2><strong>Helppo asennus, loputon nautinto<\/strong><\/h2>\n<p class=\"\">Asentaminen on helppoa mukana tulevien kiinnikkeiden avulla, ja monipuolinen muotoilu mahdollistaa saumattoman integroinnin mihin tahansa lastenhuoneen sisustukseen. T\u00e4st\u00e4 kattokruunusta tulee varmasti rakastettu osa lapsesi huonetta, kun h\u00e4n kasvaa.<\/p>\n<h2 class=\"\"><strong>Care for Crafted Elegance<\/strong><\/h2>\n<p class=\"\">Pid\u00e4 kattokruunu parhaimmillaan p\u00f6lytt\u00e4m\u00e4ll\u00e4 varovasti. Laadukkaat materiaalit takaavat kest\u00e4vyyden, ja muotoilu lupaa lumota vuosien ajan.<\/p>\n<p>Valitse Cozy Cub -lastenhuoneen kattokruunu, jossa yhdistyv\u00e4t leikkis\u00e4 muotoilu ja k\u00e4sity\u00f6n\u00e4 tehty mukavuus, ja valaise lastenhuone hell\u00e4ll\u00e4, k\u00e4sity\u00f6l\u00e4ismaisella kosketuksella.<\/p>\n<h2 class=\"\"><strong>Henkil\u00f6kohtainen kosketus jokaisella rastilla<\/strong><\/h2>\n<p class=\"\">Kunkin kellon ainutlaatuinen hartsista ja MDF-levyst\u00e4 koostuva rakenne mahdollistaa sen, ett\u00e4 kello on paitsi esteettisesti miellytt\u00e4v\u00e4 my\u00f6s persoonallinen. T\u00e4ss\u00e4 kellossa ei ole kyse vain ajan n\u00e4ytt\u00e4misest\u00e4, vaan hetkien juhlistamisesta tilassa, joka on todella sinun. Kaikenlainen teksti, muodot, tekstuurit, v\u00e4rit ja mallit ovat toteutettavissa halusi mukaan napsauttamalla painiketta&nbsp;<span style=\"text-decoration: underline;\"><strong><a href=\"https:\/\/www.ihmehalli.com\/customization\/\" target=\"_blank\" rel=\"noopener\">t\u00e4\u00e4ll\u00e4<\/a>.<\/strong><\/span><\/p>\n<h2 class=\"\"><strong>Suurtilaukset ja erikoistarjoukset<\/strong><\/h2>\n<p class=\"\">Oletko kiinnostunut useammasta kuin muutamasta? Tarjoamme erikoishintoja irtotilauksille. Ota yhteytt\u00e4 ja pyyd\u00e4 henkil\u00f6kohtainen tarjous, niin autamme sinua tekem\u00e4\u00e4n miellytt\u00e4v\u00e4mp\u00e4\u00e4 yhteisty\u00f6t\u00e4 alla olevan s\u00e4hk\u00f6postin v\u00e4lityksell\u00e4;<br \/>\ninfo@ihmehalli.com<\/p>\n<\/div>\n<\/div>\n<\/div>\n<\/div>\n","protected":false},"excerpt":{"rendered":"<p>Pirist\u00e4 lapsesi huonetta Cozy Cub Kids&#8217; Room k\u00e4sity\u00f6n\u00e4 tehdyll\u00e4 kattokruunulla, joka on k\u00e4sin neulottu, korkealaatuinen lanka ja tupsu design-mahdollisuus.<\/p>\n","protected":false},"featured_media":4770,"comment_status":"open","ping_status":"closed","template":"","meta":[],"product_brand":[],"product_cat":[155,156],"product_tag":[2577,2572,2583,2581,2573,2575,2580,2576,2586,2584,2585,2578,2582,2579,2574],"class_list":{"0":"post-4804","1":"product","2":"type-product","3":"status-publish","4":"has-post-thumbnail","6":"product_cat-lapset","7":"product_cat-valaistus","8":"product_tag-artisan-knit-light-shade-fi","9":"product_tag-cozy-cub-lastenhuoneen-kattokruunu","10":"product_tag-hellavarainen-lastenhuoneen-valo","11":"product_tag-kasintehty-elainten-teema-valo","12":"product_tag-kasintehty-viehatys","13":"product_tag-lasten-neulotut-valaisimet","14":"product_tag-lastenhuone-bear-kattokruunu","15":"product_tag-leikkisa-lastenhuoneen-lamppu","16":"product_tag-nalle-teemalla-valo","17":"product_tag-neulottu-bear-design-kattokruunu","18":"product_tag-plush-look-lasten-valaisinvalaisin","19":"product_tag-soft-glow-teddy-light-fi","20":"product_tag-sopo-cub-valaistus","21":"product_tag-viehattava-makuuhuoneen-katto-sisustus","22":"product_tag-whimsical-bear-riipusvalo","23":"product_shipping_class-valo","25":"first","26":"instock","27":"sale","28":"taxable","29":"shipping-taxable","30":"purchasable","31":"product-type-simple"},"shsp-ext":{"main":{},"variations":[]},"_links":{"self":[{"href":"https:\/\/www.ihmehalli.com\/fi\/wp-json\/wp\/v2\/product\/4804","targetHints":{"allow":["GET"]}}],"collection":[{"href":"https:\/\/www.ihmehalli.com\/fi\/wp-json\/wp\/v2\/product"}],"about":[{"href":"https:\/\/www.ihmehalli.com\/fi\/wp-json\/wp\/v2\/types\/product"}],"replies":[{"embeddable":true,"href":"https:\/\/www.ihmehalli.com\/fi\/wp-json\/wp\/v2\/comments?post=4804"}],"version-history":[{"count":0,"href":"https:\/\/www.ihmehalli.com\/fi\/wp-json\/wp\/v2\/product\/4804\/revisions"}],"wp:featuredmedia":[{"embeddable":true,"href":"https:\/\/www.ihmehalli.com\/fi\/wp-json\/wp\/v2\/media\/4770"}],"wp:attachment":[{"href":"https:\/\/www.ihmehalli.com\/fi\/wp-json\/wp\/v2\/media?parent=4804"}],"wp:term":[{"taxonomy":"product_brand","embeddable":true,"href":"https:\/\/www.ihmehalli.com\/fi\/wp-json\/wp\/v2\/product_brand?post=4804"},{"taxonomy":"product_cat","embeddable":true,"href":"https:\/\/www.ihmehalli.com\/fi\/wp-json\/wp\/v2\/product_cat?post=4804"},{"taxonomy":"product_tag","embeddable":true,"href":"https:\/\/www.ihmehalli.com\/fi\/wp-json\/wp\/v2\/product_tag?post=4804"}],"curies":[{"name":"wp","href":"https:\/\/api.w.org\/{rel}","templated":true}]}}