{"id":5060,"date":"2024-03-11T11:09:43","date_gmt":"2024-03-11T11:09:43","guid":{"rendered":"https:\/\/www.ihmehalli.com\/product\/elegance-cozy-knit-sohva\/"},"modified":"2024-03-16T14:48:21","modified_gmt":"2024-03-16T14:48:21","slug":"elegance-cozy-knit-sohva","status":"publish","type":"product","link":"https:\/\/www.ihmehalli.com\/fi\/tuote\/elegance-cozy-knit-sohva\/","title":{"rendered":"Granite Hues Chunky Wool Kint sohva huivi"},"content":{"rendered":"<div class=\"boldgrid-section\">\n<div class=\"container\">\n<div class=\"row\">\n<div class=\"col-lg-12 col-md-12 col-xs-12 col-sm-12\">\n<h2 class=\"\"><strong>Granite Huesin Chunky Wool Kint -sohvasuihkuhuivin mestariteoksen paljastaminen<\/strong><\/h2>\n<p class=\"\">Astu taktiilisen nautinnon valtakuntaan Granite&nbsp;Hues Chunky Wool Kint Sofa Shawl -huivilla. T\u00e4m\u00e4 kauniisti muotoiltu huivi, jonka mitat ovat mukavat 150 * 85 cm, on t\u00e4ydellinen kumppani niille, jotka etsiv\u00e4t sek\u00e4 eleganssia ett\u00e4 mukavuutta asuintiloihinsa. Rauhoittava graniitin s\u00e4vy on sek\u00e4 monipuolinen ett\u00e4 nykyaikainen, ja se sopii vaivattomasti mihin tahansa sisustukseen ja tuo samalla l\u00e4mp\u00f6\u00e4 ja hienostuneisuutta.<\/p>\n<h2 class=\"\"><strong>K\u00e4sintehty\u00e4 eleganssia jokaisessa kuidussa<\/strong><\/h2>\n<p class=\"\">Granite Hues Chunky Wool Kint Sofa Shawl -huivimme ylitt\u00e4\u00e4 tavallisen k\u00e4sity\u00f6taitonsa ansiosta. Alkuper\u00e4isest\u00e4 suunnittelusta viimeiseen ompeleeseen, k\u00e4sity\u00f6l\u00e4isemme valavat syd\u00e4mens\u00e4 ja sielunsa jokaiseen kappaleeseen, varmistaen, ett\u00e4 jokainen huivi ei ole vain tuote vaan henkil\u00f6kohtainen taideteos.<\/p>\n<h2 class=\"\"><strong>R\u00e4\u00e4t\u00e4l\u00f6intimahdollisuus &#8211; Lis\u00e4\u00e4 henkil\u00f6kohtainen kosketuksesi<\/strong><\/h2>\n<p class=\"\">Tunnustamme, ett\u00e4 jokaisella yksil\u00f6ll\u00e4 on ainutlaatuinen tyyli, joten tarjoamme r\u00e4\u00e4t\u00e4l\u00f6intivaihtoehtoja t\u00e4h\u00e4n kynttil\u00e4sarjaan. Valitse v\u00e4ri ja muoto, joka sopii tilasi kanssa yhteen klikkaamalla&nbsp;<span style=\"text-decoration: underline;\"><strong><a href=\"https:\/\/www.ihmehalli.com\/customization\/\" target=\"_blank\" rel=\"noopener\">t\u00e4\u00e4ll\u00e4<\/a>.<\/strong><\/span><\/p>\n<h2 class=\"\"><strong>T\u00e4ydellinen kokouksiin ja lahjoihin<\/strong><\/h2>\n<p class=\"\">Huivimme sopii vaivattomasti mihin tahansa ymp\u00e4rist\u00f6\u00f6n, olipa kyse sitten tyylikk\u00e4\u00e4n lis\u00e4kerroksen lis\u00e4\u00e4misest\u00e4 oleskelutilaasi tai seurasta viile\u00e4mpin\u00e4 kuukausina. Se on suunniteltu henkil\u00f6kohtaiseen hemmotteluun ja huomaavaiseksi, hienoksi lahjaksi.<\/p>\n<h2 class=\"\"><strong>Suurtilaukset ja erikoistarjoukset<\/strong><\/h2>\n<p class=\"\">Tarjoamme erikoishintoja irtotavarana ostettavista tuotteista niille, jotka haluavat tuoda mukavuutta jokaiseen nurkkaan. Ota yhteytt\u00e4 ja pyyd\u00e4 r\u00e4\u00e4t\u00e4l\u00f6ity tarjous ja koe saumaton yhteisty\u00f6 osoitteessa info@ihmehalli.com.<\/p>\n<h2 class=\"\"><strong>Toimitus- ja tuotantoaikataulu<\/strong><\/h2>\n<p class=\"\">Jokainen huivi on k\u00e4sin neulottu huolella ja omistautuneesti. Pyrimme huippuosaamiseen, mik\u00e4 vaatii joskus ylim\u00e4\u00e4r\u00e4ist\u00e4 aikaa. Varaa enint\u00e4\u00e4n 1 kuukausi tuotantoon ja toimitukseen, jos valintasi ei ole t\u00e4ll\u00e4 hetkell\u00e4 varastossa. Pid\u00e4mme sinut ajan tasalla s\u00e4hk\u00f6postitse varmistaaksemme, ett\u00e4 odotus lis\u00e4\u00e4 huivisi vastaanottamisen iloa.<\/p>\n<h2><strong>Sitoutuminen aitouteen digitaaliaikana<\/strong><\/h2>\n<p class=\"\">K\u00e4sintehtyjen tuotteiden laatu on erityinen, mik\u00e4 voi aiheuttaa pieni\u00e4 ulkon\u00e4k\u00f6eroja. Vaikka teemme kaikkemme n\u00e4ytt\u00e4\u00e4ksemme huivimme tarkasti verkossa, monitorien v\u00e4liset erot voivat aiheuttaa pieni\u00e4 poikkeamia. Takaamme kuitenkin, ett\u00e4 huiviemme henkil\u00f6kohtainen vieh\u00e4tysvoima ihastuttaa sinua.<\/p>\n<h2 class=\"\"><strong>Hoito- ja pitk\u00e4ik\u00e4isyysohjeet<\/strong><\/h2>\n<ul class=\"\">\n<li>Pese kylm\u00e4ll\u00e4 vedell\u00e4 noin 15 minuuttia, jotta kankaan pehmeys ja s\u00e4vy s\u00e4ilyv\u00e4t.<\/li>\n<li>Kuivaa tasaisesti, jotta huivi s\u00e4ilyy muodoltaan ja rakenteeltaan.<\/li>\n<li>S\u00e4ilyt\u00e4 poissa suorista l\u00e4mm\u00f6nl\u00e4hteist\u00e4 laadun s\u00e4ilymisen varmistamiseksi.<\/li>\n<\/ul>\n<\/div>\n<\/div>\n<\/div>\n<\/div>\n","protected":false},"excerpt":{"rendered":"<div class=\"flex-1 overflow-hidden\">\n<div class=\"react-scroll-to-bottom--css-twlst-79elbk h-full\">\n<div class=\"react-scroll-to-bottom--css-twlst-1n7m0yu\">\n<div class=\"flex flex-col text-sm pb-9\">\n<div class=\"w-full text-token-text-primary\" data-testid=\"conversation-turn-49\">\n<div class=\"px-4 py-2 justify-center text-base md:gap-6 m-auto\">\n<div class=\"flex flex-1 text-base mx-auto gap-3 md:px-5 lg:px-1 xl:px-5 md:max-w-3xl lg:max-w-[40rem] xl:max-w-[48rem] group final-completion\">\n<div class=\"relative flex w-full flex-col agent-turn\">\n<div class=\"flex-col gap-1 md:gap-3\">\n<div class=\"flex flex-grow flex-col max-w-full\">\n<div data-message-author-role=\"assistant\" data-message-id=\"0609d76a-b0b9-43ea-a708-732480f909da\" class=\"min-h-[20px] text-message flex flex-col items-start gap-3 whitespace-pre-wrap break-words [.text-message+&amp;]:mt-5 overflow-x-auto\">\n<div class=\"markdown prose w-full break-words dark:prose-invert light\">\n<p>Syleile ylellisyytt\u00e4 Granite Hues Chunky Wool Kint Sofa Shawl -huivilla. K\u00e4sin neulottu eleganssi, joka sopii t\u00e4ydellisesti sohvan p\u00e4\u00e4lle tai sohvan p\u00e4\u00e4lle, jotta saat tyylik\u00e4st\u00e4 l\u00e4mp\u00f6\u00e4.<\/p>\n<\/div>\n<\/div>\n<\/div>\n<div class=\"mt-1 flex justify-start gap-3 empty:hidden\">\n<div class=\"text-gray-400 flex self-end lg:self-center items-center justify-center lg:justify-start mt-0 -ml-1 h-7 gap-[2px] visible\">\n<p>&nbsp;<\/p>\n<div class=\"flex items-center gap-1.5 text-xs\"><svg xmlns=\"http:\/\/www.w3.org\/2000\/svg\" width=\"24\" height=\"24\" viewbox=\"0 0 24 24\" fill=\"none\" class=\"icon-md\"><path fill-rule=\"evenodd\" clip-rule=\"evenodd\" d=\"M4.5 2.5C5.05228 2.5 5.5 2.94772 5.5 3.5V5.07196C7.19872 3.47759 9.48483 2.5 12 2.5C17.2467 2.5 21.5 6.75329 21.5 12C21.5 17.2467 17.2467 21.5 12 21.5C7.1307 21.5 3.11828 17.8375 2.565 13.1164C2.50071 12.5679 2.89327 12.0711 3.4418 12.0068C3.99033 11.9425 4.48712 12.3351 4.5514 12.8836C4.98798 16.6089 8.15708 19.5 12 19.5C16.1421 19.5 19.5 16.1421 19.5 12C19.5 7.85786 16.1421 4.5 12 4.5C9.7796 4.5 7.7836 5.46469 6.40954 7H9C9.55228 7 10 7.44772 10 8C10 8.55228 9.55228 9 9 9H4.5C3.96064 9 3.52101 8.57299 3.50073 8.03859C3.49983 8.01771 3.49958 7.99677 3.5 7.9758V3.5C3.5 2.94772 3.94771 2.5 4.5 2.5Z\" fill=\"currentColor\"><\/path><\/svg><\/div>\n<div class=\"flex\"><\/div>\n<\/div>\n<\/div>\n<div class=\"pr-2 lg:pr-0\"><\/div>\n<\/div>\n<\/div>\n<\/div>\n<\/div>\n<\/div>\n<\/div>\n<\/div>\n<\/div>\n<\/div>\n<div class=\"w-full pt-2 md:pt-0 dark:border-white\/20 md:border-transparent md:dark:border-transparent md:w-[calc(100%-.5rem)]\">\n<form class=\"stretch mx-2 flex flex-row gap-3 last:mb-2 md:mx-4 md:last:mb-6 lg:mx-auto lg:max-w-2xl xl:max-w-3xl\">\n<div class=\"relative flex h-full flex-1 flex-col\">\n<div class=\"flex w-full items-center\">\n<div class=\"overflow-hidden [&amp;:has(textarea:focus)]:border-token-border-xheavy [&amp;:has(textarea:focus)]:shadow-[0_2px_6px_rgba(0,0,0,.05)] flex flex-col w-full flex-grow relative border dark:text-white rounded-2xl bg-token-main-surface-primary border-token-border-medium\">\n<div data-grammarly-part=\"button\">\n<div>\n<div>\n<div class=\"amkYk\">\n<div>\n<div class=\"ptGJG\"><\/div>\n<\/div>\n<\/div>\n<\/div>\n<\/div>\n<\/div>\n<\/div>\n<\/div>\n<\/div>\n<\/form>\n<\/div>\n","protected":false},"featured_media":5052,"comment_status":"open","ping_status":"closed","template":"","meta":[],"product_brand":[],"product_cat":[171],"product_tag":[894,901,905,906,903,899,893,902,898,897,907,900,904,895,896],"class_list":{"0":"post-5060","1":"product","2":"type-product","3":"status-publish","4":"has-post-thumbnail","6":"product_cat-sohvapeitto","7":"product_tag-kasin-neulottu-kaapeli-heittaa","8":"product_tag-kasityona-valmistettu-kaapelineule","9":"product_tag-laadukas-villainen-heitto","10":"product_tag-mukava-ja-pehmea-heitto","11":"product_tag-neutraalin-varinen-huopa","12":"product_tag-nykyajan-sisustus","13":"product_tag-paksu-harmaa-neulottu-huopa","14":"product_tag-paksu-neulottu-heittopeitto","15":"product_tag-pehmea-kuvioitu-neulottu-huopa","16":"product_tag-pehmea-paksu-heitto-sohvalle","17":"product_tag-suunnittelijaneulottu-sohvapeitto","18":"product_tag-suuri-harmaa-villa-heittaa","19":"product_tag-tyylikas-paksu-neule","20":"product_tag-viihtyisa-villahuopa","21":"product_tag-ylellinen-neulottu-sohva-heittaa","22":"product_shipping_class-valo","24":"first","25":"instock","26":"sale","27":"taxable","28":"shipping-taxable","29":"purchasable","30":"product-type-simple"},"shsp-ext":{"main":{},"variations":[]},"_links":{"self":[{"href":"https:\/\/www.ihmehalli.com\/fi\/wp-json\/wp\/v2\/product\/5060","targetHints":{"allow":["GET"]}}],"collection":[{"href":"https:\/\/www.ihmehalli.com\/fi\/wp-json\/wp\/v2\/product"}],"about":[{"href":"https:\/\/www.ihmehalli.com\/fi\/wp-json\/wp\/v2\/types\/product"}],"replies":[{"embeddable":true,"href":"https:\/\/www.ihmehalli.com\/fi\/wp-json\/wp\/v2\/comments?post=5060"}],"version-history":[{"count":0,"href":"https:\/\/www.ihmehalli.com\/fi\/wp-json\/wp\/v2\/product\/5060\/revisions"}],"wp:featuredmedia":[{"embeddable":true,"href":"https:\/\/www.ihmehalli.com\/fi\/wp-json\/wp\/v2\/media\/5052"}],"wp:attachment":[{"href":"https:\/\/www.ihmehalli.com\/fi\/wp-json\/wp\/v2\/media?parent=5060"}],"wp:term":[{"taxonomy":"product_brand","embeddable":true,"href":"https:\/\/www.ihmehalli.com\/fi\/wp-json\/wp\/v2\/product_brand?post=5060"},{"taxonomy":"product_cat","embeddable":true,"href":"https:\/\/www.ihmehalli.com\/fi\/wp-json\/wp\/v2\/product_cat?post=5060"},{"taxonomy":"product_tag","embeddable":true,"href":"https:\/\/www.ihmehalli.com\/fi\/wp-json\/wp\/v2\/product_tag?post=5060"}],"curies":[{"name":"wp","href":"https:\/\/api.w.org\/{rel}","templated":true}]}}