{"id":5092,"date":"2024-03-14T12:28:39","date_gmt":"2024-03-14T12:28:39","guid":{"rendered":"https:\/\/www.ihmehalli.com\/product\/elegance-marmori-seinakello\/"},"modified":"2024-03-15T22:27:10","modified_gmt":"2024-03-15T22:27:10","slug":"elegance-marmori-seinakello","status":"publish","type":"product","link":"https:\/\/www.ihmehalli.com\/fi\/tuote\/elegance-marmori-seinakello\/","title":{"rendered":"Hohtava geodi mosaiikki kello"},"content":{"rendered":"<div class=\"boldgrid-section\">\n<div class=\"container\">\n<div class=\"row\">\n<div class=\"col-lg-12 col-md-12 col-xs-12 col-sm-12\">\n<h2 class=\"\"><strong>Esittelyss\u00e4 meid\u00e4n kimmelt\u00e4v\u00e4 Geode mosaiikki Clock Masterpiece<\/strong><\/h2>\n<p class=\"\">Esittelyss\u00e4 on Glimmering Geode Mosaic Clock, jossa taiteellisuus ajanotossa saavuttaa uudet ylellisyyden korkeudet. T\u00e4ss\u00e4 upeassa 50 cm:n kellossa yhdistyv\u00e4t geodimuotoilun monimutkainen kauneus ja klassisen kellon ajaton hienostuneisuus. Jokainen kello, joka on k\u00e4sity\u00f6n\u00e4 valmistettu tarkasti ja huolellisesti, on yksil\u00f6llinen mestariteos, jossa on Taiwanista per\u00e4isin oleva hiljainen moottori, joka takaa keskeytym\u00e4tt\u00f6m\u00e4n rauhallisuuden ja tarkkuuden.<\/p>\n<h2 class=\"\"><strong>Testamentti k\u00e4sity\u00f6n\u00e4 tehdyst\u00e4 taiteellisuudesta<\/strong><\/h2>\n<p class=\"\">T\u00e4m\u00e4 Glimmering Geode Mosaic Clock ei ole pelkk\u00e4 tapa kertoa aikaa; se on k\u00e4sity\u00f6n\u00e4 tehty ihme, jossa jokainen k\u00e4yr\u00e4 ja \u00e4\u00e4riviiva kertoo sen luomisen tarinan. Kellon syd\u00e4n on Taiwanissa valmistettu moottori, jossa yhdistyv\u00e4t pitk\u00e4ik\u00e4isyys ja tarkkuus, ja sill\u00e4 on yhden vuoden takuu mielenrauhan takaamiseksi.<\/p>\n<h2 class=\"\"><strong>Monipuoliset n\u00e4ytt\u00f6vaihtoehdot<\/strong><\/h2>\n<p class=\"\">T\u00e4m\u00e4 kello on sein\u00e4ll\u00e4si keskipisteen\u00e4 tai p\u00f6yt\u00e4\u00e4si koristamassa, ja se siirtyy vaivattomasti eri asetuksista toiseen. Sen k\u00e4sity\u00f6n\u00e4 tehty luonne takaa, ett\u00e4 vaikka se on riitt\u00e4v\u00e4n kest\u00e4v\u00e4 sein\u00e4lle, se on silti herkk\u00e4 p\u00f6yd\u00e4lle esitelt\u00e4v\u00e4ksi.<\/p>\n<h2 class=\"\"><strong>Henkil\u00f6kohtainen kosketus jokaisella rastilla<\/strong><\/h2>\n<p class=\"\">Kunkin kellon ainutlaatuinen hartsista ja MDF-levyst\u00e4 koostuva rakenne mahdollistaa sen, ett\u00e4 kello on paitsi esteettisesti miellytt\u00e4v\u00e4 my\u00f6s persoonallinen. T\u00e4ss\u00e4 kellossa ei ole kyse vain ajan n\u00e4ytt\u00e4misest\u00e4, vaan hetkien juhlistamisesta tilassa, joka on todella sinun. Kaikenlainen teksti, muodot, tekstuurit, v\u00e4rit ja mallit ovat toteutettavissa halusi mukaan napsauttamalla painiketta&nbsp;<span style=\"text-decoration: underline;\"><strong><a href=\"https:\/\/www.ihmehalli.com\/customization\/\" target=\"_blank\" rel=\"noopener\">t\u00e4\u00e4ll\u00e4<\/a>.<\/strong><\/span><\/p>\n<h2 class=\"\"><strong>Sitoutuminen huippuosaamiseen<\/strong><\/h2>\n<p class=\"\">T\u00e4m\u00e4n kellon valmistuksessa k\u00e4sity\u00f6l\u00e4isemme k\u00e4ytt\u00e4v\u00e4t taitonsa luodakseen kellon, joka erottuu edukseen sek\u00e4 luotettavuudellaan ett\u00e4 tyylill\u00e4\u00e4n. Niiden tuotteiden osalta, joita ei ole heti saatavilla, pyyd\u00e4mme k\u00e4rsiv\u00e4llisyytt\u00e4, sill\u00e4 teemme tilauksesi t\u00e4ydelliseksi.<\/p>\n<h2 class=\"\"><strong>Aitous joka yksityiskohdassa<\/strong><\/h2>\n<p class=\"\">Pyrimme edustamaan k\u00e4sity\u00f6n\u00e4 valmistettuja kellojamme tarkasti, vaikka pieni\u00e4 vaihteluita saattaa esiinty\u00e4. Voit olla varma, ett\u00e4 saamasi kello on juuri niin hieno kuin odotat, ja jokainen yksityiskohta on viimeistelty t\u00e4ydellisesti.<\/p>\n<h2 class=\"\"><strong>Hoito ja kunnossapito<\/strong><\/h2>\n<ul class=\"\">\n<li>S\u00e4ilyt\u00e4 kellosi kauneus p\u00f6lytt\u00e4m\u00e4ll\u00e4 varovasti hartsi- ja MDF-pinnat.<\/li>\n<li>V\u00e4lt\u00e4 voimakkaita kemikaaleja ja liiallista kosteutta.<\/li>\n<li>Nauti luotettavasta ajanotosta ja taidokkaasta muotoilusta tulevina vuosina.<\/li>\n<\/ul>\n<\/div>\n<\/div>\n<\/div>\n<\/div>\n","protected":false},"excerpt":{"rendered":"<p>Koe eleganssia Glimmering Geode Mosaic Clock -kellolla, joka on ylellinen 50-senttinen kello, jossa yhdistyv\u00e4t hartsitaiteellisuus, hiljainen taiwanilainen moottori<\/p>\n","protected":false},"featured_media":5072,"comment_status":"open","ping_status":"closed","template":"","meta":[],"product_brand":[],"product_cat":[160],"product_tag":[1109,1112,1103,1111,1108,1115,1107,1116,1114,1104,1110,1106,1113,1117,1105],"class_list":{"0":"post-5092","1":"product","2":"type-product","3":"status-publish","4":"has-post-thumbnail","6":"product_cat-kello","7":"product_tag-geode-design-seinakello","8":"product_tag-hienostunut-kotikello","9":"product_tag-hohtava-geodi-kello","10":"product_tag-hopea-aksentti-sisustus-kello","11":"product_tag-kasintehty-eleganssikello","12":"product_tag-kimaltava-seinakello","13":"product_tag-kipinoiva-seinakoriste","14":"product_tag-koristeellinen-hartsista-valmistettu-taidekello","15":"product_tag-mineraali-mosaiikki-kello","16":"product_tag-mosaiikki-seinakello","17":"product_tag-nykyaikainen-ajanottaja","18":"product_tag-taiteellinen-mosaiikkikello","19":"product_tag-tyylikas-geodikuvioinen-kello","20":"product_tag-tyylikas-mosaiikkiseinainen-kello","21":"product_tag-ylellinen-geodi-kello","22":"product_shipping_class-valo","24":"first","25":"instock","26":"sale","27":"taxable","28":"shipping-taxable","29":"purchasable","30":"product-type-simple"},"shsp-ext":{"main":{},"variations":[]},"_links":{"self":[{"href":"https:\/\/www.ihmehalli.com\/fi\/wp-json\/wp\/v2\/product\/5092","targetHints":{"allow":["GET"]}}],"collection":[{"href":"https:\/\/www.ihmehalli.com\/fi\/wp-json\/wp\/v2\/product"}],"about":[{"href":"https:\/\/www.ihmehalli.com\/fi\/wp-json\/wp\/v2\/types\/product"}],"replies":[{"embeddable":true,"href":"https:\/\/www.ihmehalli.com\/fi\/wp-json\/wp\/v2\/comments?post=5092"}],"version-history":[{"count":0,"href":"https:\/\/www.ihmehalli.com\/fi\/wp-json\/wp\/v2\/product\/5092\/revisions"}],"wp:featuredmedia":[{"embeddable":true,"href":"https:\/\/www.ihmehalli.com\/fi\/wp-json\/wp\/v2\/media\/5072"}],"wp:attachment":[{"href":"https:\/\/www.ihmehalli.com\/fi\/wp-json\/wp\/v2\/media?parent=5092"}],"wp:term":[{"taxonomy":"product_brand","embeddable":true,"href":"https:\/\/www.ihmehalli.com\/fi\/wp-json\/wp\/v2\/product_brand?post=5092"},{"taxonomy":"product_cat","embeddable":true,"href":"https:\/\/www.ihmehalli.com\/fi\/wp-json\/wp\/v2\/product_cat?post=5092"},{"taxonomy":"product_tag","embeddable":true,"href":"https:\/\/www.ihmehalli.com\/fi\/wp-json\/wp\/v2\/product_tag?post=5092"}],"curies":[{"name":"wp","href":"https:\/\/api.w.org\/{rel}","templated":true}]}}