{"id":5124,"date":"2024-03-14T12:42:12","date_gmt":"2024-03-14T12:42:12","guid":{"rendered":"https:\/\/www.ihmehalli.com\/product\/marble-opulence-seinakello\/"},"modified":"2024-03-15T20:31:50","modified_gmt":"2024-03-15T20:31:50","slug":"marble-opulence-seinakello","status":"publish","type":"product","link":"https:\/\/www.ihmehalli.com\/fi\/tuote\/marble-opulence-seinakello\/","title":{"rendered":"Silver Swirl Luxury Clock: Elegance"},"content":{"rendered":"<div class=\"boldgrid-section\">\n<div class=\"container\">\n<div class=\"row\">\n<div class=\"col-lg-12 col-md-12 col-xs-12 col-sm-12\">\n<h2 class=\"\"><strong>Esittelyss\u00e4 meid\u00e4n Silver Swirl Luxury Clock: Elegance Masterpiece: Artful Elegance Masterpiece<\/strong><\/h2>\n<p class=\"\">Tutustu Silver Swirl Luxury Clock -kellon kiehtovaan vieh\u00e4tykseen. Vaikuttavan 50 cm:n pituinen k\u00e4sintehty kello yhdist\u00e4\u00e4 modernin ja klassisen, ja siin\u00e4 on dynaaminen hopean ja valkoisten py\u00f6rteiden vuorovaikutus, joka vet\u00e4\u00e4 puoleensa silm\u00e4\u00e4 ja her\u00e4tt\u00e4\u00e4 mielikuvituksen. T\u00e4m\u00e4 korkealaatuisesta hartsista ja MDF-levyst\u00e4 valmistettu kello ylitt\u00e4\u00e4 toiminnallisen tarkoituksensa ja on keskeinen sisustusesine, joka puhuu ylellisyyden sielusta.<\/p>\n<h2 class=\"\"><strong>Testamentti k\u00e4sity\u00f6n\u00e4 tehdyst\u00e4 taiteellisuudesta<\/strong><\/h2>\n<p class=\"\">T\u00e4m\u00e4 Silver Swirl Luxury Clock: Se on k\u00e4sity\u00f6n\u00e4 tehty ihme, jonka jokainen k\u00e4yr\u00e4 ja \u00e4\u00e4riviiva kertoo tarinan sen luomisesta. Kellon syd\u00e4n on Taiwanissa valmistettu moottori, jossa yhdistyv\u00e4t pitk\u00e4ik\u00e4isyys ja tarkkuus, ja sill\u00e4 on yhden vuoden takuu mielenrauhan takaamiseksi.<\/p>\n<h2 class=\"\"><strong>Monipuoliset n\u00e4ytt\u00f6vaihtoehdot<\/strong><\/h2>\n<p class=\"\">T\u00e4m\u00e4 kello on sein\u00e4ll\u00e4si keskipisteen\u00e4 tai p\u00f6yt\u00e4\u00e4si koristamassa, ja se siirtyy vaivattomasti eri asetuksista toiseen. Sen k\u00e4sity\u00f6n\u00e4 tehty luonne takaa, ett\u00e4 vaikka se on riitt\u00e4v\u00e4n kest\u00e4v\u00e4 sein\u00e4lle, se on silti herkk\u00e4 p\u00f6yd\u00e4lle esitelt\u00e4v\u00e4ksi.<\/p>\n<h2 class=\"\"><strong>Henkil\u00f6kohtainen kosketus jokaisella rastilla<\/strong><\/h2>\n<p class=\"\">Kunkin kellon ainutlaatuinen hartsista ja MDF-levyst\u00e4 koostuva rakenne mahdollistaa sen, ett\u00e4 kello on paitsi esteettisesti miellytt\u00e4v\u00e4 my\u00f6s persoonallinen. T\u00e4ss\u00e4 kellossa ei ole kyse vain ajan n\u00e4ytt\u00e4misest\u00e4, vaan hetkien juhlistamisesta tilassa, joka on todella sinun. Kaikenlainen teksti, muodot, tekstuurit, v\u00e4rit ja mallit ovat toteutettavissa halusi mukaan napsauttamalla painiketta&nbsp;<span style=\"text-decoration: underline;\"><strong><a href=\"https:\/\/www.ihmehalli.com\/customization\/\" target=\"_blank\" rel=\"noopener\">t\u00e4\u00e4ll\u00e4<\/a>.<\/strong><\/span><\/p>\n<h2 class=\"\"><strong>Sitoutuminen huippuosaamiseen<\/strong><\/h2>\n<p class=\"\">T\u00e4m\u00e4n kellon valmistuksessa k\u00e4sity\u00f6l\u00e4isemme k\u00e4ytt\u00e4v\u00e4t taitonsa luodakseen kellon, joka erottuu edukseen sek\u00e4 luotettavuudellaan ett\u00e4 tyylill\u00e4\u00e4n. Niiden tuotteiden osalta, joita ei ole heti saatavilla, pyyd\u00e4mme k\u00e4rsiv\u00e4llisyytt\u00e4, sill\u00e4 teemme tilauksesi t\u00e4ydelliseksi.<\/p>\n<h2 class=\"\"><strong>Aitous joka yksityiskohdassa<\/strong><\/h2>\n<p class=\"\">Pyrimme edustamaan k\u00e4sity\u00f6n\u00e4 valmistettuja kellojamme tarkasti, vaikka pieni\u00e4 vaihteluita saattaa esiinty\u00e4. Voit olla varma, ett\u00e4 saamasi kello on juuri niin hieno kuin odotat, ja jokainen yksityiskohta on viimeistelty t\u00e4ydellisesti.<\/p>\n<h2 class=\"\"><strong>Hoito ja kunnossapito<\/strong><\/h2>\n<ul class=\"\">\n<li>S\u00e4ilyt\u00e4 kellosi kauneus p\u00f6lytt\u00e4m\u00e4ll\u00e4 varovasti hartsi- ja MDF-pinnat.<\/li>\n<li>V\u00e4lt\u00e4 voimakkaita kemikaaleja ja liiallista kosteutta.<\/li>\n<li>Nauti luotettavasta ajanotosta ja taidokkaasta muotoilusta tulevina vuosina.<\/li>\n<\/ul>\n<\/div>\n<\/div>\n<\/div>\n<\/div>\n","protected":false},"excerpt":{"rendered":"<p>Silver Swirl Luxury Clock: Artful Elegance yhdist\u00e4\u00e4 taiteen ja ajan. Ylellinen k\u00e4sintehty mestariteos, jossa on taiwanilainen moottori, sein\u00e4lle tai p\u00f6yd\u00e4lle.<\/p>\n","protected":false},"featured_media":5094,"comment_status":"open","ping_status":"closed","template":"","meta":[],"product_brand":[],"product_cat":[160],"product_tag":[1087,1081,1086,1080,1073,1076,1082,1077,1079,1078,1083,1075,1085,1084,1074],"class_list":{"0":"post-5124","1":"product","2":"type-product","3":"status-publish","4":"has-post-thumbnail","6":"product_cat-kello","7":"product_tag-aika-ylellisessa-sisustuksessa-kello","8":"product_tag-contemporary-hopea-kello","9":"product_tag-glitter-aksentti-kotiin-kello","10":"product_tag-hienostunut-pyorrekuvioinen-kello","11":"product_tag-hopea-pyorre-kello","12":"product_tag-kasintehty-hopeinen-kello","13":"product_tag-kasityona-tehty-seinakoriste","14":"product_tag-koristeellinen-taide-seinakello","15":"product_tag-korkealuokkainen-hopeinen-ajanottaja","16":"product_tag-moderni-eleganssi-kodin-sisustus","17":"product_tag-statement-hopea-seinakello","18":"product_tag-taiteellinen-eleganssi-kello","19":"product_tag-tyylikas-taidokas-seinakello","20":"product_tag-yksivarinen-hopeisella-kellolla","21":"product_tag-ylellinen-marmorinen-seinakello","22":"product_shipping_class-valo","24":"first","25":"instock","26":"sale","27":"taxable","28":"shipping-taxable","29":"purchasable","30":"product-type-simple"},"shsp-ext":{"main":{},"variations":[]},"_links":{"self":[{"href":"https:\/\/www.ihmehalli.com\/fi\/wp-json\/wp\/v2\/product\/5124","targetHints":{"allow":["GET"]}}],"collection":[{"href":"https:\/\/www.ihmehalli.com\/fi\/wp-json\/wp\/v2\/product"}],"about":[{"href":"https:\/\/www.ihmehalli.com\/fi\/wp-json\/wp\/v2\/types\/product"}],"replies":[{"embeddable":true,"href":"https:\/\/www.ihmehalli.com\/fi\/wp-json\/wp\/v2\/comments?post=5124"}],"version-history":[{"count":0,"href":"https:\/\/www.ihmehalli.com\/fi\/wp-json\/wp\/v2\/product\/5124\/revisions"}],"wp:featuredmedia":[{"embeddable":true,"href":"https:\/\/www.ihmehalli.com\/fi\/wp-json\/wp\/v2\/media\/5094"}],"wp:attachment":[{"href":"https:\/\/www.ihmehalli.com\/fi\/wp-json\/wp\/v2\/media?parent=5124"}],"wp:term":[{"taxonomy":"product_brand","embeddable":true,"href":"https:\/\/www.ihmehalli.com\/fi\/wp-json\/wp\/v2\/product_brand?post=5124"},{"taxonomy":"product_cat","embeddable":true,"href":"https:\/\/www.ihmehalli.com\/fi\/wp-json\/wp\/v2\/product_cat?post=5124"},{"taxonomy":"product_tag","embeddable":true,"href":"https:\/\/www.ihmehalli.com\/fi\/wp-json\/wp\/v2\/product_tag?post=5124"}],"curies":[{"name":"wp","href":"https:\/\/api.w.org\/{rel}","templated":true}]}}