{"id":5157,"date":"2024-03-14T13:02:25","date_gmt":"2024-03-14T13:02:25","guid":{"rendered":"https:\/\/www.ihmehalli.com\/product\/5157\/"},"modified":"2024-03-15T20:21:29","modified_gmt":"2024-03-15T20:21:29","slug":"5157","status":"publish","type":"product","link":"https:\/\/www.ihmehalli.com\/fi\/tuote\/5157\/","title":{"rendered":"Opaline Swirl koristeellinen taidekello"},"content":{"rendered":"<div class=\"boldgrid-section\">\n<div class=\"container\">\n<div class=\"row\">\n<div class=\"col-lg-12 col-md-12 col-xs-12 col-sm-12\">\n<h2 class=\"\"><strong>Esittelyss\u00e4 meid\u00e4n Opaline Swirl Koristeellinen Art Clock mestariteos<\/strong><\/h2>\n<p class=\"\">Astu maailmaan, jossa aika on tyylikk\u00e4\u00e4ss\u00e4 kehdossa Opaline Swirl Decorative Art Clock -kellon kanssa. T\u00e4m\u00e4 50 cm:n pituinen upea kello on enemm\u00e4n kuin ajanottaja, se on taiteellisuuden osoitus. Se on valmistettu hartsin ja MDF-levyn yhdistelm\u00e4st\u00e4, ja siin\u00e4 on ainutlaatuinen py\u00f6rre, joka muistuttaa opaalisten vesien lempe\u00e4\u00e4 virtausta ja jota reunustaa kuvioitu glitter-reuna, joka j\u00e4ljittelee huurteista talviaamua.<\/p>\n<h2 class=\"\"><strong>Testamentti k\u00e4sity\u00f6n\u00e4 tehdyst\u00e4 taiteellisuudesta<\/strong><\/h2>\n<p class=\"\">T\u00e4m\u00e4 Opaline Swirl -koristeellinen taidekello ei ole pelkk\u00e4 tapa kertoa aikaa; se on k\u00e4sity\u00f6n\u00e4 tehty ihme, jonka jokainen k\u00e4yr\u00e4 ja \u00e4\u00e4riviiva kertoo sen luomisen tarinan. Kellon syd\u00e4n on Taiwanissa valmistettu moottori, jossa yhdistyv\u00e4t pitk\u00e4ik\u00e4isyys ja tarkkuus, ja sill\u00e4 on yhden vuoden takuu mielenrauhan takaamiseksi.<\/p>\n<h2 class=\"\"><strong>Monipuoliset n\u00e4ytt\u00f6vaihtoehdot<\/strong><\/h2>\n<p class=\"\">T\u00e4m\u00e4 kello on sein\u00e4ll\u00e4si keskipisteen\u00e4 tai p\u00f6yt\u00e4\u00e4si koristamassa, ja se siirtyy vaivattomasti eri asetuksista toiseen. Sen k\u00e4sity\u00f6n\u00e4 tehty luonne takaa, ett\u00e4 vaikka se on riitt\u00e4v\u00e4n kest\u00e4v\u00e4 sein\u00e4lle, se on silti herkk\u00e4 p\u00f6yd\u00e4lle esitelt\u00e4v\u00e4ksi.<\/p>\n<h2 class=\"\"><strong>Henkil\u00f6kohtainen kosketus jokaisella rastilla<\/strong><\/h2>\n<p class=\"\">Kunkin kellon ainutlaatuinen hartsista ja MDF-levyst\u00e4 koostuva rakenne mahdollistaa sen, ett\u00e4 kello on paitsi esteettisesti miellytt\u00e4v\u00e4 my\u00f6s persoonallinen. T\u00e4ss\u00e4 kellossa ei ole kyse vain ajan n\u00e4ytt\u00e4misest\u00e4, vaan hetkien juhlistamisesta tilassa, joka on todella sinun. Kaikenlainen teksti, muodot, tekstuurit, v\u00e4rit ja mallit ovat toteutettavissa halusi mukaan napsauttamalla painiketta&nbsp;<span style=\"text-decoration: underline;\"><strong><a href=\"https:\/\/www.ihmehalli.com\/customization\/\" target=\"_blank\" rel=\"noopener\">t\u00e4\u00e4ll\u00e4<\/a>.<\/strong><\/span><\/p>\n<h2 class=\"\"><strong>Sitoutuminen huippuosaamiseen<\/strong><\/h2>\n<p class=\"\">T\u00e4m\u00e4n kellon valmistuksessa k\u00e4sity\u00f6l\u00e4isemme k\u00e4ytt\u00e4v\u00e4t taitonsa luodakseen kellon, joka erottuu edukseen sek\u00e4 luotettavuudellaan ett\u00e4 tyylill\u00e4\u00e4n. Niiden tuotteiden osalta, joita ei ole heti saatavilla, pyyd\u00e4mme k\u00e4rsiv\u00e4llisyytt\u00e4, sill\u00e4 teemme tilauksesi t\u00e4ydelliseksi.<\/p>\n<h2 class=\"\"><strong>Aitous joka yksityiskohdassa<\/strong><\/h2>\n<p class=\"\">Pyrimme edustamaan k\u00e4sity\u00f6n\u00e4 valmistettuja kellojamme tarkasti, vaikka pieni\u00e4 vaihteluita saattaa esiinty\u00e4. Voit olla varma, ett\u00e4 saamasi kello on juuri niin hieno kuin odotat, ja jokainen yksityiskohta on viimeistelty t\u00e4ydellisesti.<\/p>\n<h2 class=\"\"><strong>Hoito ja kunnossapito<\/strong><\/h2>\n<ul class=\"\">\n<li>S\u00e4ilyt\u00e4 kellosi kauneus p\u00f6lytt\u00e4m\u00e4ll\u00e4 varovasti hartsi- ja MDF-pinnat.<\/li>\n<li>V\u00e4lt\u00e4 voimakkaita kemikaaleja ja liiallista kosteutta.<\/li>\n<li>Nauti luotettavasta ajanotosta ja taidokkaasta muotoilusta tulevina vuosina.<\/li>\n<\/ul>\n<\/div>\n<\/div>\n<\/div>\n<\/div>\n","protected":false},"excerpt":{"rendered":"<p>Korosta sisustustasi Opaline Swirl -koristeellisella taidekellolla, joka on valmistettu k\u00e4sity\u00f6n\u00e4, jotta tilasi saisi hienon ripauksen ajatonta hienostuneisuutta ja toimivuutta.<\/p>\n","protected":false},"featured_media":5148,"comment_status":"open","ping_status":"closed","template":"","meta":[],"product_brand":[],"product_cat":[160],"product_tag":[1057,1054,1047,1052,1056,1053,955,1045,1049,1044,1055,1051,1046,1050,1048],"class_list":{"0":"post-5157","1":"product","2":"type-product","3":"status-publish","4":"has-post-thumbnail","6":"product_cat-kello","7":"product_tag-ainutlaatuinen-suunnittelija-seinakello","8":"product_tag-ajan-tyylikkyys-sisustus","9":"product_tag-contemporary-valkoinen-taide-kello","10":"product_tag-hienostunut-pyorrekellon-muotoilu","11":"product_tag-hopea-glitter-kello","12":"product_tag-hopea-korostettu-taide-kello","13":"product_tag-kasintehty-hartsikello","14":"product_tag-koristeellinen-taidekello","15":"product_tag-moderni-pyorre-kuvio-kello","16":"product_tag-opaliini-pyorre-seinakello","17":"product_tag-statement-kodin-lisavaruste","18":"product_tag-tyylikas-kodin-kello","19":"product_tag-tyylikas-seinakello","20":"product_tag-valkoinen-ja-hopea-seinakoriste","21":"product_tag-ylellinen-koristeellinen-kello","22":"product_shipping_class-valo","24":"first","25":"instock","26":"sale","27":"taxable","28":"shipping-taxable","29":"purchasable","30":"product-type-simple"},"shsp-ext":{"main":{},"variations":[]},"_links":{"self":[{"href":"https:\/\/www.ihmehalli.com\/fi\/wp-json\/wp\/v2\/product\/5157","targetHints":{"allow":["GET"]}}],"collection":[{"href":"https:\/\/www.ihmehalli.com\/fi\/wp-json\/wp\/v2\/product"}],"about":[{"href":"https:\/\/www.ihmehalli.com\/fi\/wp-json\/wp\/v2\/types\/product"}],"replies":[{"embeddable":true,"href":"https:\/\/www.ihmehalli.com\/fi\/wp-json\/wp\/v2\/comments?post=5157"}],"version-history":[{"count":0,"href":"https:\/\/www.ihmehalli.com\/fi\/wp-json\/wp\/v2\/product\/5157\/revisions"}],"wp:featuredmedia":[{"embeddable":true,"href":"https:\/\/www.ihmehalli.com\/fi\/wp-json\/wp\/v2\/media\/5148"}],"wp:attachment":[{"href":"https:\/\/www.ihmehalli.com\/fi\/wp-json\/wp\/v2\/media?parent=5157"}],"wp:term":[{"taxonomy":"product_brand","embeddable":true,"href":"https:\/\/www.ihmehalli.com\/fi\/wp-json\/wp\/v2\/product_brand?post=5157"},{"taxonomy":"product_cat","embeddable":true,"href":"https:\/\/www.ihmehalli.com\/fi\/wp-json\/wp\/v2\/product_cat?post=5157"},{"taxonomy":"product_tag","embeddable":true,"href":"https:\/\/www.ihmehalli.com\/fi\/wp-json\/wp\/v2\/product_tag?post=5157"}],"curies":[{"name":"wp","href":"https:\/\/api.w.org\/{rel}","templated":true}]}}