{"id":5159,"date":"2024-03-14T13:03:58","date_gmt":"2024-03-14T13:03:58","guid":{"rendered":"https:\/\/www.ihmehalli.com\/product\/kreikkalainen-hehku\/"},"modified":"2024-03-24T17:21:20","modified_gmt":"2024-03-24T17:21:20","slug":"kreikkalainen-hehku","status":"publish","type":"product","link":"https:\/\/www.ihmehalli.com\/fi\/tuote\/kreikkalainen-hehku\/","title":{"rendered":"Enigmaattinen Lux veistetty p\u00f6yt\u00e4valaisin-valaistus"},"content":{"rendered":"<div class=\"boldgrid-section\">\n<div class=\"container\">\n<div class=\"row\">\n<div class=\"col-lg-12 col-md-12 col-xs-12 col-sm-12\">\n<div class=\"flex-1 overflow-hidden\">\n<div class=\"react-scroll-to-bottom--css-doyie-79elbk h-full\">\n<div class=\"react-scroll-to-bottom--css-doyie-1n7m0yu\">\n<div class=\"flex flex-col text-sm pb-9\">\n<div class=\"w-full text-token-text-primary\" data-testid=\"conversation-turn-83\">\n<div class=\"px-4 py-2 justify-center text-base md:gap-6 m-auto\">\n<div class=\"flex flex-1 text-base mx-auto gap-3 md:px-5 lg:px-1 xl:px-5 md:max-w-3xl lg:max-w-[40rem] xl:max-w-[48rem] group final-completion\">\n<div class=\"relative flex w-full flex-col agent-turn\">\n<div class=\"flex-col gap-1 md:gap-3\">\n<div class=\"flex flex-grow flex-col max-w-full\">\n<div data-message-author-role=\"assistant\" data-message-id=\"6b11ee37-3a69-4dd9-a751-9a196f024104\" class=\"min-h-[20px] text-message flex flex-col items-start gap-3 whitespace-pre-wrap break-words [.text-message+&amp;]:mt-5 overflow-x-auto\">\n<div class=\"markdown prose w-full break-words dark:prose-invert light\">\n<h2 class=\"\"><strong>Hyv\u00e4ksy kest\u00e4v\u00e4 ylellisyys arvoituksellisella Lux Sculpted -p\u00f6yt\u00e4valaisimella &#8211; valaistus<\/strong><\/h2>\n<p class=\"\">Tuo ripaus taiteellista hienostuneisuutta kotiisi Enigmatic Lux Sculpted Table Lamp-Lighting -valaisimella, T\u00e4m\u00e4 hieno, ymp\u00e4rist\u00f6yst\u00e4v\u00e4llinen kappale, joka on valmistettu k\u00e4sity\u00f6n\u00e4 kierr\u00e4tetyst\u00e4 paperimassasta, esittelee kierr\u00e4tysmateriaalien kauneutta ranskalaisvaikutteisen paperimassatekniikan avulla.<\/p>\n<div class=\"flex flex-grow flex-col max-w-full\">\n<div data-message-author-role=\"assistant\" data-message-id=\"6b11ee37-3a69-4dd9-a751-9a196f024104\" class=\"min-h-[20px] text-message flex flex-col items-start gap-3 whitespace-pre-wrap break-words [.text-message+&amp;]:mt-5 overflow-x-auto\">\n<div class=\"markdown prose w-full break-words dark:prose-invert light\">\n<p class=\"\">Valitse Enigmatic Lux Sculpted -p\u00f6yt\u00e4valaisinvalaisimemme kotiin tai harkituksi ekologiseksi lahjaksi, ja anna sen ainutlaatuisen vieh\u00e4tyksen ja kest\u00e4v\u00e4n tarinan loistaa jokap\u00e4iv\u00e4isess\u00e4 el\u00e4m\u00e4ss\u00e4si. Seesteisen hahmon veistetty rintakuva huokuu hiljaista hienostuneisuutta, mik\u00e4 tekee siit\u00e4 hienon keskipisteen mihin tahansa huoneeseen.<\/p>\n<\/div>\n<\/div>\n<\/div>\n<h2 class=\"\"><strong>Ymp\u00e4rist\u00f6yst\u00e4v\u00e4llinen muotoilu kohtaa k\u00e4sity\u00f6l\u00e4isen k\u00e4sity\u00f6n<\/strong><\/h2>\n<p class=\"\">Virtaavien hiustensa ja rauhallisten piirteidens\u00e4 ansiosta t\u00e4m\u00e4 lamppu ilment\u00e4\u00e4 rauhaa ja salaper\u00e4isyytt\u00e4. Se kutsuu sinut uppoutumaan sen taidokkaisiin \u00e4\u00e4riviivoihin ja valon leikkiin sen kuvioidulla pinnalla.<\/p>\n<h2 class=\"\"><strong>Ainutlaatuinen lausunto kodin sisustuksessa<\/strong><\/h2>\n<p class=\"\">Enemm\u00e4n kuin pelkk\u00e4 valonl\u00e4hde, t\u00e4m\u00e4 Enigmatic Lux Sculpted Table Lamp-Lighting on veistoksellinen teos, joka kiehtoo ja inspiroi. Sen l\u00e4sn\u00e4olo her\u00e4tt\u00e4\u00e4 keskustelua ja paljastaa tarinan luovuudesta ja ymp\u00e4rist\u00f6vastuullisuudesta, jotka kietoutuvat toisiinsa.<\/p>\n<h2><strong>Hienovarainen paletti, dramaattinen vaikutus<\/strong><\/h2>\n<p class=\"\">Vaimeilla, luonnollisilla s\u00e4vyill\u00e4 viimeistelty valaisin tuo hillitty\u00e4 eleganssia olohuoneeseesi tai ty\u00f6huoneeseesi. Lempe\u00e4 valaistus t\u00e4ydent\u00e4\u00e4 sen maanl\u00e4heisi\u00e4 s\u00e4vyj\u00e4 ja luo l\u00e4mpim\u00e4n ja kutsuvan ilmapiirin.<\/p>\n<h2><strong>Toiminnan ja muodon t\u00e4ydellinen harmonia<\/strong><\/h2>\n<p class=\"\">T\u00e4m\u00e4 Enigmatic Lux Sculpted -p\u00f6yt\u00e4valaisin-valaistus ei ole vain visuaalisesti miellytt\u00e4v\u00e4 vaan my\u00f6s t\u00e4ysin toimiva. Se toimii valonl\u00e4hteen\u00e4 ja ekologisen tyylikk\u00e4\u00e4n muotoilun keskipisteen\u00e4 ja osoittaa, ett\u00e4 tyyli ja kest\u00e4vyys voivat el\u00e4\u00e4 kauniisti rinnakkain.<\/p>\n<h2><strong>Taidelampun hoitaminen<\/strong><\/h2>\n<p class=\"\">Valaisimen yll\u00e4pito on yksinkertaista &#8211; p\u00f6lyt\u00e4 kevyesti, jotta sen herkk\u00e4 paperimassapinta s\u00e4ilyy ja ymp\u00e4rist\u00f6tietoinen k\u00e4sity\u00f6taito s\u00e4ilyy parhaimmillaan.<\/p>\n<\/div>\n<\/div>\n<\/div>\n<\/div>\n<\/div>\n<\/div>\n<\/div>\n<\/div>\n<\/div>\n<\/div>\n<\/div>\n<\/div>\n<div class=\"w-full pt-2 md:pt-0 dark:border-white\/20 md:border-transparent md:dark:border-transparent md:w-[calc(100%-.5rem)]\">\n<form class=\"stretch mx-2 flex flex-row gap-3 last:mb-2 md:mx-4 md:last:mb-6 lg:mx-auto lg:max-w-2xl xl:max-w-3xl\">\n<div class=\"relative flex h-full flex-1 flex-col\">\n<div class=\"absolute bottom-full left-0 right-0\">\n<h2 class=\"\"><strong>Henkil\u00f6kohtainen kosketus jokaisella rastilla<\/strong><\/h2>\n<p class=\"\">Jokaisen kappaleen ainutlaatuinen rakenne ei ole vain esteettisesti miellytt\u00e4v\u00e4 vaan my\u00f6s henkil\u00f6kohtaisesti vaikuttava. Kaikenlainen teksti, muodot, tekstuurit, v\u00e4rit ja mallit ovat toteutettavissa halusi mukaan napsauttamalla painiketta <span style=\"text-decoration: underline;\"><br \/>\n  <strong><a href=\"https:\/\/www.ihmehalli.com\/customization\/\" target=\"_blank\" rel=\"noopener\">t\u00e4st\u00e4<\/a>.<\/strong><br \/>\n<\/span><\/p>\n<h2 class=\"\"><strong>Suurtilaukset ja erikoistarjoukset<\/strong><\/h2>\n<p class=\"\">Oletko kiinnostunut useammasta kuin muutamasta? Tarjoamme erikoishintoja irtotilauksille. Ota yhteytt\u00e4 ja pyyd\u00e4 henkil\u00f6kohtainen tarjous, niin autamme sinua tekem\u00e4\u00e4n miellytt\u00e4v\u00e4mp\u00e4\u00e4 yhteisty\u00f6t\u00e4 alla olevan s\u00e4hk\u00f6postin v\u00e4lityksell\u00e4;<br \/>\ninfo@ihmehalli.com<\/p>\n<\/div>\n<div class=\"flex w-full items-center\">\n<div class=\"overflow-hidden [&amp;:has(textarea:focus)]:border-token-border-xheavy [&amp;:has(textarea:focus)]:shadow-[0_2px_6px_rgba(0,0,0,.05)] flex flex-col w-full flex-grow relative border dark:text-white rounded-2xl bg-token-main-surface-primary border-token-border-medium\">\n<div data-grammarly-part=\"button\">\n<div>\n<div>\n<div class=\"amkYk\">\n<div>\n<div class=\"ptGJG\"><\/div>\n<\/div>\n<\/div>\n<\/div>\n<\/div>\n<\/div>\n<\/div>\n<\/div>\n<\/div>\n<\/form>\n<\/div>\n<\/div>\n<\/div>\n<\/div>\n<\/div>\n","protected":false},"excerpt":{"rendered":"<p>Lis\u00e4\u00e4 kotiisi ripaus taiteellista juonittelua Enigmatic Lux Sculpted -p\u00f6yt\u00e4valaisimella, jossa on kiehtova rintakuvio, jossa on seesteinen ilme.<\/p>\n","protected":false},"featured_media":5135,"comment_status":"open","ping_status":"closed","template":"","meta":[],"product_brand":[],"product_cat":[156],"product_tag":[2787,2797,2794,2784,2790,2789,2788,2795,2792,2796,2791,2793,2786,2785,2798],"class_list":{"0":"post-5159","1":"product","2":"type-product","3":"status-publish","4":"has-post-thumbnail","6":"product_cat-valaistus","7":"product_tag-abstraktin-taiteen-taulukon-valo","8":"product_tag-ainutlaatuinen-taideteos-lamppu","9":"product_tag-ambient-sculpted-valaistus","10":"product_tag-enigmaattinen-elegance-veistetty-poytavalaisin","11":"product_tag-graceful-figuratiivinen-lamppu","12":"product_tag-hienostunut-kodin-valaistus","13":"product_tag-kasintehty-veistos-valo","14":"product_tag-kiehtova-naisellinen-muotoilulamppu","15":"product_tag-koristeellinen-huoneen-valo","16":"product_tag-luova-huone-accent-light","17":"product_tag-mietiskeleva-naisen-siluetti-light","18":"product_tag-moderni-artisan-poytavalaisin","19":"product_tag-mystinen-nainen-muoto-lamppu","20":"product_tag-taiteellinen-valaistus-decor","21":"product_tag-tyylikas-ja-tyylikas-poytavalaistus","23":"first","24":"instock","25":"sale","26":"taxable","27":"shipping-taxable","28":"purchasable","29":"product-type-simple"},"shsp-ext":{"main":{},"variations":[]},"_links":{"self":[{"href":"https:\/\/www.ihmehalli.com\/fi\/wp-json\/wp\/v2\/product\/5159","targetHints":{"allow":["GET"]}}],"collection":[{"href":"https:\/\/www.ihmehalli.com\/fi\/wp-json\/wp\/v2\/product"}],"about":[{"href":"https:\/\/www.ihmehalli.com\/fi\/wp-json\/wp\/v2\/types\/product"}],"replies":[{"embeddable":true,"href":"https:\/\/www.ihmehalli.com\/fi\/wp-json\/wp\/v2\/comments?post=5159"}],"version-history":[{"count":0,"href":"https:\/\/www.ihmehalli.com\/fi\/wp-json\/wp\/v2\/product\/5159\/revisions"}],"wp:featuredmedia":[{"embeddable":true,"href":"https:\/\/www.ihmehalli.com\/fi\/wp-json\/wp\/v2\/media\/5135"}],"wp:attachment":[{"href":"https:\/\/www.ihmehalli.com\/fi\/wp-json\/wp\/v2\/media?parent=5159"}],"wp:term":[{"taxonomy":"product_brand","embeddable":true,"href":"https:\/\/www.ihmehalli.com\/fi\/wp-json\/wp\/v2\/product_brand?post=5159"},{"taxonomy":"product_cat","embeddable":true,"href":"https:\/\/www.ihmehalli.com\/fi\/wp-json\/wp\/v2\/product_cat?post=5159"},{"taxonomy":"product_tag","embeddable":true,"href":"https:\/\/www.ihmehalli.com\/fi\/wp-json\/wp\/v2\/product_tag?post=5159"}],"curies":[{"name":"wp","href":"https:\/\/api.w.org\/{rel}","templated":true}]}}