{"id":5186,"date":"2024-03-14T13:19:46","date_gmt":"2024-03-14T13:19:46","guid":{"rendered":"https:\/\/www.ihmehalli.com\/product\/kulinaarinen-kello\/"},"modified":"2024-03-15T22:58:07","modified_gmt":"2024-03-15T22:58:07","slug":"kulinaarinen-kello","status":"publish","type":"product","link":"https:\/\/www.ihmehalli.com\/fi\/tuote\/kulinaarinen-kello\/","title":{"rendered":"Mittatilausty\u00f6n\u00e4 valmistettu kokin kello: Brand-Centric Culinary"},"content":{"rendered":"<div class=\"boldgrid-section\">\n<div class=\"container\">\n<div class=\"row\">\n<div class=\"col-lg-12 col-md-12 col-xs-12 col-sm-12\">\n<p>&nbsp;<\/p>\n<h2 class=\"\"><strong>Henkil\u00f6kohtainen kosketus jokaisella rastilla<\/strong><\/h2>\n<p class=\"\">Muunna yrityksesi ilmapiiri mallistomme r\u00e4\u00e4t\u00e4l\u00f6idyll\u00e4 sein\u00e4kellolla, jossa jokainen tikki kertoo br\u00e4ndisi ainutlaatuisen tarinan. Me Ihmehallilla olemme erikoistuneet toteuttamaan visiosi ja luomaan r\u00e4\u00e4t\u00e4l\u00f6ityj\u00e4 kelloja, jotka eiv\u00e4t ole pelkki\u00e4 ajanottajia vaan my\u00f6s yrityksesi matkan kertojia.<\/p>\n<p class=\"\">Arvostetulle asiakkaallemme, Nilsia Pizza &amp; Kebabille, olemme suunnitelleet kellon, joka on pala heid\u00e4n identiteetti\u00e4\u00e4n, Bespoke Chef Timepiece: Brand-Centric Culinary Clock,&nbsp;, jossa on heid\u00e4n logonsa ja heid\u00e4n herkullisen tarjontansa ydin. Kyseess\u00e4 ei ole pelkk\u00e4 kello, vaan se on kannanotto, ajan palanen, joka kiteytt\u00e4\u00e4 heid\u00e4n tuotemerkkins\u00e4 maun ja hengen.<\/p>\n<p class=\"\">Yrityksesi ansaitsee tunnuskappaleen, jota vieraat voivat ihailla &#8211; kellon, joka erottuu edukseen, kertoo ty\u00f6st\u00e4si ja vahvistaa br\u00e4ndi\u00e4si jokaisella vilkaisulla. Asiantuntemuksemme avulla logosi integroidaan taidokkaasti suunnitteluun, joka t\u00e4ydent\u00e4\u00e4 liiketoimintaymp\u00e4rist\u00f6\u00e4si ja toiminta-ajatustasi.<\/p>\n<p class=\"\">Anna meid\u00e4n valmistaa kello, joka on maustettu br\u00e4ndisi tunnelmalla &#8211; pizzaravintolaan, kahvilaan tai yritystoimistoon. Lupauksemme on sein\u00e4taidekello, joka on r\u00e4\u00e4t\u00e4l\u00f6ity juuri sinun tarpeidesi mukaan ja kertoo aikaasi omalla tavallasi.<\/p>\n<p class=\"\">Kunkin kellon ainutlaatuinen hartsista ja MDF-levyst\u00e4 koostuva rakenne mahdollistaa sen, ett\u00e4 kello on paitsi esteettisesti miellytt\u00e4v\u00e4 my\u00f6s persoonallinen. T\u00e4ss\u00e4 kellossa ei ole kyse vain ajan n\u00e4ytt\u00e4misest\u00e4, vaan hetkien juhlistamisesta tilassa, joka on todella sinun. Kaikenlainen teksti, muodot, tekstuurit, v\u00e4rit ja mallit ovat toteutettavissa halusi mukaan napsauttamalla painiketta&nbsp;<strong><a href=\"https:\/\/www.ihmehalli.com\/customization\/\" target=\"_blank\" rel=\"noopener\">t\u00e4\u00e4ll\u00e4<\/a>.<\/strong><\/p>\n<p class=\"\">Ammattitaitoisten k\u00e4sity\u00f6l\u00e4isten tiimimme on valmis muuttamaan n\u00e4kemyksesi mittatilausty\u00f6n\u00e4 tehdyksi kelloksi, jonka luovuudelle ei ole rajoja. Vaikka aloittaisit ilman selke\u00e4\u00e4 ideaa, voimme hy\u00f6dynt\u00e4\u00e4 laajaa kokemustamme ja portfoliotamme inspiraation her\u00e4tt\u00e4miseksi ja br\u00e4ndisi el\u00e4v\u00f6itt\u00e4miseksi. Luota asiantuntemukseemme ja luo kello, joka vastaa yrityksesi ainutlaatuista rytmi\u00e4.<\/p>\n<\/div>\n<\/div>\n<\/div>\n<\/div>\n","protected":false},"excerpt":{"rendered":"<p>Mittatilausty\u00f6n\u00e4 valmistettu kokin kello: Brand-Centric Culinary Clock yhdist\u00e4\u00e4 k\u00e4yt\u00e4nn\u00f6llisyyden ja yksil\u00f6llisen br\u00e4ndin, jotta yrityksesi olemus pysyy tikitt\u00e4v\u00e4n\u00e4 joka hetki.<\/p>\n","protected":false},"featured_media":5179,"comment_status":"open","ping_status":"closed","template":"","meta":[],"product_brand":[],"product_cat":[160],"product_tag":[1174,1164,1171,1166,1167,1175,1163,1172,1170,1168,1165,1176,1177,1173,1169],"class_list":{"0":"post-5186","1":"product","2":"type-product","3":"status-publish","4":"has-post-thumbnail","6":"product_cat-kello","7":"product_tag-ainutlaatuinen-pizzeria-seinataide","8":"product_tag-henkilokohtainen-liiketoiminnan-seinataide","9":"product_tag-kokin-suunnittelema-yrityskello","10":"product_tag-logoaiheinen-seinakello","11":"product_tag-mittatilaustyona-valmistetut-liiketoiminnan-sisustuskellot","12":"product_tag-mukautettavat-brandikellot","13":"product_tag-mukautettu-ravintolan-kello","14":"product_tag-mukautetut-seinakellot-ravintoloita-varten","15":"product_tag-raataloidyt-ravintolakellot","16":"product_tag-raataloidyt-seinakellomallit","17":"product_tag-ravintolan-brandatty-kello","18":"product_tag-ruoka-aiheiset-yrityskellot","19":"product_tag-tilaustyona-valmistetut-ravintolakellot","20":"product_tag-yrityksen-logo-kellot","21":"product_tag-yritysbrandayksen-ajanottajat","23":"first","24":"outofstock","25":"taxable","26":"shipping-taxable","27":"product-type-simple"},"shsp-ext":{"main":{},"variations":[]},"_links":{"self":[{"href":"https:\/\/www.ihmehalli.com\/fi\/wp-json\/wp\/v2\/product\/5186","targetHints":{"allow":["GET"]}}],"collection":[{"href":"https:\/\/www.ihmehalli.com\/fi\/wp-json\/wp\/v2\/product"}],"about":[{"href":"https:\/\/www.ihmehalli.com\/fi\/wp-json\/wp\/v2\/types\/product"}],"replies":[{"embeddable":true,"href":"https:\/\/www.ihmehalli.com\/fi\/wp-json\/wp\/v2\/comments?post=5186"}],"version-history":[{"count":0,"href":"https:\/\/www.ihmehalli.com\/fi\/wp-json\/wp\/v2\/product\/5186\/revisions"}],"wp:featuredmedia":[{"embeddable":true,"href":"https:\/\/www.ihmehalli.com\/fi\/wp-json\/wp\/v2\/media\/5179"}],"wp:attachment":[{"href":"https:\/\/www.ihmehalli.com\/fi\/wp-json\/wp\/v2\/media?parent=5186"}],"wp:term":[{"taxonomy":"product_brand","embeddable":true,"href":"https:\/\/www.ihmehalli.com\/fi\/wp-json\/wp\/v2\/product_brand?post=5186"},{"taxonomy":"product_cat","embeddable":true,"href":"https:\/\/www.ihmehalli.com\/fi\/wp-json\/wp\/v2\/product_cat?post=5186"},{"taxonomy":"product_tag","embeddable":true,"href":"https:\/\/www.ihmehalli.com\/fi\/wp-json\/wp\/v2\/product_tag?post=5186"}],"curies":[{"name":"wp","href":"https:\/\/api.w.org\/{rel}","templated":true}]}}