{"id":5203,"date":"2024-03-14T13:24:59","date_gmt":"2024-03-14T13:24:59","guid":{"rendered":"https:\/\/www.ihmehalli.com\/product\/vaaleanpunainen-neulottu-puff\/"},"modified":"2024-03-19T11:47:25","modified_gmt":"2024-03-19T11:47:25","slug":"vaaleanpunainen-neulottu-puff","status":"publish","type":"product","link":"https:\/\/www.ihmehalli.com\/fi\/tuote\/vaaleanpunainen-neulottu-puff\/","title":{"rendered":"Blush Charm Virkattu pouf &#8211; Cozy k\u00e4sinkudotut"},"content":{"rendered":"<div class=\"boldgrid-section\">\n<div class=\"container\">\n<div class=\"row\">\n<div class=\"col-lg-12 col-md-12 col-xs-12 col-sm-12\">\n<h2 class=\"\"><strong>Tutustu Blush Charm virkattuun poufiin &#8211; Cozy Handwoveniin<\/strong><\/h2>\n<p class=\"\">Se esittelee Blush Charm Crochet Pouf &#8211; Cozy Handwoven -malliston<strong>, <\/strong>joka on valinta tyylikk\u00e4\u00e4seen, tukevaan istumiseen, ja paljastaa mukavuuden ja tyylin maailman, joka on hienostuneisuuden ja tuen todellinen ruumiillistuma. T\u00e4m\u00e4 moitteeton istuinratkaisu on 40 cm korkea, ja sen halkaisija on 50 cm, ja se on k\u00e4\u00e4ritty pehmeimp\u00e4\u00e4n kankaaseen ja t\u00e4ytetty pehme\u00e4ll\u00e4 synteettisell\u00e4 kuitut\u00e4ytteell\u00e4. Sen kest\u00e4v\u00e4 rakenne takaa kest\u00e4v\u00e4n muodon ja vankan tuen jokaisessa k\u00e4yt\u00f6ss\u00e4.<\/p>\n<h2 class=\"\"><strong>T\u00e4ydellinen yhdistelm\u00e4 eleganssia ja k\u00e4yt\u00e4nn\u00f6llisyytt\u00e4<\/strong><\/h2>\n<p class=\"\">T\u00e4m\u00e4 puff ei ole pelkk\u00e4 istuin, vaan monipuolinen tyyli-ikoni. Se on tarpeeksi vahva pit\u00e4m\u00e4\u00e4n suuren painon ja tarpeeksi kompakti mahtuakseen mihin tahansa kodin tai toimiston nurkkaan. R\u00e4\u00e4t\u00e4l\u00f6i se oman makusi mukaan ja katso, miten se muuttaa tilasi.<\/p>\n<h2 class=\"\"><strong>Asiantunteva ammattitaito takaa kest\u00e4v\u00e4n mukavuuden<\/strong><\/h2>\n<p class=\"\">Jokainen luomaamme puffi on taidokkaan k\u00e4sity\u00f6taidon n\u00e4yteikkuna. Pehme\u00e4\u00e4n, miellytt\u00e4v\u00e4\u00e4n kankaaseen k\u00e4\u00e4rittyn\u00e4 se on sek\u00e4 ylellinen ett\u00e4 k\u00e4yt\u00e4nn\u00f6llinen lis\u00e4 mihin tahansa huoneeseen. Tukeva rakenne tarkoittaa, ett\u00e4 se on rakennettu s\u00e4ilytt\u00e4m\u00e4\u00e4n muotonsa ja tukensa riippumatta siit\u00e4, kuinka usein k\u00e4yt\u00e4t sit\u00e4.<\/p>\n<h2 class=\"\"><strong>El\u00e4m\u00e4\u00e4si sopiva muotoilu<\/strong><\/h2>\n<p class=\"\">Poufimme sopivat mihin tahansa sisustukseen. Sen yksinkertainen eleganssi lis\u00e4\u00e4 hienostuneisuutta olohuoneeseen, makuuhuoneeseen tai lukualueelle. Valitse sisustukseen sopiva puff ja anna sen kohottaa tunnelmaa.<\/p>\n<h2 class=\"\"><strong>Tee se omaksi<\/strong><\/h2>\n<p class=\"\">Uskomme yksil\u00f6lliseen ilmaisuun. Siksi tarjoamme poufin, joka sopii yrityksen v\u00e4reihin tai asuintilasi teemaan. Teemme jokaisen pufin tilauksesta, jotta se vastaa henkil\u00f6kohtaisia suunnittelutarpeitasi. Jos haluat r\u00e4\u00e4t\u00e4l\u00f6id\u00e4 poufin br\u00e4ndisi, logosi, tyylisi ja makusi mukaan, t\u00e4yt\u00e4 lomake. <a href=\"https:\/\/www.ihmehalli.com\/customization\/\"><br \/>\n  <strong>T\u00c4ST\u00c4<\/strong><br \/>\n<\/a>.<\/p>\n<h2 class=\"\"><strong>Tarjoukset irtotavaroiden ostoihin<\/strong><\/h2>\n<p class=\"\">Haluatko tilata useita poufeja? Tarjoamme erikoishintoja irtotavaroille. L\u00e4het\u00e4 meille s\u00e4hk\u00f6postia osoitteeseen <strong><br \/>\n  <a target=\"_new\" rel=\"noopener\">info@ihmehalli.com<\/a><br \/>\n<\/strong> r\u00e4\u00e4t\u00e4l\u00f6ity\u00e4 tarjousta varten.<\/p>\n<h2 class=\"\"><strong>Aitous on t\u00e4rke\u00e4\u00e4<\/strong><\/h2>\n<p class=\"\">K\u00e4sintehdyt tuotteet, kuten puffimme, ovat ainutlaatuisia. Pienet vaihtelut lis\u00e4\u00e4v\u00e4t niiden omaleimaisuutta ja varmistavat, ett\u00e4 kappaleesi on ainutlaatuinen.<\/p>\n<h2 class=\"\"><strong>Hoitovinkkej\u00e4<\/strong><\/h2>\n<p class=\"\">Pid\u00e4 puffisi upean n\u00e4k\u00f6isen\u00e4 pistem\u00e4isell\u00e4 puhdistuksella &#8211; ei upotusta veteen. T\u00e4m\u00e4 yksinkertainen hoitotoimenpide pident\u00e4\u00e4 kankaan k\u00e4ytt\u00f6ik\u00e4\u00e4 ja pit\u00e4\u00e4 sen tuoreen n\u00e4k\u00f6isen\u00e4.<\/p>\n<p class=\"\">&nbsp;<\/p>\n<\/div>\n<\/div>\n<\/div>\n<\/div>\n","protected":false},"excerpt":{"rendered":"<p>Blush Charm Crochet Pouf &#8211; Cozy Handwoven -mallisto lis\u00e4\u00e4 kodikasta eleganssia. Sen halkaisija on 50 cm ja korkeus 40 cm, joten se on t\u00e4ydellinen pehmoinen istuinlis\u00e4.<\/p>\n","protected":false},"featured_media":5188,"comment_status":"open","ping_status":"closed","template":"","meta":[],"product_brand":[],"product_cat":[159],"product_tag":[1674,1667,1671,1680,1672,1677,1675,1676,1673,1669,1670,1678,1619,1679,1668],"class_list":{"0":"post-5203","1":"product","2":"type-product","3":"status-publish","4":"has-post-thumbnail","6":"product_cat-rahit","7":"product_tag-artisan-virkattu-pala","8":"product_tag-blush-charm-virkattu-puffi","9":"product_tag-feminiininen-pallo-puffi","10":"product_tag-herkka-ruusu-virkattu-pallo","11":"product_tag-kasintehty-neulottu-sisustus","12":"product_tag-lastentarhan-neulottu-jakkara","13":"product_tag-lempea-vari-sisustus","14":"product_tag-moderni-kasintehty-puffi","15":"product_tag-nykyaikainen-vaaleanpunainen-istuin","16":"product_tag-pastellivaaleanpunainen-neulottu-ottomaani","17":"product_tag-pehmea-virkattu-jakkara","18":"product_tag-tyylikas-kuvioitu-ottomaani","19":"product_tag-tyylikas-lounge-tarvike","20":"product_tag-tyylikkaat-kasintehdyt-huonekalut","21":"product_tag-viihtyisa-kasinkudottu-aksentti","22":"product_shipping_class-valo","24":"first","25":"instock","26":"sale","27":"taxable","28":"shipping-taxable","29":"purchasable","30":"product-type-simple"},"shsp-ext":{"main":{},"variations":[]},"_links":{"self":[{"href":"https:\/\/www.ihmehalli.com\/fi\/wp-json\/wp\/v2\/product\/5203","targetHints":{"allow":["GET"]}}],"collection":[{"href":"https:\/\/www.ihmehalli.com\/fi\/wp-json\/wp\/v2\/product"}],"about":[{"href":"https:\/\/www.ihmehalli.com\/fi\/wp-json\/wp\/v2\/types\/product"}],"replies":[{"embeddable":true,"href":"https:\/\/www.ihmehalli.com\/fi\/wp-json\/wp\/v2\/comments?post=5203"}],"version-history":[{"count":0,"href":"https:\/\/www.ihmehalli.com\/fi\/wp-json\/wp\/v2\/product\/5203\/revisions"}],"wp:featuredmedia":[{"embeddable":true,"href":"https:\/\/www.ihmehalli.com\/fi\/wp-json\/wp\/v2\/media\/5188"}],"wp:attachment":[{"href":"https:\/\/www.ihmehalli.com\/fi\/wp-json\/wp\/v2\/media?parent=5203"}],"wp:term":[{"taxonomy":"product_brand","embeddable":true,"href":"https:\/\/www.ihmehalli.com\/fi\/wp-json\/wp\/v2\/product_brand?post=5203"},{"taxonomy":"product_cat","embeddable":true,"href":"https:\/\/www.ihmehalli.com\/fi\/wp-json\/wp\/v2\/product_cat?post=5203"},{"taxonomy":"product_tag","embeddable":true,"href":"https:\/\/www.ihmehalli.com\/fi\/wp-json\/wp\/v2\/product_tag?post=5203"}],"curies":[{"name":"wp","href":"https:\/\/api.w.org\/{rel}","templated":true}]}}