{"id":5214,"date":"2024-03-14T13:32:06","date_gmt":"2024-03-14T13:32:06","guid":{"rendered":"https:\/\/www.ihmehalli.com\/product\/ihmehalli-seinakello\/"},"modified":"2024-03-15T23:14:20","modified_gmt":"2024-03-15T23:14:20","slug":"ihmehalli-seinakello","status":"publish","type":"product","link":"https:\/\/www.ihmehalli.com\/fi\/tuote\/ihmehalli-seinakello\/","title":{"rendered":"Valaistu logokello: Sinun logosi, sinun logosi"},"content":{"rendered":"<div class=\"boldgrid-section\">\n<div class=\"container\">\n<div class=\"row\">\n<div class=\"col-lg-12 col-md-12 col-xs-12 col-sm-12\">\n<p>&nbsp;<\/p>\n<h2 class=\"\">Johdanto r\u00e4\u00e4t\u00e4l\u00f6ityihin kelloihimme yrityksille ja toimistoille.<\/h2>\n<p class=\"\">Valaistun logokellon avulla voit tuoda br\u00e4ndisi olemuksen esiin joka sekunti: Sinun br\u00e4ndisi, sinun logosi. T\u00e4m\u00e4 kello on suunniteltu yrityksesi henke\u00e4 ilment\u00e4m\u00e4\u00e4n, eik\u00e4 se ole vain ajanvartija, vaan my\u00f6s br\u00e4ndisi identiteetin majakka.<\/p>\n<h2 class=\"\"><strong>N\u00e4kyvyyden luominen tyylikk\u00e4\u00e4sti<\/strong><\/h2>\n<p class=\"\">T\u00e4m\u00e4 kello ylitt\u00e4\u00e4 perinteisen k\u00e4sity\u00f6taidon ja integroi logosi upeaan visuaaliseen n\u00e4ytt\u00f6\u00f6n. Se on valmistettu hienoimmista materiaaleista, kuten lasista, hartsista, MDF-levyst\u00e4 ja puusta, ja siin\u00e4 on my\u00f6s valaistusominaisuus, joka parantaa n\u00e4kyvyytt\u00e4 ja lis\u00e4\u00e4 hienostunutta kiiltoa. P\u00e4iv\u00e4ll\u00e4 se toimii tyylikk\u00e4\u00e4n\u00e4 muistutuksena br\u00e4ndisi l\u00e4sn\u00e4olosta, ja y\u00f6ll\u00e4 se muuttuu valaistuksi tunnukseksi, joka her\u00e4tt\u00e4\u00e4 huomiota.<\/p>\n<h2 class=\"\">Valaistu logokello: Logo: Sinun tuotemerkkisi, sinun logosi<\/h2>\n<p class=\"\">R\u00e4\u00e4t\u00e4l\u00f6intimahdollisuutemme ovat rajattomat, etsitp\u00e4 sitten tilaan sopivaa kokoa, tuotemerkkipalettiisi sopivaa v\u00e4ri\u00e4 tai yrityksesi eetosta heijastavaa muotoilua. Tiimimme pystyy toteuttamaan mink\u00e4 tahansa muotoilun, v\u00e4rin tai koon varmistaen, ett\u00e4 logosi on edustettuna mahdollisimman uskollisesti ja tyylikk\u00e4\u00e4sti.<\/p>\n<h2><strong>Henkil\u00f6kohtainen kosketus jokaisella rastilla<\/strong><\/h2>\n<p class=\"\">Olemme ylpeit\u00e4 tarjotessamme mittatilausty\u00f6n\u00e4 valmistettuja kelloja, jotka ovat osoitus k\u00e4sity\u00f6l\u00e4isemme asiantuntemuksesta ja br\u00e4ndisi visiosta. Alkuper\u00e4isest\u00e4 suunnittelusta lopulliseen tuotteeseen jokainen vaihe on suunniteltu siten, ett\u00e4 syntyy kello, joka kertoo ajan lis\u00e4ksi my\u00f6s tarinasi.<br \/>\nAmmattitaitoisten k\u00e4sity\u00f6l\u00e4isten tiimimme on valmis muuttamaan n\u00e4kemyksesi mittatilausty\u00f6n\u00e4 tehdyksi kelloksi, jonka luovuudelle ei ole rajoja. Vaikka aloittaisit ilman selke\u00e4\u00e4 ideaa, voimme hy\u00f6dynt\u00e4\u00e4 laajaa kokemustamme ja portfoliotamme inspiraation her\u00e4tt\u00e4miseksi ja br\u00e4ndisi el\u00e4v\u00f6itt\u00e4miseksi. Luota asiantuntemukseemme ja luo kello, joka vastaa yrityksesi ainutlaatuista rytmi\u00e4.<\/p>\n<p>Kaikenlainen teksti, muodot, tekstuurit, v\u00e4rit ja mallit ovat toteutettavissa halusi mukaan napsauttamalla painiketta&nbsp;<span style=\"text-decoration: underline;\"><strong><a href=\"https:\/\/www.ihmehalli.com\/customization\/\" target=\"_blank\" rel=\"noopener\">t\u00e4\u00e4ll\u00e4<\/a>.<\/strong><\/span><\/div>\n<\/div>\n<\/div>\n<\/div>\n","protected":false},"excerpt":{"rendered":"<p>Esittele br\u00e4ndi\u00e4si ymp\u00e4ri vuorokauden valaistulla logokellolla: Lasi, hartsi ja puu, jossa on y\u00f6n\u00e4kyvyys.<\/p>\n","protected":false},"featured_media":5195,"comment_status":"open","ping_status":"closed","template":"","meta":[],"product_brand":[],"product_cat":[160],"product_tag":[1194,1198,1199,1197,1193,1202,1195,1207,1204,1205,1203,1196,1201,1206,1200],"class_list":{"0":"post-5214","1":"product","2":"type-product","3":"status-publish","4":"has-post-thumbnail","6":"product_cat-kello","7":"product_tag-henkilokohtainen-logo-kello","8":"product_tag-mittatilaustyona-valmistettu-puinen-logokello","9":"product_tag-mukautettavat-merkkikellot","10":"product_tag-mukautettu-mdf-liikekello","11":"product_tag-mukautettu-valaistu-kello","12":"product_tag-mukautetun-tuotemerkin-ajanottolaitteet","13":"product_tag-mukautetut-lasiset-logokellot","14":"product_tag-mukautetut-varit-ja-koot-kellot","15":"product_tag-raataloidyt-yrityskellot","16":"product_tag-raataloity-liike-elaman-seinataide","17":"product_tag-tilaustyona-valmistetut-valaistut-kellot","18":"product_tag-valaiseva-hartsiseinakello","19":"product_tag-valaistut-opastekellot","20":"product_tag-yonakyvyyden-merkkikellot","21":"product_tag-yrityksen-logo-yokellot","23":"first","24":"outofstock","25":"taxable","26":"shipping-taxable","27":"product-type-simple"},"shsp-ext":{"main":{},"variations":[]},"_links":{"self":[{"href":"https:\/\/www.ihmehalli.com\/fi\/wp-json\/wp\/v2\/product\/5214","targetHints":{"allow":["GET"]}}],"collection":[{"href":"https:\/\/www.ihmehalli.com\/fi\/wp-json\/wp\/v2\/product"}],"about":[{"href":"https:\/\/www.ihmehalli.com\/fi\/wp-json\/wp\/v2\/types\/product"}],"replies":[{"embeddable":true,"href":"https:\/\/www.ihmehalli.com\/fi\/wp-json\/wp\/v2\/comments?post=5214"}],"version-history":[{"count":0,"href":"https:\/\/www.ihmehalli.com\/fi\/wp-json\/wp\/v2\/product\/5214\/revisions"}],"wp:featuredmedia":[{"embeddable":true,"href":"https:\/\/www.ihmehalli.com\/fi\/wp-json\/wp\/v2\/media\/5195"}],"wp:attachment":[{"href":"https:\/\/www.ihmehalli.com\/fi\/wp-json\/wp\/v2\/media?parent=5214"}],"wp:term":[{"taxonomy":"product_brand","embeddable":true,"href":"https:\/\/www.ihmehalli.com\/fi\/wp-json\/wp\/v2\/product_brand?post=5214"},{"taxonomy":"product_cat","embeddable":true,"href":"https:\/\/www.ihmehalli.com\/fi\/wp-json\/wp\/v2\/product_cat?post=5214"},{"taxonomy":"product_tag","embeddable":true,"href":"https:\/\/www.ihmehalli.com\/fi\/wp-json\/wp\/v2\/product_tag?post=5214"}],"curies":[{"name":"wp","href":"https:\/\/api.w.org\/{rel}","templated":true}]}}