{"id":5650,"date":"2024-03-19T17:23:37","date_gmt":"2024-03-19T17:23:37","guid":{"rendered":"https:\/\/www.ihmehalli.com\/product\/monimutkainen-harmonia\/"},"modified":"2024-03-24T22:56:35","modified_gmt":"2024-03-24T22:56:35","slug":"monimutkainen-harmonia","status":"publish","type":"product","link":"https:\/\/www.ihmehalli.com\/fi\/tuote\/monimutkainen-harmonia\/","title":{"rendered":"Monimutkainen Harmony Wool tyynynp\u00e4\u00e4llinen"},"content":{"rendered":"<div class=\"boldgrid-section\">\n<div class=\"container\">\n<div class=\"row\">\n<div class=\"col-lg-12 col-md-12 col-xs-12 col-sm-12\">\n<h2 class=\"\"><strong>Tutustu perinteiden l\u00e4mp\u00f6\u00f6n: Harmony-villatyynynp\u00e4\u00e4llysteen monimutkaisuus<\/strong><\/h2>\n<p class=\"\">Tuo kulttuuriperinn\u00f6n olemus kotiisi hienolla Intricate Harmony Wool -tyynynp\u00e4\u00e4llisell\u00e4. T\u00e4m\u00e4 40&#215;40 cm:n kokoinen mestariteos her\u00e4tt\u00e4\u00e4 henkiin perinteiset kuviot ja yhdist\u00e4\u00e4 taiteellisuuden kodin l\u00e4mp\u00f6\u00f6n. T\u00e4m\u00e4 ylellinen tyyny on osoitus ammattitaitoisesta k\u00e4sity\u00f6taidosta ja perinteisest\u00e4 muotoilusta, ja se sopii t\u00e4ydellisesti rikastuttamaan kotiasi sen eloisilla ja monimutkaisilla kuvioilla. T\u00e4m\u00e4n tyynyn jokainen tikki kertoo kilim-kudonnan historiasta ja huolellisesta taidosta. Se on valmistettu puhtaasta villasta, ja se tarjoaa syvyytt\u00e4 ja mukavuutta, joka tulee vain k\u00e4sity\u00f6n\u00e4 tehdyist\u00e4 tuotteista. Sen kest\u00e4v\u00e4 kangas lupaa pitk\u00e4ik\u00e4isyytt\u00e4 ja pysyvyytt\u00e4.<\/p>\n<h2 class=\"\"><strong>Mukavuuden ja kulttuurin sulautuma<\/strong><\/h2>\n<p class=\"\">T\u00e4m\u00e4 Intricate Harmony Wool -tyynynp\u00e4\u00e4llinen ei ole vain lis\u00e4varuste, vaan taideteos, joka tuo kodikasta l\u00e4mp\u00f6\u00e4 olohuoneeseesi. Sen pehme\u00e4 rakenne ja aito muotoilu luovat kodikkaan tunnelman, jossa juhlitaan perinteist\u00e4 taidetta.<\/p>\n<h2 class=\"\"><strong>Monipuolisuus tyylill\u00e4<\/strong><\/h2>\n<p class=\"\">Monipuolisen kokoinen Intricate Harmony Wool Cushion Cover -tyynynp\u00e4\u00e4llinen sopii t\u00e4ydellisesti erilaisiin kodin asetelmiin, olipa kyseess\u00e4 sitten maalaismainen penkki, moderni sohva tai viihtyis\u00e4 nojatuoli. Sen ajaton tyylikkyys t\u00e4ydent\u00e4\u00e4 mit\u00e4 tahansa sisustusta ja erottuu samalla kulttuurisen kauneuden keskipisteen\u00e4.<\/p>\n<h2 class=\"\"><strong>Endurance-hoito-ohjeet<\/strong><\/h2>\n<p class=\"\">K\u00e4sittele t\u00e4t\u00e4 arvokasta tyyny\u00e4 varovasti, jotta se pysyy parhaimmillaan. Puhdista tarvittaessa varovasti pehme\u00e4ll\u00e4 liinalla ja v\u00e4lt\u00e4 altistumista suoralle auringonvalolle, jotta eloisat v\u00e4rit ja kuviot s\u00e4ilyv\u00e4t.<\/p>\n<h2 class=\"\"><strong>Syleile Kilimin taidetta<\/strong><\/h2>\n<p class=\"\">Kutsu Intricate Harmony Wool Cushion Cover -tyynynp\u00e4\u00e4llisen ajaton vieh\u00e4tysvoima ja vertaansa vailla oleva laatu el\u00e4m\u00e4\u00e4si ja nauti mukavuuden ja k\u00e4sity\u00f6l\u00e4iskauneuden yhdistelm\u00e4st\u00e4.<\/p>\n<p class=\"\"><strong style=\"color: #1b1919; font-size: 24px;\">Henkil\u00f6kohtainen kosketus jokaisessa tyynyss\u00e4<\/strong><\/p>\n<p class=\"\">Jokaisen kappaleen ainutlaatuinen rakenne ei ole vain esteettisesti miellytt\u00e4v\u00e4 vaan my\u00f6s henkil\u00f6kohtaisesti vaikuttava. Kaikenlainen teksti, muodot, tekstuurit, v\u00e4rit ja mallit ovat toteutettavissa halusi mukaan napsauttamalla painiketta <span style=\"text-decoration: underline;\"><br \/>\n  <strong><a href=\"https:\/\/www.ihmehalli.com\/customization\/\" target=\"_blank\" rel=\"noopener\">t\u00e4st\u00e4<\/a>.<\/strong><br \/>\n<\/span><\/p>\n<h2 class=\"\"><strong>Suurtilaukset ja erikoistarjoukset<\/strong><\/h2>\n<p class=\"\">Oletko kiinnostunut useammasta kuin muutamasta? Tarjoamme erikoishintoja irtotilauksille. Ota yhteytt\u00e4 ja pyyd\u00e4 henkil\u00f6kohtainen tarjous, niin autamme sinua tekem\u00e4\u00e4n miellytt\u00e4v\u00e4mp\u00e4\u00e4 yhteisty\u00f6t\u00e4 alla olevan s\u00e4hk\u00f6postin v\u00e4lityksell\u00e4;<br \/>\ninfo@ihmehalli.com<\/p>\n<p class=\"\"><strong>*Huomautus: Tyynyn sis\u00e4kappale ei sis\u00e4lly ja se on ostettava erikseen.<\/strong><\/p>\n<\/div>\n<\/div>\n<\/div>\n<\/div>\n","protected":false},"excerpt":{"rendered":"<p>Rikastuta sisustustasi 40&#215;40 Intricate Harmony Wool Cushion Cover -tyynynp\u00e4\u00e4llisell\u00e4, joka on aito ja laadukas kappale, joka lis\u00e4\u00e4 l\u00e4mp\u00f6\u00e4 ja perinteit\u00e4 mihin tahansa ymp\u00e4rist\u00f6\u00f6n.<\/p>\n","protected":false},"featured_media":5628,"comment_status":"open","ping_status":"closed","template":"","meta":[],"product_brand":[],"product_cat":[158],"product_tag":[3032,3033,3036,3035,3040,3038,3031,3041,3042,3039,3043,3052,3044,3034,1896,3037],"class_list":{"0":"post-5650","1":"product","2":"type-product","3":"status-publish","4":"has-post-thumbnail","6":"product_cat-tyynyliina","7":"product_tag-aito-kodikas-sisustus","8":"product_tag-artisan-wool-tyyny","9":"product_tag-boheemi-tyynynpaallinen","10":"product_tag-etninen-villainen-heittotyyny","11":"product_tag-folk-art-sohvatyyny","12":"product_tag-kasin-kudottu-tyyny-sham","13":"product_tag-kasintehty-kilim-villatyyny","14":"product_tag-kestava-villa-heittaa","15":"product_tag-koristeellinen-kilim-tyynyliina","16":"product_tag-kulttuurinen-koristeellinen-lisavaruste","17":"product_tag-kuvioitu-tribal-tyyny","18":"product_tag-monimutkainen-harmony-wool-tyynynpaallinen","19":"product_tag-mukava-lattia-cushio","20":"product_tag-perinteinen-kilim-suunnittelu","21":"product_tag-rustiikkinen-kodin-aksentti","22":"product_tag-vintage-kilim-kuvio","23":"product_shipping_class-valo","25":"first","26":"instock","27":"sale","28":"taxable","29":"shipping-taxable","30":"purchasable","31":"product-type-simple"},"shsp-ext":{"main":{},"variations":[]},"_links":{"self":[{"href":"https:\/\/www.ihmehalli.com\/fi\/wp-json\/wp\/v2\/product\/5650","targetHints":{"allow":["GET"]}}],"collection":[{"href":"https:\/\/www.ihmehalli.com\/fi\/wp-json\/wp\/v2\/product"}],"about":[{"href":"https:\/\/www.ihmehalli.com\/fi\/wp-json\/wp\/v2\/types\/product"}],"replies":[{"embeddable":true,"href":"https:\/\/www.ihmehalli.com\/fi\/wp-json\/wp\/v2\/comments?post=5650"}],"version-history":[{"count":0,"href":"https:\/\/www.ihmehalli.com\/fi\/wp-json\/wp\/v2\/product\/5650\/revisions"}],"wp:featuredmedia":[{"embeddable":true,"href":"https:\/\/www.ihmehalli.com\/fi\/wp-json\/wp\/v2\/media\/5628"}],"wp:attachment":[{"href":"https:\/\/www.ihmehalli.com\/fi\/wp-json\/wp\/v2\/media?parent=5650"}],"wp:term":[{"taxonomy":"product_brand","embeddable":true,"href":"https:\/\/www.ihmehalli.com\/fi\/wp-json\/wp\/v2\/product_brand?post=5650"},{"taxonomy":"product_cat","embeddable":true,"href":"https:\/\/www.ihmehalli.com\/fi\/wp-json\/wp\/v2\/product_cat?post=5650"},{"taxonomy":"product_tag","embeddable":true,"href":"https:\/\/www.ihmehalli.com\/fi\/wp-json\/wp\/v2\/product_tag?post=5650"}],"curies":[{"name":"wp","href":"https:\/\/api.w.org\/{rel}","templated":true}]}}