{"id":6171,"date":"2024-03-22T10:29:09","date_gmt":"2024-03-22T10:29:09","guid":{"rendered":"https:\/\/www.ihmehalli.com\/product\/antiikki-trellis-matto\/"},"modified":"2024-03-26T09:50:26","modified_gmt":"2024-03-26T09:50:26","slug":"antiikki-trellis-matto","status":"publish","type":"product","link":"https:\/\/www.ihmehalli.com\/fi\/tuote\/antiikki-trellis-matto\/","title":{"rendered":"Vintage Tabriz matto-Eleganssi puhdasta puuvillaa"},"content":{"rendered":"<div class=\"boldgrid-section\">\n<div class=\"container\">\n<div class=\"row\">\n<div class=\"col-lg-12 col-md-12 col-xs-12 col-sm-12\">\n<h2 class=\"\"><strong>Tutustu Vintage Tabriz Rug-Elegance in Pure Cotton -mattojen rikastuttavaan tyylikkyyteen.<\/strong><\/h2>\n<p class=\"\">Paljasta menneiden aikakausien loisto hienolla Vintage Tabriz Rug-Elegance -matolla, joka on puhdasta puuvillaa. T\u00e4m\u00e4 aito, yli puoli vuosisataa valmistettu kappale edustaa perinteisten turkkilaisten solmimistekniikoiden ja puhtaan puuvillataiteen huippua.<\/p>\n<p class=\"\">T\u00e4m\u00e4n 180*130 cm:n maton jokainen neli\u00f6senttimetri, joka on kudottu 40 solmun tiheydell\u00e4, kertoo tarinan huolellisesta k\u00e4sity\u00f6taidosta. Puhtaat puuvillalangat kietoutuvat toisiinsa luoden pehme\u00e4n ja kest\u00e4v\u00e4n rakenteen, joka kertoo sen vertaansa vailla olevasta laadusta.<\/p>\n<h2 class=\"\"><strong>T\u00e4ydellinen yhdistelm\u00e4 eleganssia ja k\u00e4yt\u00e4nn\u00f6llisyytt\u00e4<\/strong><\/h2>\n<p class=\"\">Puuvillaloimella valmistettu Vintage Tabriz Rug-Elegance in Pure Cotton -matto on muutakin kuin pelkk\u00e4\u00e4 mukavuutta; se lupaa kest\u00e4v\u00e4\u00e4 laatua, joka kest\u00e4\u00e4 ajan testin. Se ei ole pelkk\u00e4 koriste-esine, vaan historiallinen sein\u00e4vaatekangas, joka tuo l\u00e4mp\u00f6\u00e4, ylellisyytt\u00e4 ja hyvinvointia asuintilaasi. T\u00e4m\u00e4n maton v\u00e4rit on her\u00e4tetty henkiin poikkeuksellisella tekniikalla, joka puhaltaa uutta el\u00e4m\u00e4\u00e4 vintage-tekstiileihin. T\u00e4m\u00e4 prosessi takaa, ett\u00e4 jokainen s\u00e4vy vangitsee el\u00e4v\u00e4sti sen rikkaan historian olemuksen ja tuo samalla esiin tuoreen, nykyaikaisen vetovoiman.<\/p>\n<h2 class=\"\"><strong>Asiantunteva ammattitaito takaa kest\u00e4v\u00e4n mukavuuden<\/strong><\/h2>\n<p class=\"\">Vintage Tabriz Rug-Elegance in Pure Cotton Luxury Carpet on enemm\u00e4n kuin pelkk\u00e4 sisustuselementti; se symboloi iloa ja taiteellisuutta. Sen luomisessa k\u00e4ytetty eritt\u00e4in ammattitaitoinen ahdistustekniikka on osoitus jokaisen kudoksen omistautumisesta ja asiantuntemuksesta, ja siit\u00e4 syntyy monipuolinen aksentti, joka parantaa jokaista huonetta muodollaan ja toiminnallaan.<\/p>\n<h2 class=\"\"><strong>El\u00e4m\u00e4\u00e4si sopiva muotoilu<\/strong><\/h2>\n<p class=\"\">Persialainen mattomme sopii mihin tahansa sisustustyyliin. Sen monimutkainen eleganssi lis\u00e4\u00e4 hienostuneisuutta olohuoneeseen, kirjastoon tai toimistoon. Valitse t\u00e4m\u00e4 matto kohottamaan tunnelmaa ja tuomaan tilaan ripaus iranilaista perint\u00f6\u00e4.<\/p>\n<h2 class=\"\"><strong>Tee se omaksi<\/strong><\/h2>\n<p class=\"\">Kunnioitamme yksil\u00f6llisen ilmaisun henke\u00e4. Siksi esittelemme sinulle maton, joka kuvastaa historiallista taiteellisuutta. Jokainen kappale, jossa on ainutlaatuinen sekoitus kuvioita ja ahdistunutta estetiikkaa, varmistaa, ett\u00e4 se vastaa henkil\u00f6kohtaista makuasi ja sisustusn\u00e4kemyst\u00e4si. Jos haluat r\u00e4\u00e4t\u00e4l\u00f6id\u00e4 maton\/maton br\u00e4ndisi, logosi, tyylisi ja makusi mukaan, t\u00e4yt\u00e4 lomake. <a href=\"https:\/\/www.ihmehalli.com\/customization\/\"><br \/>\n  <strong>T\u00c4ST\u00c4<\/strong><br \/>\n<\/a>.<\/p>\n<h2 class=\"\"><strong>Tarjoukset irtotavaroiden ostoihin<\/strong><\/h2>\n<p class=\"\">Harkitsetko useiden huoneiden parantamista ylellisill\u00e4 matoilla? Tarjoamme edullisia hintoja suuremmille hankinnoille. Ota meihin yhteytt\u00e4 osoitteessa&nbsp;info@ihmehalli.com&nbsp;saadaksesi valintojesi mukaan r\u00e4\u00e4t\u00e4l\u00f6idyn tarjouksen.<\/p>\n<h2 class=\"\"><strong>Aitous on t\u00e4rke\u00e4\u00e4<\/strong><\/h2>\n<p class=\"\">Jokainen persialainen tilkkut\u00e4kkimatto on k\u00e4sin kudottu ja siin\u00e4 on antiikin tunnusmerkit. Hienovarainen vaihtelu osoittaa sen aitoutta, ja se lupaa ainutlaatuisen mestariteoksen kotiisi.<\/p>\n<h2 class=\"\"><strong>Hoitovinkkej\u00e4<\/strong><\/h2>\n<p class=\"\">S\u00e4ilyt\u00e4 mattosi majesteettinen vieh\u00e4tysvoima yksinkertaisella imuroinnilla ja pistem\u00e4isell\u00e4 puhdistuksella tarpeen mukaan &#8211; ei voimakkaita kemikaaleja tai veden upottamista. N\u00e4m\u00e4 yksinkertaiset hoito-ohjeet auttavat s\u00e4ilytt\u00e4m\u00e4\u00e4n sen historiallisen kauneuden ja ylellisen tunnun tuleville sukupolville.<\/p>\n<\/div>\n<\/div>\n<\/div>\n<\/div>\n","protected":false},"excerpt":{"rendered":"<p>Astu historiaan meid\u00e4n Vintage Tabriz Rug-Elegance puhtaasta puuvillasta, jossa on yli 50 vuoden perint\u00f6, puhdas puuvilla k\u00e4sity\u00f6, jonka koko on 1,80 x 1,30.<\/p>\n","protected":false},"featured_media":6163,"comment_status":"open","ping_status":"closed","template":"","meta":[],"product_brand":[],"product_cat":[153],"product_tag":[2875,2879,2882,2887,2888,2876,2877,2881,2878,2883,2884,2886,2885,2874,2880],"class_list":{"0":"post-6171","1":"product","2":"type-product","3":"status-publish","4":"has-post-thumbnail","6":"product_cat-mattoja","7":"product_tag-ajatonta-eleganssia-puhtaasta-puuvillasta","8":"product_tag-antiikki-puuvillatekstiili","9":"product_tag-artisan-kudottu-lattia-art","10":"product_tag-hieno-kasityotaito-matto","11":"product_tag-kaytetyt-matot","12":"product_tag-klassinen-persialainen-matto","13":"product_tag-koristeellinen-kukka-suunnittelu","14":"product_tag-monimutkainen-kuvio-alue-matto","15":"product_tag-perinteinen-punainen-tabriz-matto","16":"product_tag-perintokukka-laatu-puuvilla-matto","17":"product_tag-runsassavyinen-persialainen-matto","18":"product_tag-tyylikas-taysi-puuvillamatto","19":"product_tag-vanhan-maailman-viehatys-koristeellinen-matto","20":"product_tag-vintage-tabriz-matto","21":"product_tag-ylellinen-kodin-sisustus","22":"product_shipping_class-haevy-fi","24":"first","25":"instock","26":"sale","27":"taxable","28":"shipping-taxable","29":"purchasable","30":"product-type-simple"},"shsp-ext":{"main":{},"variations":[]},"_links":{"self":[{"href":"https:\/\/www.ihmehalli.com\/fi\/wp-json\/wp\/v2\/product\/6171","targetHints":{"allow":["GET"]}}],"collection":[{"href":"https:\/\/www.ihmehalli.com\/fi\/wp-json\/wp\/v2\/product"}],"about":[{"href":"https:\/\/www.ihmehalli.com\/fi\/wp-json\/wp\/v2\/types\/product"}],"replies":[{"embeddable":true,"href":"https:\/\/www.ihmehalli.com\/fi\/wp-json\/wp\/v2\/comments?post=6171"}],"version-history":[{"count":0,"href":"https:\/\/www.ihmehalli.com\/fi\/wp-json\/wp\/v2\/product\/6171\/revisions"}],"wp:featuredmedia":[{"embeddable":true,"href":"https:\/\/www.ihmehalli.com\/fi\/wp-json\/wp\/v2\/media\/6163"}],"wp:attachment":[{"href":"https:\/\/www.ihmehalli.com\/fi\/wp-json\/wp\/v2\/media?parent=6171"}],"wp:term":[{"taxonomy":"product_brand","embeddable":true,"href":"https:\/\/www.ihmehalli.com\/fi\/wp-json\/wp\/v2\/product_brand?post=6171"},{"taxonomy":"product_cat","embeddable":true,"href":"https:\/\/www.ihmehalli.com\/fi\/wp-json\/wp\/v2\/product_cat?post=6171"},{"taxonomy":"product_tag","embeddable":true,"href":"https:\/\/www.ihmehalli.com\/fi\/wp-json\/wp\/v2\/product_tag?post=6171"}],"curies":[{"name":"wp","href":"https:\/\/api.w.org\/{rel}","templated":true}]}}