{"id":6363,"date":"2024-03-23T11:17:05","date_gmt":"2024-03-23T11:17:05","guid":{"rendered":"https:\/\/www.ihmehalli.com\/product\/biiib\/"},"modified":"2024-03-23T11:48:53","modified_gmt":"2024-03-23T11:48:53","slug":"biiib","status":"publish","type":"product","link":"https:\/\/www.ihmehalli.com\/fi\/tuote\/biiib\/","title":{"rendered":"Cozy Cub p\u00f6yt\u00e4valaisin-neulottu lastenhuoneen valaistus"},"content":{"rendered":"<div class=\"boldgrid-section\">\n<div class=\"container\">\n<div class=\"row\">\n<div class=\"col-lg-12 col-md-12 col-xs-12 col-sm-12\">\n<h2><strong>Sytyt\u00e4 viihtyis\u00e4t illat Cozy Cub -p\u00f6yt\u00e4valaisimella<\/strong><\/h2>\n<p class=\"\">Pirist\u00e4 lastenhuonetta Cozy Cub -p\u00f6yt\u00e4valaisimen pehme\u00e4ll\u00e4 vieh\u00e4tyksell\u00e4 &#8211; neulottu lastenhuoneen valaistus. T\u00e4m\u00e4 ihastuttava valaisin, jossa on neulotut karhun kasvot ja tupsukoristeiset yksityiskohdat, heitt\u00e4\u00e4 lempe\u00e4\u00e4 valoa, joka sopii t\u00e4ydellisesti tarinankerrontaan tai keskell\u00e4 y\u00f6t\u00e4 tapahtuviin ruokailuihin. T\u00e4m\u00e4 p\u00f6yt\u00e4valaisin on valmistettu huolellisesti ja kodikkaalla neulotulla tekstuurilla, ja se tuo lastenhuoneen sisustukseen mukavuutta ja omituisuutta. Sen kutsuva muotoilu tekee siit\u00e4 paitsi valonl\u00e4hteen my\u00f6s lohduttavan l\u00e4sn\u00e4olon sek\u00e4 vanhemmille ett\u00e4 lapsille.<\/p>\n<p class=\"\">Kutsu kodikas Cozy Cub -p\u00f6yt\u00e4valaisin-neulottu lastenhuoneen valaistus kotiisi, jotta saat yhdistelm\u00e4n toiminnallista valaistusta ja pehmoista lastenhuoneen charmia, joka kasvaa lapsesi mukana h\u00e4nen ensimm\u00e4isist\u00e4 \u00f6ist\u00e4\u00e4n unenomaisiin uniin.<\/p>\n<h2 class=\"\"><strong>Leikkis\u00e4 kumppani pienille lapsille<\/strong><\/h2>\n<p class=\"\">Vankan jalustan p\u00e4\u00e4lle sijoitettu lamppu on valmiina kuljettamaan pikkuista l\u00e4pi vuosien iltasatujen ja aamuy\u00f6n halausten. Karhun yst\u00e4v\u00e4lliset kasvot ja pehme\u00e4t tupsut ilahduttavat ja rauhoittavat varmasti jokaista lasta.<\/p>\n<h2><strong>Muokattavissa Charm Your Nursery<\/strong><\/h2>\n<p class=\"\">Cozy Cub -p\u00f6yt\u00e4valaisin sulautuu saumattomasti lastenhuoneesi teemaan. Sen neutraali v\u00e4ri ja vieh\u00e4tt\u00e4v\u00e4 muotoilu takaavat, ett\u00e4 se sopii kauniisti, halusitpa sitten mets\u00e4ist\u00e4 tunnelmaa tai yksinkertaista, seesteist\u00e4 estetiikkaa.<\/p>\n<h2><strong>Aseta t\u00e4ydellinen y\u00f6pymisymp\u00e4rist\u00f6<\/strong><\/h2>\n<p>Helppok\u00e4ytt\u00f6isen kytkimen ansiosta t\u00e4m\u00e4 p\u00f6yt\u00e4valaisin on vaivaton lis\u00e4 lapsen huoneeseen. Se antaa juuri tarpeeksi valoa navigoidaksesi my\u00f6h\u00e4isillan tarkistuksissa h\u00e4iritsem\u00e4tt\u00e4 unisia silmi\u00e4.<\/p>\n<h2 class=\"\"><strong>Vaivaton hoito takaa kest\u00e4v\u00e4n kauneuden<\/strong><\/h2>\n<p class=\"\">T\u00e4m\u00e4n neulotun lampun ulkoasun ja tunnelman yll\u00e4pit\u00e4minen on helppoa. Nopea p\u00f6lynpoisto tai siivous pit\u00e4\u00e4 sen raikkaana ja puhtaana ja varmistaa, ett\u00e4 sen rauhoittava valo ja ihastuttava muotoilu pysyv\u00e4t lastenhuoneesi perusasusteena.<\/p>\n<h2 class=\"\"><strong>Henkil\u00f6kohtainen kosketus jokaisella rastilla<\/strong><\/h2>\n<p class=\"\">Jokaisen kappaleen ainutlaatuinen rakenne ei ole vain esteettisesti miellytt\u00e4v\u00e4 vaan my\u00f6s henkil\u00f6kohtaisesti vaikuttava. Kaikenlainen teksti, muodot, tekstuurit, v\u00e4rit ja mallit ovat toteutettavissa halusi mukaan napsauttamalla painiketta <span style=\"text-decoration: underline;\"><br \/>\n  <strong><a href=\"https:\/\/www.ihmehalli.com\/customization\/\" target=\"_blank\" rel=\"noopener\">t\u00e4st\u00e4<\/a>.<\/strong><br \/>\n<\/span><\/p>\n<h2 class=\"\"><strong>Suurtilaukset ja erikoistarjoukset<\/strong><\/h2>\n<p class=\"\">Oletko kiinnostunut useammasta kuin muutamasta? Tarjoamme erikoishintoja irtotilauksille. Ota yhteytt\u00e4 ja pyyd\u00e4 henkil\u00f6kohtainen tarjous, niin autamme sinua tekem\u00e4\u00e4n miellytt\u00e4v\u00e4mp\u00e4\u00e4 yhteisty\u00f6t\u00e4 alla olevan s\u00e4hk\u00f6postin v\u00e4lityksell\u00e4;<br \/>\ninfo@ihmehalli.com<\/p>\n<\/div>\n<\/div>\n<\/div>\n<\/div>\n","protected":false},"excerpt":{"rendered":"<p>Valaise lapsesi huone Cozy Cub -p\u00f6yt\u00e4valaisimella-neulotulla lastenhuoneen valaistuksella, jossa on vieh\u00e4tt\u00e4v\u00e4 neulottu karhun muotoilu, joka tuo l\u00e4mp\u00f6\u00e4 ja rakkautta.<\/p>\n","protected":false},"featured_media":6350,"comment_status":"open","ping_status":"closed","template":"","meta":[],"product_brand":[],"product_cat":[156],"product_tag":[2662,2664,2669,2670,2675,2676,2663,2665,2672,2668,2673,2671,2674,2667,2666],"class_list":{"0":"post-6363","1":"product","2":"type-product","3":"status-publish","4":"has-post-thumbnail","6":"product_cat-valaistus","7":"product_tag-cozy-cub-poytavalaisin","8":"product_tag-kasintehty-karhu-lampunvarjostin","9":"product_tag-lammin-makuuhuoneen-valo-lisavaruste","10":"product_tag-lapsiystavallinen-yopoytavalaisin","11":"product_tag-leikkisa-huoneen-korostusvalo","12":"product_tag-nallekarhu-neulottu-lamppu","13":"product_tag-neulottu-lastenhuoneen-valo","14":"product_tag-pehmea-valaistus-lastenhuoneeseen","15":"product_tag-pehmoinen-elain-teema-lamppu","16":"product_tag-pehmoinen-karhu-poytavalo","17":"product_tag-suloinen-lastenhuoneen-poytavalo","18":"product_tag-taiteellinen-lanka-crafted-light","19":"product_tag-valkoinen-neulottu-karhu-lamppu","20":"product_tag-viehattava-neulottu-elain-sisustus","21":"product_tag-whimsical-bear-design-valaistus","22":"product_shipping_class-valo","24":"first","25":"instock","26":"sale","27":"taxable","28":"shipping-taxable","29":"purchasable","30":"product-type-simple"},"shsp-ext":{"main":{},"variations":[]},"_links":{"self":[{"href":"https:\/\/www.ihmehalli.com\/fi\/wp-json\/wp\/v2\/product\/6363","targetHints":{"allow":["GET"]}}],"collection":[{"href":"https:\/\/www.ihmehalli.com\/fi\/wp-json\/wp\/v2\/product"}],"about":[{"href":"https:\/\/www.ihmehalli.com\/fi\/wp-json\/wp\/v2\/types\/product"}],"replies":[{"embeddable":true,"href":"https:\/\/www.ihmehalli.com\/fi\/wp-json\/wp\/v2\/comments?post=6363"}],"version-history":[{"count":0,"href":"https:\/\/www.ihmehalli.com\/fi\/wp-json\/wp\/v2\/product\/6363\/revisions"}],"wp:featuredmedia":[{"embeddable":true,"href":"https:\/\/www.ihmehalli.com\/fi\/wp-json\/wp\/v2\/media\/6350"}],"wp:attachment":[{"href":"https:\/\/www.ihmehalli.com\/fi\/wp-json\/wp\/v2\/media?parent=6363"}],"wp:term":[{"taxonomy":"product_brand","embeddable":true,"href":"https:\/\/www.ihmehalli.com\/fi\/wp-json\/wp\/v2\/product_brand?post=6363"},{"taxonomy":"product_cat","embeddable":true,"href":"https:\/\/www.ihmehalli.com\/fi\/wp-json\/wp\/v2\/product_cat?post=6363"},{"taxonomy":"product_tag","embeddable":true,"href":"https:\/\/www.ihmehalli.com\/fi\/wp-json\/wp\/v2\/product_tag?post=6363"}],"curies":[{"name":"wp","href":"https:\/\/api.w.org\/{rel}","templated":true}]}}