{"id":6516,"date":"2024-03-23T15:40:06","date_gmt":"2024-03-23T15:40:06","guid":{"rendered":"https:\/\/www.ihmehalli.com\/product\/kasvitieteellinen-rhapsody-tyyny\/"},"modified":"2024-03-24T21:30:37","modified_gmt":"2024-03-24T21:30:37","slug":"kasvitieteellinen-rhapsody-tyyny","status":"publish","type":"product","link":"https:\/\/www.ihmehalli.com\/fi\/tuote\/kasvitieteellinen-rhapsody-tyyny\/","title":{"rendered":"Kasvitieteellinen Rhapsody kuviollinen tyynynp\u00e4\u00e4llinen"},"content":{"rendered":"<div class=\"boldgrid-section\">\n<div class=\"container\">\n<div class=\"row\">\n<div class=\"col-lg-12 col-md-12 col-xs-12 col-sm-12\">\n<h2 class=\"\"><strong>Esittelyss\u00e4 Elegance Essence of Elegance: Kasvitieteellinen Rhapsody -kuvioinen tyynynp\u00e4\u00e4llinen.<\/strong><\/h2>\n<p class=\"\">Paranna kotisi mukavuutta ja tyyli\u00e4 Botanical Rhapsody -kuvioisella tyynynp\u00e4\u00e4llisell\u00e4. T\u00e4m\u00e4 40&#215;40 cm:n kokoinen mestariteos her\u00e4tt\u00e4\u00e4 henkiin perinteiset kuviot ja yhdist\u00e4\u00e4 taiteellisuuden kodin l\u00e4mp\u00f6\u00f6n. Ensiluokkaisesta kankaasta valmistettu tyynynp\u00e4\u00e4llinen takaa sek\u00e4 kest\u00e4vyyden ett\u00e4 helpon yll\u00e4pidon. Se s\u00e4ilytt\u00e4\u00e4 hienon ulkon\u00e4k\u00f6ns\u00e4 pesu pesusta toiseen ja lupaa olla kotisi tukipilari tulevina vuosina.<\/p>\n<h2 class=\"\"><strong>Kulttuurista kauneutta juhlistava k\u00e4sity\u00f6taito<\/strong><\/h2>\n<p class=\"\">Botanical Rhapsody -kuvioisessa tyynynp\u00e4\u00e4llisess\u00e4 on perinteisen kangastaiteen inspiroimia koristeellisia kuvioita, joissa jokainen py\u00f6rre- ja kukka-aihe kertoo tarinoita rikkaasta perinn\u00f6st\u00e4. Sen elinvoimaiset v\u00e4ris\u00e4vyt ja yksityiskohtaiset kuviot ovat enemm\u00e4n kuin pelkk\u00e4 koriste; ne ovat kunnianosoitus vanhalle k\u00e4sity\u00f6taidolle.<\/p>\n<h2 class=\"\"><strong>Monipuolista eleganssia jokaiseen nurkkaan<\/strong><\/h2>\n<p class=\"\">T\u00e4ydellinen mihin tahansa sohvalle, s\u00e4nkyyn tai nojatuoliin, t\u00e4m\u00e4 kasvitieteellinen Rhapsody-kuvioinen tyynynp\u00e4\u00e4llinen sopii moitteettomasti olemassa olevaan sisustukseen. Se tarjoaa mukavuuden lis\u00e4ksi my\u00f6s hienostuneisuutta, joten se sopii t\u00e4ydellisesti kaikkiin asuintiloihin.<\/p>\n<h2 class=\"\"><strong>Tyynynp\u00e4\u00e4llisen hoito<\/strong><\/h2>\n<p class=\"\">Pese k\u00e4sin kylm\u00e4ss\u00e4 vedess\u00e4, miedolla pesuaineella ja pehme\u00e4ll\u00e4 harjalla, jotta kansi pysyy kauniina. Huuhtele huolellisesti, painele ylim\u00e4\u00e4r\u00e4inen vesi pois v\u00e4\u00e4nt\u00e4m\u00e4tt\u00e4 ja muotoile kosteana. Aseta tasainen ilmakuivumaan, jotta sen muoto ja v\u00e4ri s\u00e4ilyv\u00e4t.<\/p>\n<h2 class=\"\"><strong>Koristele perinteell\u00e4 ja charmilla<\/strong><\/h2>\n<p class=\"\">Kasvitieteellinen Rhapsody-kuvioinen tyynynp\u00e4\u00e4llinen ei ole vain k\u00e4yt\u00e4nn\u00f6llinen tuote, vaan taideteos, joka muuttaa mink\u00e4 tahansa huoneen. Tuo t\u00e4m\u00e4 ajaton tyylikkyys kotiisi ja nauti t\u00e4ydellisest\u00e4 perinteiden ja tyylin yhdistelm\u00e4st\u00e4.<\/p>\n<p class=\"\"><strong style=\"color: #1b1919; font-size: 24px;\">Henkil\u00f6kohtainen kosketus jokaisessa tyynyss\u00e4<\/strong><\/p>\n<p class=\"\">Jokaisen kappaleen ainutlaatuinen rakenne ei ole vain esteettisesti miellytt\u00e4v\u00e4 vaan my\u00f6s henkil\u00f6kohtaisesti vaikuttava. Kaikenlainen teksti, muodot, tekstuurit, v\u00e4rit ja mallit ovat toteutettavissa halusi mukaan napsauttamalla painiketta <span style=\"text-decoration: underline;\"><br \/>\n  <strong><a href=\"https:\/\/www.ihmehalli.com\/customization\/\" target=\"_blank\" rel=\"noopener\">t\u00e4st\u00e4<\/a>.<\/strong><br \/>\n<\/span><\/p>\n<h2 class=\"\"><strong>Suurtilaukset ja erikoistarjoukset<\/strong><\/h2>\n<p class=\"\">Oletko kiinnostunut useammasta kuin muutamasta? Tarjoamme erikoishintoja irtotilauksille. Ota yhteytt\u00e4 ja pyyd\u00e4 henkil\u00f6kohtainen tarjous, niin autamme sinua tekem\u00e4\u00e4n miellytt\u00e4v\u00e4mp\u00e4\u00e4 yhteisty\u00f6t\u00e4 alla olevan s\u00e4hk\u00f6postin v\u00e4lityksell\u00e4;<br \/>\ninfo@ihmehalli.com<\/p>\n<p class=\"\"><strong>*Huomaa: Sis\u00e4tyyny ei sis\u00e4lly ja se on ostettava erikseen.<\/strong><\/p>\n<\/div>\n<\/div>\n<\/div>\n<\/div>\n","protected":false},"excerpt":{"rendered":"<p>El\u00e4v\u00f6itt\u00e4\u00e4 asuintilasi 40&#215;40 Botanical Rhapsody -kuvioisella tyynynp\u00e4\u00e4llisell\u00e4, perinteisill\u00e4 malleilla ja modernilla kest\u00e4vyydell\u00e4 ylellisen kodin aksentiksi.<\/p>\n","protected":false},"featured_media":6505,"comment_status":"open","ping_status":"closed","template":"","meta":[],"product_brand":[],"product_cat":[158],"product_tag":[2982,2975,2980,2985,2996,2984,2983,2977,2976,2986,2979,2987,2981,2988,2978],"class_list":{"0":"post-6516","1":"product","2":"type-product","3":"status-publish","4":"has-post-thumbnail","6":"product_cat-tyynyliina","7":"product_tag-ajaton-kukkakuvio","8":"product_tag-classic-floral-tyynynpaallinen","9":"product_tag-hienostunut-makuuhuoneen-aksentti","10":"product_tag-home-elegance-tekstiili","11":"product_tag-kasvitieteellinen-rhapsody-kuviollinen-tyynynpaallinen","12":"product_tag-keraaminen-laatta-inspiroitunut-suunnittelu","13":"product_tag-koristeellinen-nelio-tyynyliina","14":"product_tag-koristeellinen-sinivalkoinen-muotoilu","15":"product_tag-koristeellinen-sohva-heittaa-tyyny","16":"product_tag-korkealaatuinen-kangas-tyynynpaallinen","17":"product_tag-monimutkainen-kuvio-home-accessory","18":"product_tag-olohuoneen-koristelu","19":"product_tag-taiteellinen-sininen-tyyny-sham","20":"product_tag-tyylikas-sohvan-lisavaruste-fi","21":"product_tag-ylellinen-koristetyyny","22":"product_shipping_class-valo","24":"first","25":"instock","26":"sale","27":"taxable","28":"shipping-taxable","29":"purchasable","30":"product-type-simple"},"shsp-ext":{"main":{},"variations":[]},"_links":{"self":[{"href":"https:\/\/www.ihmehalli.com\/fi\/wp-json\/wp\/v2\/product\/6516","targetHints":{"allow":["GET"]}}],"collection":[{"href":"https:\/\/www.ihmehalli.com\/fi\/wp-json\/wp\/v2\/product"}],"about":[{"href":"https:\/\/www.ihmehalli.com\/fi\/wp-json\/wp\/v2\/types\/product"}],"replies":[{"embeddable":true,"href":"https:\/\/www.ihmehalli.com\/fi\/wp-json\/wp\/v2\/comments?post=6516"}],"version-history":[{"count":0,"href":"https:\/\/www.ihmehalli.com\/fi\/wp-json\/wp\/v2\/product\/6516\/revisions"}],"wp:featuredmedia":[{"embeddable":true,"href":"https:\/\/www.ihmehalli.com\/fi\/wp-json\/wp\/v2\/media\/6505"}],"wp:attachment":[{"href":"https:\/\/www.ihmehalli.com\/fi\/wp-json\/wp\/v2\/media?parent=6516"}],"wp:term":[{"taxonomy":"product_brand","embeddable":true,"href":"https:\/\/www.ihmehalli.com\/fi\/wp-json\/wp\/v2\/product_brand?post=6516"},{"taxonomy":"product_cat","embeddable":true,"href":"https:\/\/www.ihmehalli.com\/fi\/wp-json\/wp\/v2\/product_cat?post=6516"},{"taxonomy":"product_tag","embeddable":true,"href":"https:\/\/www.ihmehalli.com\/fi\/wp-json\/wp\/v2\/product_tag?post=6516"}],"curies":[{"name":"wp","href":"https:\/\/api.w.org\/{rel}","templated":true}]}}