{"id":6907,"date":"2024-03-25T13:04:02","date_gmt":"2024-03-25T13:04:02","guid":{"rendered":"https:\/\/www.ihmehalli.com\/product\/boheemi-viilutettu-puinen-jakkara\/"},"modified":"2024-03-25T17:18:13","modified_gmt":"2024-03-25T17:18:13","slug":"boheemi-viilutettu-puinen-jakkara","status":"publish","type":"product","link":"https:\/\/www.ihmehalli.com\/fi\/tuote\/boheemi-viilutettu-puinen-jakkara\/","title":{"rendered":"Elegance Boheemi viilutettu puinen pouf"},"content":{"rendered":"<div class=\"boldgrid-section\">\n<div class=\"container\">\n<div class=\"row\">\n<div class=\"col-lg-12 col-md-12 col-xs-12 col-sm-12\">\n<div class=\"flex-1 overflow-hidden\">\n<div class=\"react-scroll-to-bottom--css-pvuml-79elbk h-full\">\n<div class=\"react-scroll-to-bottom--css-pvuml-1n7m0yu\">\n<div class=\"flex flex-col text-sm pb-9\">\n<div class=\"w-full text-token-text-primary\" data-testid=\"conversation-turn-101\">\n<div class=\"px-4 py-2 justify-center text-base md:gap-6 m-auto\">\n<div class=\"flex flex-1 text-base mx-auto gap-3 md:px-5 lg:px-1 xl:px-5 md:max-w-3xl lg:max-w-[40rem] xl:max-w-[48rem] group final-completion\">\n<div class=\"relative flex w-full flex-col agent-turn\">\n<div class=\"flex-col gap-1 md:gap-3\">\n<div class=\"flex flex-grow flex-col max-w-full\">\n<div data-message-author-role=\"assistant\" data-message-id=\"c5690bf2-7c81-4ee7-9c72-793770b7a42c\" class=\"min-h-[20px] text-message flex flex-col items-start gap-3 whitespace-pre-wrap break-words [.text-message+&amp;]:mt-5 overflow-x-auto\">\n<div class=\"markdown prose w-full break-words dark:prose-invert light\">\n<h2 class=\"\"><strong>Syleile eklektist\u00e4 eleganssia Elegance Bohemian viilutetun puisen Poufin kanssa.<\/strong><\/h2>\n<p class=\"\">Lis\u00e4\u00e4 sisustukseesi v\u00e4ril\u00e4isk\u00e4 ja ripaus boheemia henke\u00e4 t\u00e4ll\u00e4 Elegance Bohemian -viilulla p\u00e4\u00e4llystetyll\u00e4 puisella poufilla. T\u00e4m\u00e4 eloisalla paisley-kuvioinnilla verhoiltu puff on boho chic. T\u00e4ss\u00e4 Elegance Bohemian -viilutetussa puisessa poufissa ei ole kyse vain esteettisest\u00e4 houkuttelevuudesta, vaan se tuo viihtyis\u00e4n ja kutsuvan kosketuksen mihin tahansa huoneeseen. Se on valmistettu muhkealla pehmustetyynyll\u00e4 ja tukeutuu massiivipuusta valmistettuihin jalkoihin, joten se tarjoaa sek\u00e4 tyyli\u00e4 ett\u00e4 vakautta.<\/p>\n<p class=\"\">Olipa se sitten olohuoneen aksentti, lukunurkkauksen vieh\u00e4tt\u00e4v\u00e4 lis\u00e4 tai makuuhuoneen v\u00e4rik\u00e4s kumppani, t\u00e4m\u00e4 puff mukautuu sisustustarpeisiisi. Sen kompakti koko ja huomiota her\u00e4tt\u00e4v\u00e4 muotoilu sopivat t\u00e4ydellisesti niin pieniin kuin suuriinkin tiloihin.<\/p>\n<h2 class=\"\"><strong>Valmistettu laatua varten<\/strong><\/h2>\n<p class=\"\">Jokainen puffi on valmistettu huolellisesti ja yksityiskohtaisesti, mik\u00e4 takaa, ett\u00e4 eloisat kuviot ja v\u00e4rit kest\u00e4v\u00e4t ajan hammasta. Massiivipuiset jalat on viimeistelty t\u00e4ydent\u00e4m\u00e4\u00e4n eloisaa verhoilua, ja ne muodostavat tukevan perustan pehmoiselle pehmop\u00e4\u00e4lliselle.<\/p>\n<h2 class=\"\"><strong>Tyyli\u00e4 koskeva lausunto<\/strong><\/h2>\n<p class=\"\">Tee rohkea kannanotto t\u00e4ll\u00e4 Elegance Bohemian -viilutetulla puisella poufilla. Sen ihastuttava kuviosekoitus huokuu taiteellisuutta, kun taas runsaat v\u00e4rit tuovat l\u00e4mp\u00f6\u00e4 ja persoonallisuutta tilaan. Se on enemm\u00e4n kuin huonekalu &#8211; se on keskustelun her\u00e4tt\u00e4j\u00e4, inspiraation l\u00e4hde ja todiste ainutlaatuisesta tyylist\u00e4si.<\/p>\n<h2 class=\"\"><strong>Kest\u00e4v\u00e4 ja tyylik\u00e4s<\/strong><\/h2>\n<p class=\"\">Puffimme on valmistettu ymp\u00e4rist\u00f6yst\u00e4v\u00e4llisist\u00e4 materiaaleista ja k\u00e4yt\u00e4nn\u00f6ist\u00e4, ja se on ylpe\u00e4 kest\u00e4v\u00e4n kehityksen kannattajista, jotka varmistavat, ett\u00e4 samalla kun parannat tilojasi, kunnioitat my\u00f6s ymp\u00e4rist\u00f6\u00e4.<\/p>\n<p class=\"\">Elegance Bohemian Bohemian -viilutetun puisen poufin avulla voit upottaa sisustuksesi boheemin designin vapaaseen vieh\u00e4tykseen ja luoda tilan, joka on yht\u00e4 kutsuva kuin tyylik\u00e4s.<\/p>\n<h2 class=\"\"><strong>Tee se omaksi<\/strong><\/h2>\n<p class=\"\">Uskomme yksil\u00f6lliseen ilmaisuun. Siksi tarjoamme poufin, joka sopii yrityksen v\u00e4reihin tai asuintilasi teemaan. Teemme jokaisen pufin tilauksesta, jotta se vastaa henkil\u00f6kohtaisia suunnittelutarpeitasi. Jos haluat r\u00e4\u00e4t\u00e4l\u00f6id\u00e4 poufin br\u00e4ndisi, logosi, tyylisi ja makusi mukaan, t\u00e4yt\u00e4 lomake. <a href=\"https:\/\/www.ihmehalli.com\/customization\/\"><br \/>\n  <strong>T\u00c4ST\u00c4<\/strong><br \/>\n<\/a>.<\/p>\n<h2 class=\"\"><strong>Tarjoukset irtotavaroiden ostoihin<\/strong><\/h2>\n<p class=\"\">Haluatko tilata useita poufeja? Tarjoamme erikoishintoja irtotavaroille. L\u00e4het\u00e4 meille s\u00e4hk\u00f6postia osoitteeseen <strong><br \/>\n  <a target=\"_new\" rel=\"noopener\">info@ihmehalli.com<\/a><br \/>\n<\/strong> r\u00e4\u00e4t\u00e4l\u00f6ity\u00e4 tarjousta varten.<\/p>\n<h2 class=\"\"><strong>Aitous on t\u00e4rke\u00e4\u00e4<\/strong><\/h2>\n<p class=\"\">K\u00e4sintehdyt tuotteet, kuten puffimme, ovat ainutlaatuisia. Pienet vaihtelut lis\u00e4\u00e4v\u00e4t niiden omaleimaisuutta ja varmistavat, ett\u00e4 kappaleesi on ainutlaatuinen.<\/p>\n<h2 class=\"\"><strong>Hoitovinkkej\u00e4<\/strong><\/h2>\n<p class=\"\">Pid\u00e4 puffisi upean n\u00e4k\u00f6isen\u00e4 pistem\u00e4isell\u00e4 puhdistuksella &#8211; ei upotusta veteen. T\u00e4m\u00e4 yksinkertainen hoitotoimenpide pident\u00e4\u00e4 kankaan k\u00e4ytt\u00f6ik\u00e4\u00e4 ja pit\u00e4\u00e4 sen tuoreen n\u00e4k\u00f6isen\u00e4.<\/p>\n<p class=\"\">Lis\u00e4\u00e4 t\u00e4m\u00e4 lumoava puff tilaan ja koe t\u00e4ydellinen yhdistelm\u00e4 toimivuutta, muotia ja r\u00e4\u00e4t\u00e4l\u00f6inti\u00e4.<\/p>\n<\/div>\n<\/div>\n<\/div>\n<div class=\"pr-2 lg:pr-0\"><\/div>\n<\/div>\n<\/div>\n<\/div>\n<\/div>\n<\/div>\n<\/div>\n<\/div>\n<\/div>\n<\/div>\n<div class=\"w-full pt-2 md:pt-0 dark:border-white\/20 md:border-transparent md:dark:border-transparent md:w-[calc(100%-.5rem)]\">\n<form class=\"stretch mx-2 flex flex-row gap-3 last:mb-2 md:mx-4 md:last:mb-6 lg:mx-auto lg:max-w-2xl xl:max-w-3xl\">\n<div class=\"relative flex h-full flex-1 flex-col\">\n<div class=\"absolute bottom-full left-0 right-0\"><\/div>\n<div class=\"flex w-full items-center\">\n<div class=\"overflow-hidden [&amp;:has(textarea:focus)]:border-token-border-xheavy [&amp;:has(textarea:focus)]:shadow-[0_2px_6px_rgba(0,0,0,.05)] flex flex-col w-full flex-grow relative border dark:text-white rounded-2xl bg-token-main-surface-primary border-token-border-medium\">\n<div data-grammarly-part=\"button\">\n<div>\n<div>\n<div class=\"amkYk\">\n<div>\n<div class=\"ptGJG\"><\/div>\n<\/div>\n<\/div>\n<\/div>\n<\/div>\n<\/div>\n<\/div>\n<\/div>\n<\/div>\n<\/form>\n<\/div>\n<\/div>\n<\/div>\n<\/div>\n<\/div>\n","protected":false},"excerpt":{"rendered":"<p>Tuo elinvoimaista boho-vieh\u00e4tyst\u00e4 tilaan Elegance Bohemian -viilutetun puisen poufin avulla. V\u00e4rikk\u00e4\u00e4t, monimutkaiset paisley-kuviot tukevilla puujaloilla&#8230;<\/p>\n","protected":false},"featured_media":6905,"comment_status":"open","ping_status":"closed","template":"","meta":[],"product_brand":[],"product_cat":[159],"product_tag":[3198,3186,3193,3196,3212,3192,3199,3203,3190,3187,3197,3194,3191,3189,3202,3195,3200,3204,3201,3188,498],"class_list":{"0":"post-6907","1":"product","2":"type-product","3":"status-publish","4":"has-post-thumbnail","6":"product_cat-rahit","7":"product_tag-ainutlaatuinen-kuvio-jakkara","8":"product_tag-boheemi-jakkara","9":"product_tag-boho-chic-sisustus","10":"product_tag-eklektinen-istuintyyli","11":"product_tag-elegance-boheemi-viilutettu-puinen-pouf","12":"product_tag-elinvoimainen-kuviollinen-jakkara","13":"product_tag-kasityona-tehty-ottomaani","14":"product_tag-kasityona-valmistettuja-kodin-aksentteja","15":"product_tag-koristeellinen-puff","16":"product_tag-kukkakuvioinen-ottomaani","17":"product_tag-moderni-boheemi-huonekalut","18":"product_tag-muotoiltu-jalkatuki","19":"product_tag-olohuoneen-aksentti","20":"product_tag-pehmustettu-jakkara","21":"product_tag-rohkea-tulostaa-pouf","22":"product_tag-taiteellinen-sisustus","23":"product_tag-tekstiilitaiteen-jakkara","24":"product_tag-trendikas-pehmustettu-jakkara","25":"product_tag-tyylikas-olohuoneen-lisavaruste","26":"product_tag-varikkaat-huonekalut","27":"product_tag-ylellinen-sisustus","28":"product_shipping_class-valo","30":"first","31":"instock","32":"sale","33":"taxable","34":"shipping-taxable","35":"purchasable","36":"product-type-simple"},"shsp-ext":{"main":{},"variations":[]},"_links":{"self":[{"href":"https:\/\/www.ihmehalli.com\/fi\/wp-json\/wp\/v2\/product\/6907","targetHints":{"allow":["GET"]}}],"collection":[{"href":"https:\/\/www.ihmehalli.com\/fi\/wp-json\/wp\/v2\/product"}],"about":[{"href":"https:\/\/www.ihmehalli.com\/fi\/wp-json\/wp\/v2\/types\/product"}],"replies":[{"embeddable":true,"href":"https:\/\/www.ihmehalli.com\/fi\/wp-json\/wp\/v2\/comments?post=6907"}],"version-history":[{"count":0,"href":"https:\/\/www.ihmehalli.com\/fi\/wp-json\/wp\/v2\/product\/6907\/revisions"}],"wp:featuredmedia":[{"embeddable":true,"href":"https:\/\/www.ihmehalli.com\/fi\/wp-json\/wp\/v2\/media\/6905"}],"wp:attachment":[{"href":"https:\/\/www.ihmehalli.com\/fi\/wp-json\/wp\/v2\/media?parent=6907"}],"wp:term":[{"taxonomy":"product_brand","embeddable":true,"href":"https:\/\/www.ihmehalli.com\/fi\/wp-json\/wp\/v2\/product_brand?post=6907"},{"taxonomy":"product_cat","embeddable":true,"href":"https:\/\/www.ihmehalli.com\/fi\/wp-json\/wp\/v2\/product_cat?post=6907"},{"taxonomy":"product_tag","embeddable":true,"href":"https:\/\/www.ihmehalli.com\/fi\/wp-json\/wp\/v2\/product_tag?post=6907"}],"curies":[{"name":"wp","href":"https:\/\/api.w.org\/{rel}","templated":true}]}}