{"id":7296,"date":"2024-04-13T15:45:16","date_gmt":"2024-04-13T15:45:16","guid":{"rendered":"https:\/\/www.ihmehalli.com\/product\/tyylikas-puuvillainen-koysikeinu-jossa-on-pehmuste\/"},"modified":"2024-04-25T09:38:03","modified_gmt":"2024-04-25T09:38:03","slug":"tyylikas-puuvillainen-koysikeinu-jossa-on-pehmuste","status":"publish","type":"product","link":"https:\/\/www.ihmehalli.com\/fi\/tuote\/tyylikas-puuvillainen-koysikeinu-jossa-on-pehmuste\/","title":{"rendered":"Tyylik\u00e4s puuvillainen k\u00f6ysikeinu, jossa on pehmuste"},"content":{"rendered":"<div class=\"boldgrid-section\">\n<div class=\"container\">\n<div class=\"row\">\n<div class=\"col-lg-12 col-md-12 col-xs-12 col-sm-12\">\n<h2 class=\"\"><strong>Korosta sisustustasi tyylikk\u00e4\u00e4ll\u00e4 puuvillaisella k\u00f6ysikeinulla, jossa on tyyny.<\/strong><\/h2>\n<p class=\"\">Nosta kotisi mukavuutta Cozy Stylish -puuvillak\u00f6ysikeinulla, jossa on tyyny, joka on sekoitus k\u00e4sity\u00f6taitoa ja \u00e4\u00e4rimm\u00e4ist\u00e4 kest\u00e4vyytt\u00e4. T\u00e4m\u00e4 yhden hengen keinu ei ole vain esittelykappale vaan my\u00f6s rentoutumispaikka, joka pystyy kantamaan jopa 130 kilon painon, ja se on vahvistettu nelj\u00e4ll\u00e4 vankalla ketjulla.<br \/>\nTyylik\u00e4s puuvillainen k\u00f6ysikeinu, jossa on tyyny ja 110 senttimetrin istuinalue, tarjoaa sinulle ja rakkaallesi runsaasti tilaa rentoutua. Rakennuksen korkeus on 240 senttimetri\u00e4, mik\u00e4 mahdollistaa suuren visuaalisen ilmeen miss\u00e4 tahansa ymp\u00e4rist\u00f6ss\u00e4. Se on suunniteltu korkealaatuisesta ydinkehr\u00e4tyst\u00e4 polyesterilangasta, ja se lupaa sek\u00e4 pitk\u00e4ik\u00e4isyytt\u00e4 ett\u00e4 kulutuksenkest\u00e4vyytt\u00e4, joten se soveltuu sis\u00e4- ja ulkotiloihin.<\/p>\n<h2 class=\"\"><strong>Tyylik\u00e4s rentoutumissatama<\/strong><\/h2>\n<p class=\"\">T\u00e4m\u00e4n keinun rakentamisessa on kiinnitetty huomiota yksityiskohtiin. Siin\u00e4 on joustava metallirengas, joka on t\u00e4ytetty vakauden ja turvallisuuden varmistamiseksi. Ylellisest\u00e4 samettikankaasta muotoiltu ja pehmeill\u00e4 puuvillakuiduilla t\u00e4ytetty tyyny tarjoaa eritt\u00e4in mukavan kokemuksen, joka kutsuu tuntikausia seesteiseen rentoutumiseen tai lempe\u00e4\u00e4n keinumiseen kirja k\u00e4dess\u00e4.<\/p>\n<h2 class=\"\"><strong>Helppo asennus ilman jalustaa<\/strong><\/h2>\n<p class=\"\"><strong>Keinu on hinnoiteltu ilman jalustapidikett\u00e4<\/strong>, joten voit ripustaa sen haluamaasi paikkaan. Se voidaan asentaa viihtyis\u00e4\u00e4n parvekkeelle, olohuoneen nurkkaan tai leikkis\u00e4\u00e4n sis\u00e4tilaan. Voit my\u00f6s ostaa jalustapidikkeen erikseen, jos sinulla ei ole turvallista ja vahvaa paikkaa ja kiinnityspistett\u00e4.<\/p>\n<h2 class=\"\"><strong>Turvallisuuden ja pitk\u00e4ik\u00e4isyyden varmistaminen<\/strong><\/h2>\n<p class=\"\">T\u00e4m\u00e4n keinutuolin suunnittelun ytimess\u00e4 on korkealaatuinen, ydinkehitetty polyesterilanka, joka tunnetaan korkeasta kest\u00e4vyydest\u00e4\u00e4n ja kest\u00e4vyydest\u00e4\u00e4n. Materiaalin luotettavuus tarkoittaa, ett\u00e4 keinu on rakennettu kest\u00e4m\u00e4\u00e4n ja kest\u00e4m\u00e4\u00e4n elementtej\u00e4 tinkim\u00e4tt\u00e4 sen eheydest\u00e4.<br \/>\nSiin\u00e4 on joustava metallirengas, joka on t\u00e4ytetty vakauden ja turvallisuuden varmistamiseksi.<\/p>\n<h2 class=\"\"><strong>T\u00e4ydellinen valinta moderniin sisustukseen<\/strong><\/h2>\n<p class=\"\">Muunna asuintilasi t\u00e4m\u00e4n Cozy Boho Macrame Hanging Chair &#8211; Solo Swing -malliston avulla. Tilaa nyt ja siirry ylelliseen ja rentouttavaan el\u00e4m\u00e4\u00e4n. T\u00e4m\u00e4 keinu on my\u00f6s houkuttelevan pehme\u00e4 ja mukava s\u00e4nky lapsillesi, mik\u00e4 takaa turvallisen ja mukavan leikin.<\/p>\n<h2 class=\"\"><strong>Henkil\u00f6kohtainen sinulle<\/strong><\/h2>\n<p class=\"\">R\u00e4\u00e4t\u00e4l\u00f6inti on tarjouksemme ytimess\u00e4. Riippumatta siit\u00e4, onko kyse koosta, v\u00e4rist\u00e4, korkeudesta tai keinuun mahtuvien henkil\u00f6iden m\u00e4\u00e4r\u00e4st\u00e4, me r\u00e4\u00e4t\u00e4l\u00f6imme sen mieltymystesi mukaan, jotta riippuva keinutuolisi on yht\u00e4 ainutlaatuinen kuin sin\u00e4 itse. Tee se napsauttamalla&nbsp;<strong><a href=\"https:\/\/www.ihmehalli.com\/customization\/\">t\u00e4\u00e4ll\u00e4<\/a>.<\/strong><\/p>\n<h2 class=\"\"><strong>Suurtilaukset ja erikoistarjoukset<\/strong><\/h2>\n<p class=\"\">Oletko kiinnostunut useammasta kuin muutamasta? Tarjoamme erikoishintoja irtotilauksille. Ota yhteytt\u00e4 ja pyyd\u00e4 henkil\u00f6kohtainen tarjous, niin autamme sinua tekem\u00e4\u00e4n miellytt\u00e4v\u00e4mp\u00e4\u00e4 yhteisty\u00f6t\u00e4 alla olevan s\u00e4hk\u00f6postin v\u00e4lityksell\u00e4;<br \/>\n<strong>info@ihmehalli.com<\/strong><\/p>\n<\/div>\n<\/div>\n<\/div>\n<\/div>\n","protected":false},"excerpt":{"rendered":"<p>Tutustu tyylikk\u00e4\u00e4seen puuvillaiseen k\u00f6ysikeinuun, jossa on tyyny: ylellinen, muokattavissa oleva riippuva keinutuoli, jossa on pehme\u00e4 samettityyny viihtyis\u00e4\u00e4 rentoutumista varten.<\/p>\n","protected":false},"featured_media":7151,"comment_status":"open","ping_status":"closed","template":"","meta":[],"product_brand":[],"product_cat":[154],"product_tag":[3366,3367,3388,3399,3403,3407,3398,3408,3406,3391,3394,3409,3368,3404,3402,3405,3390,3392,3401,3395,3400,3396,3393,3397],"class_list":{"0":"post-7296","1":"product","2":"type-product","3":"status-publish","4":"has-post-thumbnail","6":"product_cat-riipputuoli","7":"product_tag-boho-chic-swing-fi","8":"product_tag-deluxe-macrame-swing-fi","9":"product_tag-kahden-hengen-riippuva-tuoli","10":"product_tag-kasintehty-makramee-tuoli","11":"product_tag-keinu-jossa-on-metallinen-stabiliteettirengas","12":"product_tag-keinutuoli-rentoutumiseen-fi","13":"product_tag-kestava-polyesteri-keinu","14":"product_tag-kodin-sisustus-swing-tuoli","15":"product_tag-monipuolinen-makrame-roikkuu-keinu","16":"product_tag-mukautettava-macrame-swing-fi","17":"product_tag-mukava-keinu-sanky-lapsille","18":"product_tag-nykyaikainen-makramee-keinu","19":"product_tag-outdoor-indoor-swing-fi","20":"product_tag-pehmea-samettinen-keinutuoli","21":"product_tag-premium-quality-swing-tuoli","22":"product_tag-raataloity-keinutuoli-fi","23":"product_tag-raskas-keinutuoli","24":"product_tag-samettityyny-swing","25":"product_tag-suuren-kapasiteetin-keinutuoli","26":"product_tag-suuri-makramee-keinu","27":"product_tag-tyylikas-koti-keinu","28":"product_tag-tyylikas-puutarha-keinu","29":"product_tag-vankka-ketju-swing","30":"product_tag-ylellinen-parvekekeinu-fi","32":"first","33":"instock","34":"sale","35":"taxable","36":"shipping-taxable","37":"purchasable","38":"product-type-simple"},"shsp-ext":{"main":{},"variations":[]},"_links":{"self":[{"href":"https:\/\/www.ihmehalli.com\/fi\/wp-json\/wp\/v2\/product\/7296","targetHints":{"allow":["GET"]}}],"collection":[{"href":"https:\/\/www.ihmehalli.com\/fi\/wp-json\/wp\/v2\/product"}],"about":[{"href":"https:\/\/www.ihmehalli.com\/fi\/wp-json\/wp\/v2\/types\/product"}],"replies":[{"embeddable":true,"href":"https:\/\/www.ihmehalli.com\/fi\/wp-json\/wp\/v2\/comments?post=7296"}],"version-history":[{"count":0,"href":"https:\/\/www.ihmehalli.com\/fi\/wp-json\/wp\/v2\/product\/7296\/revisions"}],"wp:featuredmedia":[{"embeddable":true,"href":"https:\/\/www.ihmehalli.com\/fi\/wp-json\/wp\/v2\/media\/7151"}],"wp:attachment":[{"href":"https:\/\/www.ihmehalli.com\/fi\/wp-json\/wp\/v2\/media?parent=7296"}],"wp:term":[{"taxonomy":"product_brand","embeddable":true,"href":"https:\/\/www.ihmehalli.com\/fi\/wp-json\/wp\/v2\/product_brand?post=7296"},{"taxonomy":"product_cat","embeddable":true,"href":"https:\/\/www.ihmehalli.com\/fi\/wp-json\/wp\/v2\/product_cat?post=7296"},{"taxonomy":"product_tag","embeddable":true,"href":"https:\/\/www.ihmehalli.com\/fi\/wp-json\/wp\/v2\/product_tag?post=7296"}],"curies":[{"name":"wp","href":"https:\/\/api.w.org\/{rel}","templated":true}]}}